{"id":608,"date":"2016-05-23T15:46:29","date_gmt":"2016-05-23T13:46:29","guid":{"rendered":"http:\/\/wordpress.nibis.de\/obsbassum\/?page_id=608"},"modified":"2025-08-18T15:25:48","modified_gmt":"2025-08-18T13:25:48","slug":"impressum","status":"publish","type":"page","link":"https:\/\/wordpress.nibis.de\/obsbassum\/impressum\/","title":{"rendered":"Impressum"},"content":{"rendered":"<p style=\"text-align: left\"><span style=\"background-color: #ffcc00;color: #000000;font-family: helvetica, arial, sans-serif;font-size: 14pt\"><span style=\"text-decoration: underline\"><span style=\"background-color: #ffcc00\"><strong><a style=\"color: #000000;text-decoration: underline;background-color: #ffcc00\" href=\"https:\/\/wordpress.nibis.de\/obsbassum\/files\/2020\/05\/Impressum-HP-Bassum-3.pdf\">Impressum der Homepage der OBS Bassum<\/a><\/strong><\/span><\/span><span style=\"background-color: #ffcc00\"><strong> (als Download)<\/strong><\/span><\/span><\/p>\n<p style=\"text-align: justify\"><span style=\"color: #000000;font-family: helvetica, arial, sans-serif;font-size: 14pt\"><strong>Impressum der Oberschule Bassum<\/strong><\/span><br \/>\n<span style=\"color: #000000;font-family: helvetica, arial, sans-serif;font-size: 14pt\"><strong>Oberschulrektor:<\/strong><\/span><br \/>\n<span style=\"color: #000000;font-family: helvetica, arial, sans-serif;font-size: 14pt\">Cord Mysegaes (Schulleiter)<\/span><br \/>\n<span style=\"color: #000000;font-family: helvetica, arial, sans-serif;font-size: 14pt\">Am Petermoor 1 B<\/span><br \/>\n<span style=\"color: #000000;font-family: helvetica, arial, sans-serif;font-size: 14pt\"> 27211 Bassum<\/span><br \/>\n<span style=\"color: #000000;font-family: helvetica, arial, sans-serif;font-size: 14pt\"> Tel.: 04241 \/ 80474-0<\/span><br \/>\n<span style=\"font-family: helvetica, arial, sans-serif;font-size: 14pt\">&#x63;&#x6f;&#114;d&#46;&#x6d;&#x79;&#115;&#101;g&#x61;&#x65;&#115;&#64;o&#x62;&#x73;&#x62;&#97;ss&#x75;&#x6d;&#103;&#121;m&#x7a;&#x2e;&#100;&#101;<\/span><br \/>\n<span style=\"color: #000000;font-family: helvetica, arial, sans-serif;font-size: 14pt\">E-Mail: &#x69;&#x6e;&#x66;&#x6f;&#x40;&#x6f;&#x62;&#x73;&#x62;&#x61;&#x73;&#x73;&#x75;&#x6d;&#x2e;&#x64;&#x65;<\/span><\/p>\n<p style=\"text-align: justify\"><span style=\"color: #000000;font-family: helvetica, arial, sans-serif;font-size: 14pt\"><strong>Schultr\u00e4ger<\/strong>:<\/span><\/p>\n<div style=\"text-align: justify\"><span style=\"color: #000000;font-family: helvetica, arial, sans-serif;font-size: 14pt\">Dienstanbieter im Sinne des RStV\/TMG ist der Landkreis Diepholz vertreten durch den Landrat Volker Meyer.<\/span><\/div>\n<div><\/div>\n<p><span style=\"color: #000000;font-family: helvetica, arial, sans-serif;font-size: 14pt\"><span class=\"adr\"><span class=\"gebaeude\">Kreishaus Diepholz, <span class=\"zimmer\">Zimmer A 121<\/span><\/span><br \/>\n<span class=\"street-address\">Niedersachsenstr. 2<\/span><br \/>\n<span class=\"postal-code\">49356<\/span> <span class=\"locality\">Diepholz<\/span><br \/>\n<\/span><span class=\"telefone\"><span class=\"telefon\">Tel.: <span class=\"tel\">05441 976-1000<\/span><\/span><br \/>\n<span class=\"telefon\"><span class=\"tel\"><span class=\"type\">Fax<\/span>: <span class=\"value\">05441 976-1720<\/span><\/span><\/span><br \/>\n<\/span><span class=\"span_email\">E-Mail: <a class=\"email \" title=\"volk&#101;&#114;&#46;&#109;&#101;&#121;&#101;&#x72;&#x40;&#x64;&#x69;&#x65;&#x70;&#x68;&#x6f;&#x6c;z&#46;de\" href=\"&#x6d;&#97;i&#x6c;&#x74;&#111;:&#x76;&#x6f;&#108;k&#x65;&#x72;&#46;m&#x65;&#x79;&#101;r&#x40;&#100;&#105;e&#x70;&#104;o&#x6c;&#x7a;&#46;d&#x65;\">&#118;&#x6f;l&#x6b;&#x65;&#114;&#x2e;m&#101;&#x79;&#101;&#x72;&#64;&#100;&#x69;e&#x70;h&#111;&#x6c;z&#x2e;&#x64;&#101;<\/a><\/span><\/span><\/p>\n<p><span style=\"color: #000000;font-family: helvetica, arial, sans-serif;font-size: 14pt\"><strong>Verantwortlicher f\u00fcr die Sch\u00fclerzeitung im Sinne des \u00a7 55 Abs. 2 RStV: <\/strong><\/span><\/p>\n<div style=\"text-align: justify\"><span style=\"color: #000000;font-family: helvetica, arial, sans-serif;font-size: 14pt\">Enno Schulz <\/span><\/div>\n<div style=\"text-align: justify\"><span style=\"color: #000000;font-family: helvetica, arial, sans-serif;font-size: 14pt\">Am Petermoor 1 B<\/span><br \/>\n<span style=\"color: #000000;font-family: helvetica, arial, sans-serif;font-size: 14pt\"> 27211 Bassum<\/span><\/div>\n<div style=\"text-align: justify\"><span style=\"color: #000000;font-family: helvetica, arial, sans-serif;font-size: 14pt\">Tel.: 04241 \/ 804740<\/span><\/div>\n<p style=\"text-align: justify\"><span style=\"color: #000000;font-family: helvetica, arial, sans-serif;font-size: 14pt\">E-Mail: &#x65;&#110;&#x6e;&#x6f;&#46;&#x73;&#99;h&#x75;&#108;z&#x40;&#111;&#x62;&#x73;b&#x61;&#115;s&#x75;&#109;g&#x79;&#109;&#x7a;&#x2e;&#100;&#x65;<\/span><\/p>\n<p><span style=\"color: #000000;font-family: helvetica, arial, sans-serif;font-size: 14pt\"><strong>Verantwortliche f\u00fcr den Instagramaccount im Sinne des \u00a7 55 Abs. 2 RStV: <\/strong><\/span><\/p>\n<div style=\"text-align: justify\"><span style=\"color: #000000;font-family: helvetica, arial, sans-serif;font-size: 14pt\">Jana G\u00fcnnemann\u00a0<\/span><\/div>\n<div style=\"text-align: justify\"><span style=\"color: #000000;font-family: helvetica, arial, sans-serif;font-size: 14pt\">Am Petermoor 1 B<\/span><br \/>\n<span style=\"color: #000000;font-family: helvetica, arial, sans-serif;font-size: 14pt\"> 27211 Bassum<\/span><\/div>\n<div style=\"text-align: justify\"><span style=\"color: #000000;font-family: helvetica, arial, sans-serif;font-size: 14pt\">Tel.: 04241 \/ 804740<\/span><\/div>\n<p style=\"text-align: justify\"><span style=\"color: #000000;font-family: helvetica, arial, sans-serif;font-size: 14pt\">E-Mail: &#x6a;&#x61;&#x6e;&#x61;&#x2e;&#x67;&#x75;&#x65;&#x6e;&#x6e;&#x65;&#x6d;&#x61;&#x6e;&#x6e;&#x40;&#x6f;&#x62;&#x73;&#x62;&#x61;&#x73;&#115;&#117;&#109;&#103;&#121;&#109;&#122;&#46;&#100;&#101;<\/span><\/p>\n<p><span style=\"font-family: helvetica, arial, sans-serif;font-size: 14pt\">Datenschutrechtlich ist f\u00fcr Inhalte des Accounts META verantwortlich. Zudem gelten folgende Hinweise f\u00fcr diesen Account: <a href=\"https:\/\/www.facebook.com\/legal\/terms\/page_controller_addendum\">Facebook<\/a><\/span><\/p>\n<div style=\"text-align: justify\"><span style=\"color: #000000;font-family: helvetica, arial, sans-serif;font-size: 14pt\"><strong>Haftungsausschluss von Inhalten verlinkter Webseiten: <\/strong><\/span><span style=\"color: #000000;font-family: helvetica, arial, sans-serif;font-size: 14pt\"><strong>\u201eBitte beachten Sie unseren Haftungsausschluss:<\/strong><\/span><\/div>\n<div style=\"text-align: justify\"><span style=\"color: #000000;font-family: helvetica, arial, sans-serif;font-size: 14pt\">F\u00fcr alle auf unserer Internetpr\u00e4senz erfolgten Links gilt unsere ausdr\u00fcckliche Distanzierung von allen Inhalten der gelinkten Seiten auf unsere Interpr\u00e4senz.<\/span><br \/>\n<span style=\"color: #000000;font-family: helvetica, arial, sans-serif;font-size: 14pt\"> Wir betonen ausdr\u00fccklich, dass wir keinerlei Einfluss auf die Gestaltung und die Inhalte der gelinkten Seiten haben. Wir machen uns die Inhalte der gelinkten Seiten nicht zu eigen. Diese Erkl\u00e4rung gilt f\u00fcr alle auf unserer Internetpr\u00e4senz ausgebrachten Links.<\/span><\/div>\n<div style=\"text-align: justify\"><span style=\"color: #000000;font-family: helvetica, arial, sans-serif;font-size: 14pt\">Mit dem Urteil vom 12. Mai 1998 hat das Landgericht Hamburg entschieden, dass ein Webseitenanbieter durch die Ausbringung eines Links die Inhalte der gelinkten Seite unter Umst\u00e4nden mit zu verantworten hat. Dies kann, laut dem LG Hamburg, nur dadurch verhindert werden, indem sich der Webseitenanbieter ausdr\u00fccklich von diesen Inhalten distanziert. Dies tun wir hiermit entschieden.\u201c<\/span><\/div>\n","protected":false},"excerpt":{"rendered":"<p>Impressum der Homepage der OBS Bassum (als Download) Impressum der Oberschule Bassum Oberschulrektor: Cord Mysegaes (Schulleiter) Am Petermoor 1 B 27211 Bassum Tel.: 04241 \/ 80474-0 &#99;&#x6f;r&#x64;&#x2e;&#109;&#x79;s&#101;&#x67;&#97;&#x65;s&#64;&#x6f;b&#x73;b&#97;&#x73;s&#x75;&#x6d;&#103;&#x79;m&#122;&#x2e;&#100;&#x65; E-Mail: i&#110;&#102;&#x6f;&#x40;&#x6f;bs&#98;&#97;&#x73;&#x73;&#x75;m&#46;&#100;&#101; Schultr\u00e4ger: Dienstanbieter im Sinne des RStV\/TMG ist der Landkreis Diepholz vertreten durch den Landrat Volker Meyer. Kreishaus Diepholz, Zimmer A 121 Niedersachsenstr. 2 49356 Diepholz Tel.: [&hellip;]<\/p>\n","protected":false},"author":1006,"featured_media":0,"parent":0,"menu_order":0,"comment_status":"closed","ping_status":"closed","template":"","meta":{"footnotes":""},"class_list":["post-608","page","type-page","status-publish","hentry"],"_links":{"self":[{"href":"https:\/\/wordpress.nibis.de\/obsbassum\/wp-json\/wp\/v2\/pages\/608","targetHints":{"allow":["GET"]}}],"collection":[{"href":"https:\/\/wordpress.nibis.de\/obsbassum\/wp-json\/wp\/v2\/pages"}],"about":[{"href":"https:\/\/wordpress.nibis.de\/obsbassum\/wp-json\/wp\/v2\/types\/page"}],"author":[{"embeddable":true,"href":"https:\/\/wordpress.nibis.de\/obsbassum\/wp-json\/wp\/v2\/users\/1006"}],"replies":[{"embeddable":true,"href":"https:\/\/wordpress.nibis.de\/obsbassum\/wp-json\/wp\/v2\/comments?post=608"}],"version-history":[{"count":26,"href":"https:\/\/wordpress.nibis.de\/obsbassum\/wp-json\/wp\/v2\/pages\/608\/revisions"}],"predecessor-version":[{"id":8156,"href":"https:\/\/wordpress.nibis.de\/obsbassum\/wp-json\/wp\/v2\/pages\/608\/revisions\/8156"}],"wp:attachment":[{"href":"https:\/\/wordpress.nibis.de\/obsbassum\/wp-json\/wp\/v2\/media?parent=608"}],"curies":[{"name":"wp","href":"https:\/\/api.w.org\/{rel}","templated":true}]}}