{"id":6142,"date":"2021-02-11T17:04:00","date_gmt":"2021-02-11T16:04:00","guid":{"rendered":"https:\/\/wordpress.nibis.de\/obsbassum\/?page_id=6142"},"modified":"2024-03-12T07:35:35","modified_gmt":"2024-03-12T06:35:35","slug":"sv","status":"publish","type":"page","link":"https:\/\/wordpress.nibis.de\/obsbassum\/sv\/","title":{"rendered":"SV"},"content":{"rendered":"<h1><img loading=\"lazy\" decoding=\"async\" class=\" wp-image-6210 alignnone\" src=\"https:\/\/wordpress.nibis.de\/obsbassum\/files\/2021\/02\/Logo.jpg\" alt=\"\" width=\"109\" height=\"128\" \/>\u00a0 \u00a0 \u00a0 \u00a0 \u00a0 \u00a0 \u00a0 \u00a0 \u00a0 \u00a0 \u00a0 \u00a0 \u00a0 \u00a0 \u00a0 \u00a0 \u00a0 \u00a0 \u00a0 \u00a0 \u00a0 \u00a0 \u00a0 \u00a0 \u00a0 \u00a0 \u00a0 \u00a0 \u00a0 \u00a0 \u00a0 \u00a0 \u00a0 \u00a0 \u00a0 \u00a0 \u00a0 \u00a0 \u00a0 \u00a0 \u00a0 \u00a0 \u00a0 \u00a0 \u00a0 \u00a0 \u00a0 \u00a0 \u00a0 \u00a0 \u00a0 \u00a0<img loading=\"lazy\" decoding=\"async\" class=\" wp-image-6214 alignnone\" src=\"https:\/\/wordpress.nibis.de\/obsbassum\/files\/2021\/02\/Bild2.jpg\" alt=\"\" width=\"160\" height=\"129\" \/><\/h1>\n<h1 style=\"text-align: justify\"><\/h1>\n<h1 style=\"text-align: justify\"><span style=\"font-size: 24pt\"><strong><span style=\"color: #000000\"><span style=\"font-family: arial, helvetica, sans-serif\"><img loading=\"lazy\" decoding=\"async\" class=\" wp-image-6212 alignleft\" src=\"https:\/\/wordpress.nibis.de\/obsbassum\/files\/2021\/02\/Bild1.jpg\" alt=\"\" width=\"119\" height=\"122\" \/>SV an der OBS &#8211; Die<\/span><\/span><\/strong><\/span><span style=\"font-size: 24pt\"><strong><span style=\"color: #000000\"><span style=\"font-family: arial, helvetica, sans-serif\"> Sch\u00fclervertretung stellt sich vor<\/span><\/span><\/strong><\/span><\/h1>\n<p style=\"text-align: justify\"><span style=\"font-size: 18pt\"><strong><span style=\"color: #000000\"><span style=\"font-family: arial, helvetica, sans-serif\">Was sind die Aufgaben der SV?<\/span><\/span><\/strong><\/span><\/p>\n<p style=\"text-align: justify\"><span style=\"font-size: 12pt;color: #000000\"><span style=\"font-family: arial, helvetica, sans-serif\">Die Sch\u00fclervertretung &#8211; auch Sch\u00fclerrat genannt (kurz &#8222;SV&#8220;) &#8211; vertritt die Interessen und Rechte der Sch\u00fcler*innen. Sie wirkt in verschiedenen Bereichen aktiv bei der Gestaltung des schulischen Lebens mit. <\/span><span style=\"font-family: arial, helvetica, sans-serif\">Eine wesentliche Aufgabe der SV besteht darin, die Sch\u00fclerschaft in der Gesamtkonferenz und im Schulvorstand zu vertreten und dort gemeinsam mit Lehrern und Eltern \u00fcber die wichtigsten Fragen des Schulalltags zu beraten und abzustimmen. <\/span><span style=\"font-family: arial, helvetica, sans-serif\">Auch in die Fachkonferenzen der Unterrichtsf\u00e4cher entsenden wir Vertreter. Alle Sch\u00fclervertreter sind auch Ansprechpartner f\u00fcr Sch\u00fcler*innen, die mit Problemen und Anliegen jederzeit zu ihnen kommen k\u00f6nnen.<\/span><\/span><br \/>\n<span style=\"color: #000000;font-family: arial, helvetica, sans-serif;font-size: 12pt\">Vertreter*innen der SV sind in ihren Entscheidungen frei, aber auch verpflichtet ihre Mitsch\u00fcler \u00fcber die SV-Arbeit regelm\u00e4\u00dfig zu informieren. Hierzu dienen das SV-Brett sowie der SV-Raum (Ort aufgrund der Baustelle noch zu entscheiden!), wo Aush\u00e4nge \u00fcber die jeweils aktuelle Arbeit der SV zu finden sind. Zuk\u00fcnftig wollen wir aber auch verst\u00e4rkt die Homepage oder andere mediale Wege der OBS Bassum nutzen.<\/span><\/p>\n<h2 style=\"text-align: justify\"><span style=\"color: #000000;font-family: arial, helvetica, sans-serif;font-size: 18pt\">Wie setzt sich die SV zusammen?<\/span><\/h2>\n<p style=\"text-align: justify\"><span style=\"color: #000000;font-family: arial, helvetica, sans-serif;font-size: 12pt\">Die SV besteht aus den Klassensprecherinnen und Klassensprechern der Klassen 5 bis 10. In der ersten SV-Versammlung des Schuljahres (innerhalb der ersten sechs Wochen muss dies stattfinden) bestimmen diese Vertreter in geheimer Abstimmung eine\/-n Sch\u00fclersprecher*in und eine\/-n Stellvertreter*in. Auch alle weiteren Mitglieder schulischer Gremien (also Gruppen), wie die Mitglieder der Fachkonferenzen, des Schulvorstandes (in diesen darf sich \u00fcbrigens jede\/-r w\u00e4hlen lassen, der Sch\u00fcler*in unserer Schule ist) und der Gesamtkonferenz, werden auf dieser Versammlung gew\u00e4hlt. <\/span><\/p>\n<p style=\"text-align: justify\"><span style=\"color: #000000;font-family: arial, helvetica, sans-serif;font-size: 12pt\">An den ersten Tagen eines neuen Schuljahres werden wir euch zusammen mit den SV &#8211; Lehrkr\u00e4ften und euren Klassenleitungen \u00fcber all das ausf\u00fchrlich informieren. Denn nur wer eine Wahl hat, kann auch eine vern\u00fcnftige Entscheidung treffen.<\/span><\/p>\n<h2 style=\"text-align: justify\"><span style=\"color: #000000;font-family: arial, helvetica, sans-serif;font-size: 18pt\">Wer ist das Sch\u00fclersprecher*innen-Team 2021\/2022?<\/span><\/h2>\n<p style=\"text-align: justify\"><span style=\"color: #000000;font-family: arial, helvetica, sans-serif;font-size: 12pt\">An der Spitze der SV steht das Sch\u00fclersprecherteam. Zur Zeit besteht dieses Team aus:\u00a0<\/span><\/p>\n<p style=\"text-align: justify\"><span style=\"color: #000000;font-family: arial, helvetica, sans-serif;font-size: 12pt\">Sch\u00fclersprecher &#8211; Albnor Asslani (10 b)<\/span><\/p>\n<p style=\"text-align: justify\">\n<p style=\"text-align: justify\"><span style=\"color: #000000;font-family: arial, helvetica, sans-serif;font-size: 12pt\">In ihrer Arbeit werden sie von den SV-Lehrkr\u00e4ften Fr. Mohrdiek und Hr. Kandt unterst\u00fctzt und beraten.<\/span><\/p>\n<p style=\"text-align: justify\"><span style=\"font-size: 12pt\"><span style=\"color: #000000;font-family: arial, helvetica, sans-serif\">Unterst\u00fctzung erh\u00e4lt die SV-Spitze durch das SV-Team. Dieses besteht aus den jeweiligen Jahrgangssprecher*innen. Eine erste Hilfe bei der Suche nach Informationen stellt das folgende <\/span><span style=\"font-family: arial, helvetica, sans-serif\">Padlet <a href=\"https:\/\/padlet.com\/alexanderkandt\/c5y19988l93afivb\"><span style=\"text-decoration: underline;color: #99cc00\">&#8222;Schule &#8211; Demokratie &#8211; Gemeinschaft&#8220; <\/span><\/a>dar.\u00a0 Hier finden Lehrkr\u00e4fte, Sch\u00fcler*innen und Eltern\/Erziehungsberechtigte wichtige Informationen und weiteres Material zum Thema Teilhabe am schulischen Leben.<\/span><\/span><\/p>\n<p style=\"text-align: justify\"><span style=\"font-size: 12pt\"><span style=\"font-family: arial, helvetica, sans-serif\">Wir freuen uns \u00fcber jede Unterst\u00fctzung. Denn &#8211; das haben schon die \u00c4rzte 2004 gesungen &#8211;<\/span> <em><strong><span style=\"font-family: 'comic sans ms', sans-serif;color: #99cc00\">&#8222;Es ist nicht deine Schuld, dass die Welt ist wie sie ist, <\/span><\/strong><\/em><em><strong><span style=\"font-family: 'comic sans ms', sans-serif;color: #99cc00\">es w\u00e4r nur deine Schuld, wenn sie so bleibt!&#8220;<\/span><\/strong><\/em><\/span><\/p>\n<p style=\"text-align: justify\"><span style=\"font-size: 12pt\"><strong><span style=\"font-family: arial, helvetica, sans-serif\">Eure SV<\/span><\/strong><\/span><\/p>\n<p style=\"text-align: justify\"><span style=\"font-size: 12pt\"><strong><span style=\"font-family: 'book antiqua', palatino, serif\"><em>Albnor\u00a0<\/em><\/span><\/strong><\/span><\/p>\n","protected":false},"excerpt":{"rendered":"<p>\u00a0 \u00a0 \u00a0 \u00a0 \u00a0 \u00a0 \u00a0 \u00a0 \u00a0 \u00a0 \u00a0 \u00a0 \u00a0 \u00a0 \u00a0 \u00a0 \u00a0 \u00a0 \u00a0 \u00a0 \u00a0 \u00a0 \u00a0 \u00a0 \u00a0 \u00a0 \u00a0 \u00a0 \u00a0 \u00a0 \u00a0 \u00a0 \u00a0 \u00a0 \u00a0 \u00a0 \u00a0 \u00a0 \u00a0 \u00a0 \u00a0 \u00a0 \u00a0 \u00a0 \u00a0 \u00a0 \u00a0 \u00a0 \u00a0 \u00a0 \u00a0 \u00a0 SV an der [&hellip;]<\/p>\n","protected":false},"author":1006,"featured_media":0,"parent":0,"menu_order":0,"comment_status":"closed","ping_status":"closed","template":"","meta":{"footnotes":""},"class_list":["post-6142","page","type-page","status-publish","hentry"],"_links":{"self":[{"href":"https:\/\/wordpress.nibis.de\/obsbassum\/wp-json\/wp\/v2\/pages\/6142","targetHints":{"allow":["GET"]}}],"collection":[{"href":"https:\/\/wordpress.nibis.de\/obsbassum\/wp-json\/wp\/v2\/pages"}],"about":[{"href":"https:\/\/wordpress.nibis.de\/obsbassum\/wp-json\/wp\/v2\/types\/page"}],"author":[{"embeddable":true,"href":"https:\/\/wordpress.nibis.de\/obsbassum\/wp-json\/wp\/v2\/users\/1006"}],"replies":[{"embeddable":true,"href":"https:\/\/wordpress.nibis.de\/obsbassum\/wp-json\/wp\/v2\/comments?post=6142"}],"version-history":[{"count":48,"href":"https:\/\/wordpress.nibis.de\/obsbassum\/wp-json\/wp\/v2\/pages\/6142\/revisions"}],"predecessor-version":[{"id":7945,"href":"https:\/\/wordpress.nibis.de\/obsbassum\/wp-json\/wp\/v2\/pages\/6142\/revisions\/7945"}],"wp:attachment":[{"href":"https:\/\/wordpress.nibis.de\/obsbassum\/wp-json\/wp\/v2\/media?parent=6142"}],"curies":[{"name":"wp","href":"https:\/\/api.w.org\/{rel}","templated":true}]}}