{"id":6628,"date":"2021-08-26T13:24:00","date_gmt":"2021-08-26T11:24:00","guid":{"rendered":"https:\/\/wordpress.nibis.de\/obsbassum\/?page_id=6628"},"modified":"2021-08-26T13:54:01","modified_gmt":"2021-08-26T11:54:01","slug":"sj-2020-21","status":"publish","type":"page","link":"https:\/\/wordpress.nibis.de\/obsbassum\/sj-2020-21\/","title":{"rendered":"SJ 2020\/\u00b421"},"content":{"rendered":"\n<p style=\"text-align: justify\"><span style=\"font-size: 14pt\"><strong><span style=\"font-family: arial, helvetica, sans-serif;color: #000000\">Eindr\u00fccke der Abschlussfeier<\/span><\/strong><\/span><\/p>\n<p><img loading=\"lazy\" decoding=\"async\" class=\" wp-image-6560 alignnone\" src=\"https:\/\/wordpress.nibis.de\/obsbassum\/files\/2021\/07\/ak21_92-850x478.jpg\" alt=\"\" width=\"250\" height=\"141\" \/><img loading=\"lazy\" decoding=\"async\" class=\" wp-image-6558 alignnone\" src=\"https:\/\/wordpress.nibis.de\/obsbassum\/files\/2021\/07\/ak21_53-801x478.jpg\" alt=\"\" width=\"228\" height=\"137\" \/><img loading=\"lazy\" decoding=\"async\" class=\" wp-image-6556 alignnone\" src=\"https:\/\/wordpress.nibis.de\/obsbassum\/files\/2021\/07\/ak21_20-850x478.jpg\" alt=\"\" width=\"240\" height=\"135\" \/><img loading=\"lazy\" decoding=\"async\" class=\" wp-image-6582 alignnone\" src=\"https:\/\/wordpress.nibis.de\/obsbassum\/files\/2021\/07\/P1010341-850x478.jpg\" alt=\"\" width=\"246\" height=\"138\" \/><\/p>\n<p style=\"text-align: justify\"><span style=\"font-family: arial, helvetica, sans-serif;color: #000000;font-size: 14pt\"><strong>Wissenschaft macht Spa\u00df und motiviert<\/strong><\/span><\/p>\n<div class=\"c01359 \">\n<div class=\"c01364\">\n<div class=\"c01365\">\n<div class=\"c01366\">\n<div class=\"c01397 c01396 c01407 \">\n<div class=\"c01398 c01408\">\n<div class=\"c01369\">\n<p style=\"text-align: justify\"><span style=\"font-family: arial, helvetica, sans-serif;color: #000000;font-size: 14pt\"><strong>Heureka-Wettbewerb an der OBS Bassum mit gymnasialem Zweig<\/strong><\/span><\/p>\n<p style=\"text-align: justify\"><img loading=\"lazy\" decoding=\"async\" class=\" wp-image-6528 alignleft\" src=\"https:\/\/wordpress.nibis.de\/obsbassum\/files\/2021\/07\/04-850x478.png\" alt=\"\" width=\"252\" height=\"142\" \/><span style=\"font-family: arial, helvetica, sans-serif;color: #000000;font-size: 12pt\">Wer ist die beste Sch\u00fclerin oder der beste Sch\u00fcler aus den Jahrg\u00e4ngen 5 bis 8 im Bereich \u201eMensch und Natur\u201c an der OBS Bassum mit gymnasialem Zweig? Der bundesweite Heureka-Wettbewerb Mensch und Natur wurde im Mai 2021 an der Bassumer Oberschule mit gymnasialem Zweig durchgef\u00fchrt, im Juni 2021 wurden die Platzierungen zur\u00fcckgemeldet und jetzt fand die Preisverleihung f\u00fcr die 24 Teilnehmer*innen statt.<\/span><\/p>\n<p style=\"text-align: justify\"><span style=\"font-family: arial, helvetica, sans-serif;color: #000000;font-size: 12pt\">Tag f\u00fcr Tag vermitteln wir Ihren Kindern Wissen und soziale F\u00e4higkeiten mit dem Ziel, sie optimal auf ein selbstst\u00e4ndiges Leben als Erwachsene vorzubereiten. Heutzutage sind Kinder aber auch anspruchsvoller geworden, was den Unterricht angeht und wir sind dankbar f\u00fcr die steigende Anzahl an au\u00dferschulischen Lernorten und Sch\u00fclerwettbewerben, die eine Abwechslung bieten und die Sch\u00fcler*innen motivieren. Gerade Wettbewerbe lassen oft verborgenes Wissen erblicken und es gibt attraktive Preise zu gewinnen.<\/span><\/p>\n<p><img loading=\"lazy\" decoding=\"async\" class=\" wp-image-6530 alignnone\" src=\"https:\/\/wordpress.nibis.de\/obsbassum\/files\/2021\/07\/01-850x478.png\" alt=\"\" width=\"325\" height=\"183\" \/><img loading=\"lazy\" decoding=\"async\" class=\" wp-image-6531 alignnone\" src=\"https:\/\/wordpress.nibis.de\/obsbassum\/files\/2021\/07\/02-850x478.png\" alt=\"\" width=\"325\" height=\"183\" \/><img loading=\"lazy\" decoding=\"async\" class=\" wp-image-6532 alignnone\" src=\"https:\/\/wordpress.nibis.de\/obsbassum\/files\/2021\/07\/03-850x478.png\" alt=\"\" width=\"325\" height=\"183\" \/><\/p>\n<p style=\"text-align: justify\"><span style=\"color: #000000;font-family: arial, helvetica, sans-serif;font-size: 12pt\">Die Wettbewerbsdauer betr\u00e4gt 45 Minuten (eine Schulstunde). Es ist ein Multiple Choice Wettbewerb, der aus drei Teilen besteht: Mensch und Tier, Natur und Umwelt sowie Technik und Fortschritt. Pr\u00e4miert werden Sch\u00fcler*innen mit den besten Einzelergebnissen pro Klassenstufe in jeder Schule, bundeslandweit und bundesweit, aber niemand geht leer aus. Jeder Teilnehmer erh\u00e4lt eine Teilnahmebescheinigung und einen Teilnehmerpreis.<\/span><\/p>\n<p style=\"text-align: justify\"><span style=\"color: #000000;font-family: arial, helvetica, sans-serif;font-size: 12pt\">Unser besonderer Dank gilt dem F\u00f6rderverein der OBS Bassum mit gymnasialem Zweig, der uns die Teilnahme am Wettbewerb erm\u00f6glicht hat.<\/span><\/p>\n<p style=\"text-align: justify\"><span style=\"font-family: arial, helvetica, sans-serif;color: #000000;font-size: 14pt\"><strong>Das neue Freiluftklassenzimmer im Entstehen.\u00a0<\/strong><\/span><\/p>\n<p style=\"text-align: justify\"><span style=\"font-family: arial, helvetica, sans-serif;color: #000000;font-size: 14pt\"><strong>Kaum begonnen, ist es nun fertig!<\/strong><\/span><\/p>\n<p><img loading=\"lazy\" decoding=\"async\" class=\" wp-image-6571 alignnone\" src=\"https:\/\/wordpress.nibis.de\/obsbassum\/files\/2021\/07\/rondel_08-004-850x478.png\" alt=\"\" width=\"328\" height=\"184\" \/><img loading=\"lazy\" decoding=\"async\" class=\" wp-image-6572 alignnone\" src=\"https:\/\/wordpress.nibis.de\/obsbassum\/files\/2021\/07\/rondel_09-004-850x478.png\" alt=\"\" width=\"328\" height=\"184\" \/><img loading=\"lazy\" decoding=\"async\" class=\" wp-image-6573 alignnone\" src=\"https:\/\/wordpress.nibis.de\/obsbassum\/files\/2021\/07\/rondel_10-004-850x478.png\" alt=\"\" width=\"328\" height=\"184\" \/><\/p>\n<div class=\"c01359 \">\n<div class=\"c01364\">\n<div class=\"c01365\">\n<div class=\"c01366\">\n<div class=\"c01397 c01396 c01407 \">\n<div class=\"c01398 c01408\">\n<div class=\"c01369\">\n<div>\n<p style=\"text-align: justify\"><span style=\"font-family: arial, helvetica, sans-serif;font-size: 14pt;color: #000000\"><strong>Aktiv, kreativ und mitf\u00fchlend<\/strong><\/span><\/p>\n<\/div>\n<\/div>\n<\/div>\n<\/div>\n<\/div>\n<\/div>\n<\/div>\n<\/div>\n<p style=\"text-align: justify\"><span style=\"font-family: arial, helvetica, sans-serif;color: #000000;font-size: 12pt\">Corona-Frust im Alltag? Das geht auch anders!<\/span><\/p>\n<p style=\"text-align: justify\"><span style=\"font-family: arial, helvetica, sans-serif;color: #000000;font-size: 12pt\"><img loading=\"lazy\" decoding=\"async\" class=\" wp-image-6362 alignleft\" src=\"https:\/\/wordpress.nibis.de\/obsbassum\/files\/2021\/04\/SV-aktiv-850x478.jpg\" alt=\"\" width=\"251\" height=\"141\" \/>Statt in die H\u00e4nde in den Schoss zu legen, legen wir richtig los. Das ist das Motto, mit dem unsere Sch\u00fcler*innen\u00a0 seid den Weihnachtsferien mit der erneuten Situation von Schulschlie\u00dfung und Wechselunterricht umgehen. Denn gerade de jetzt, in dieser f\u00fcr alle ungewohnten Situation mit neuen Erfahrungen und Erfordernissen im Alltag, sind Engagement und Empathie nicht nur wichtig, sondern auch tats\u00e4chlich existent. Ob Schneeman-Challenge oder Osterbriefe f\u00fcr Bewohner der Altenpflegheime, den Kopf in den Sand stecken, das ist keine Alternative. Wir packen an, sind aktiv und f\u00fcreinander da.<\/span><\/p>\n<p><span style=\"font-size: 12pt\"><strong><span style=\"color: #ff0000;font-family: arial, helvetica, sans-serif\">Der Kreiszeitungsartikel ist <span style=\"text-decoration: underline\"><a style=\"color: #ff0000;text-decoration: underline\" href=\"https:\/\/wordpress.nibis.de\/obsbassum\/files\/2021\/04\/Kreiszeitungsartikel-OBS-Bassum-aktiv.pdf\">HIER<\/a><\/span>\u00a0durch Anklicken zu finden!<\/span><\/strong><\/span><\/p>\n<p style=\"text-align: justify\"><span style=\"font-family: arial, helvetica, sans-serif;color: #000000;font-size: 14pt\"><strong>Aktiv in der Pause\u2026<\/strong><\/span><\/p>\n<p style=\"text-align: justify\"><img loading=\"lazy\" decoding=\"async\" class=\" wp-image-6273 alignleft\" src=\"https:\/\/wordpress.nibis.de\/obsbassum\/files\/2021\/03\/Spieltonne-850x478.jpg\" alt=\"\" width=\"268\" height=\"151\" \/><span style=\"font-family: arial, helvetica, sans-serif;color: #000000;font-size: 12pt\">\u2026dies war einer unserer Kerngedanken, als wir den Wunsch einer Spieletonne \u00e4u\u00dferten. Unser\u00a0F\u00f6rderverein der OBS Bassum beantragte daraufhin die Unterst\u00fctzung durch die Reinertr\u00e4ge\u00a0der Volksbank Bassum. Wir waren sehr gl\u00fccklich, als wir Anfang M\u00e4rz die reichlich mit Sport-und Spielger\u00e4ten gef\u00fcllte Spieletonne in Empfang nehmen durften. Die gelbe Tonne soll nun ein\u00a0unumg\u00e4nglicher Anziehungspunkt in den Pausen werden und unseren Sch\u00fclerinnen und\u00a0Sch\u00fclern die M\u00f6glichkeit bieten, sich auszutoben. Wir freuen uns schon jetzt, die Sport- und\u00a0Spielger\u00e4te in Aktion zu sehen!<\/span><br \/><span style=\"font-family: arial, helvetica, sans-serif;color: #000000;font-size: 12pt\">Ein gro\u00dfer Dank gilt der Volksbank, den Mitgliedern des F\u00f6rdervereins, Frau Schorling und Frau\u00a0Landwehr sowie unserem\/r Sch\u00fclersprecher\/in, die die Spieletonne mit in Empfang nahmen und\u00a0in der weiteren Organisation eingebunden sind.<\/span><\/p>\n<p style=\"text-align: justify\"><span style=\"font-size: 14pt\"><strong><span style=\"color: #000000;font-family: arial, helvetica, sans-serif\">Volksbank Syke schenkt uns 11 iPads\u00a0<\/span><\/strong><\/span><\/p>\n<p style=\"text-align: justify\"><span style=\"font-size: 14pt\"><strong><span style=\"color: #000000;font-family: arial, helvetica, sans-serif\">Wir haben es geschafft! Ein weiterer Schritt auf dem Weg der Nutzung digitaler Medien<\/span><\/strong><\/span><\/p>\n<p style=\"text-align: justify\"><img loading=\"lazy\" decoding=\"async\" class=\"wp-image-6182 alignleft\" src=\"https:\/\/wordpress.nibis.de\/obsbassum\/files\/2021\/02\/ipad_obs_bassum-002-850x478.png\" alt=\"\" width=\"251\" height=\"141\" \/><span style=\"font-family: arial, helvetica, sans-serif;color: #000000;font-size: 12pt\">Die gesamte Schule zog an einem Strang, alle tippten sich bei der Abstimmung die Finger wund und erz\u00e4hlten Familie, Freunden und Bekannten von der Aktion \u201eMein Like f\u00fcr meine Schule.\u201c<\/span><\/p>\n<p style=\"text-align: justify\"><span style=\"font-family: arial, helvetica, sans-serif;color: #000000;font-size: 12pt\">Der tolle Einsatz aller hat geholfen, die Jury auf unsere kreative Bewerbung aufmerksam zu machen. In einem Sketch konnten Zhara A. und Josephine Sch. aus der Klasse 5b die Jury letztlich mit ihrer schauspielerischen Leistung \u00fcberzeugen und dadurch den zweiten Kreativpreis f\u00fcr die OBS holen.<\/span><\/p>\n<p style=\"text-align: justify\"><span style=\"font-family: arial, helvetica, sans-serif;color: #000000;font-size: 12pt\">Die gesamte Schulgemeinschaft freut sich auf den Einsatz der iPads im Unterricht und bedankt sich bei allen, die flei\u00dfig abgestimmt haben! Unser Weg zur modernen und zukunftsorientierten Schule geht weiter. Und das auch mit dem Einsatz digitaler Medien.<\/span><\/p>\n<p style=\"text-align: justify\"><strong><img loading=\"lazy\" decoding=\"async\" class=\" wp-image-6153 alignleft\" src=\"https:\/\/wordpress.nibis.de\/obsbassum\/files\/2021\/02\/Bild1.png\" alt=\"\" width=\"251\" height=\"191\" \/><span style=\"font-family: arial, helvetica, sans-serif;font-size: 14pt;color: #000000\">OBS-Challenge \u201eWinterfoto\u201c<\/span><\/strong><\/p>\n<p style=\"text-align: justify\"><span style=\"font-family: arial, helvetica, sans-serif;font-size: 14pt;color: #000000\"><strong>Ist es zu kalt, bist du nicht warm genug angezogen!<\/strong><\/span><\/p>\n<p style=\"text-align: justify\"><span style=\"font-family: arial, helvetica, sans-serif;color: #000000;font-size: 12pt\">Hallo liebe OBS-Gemeinschaft, in den kommenden Wochen wird es jeweils w\u00f6chentlich eine Challenge geben, dessen Thema sich \u00e4ndert. Aufgabe wird es dabei immer sein, dass alle Teilnehmenden sich bewegen, kreativ sind und vor allem hinaus an die frische Luft gehen, um den Alltagsstress und Corona einmal hinter sich zu lassen. Die SV freut sich auf Eure Einsendungen! \u00dcber die kommende Challenge werdet ihr zuk\u00fcnftig in der WebUntis-Gruppe auf dem Laufenden gehalten. Viel Spa\u00df euch allen bei den n\u00e4chsten\u00a0 Herausforderungen!!\u00a0Und die beiden Siegerfotos seht ihr hier.\u00a0<strong>\u2192\u00a0<\/strong><\/span><\/p>\n<p><strong><img loading=\"lazy\" decoding=\"async\" class=\" wp-image-6173 alignnone\" src=\"https:\/\/wordpress.nibis.de\/obsbassum\/files\/2021\/02\/Winter-Starke-707x478.jpg\" alt=\"\" width=\"242\" height=\"163\" \/><img loading=\"lazy\" decoding=\"async\" class=\" wp-image-6174 alignnone\" src=\"https:\/\/wordpress.nibis.de\/obsbassum\/files\/2021\/02\/Winter-Blanke-850x478.jpg\" alt=\"\" width=\"292\" height=\"164\" \/><\/strong><\/p>\n<p style=\"text-align: justify\">\u00a0<\/p>\n<\/div>\n<\/div>\n<\/div>\n<\/div>\n<\/div>\n<\/div>\n<\/div>\n","protected":false},"excerpt":{"rendered":"<p>Eindr\u00fccke der Abschlussfeier Wissenschaft macht Spa\u00df und motiviert Heureka-Wettbewerb an der OBS Bassum mit gymnasialem Zweig Wer ist die beste Sch\u00fclerin oder der beste Sch\u00fcler aus den Jahrg\u00e4ngen 5 bis 8 im Bereich \u201eMensch und Natur\u201c an der OBS Bassum mit gymnasialem Zweig? Der bundesweite Heureka-Wettbewerb Mensch und Natur wurde im Mai 2021 an der [&hellip;]<\/p>\n","protected":false},"author":1006,"featured_media":0,"parent":0,"menu_order":0,"comment_status":"closed","ping_status":"closed","template":"","meta":{"footnotes":""},"class_list":["post-6628","page","type-page","status-publish","hentry"],"_links":{"self":[{"href":"https:\/\/wordpress.nibis.de\/obsbassum\/wp-json\/wp\/v2\/pages\/6628","targetHints":{"allow":["GET"]}}],"collection":[{"href":"https:\/\/wordpress.nibis.de\/obsbassum\/wp-json\/wp\/v2\/pages"}],"about":[{"href":"https:\/\/wordpress.nibis.de\/obsbassum\/wp-json\/wp\/v2\/types\/page"}],"author":[{"embeddable":true,"href":"https:\/\/wordpress.nibis.de\/obsbassum\/wp-json\/wp\/v2\/users\/1006"}],"replies":[{"embeddable":true,"href":"https:\/\/wordpress.nibis.de\/obsbassum\/wp-json\/wp\/v2\/comments?post=6628"}],"version-history":[{"count":43,"href":"https:\/\/wordpress.nibis.de\/obsbassum\/wp-json\/wp\/v2\/pages\/6628\/revisions"}],"predecessor-version":[{"id":6687,"href":"https:\/\/wordpress.nibis.de\/obsbassum\/wp-json\/wp\/v2\/pages\/6628\/revisions\/6687"}],"wp:attachment":[{"href":"https:\/\/wordpress.nibis.de\/obsbassum\/wp-json\/wp\/v2\/media?parent=6628"}],"curies":[{"name":"wp","href":"https:\/\/api.w.org\/{rel}","templated":true}]}}