{"id":6917,"date":"2021-10-22T11:04:33","date_gmt":"2021-10-22T09:04:33","guid":{"rendered":"https:\/\/wordpress.nibis.de\/obsbassum\/?page_id=6917"},"modified":"2022-12-09T08:54:07","modified_gmt":"2022-12-09T07:54:07","slug":"garten-landschaftsbau","status":"publish","type":"page","link":"https:\/\/wordpress.nibis.de\/obsbassum\/garten-landschaftsbau\/","title":{"rendered":"Garten-Landschaftsbau"},"content":{"rendered":"\n<p style=\"text-align: justify\"><span style=\"color: #000000;font-family: arial, helvetica, sans-serif\">Herr Schulz und seine motivierte Truppe haben losgelegt.<\/span><\/p>\n<p style=\"text-align: justify\"><span style=\"color: #000000;font-family: arial, helvetica, sans-serif\">Zuk\u00fcnftig wird Hr. Schulz zusammen mit den AG-Mitgliedern und vielen Spendern von Stauden und Gr\u00e4sern das Schulgel\u00e4nde versch\u00f6nern und pflegen.<\/span><\/p>\n<p><img loading=\"lazy\" decoding=\"async\" class=\" wp-image-6925 alignnone\" src=\"https:\/\/wordpress.nibis.de\/obsbassum\/files\/2021\/10\/Garten-1-850x478.jpg\" alt=\"\" width=\"450\" height=\"253\" \/><\/p>\n","protected":false},"excerpt":{"rendered":"<p>Herr Schulz und seine motivierte Truppe haben losgelegt. Zuk\u00fcnftig wird Hr. Schulz zusammen mit den AG-Mitgliedern und vielen Spendern von Stauden und Gr\u00e4sern das Schulgel\u00e4nde versch\u00f6nern und pflegen.<\/p>\n","protected":false},"author":1006,"featured_media":0,"parent":0,"menu_order":0,"comment_status":"closed","ping_status":"closed","template":"","meta":{"footnotes":""},"class_list":["post-6917","page","type-page","status-publish","hentry"],"_links":{"self":[{"href":"https:\/\/wordpress.nibis.de\/obsbassum\/wp-json\/wp\/v2\/pages\/6917","targetHints":{"allow":["GET"]}}],"collection":[{"href":"https:\/\/wordpress.nibis.de\/obsbassum\/wp-json\/wp\/v2\/pages"}],"about":[{"href":"https:\/\/wordpress.nibis.de\/obsbassum\/wp-json\/wp\/v2\/types\/page"}],"author":[{"embeddable":true,"href":"https:\/\/wordpress.nibis.de\/obsbassum\/wp-json\/wp\/v2\/users\/1006"}],"replies":[{"embeddable":true,"href":"https:\/\/wordpress.nibis.de\/obsbassum\/wp-json\/wp\/v2\/comments?post=6917"}],"version-history":[{"count":3,"href":"https:\/\/wordpress.nibis.de\/obsbassum\/wp-json\/wp\/v2\/pages\/6917\/revisions"}],"predecessor-version":[{"id":7623,"href":"https:\/\/wordpress.nibis.de\/obsbassum\/wp-json\/wp\/v2\/pages\/6917\/revisions\/7623"}],"wp:attachment":[{"href":"https:\/\/wordpress.nibis.de\/obsbassum\/wp-json\/wp\/v2\/media?parent=6917"}],"curies":[{"name":"wp","href":"https:\/\/api.w.org\/{rel}","templated":true}]}}