{"id":6960,"date":"2021-11-08T14:01:57","date_gmt":"2021-11-08T13:01:57","guid":{"rendered":"https:\/\/wordpress.nibis.de\/obsbassum\/?page_id=6960"},"modified":"2026-03-16T15:55:56","modified_gmt":"2026-03-16T14:55:56","slug":"mensa","status":"publish","type":"page","link":"https:\/\/wordpress.nibis.de\/obsbassum\/mensa\/","title":{"rendered":"Mensa"},"content":{"rendered":"\n<p><span style=\"font-family: helvetica, arial, sans-serif;color: #000000;font-size: 14pt\"><span style=\"background-color: #ffcc00\"><span style=\"font-size: 18.6667px;background-color: #ffcc00\"><b>Seit<\/b><\/span><\/span><b style=\"color: #000000;font-size: 14pt\"><span style=\"background-color: #ffcc00\">\u00a0dem 10.11.2021 gibt es wieder ein warmes Mittagessen von<\/span> <span style=\"font-size: 18pt;color: #000000\"><em>ABC Kochwerk<\/em> <\/span><span style=\"background-color: #ffcc00\">in der Mensa!<\/span><\/b><\/span><\/p>\n<p style=\"text-align: justify\"><span style=\"font-family: helvetica, arial, sans-serif;color: #000000;font-size: 14pt;background-color: #ffcc00\"><strong>Anmeldung zum Mittagessen:<\/strong><\/span><\/p>\n<div style=\"text-align: justify\"><span style=\"font-family: helvetica, arial, sans-serif;color: #000000;font-size: 14pt\">Generell k\u00f6nnt ihr immer einen Tag im Voraus bis 11:30 Uhr das Mittagessen f\u00fcr den Folgetag bestellen. <\/span><span style=\"font-family: helvetica, arial, sans-serif;color: #000000;font-size: 14pt\">Bitte gebt dazu die folgenden Angaben beim Mensapersonal an: Namen, Klasse und\u00a0das gew\u00fcnschte Men\u00fc.\u00a0<b>Der Betrag von 4,30\u20ac pro Gericht ist im V<\/b><b>oraus zu entrichten. <\/b><\/span><\/div>\n<div>\u00a0<\/div>\n<div style=\"text-align: justify\"><span style=\"font-family: helvetica, arial, sans-serif;color: #000000;font-size: 14pt\">Ein Men\u00fcplan h\u00e4ngt in der Mensa aus.<\/span><\/div>\n<div>\u00a0<\/div>\n<div style=\"text-align: justify\"><span style=\"font-family: helvetica, arial, sans-serif;color: #000000;font-size: 14pt\">Solltet ihr wegen einer Erkrankung oder \u00c4hnlichem verhindert sein, k\u00f6nnt ihr das Mittagsessen bis 8:00 Uhr morgens des gleichen Tages beim Kiosk \u00fcber <\/span><span style=\"text-decoration: underline\"><span style=\"font-family: helvetica, arial, sans-serif;font-size: 14pt\">&#111;&#98;&#x73;-&#110;&#x79;&#x70;&#64;&#119;&#x65;&#x62;&#46;&#100;&#x65;<\/span><\/span> <span style=\"color: #000000;font-family: helvetica, arial, sans-serif;font-size: 14pt\">abmelden.\u00a0<\/span><\/div>\n<div>\u00a0<\/div>\n<div style=\"text-align: justify\"><span style=\"font-family: helvetica, arial, sans-serif;color: #000000;font-size: 14pt\">Vielen Dank,<\/span><\/div>\n<div style=\"text-align: justify\"><span style=\"font-family: helvetica, arial, sans-serif;color: #000000;font-size: 14pt\">euer Mensa Team<\/span><\/div>\n","protected":false},"excerpt":{"rendered":"<p>Seit\u00a0dem 10.11.2021 gibt es wieder ein warmes Mittagessen von ABC Kochwerk in der Mensa! Anmeldung zum Mittagessen: Generell k\u00f6nnt ihr immer einen Tag im Voraus bis 11:30 Uhr das Mittagessen f\u00fcr den Folgetag bestellen. Bitte gebt dazu die folgenden Angaben beim Mensapersonal an: Namen, Klasse und\u00a0das gew\u00fcnschte Men\u00fc.\u00a0Der Betrag von 4,30\u20ac pro Gericht ist im [&hellip;]<\/p>\n","protected":false},"author":1006,"featured_media":0,"parent":0,"menu_order":0,"comment_status":"closed","ping_status":"closed","template":"","meta":{"footnotes":""},"class_list":["post-6960","page","type-page","status-publish","hentry"],"_links":{"self":[{"href":"https:\/\/wordpress.nibis.de\/obsbassum\/wp-json\/wp\/v2\/pages\/6960","targetHints":{"allow":["GET"]}}],"collection":[{"href":"https:\/\/wordpress.nibis.de\/obsbassum\/wp-json\/wp\/v2\/pages"}],"about":[{"href":"https:\/\/wordpress.nibis.de\/obsbassum\/wp-json\/wp\/v2\/types\/page"}],"author":[{"embeddable":true,"href":"https:\/\/wordpress.nibis.de\/obsbassum\/wp-json\/wp\/v2\/users\/1006"}],"replies":[{"embeddable":true,"href":"https:\/\/wordpress.nibis.de\/obsbassum\/wp-json\/wp\/v2\/comments?post=6960"}],"version-history":[{"count":43,"href":"https:\/\/wordpress.nibis.de\/obsbassum\/wp-json\/wp\/v2\/pages\/6960\/revisions"}],"predecessor-version":[{"id":8712,"href":"https:\/\/wordpress.nibis.de\/obsbassum\/wp-json\/wp\/v2\/pages\/6960\/revisions\/8712"}],"wp:attachment":[{"href":"https:\/\/wordpress.nibis.de\/obsbassum\/wp-json\/wp\/v2\/media?parent=6960"}],"curies":[{"name":"wp","href":"https:\/\/api.w.org\/{rel}","templated":true}]}}