{"id":726,"date":"2016-05-24T14:57:28","date_gmt":"2016-05-24T12:57:28","guid":{"rendered":"http:\/\/wordpress.nibis.de\/obsbassum\/?page_id=726"},"modified":"2023-04-15T10:27:36","modified_gmt":"2023-04-15T08:27:36","slug":"schach-ag","status":"publish","type":"page","link":"https:\/\/wordpress.nibis.de\/obsbassum\/schach-ag\/","title":{"rendered":"SCHACH"},"content":{"rendered":"<p><span style=\"font-family: arial, helvetica, sans-serif;font-size: 12pt;color: #000000\"><strong>Leitung:\u00a0 Herr Rosenthal<\/strong><\/span><\/p>\n<p style=\"text-align: justify\"><span style=\"font-size: 24pt\"><strong><span style=\"font-family: arial, helvetica, sans-serif;color: #000000\">Schach-AG holt Pokal beim Bezirksfinale Hannover<\/span><\/strong><\/span><\/p>\n<p style=\"text-align: justify\"><strong><span style=\"font-family: arial, helvetica, sans-serif;font-size: 18pt;color: #000000\">F\u00f6rderverein belohnt erfolgreiche Schach-AG mit digitalen Schachuhren\u00a0<\/span><\/strong><\/p>\n<p style=\"text-align: justify\"><span style=\"font-family: arial, helvetica, sans-serif;font-size: 12pt;color: #000000\"><img loading=\"lazy\" decoding=\"async\" class=\" wp-image-7746 alignleft\" src=\"https:\/\/wordpress.nibis.de\/obsbassum\/files\/2023\/03\/hullu-scaled.jpg\" alt=\"\" width=\"253\" height=\"180\" \/><\/span><\/p>\n<p style=\"text-align: justify\"><span style=\"font-family: arial, helvetica, sans-serif;font-size: 12pt;color: #000000\"><img loading=\"lazy\" decoding=\"async\" class=\"alignleft  wp-image-7750\" src=\"https:\/\/wordpress.nibis.de\/obsbassum\/files\/2023\/03\/tulutt-scaled.jpg\" alt=\"\" width=\"240\" height=\"180\" \/><\/span><\/p>\n<p style=\"text-align: justify\"><span style=\"font-family: arial, helvetica, sans-serif;font-size: 12pt;color: #000000\">16 Mannschaften trafen sich zum Bezirksfinale Hannover an der Wagenfelder Oberschule. <\/span><span style=\"font-family: arial, helvetica, sans-serif;font-size: 12pt;color: #000000\">Die OBS Bassum mit gymnasialem Zweig lief das erste Mal mit zwei Mannschaften auf. Es galt immerhin den Pokal vom letzten Turnier zu verteidigen.<\/span><br \/>\n<span style=\"font-family: arial, helvetica, sans-serif;font-size: 12pt;color: #000000\">In der ersten Mannschaft sa\u00df an Brett 1 Ben aus der 10c.\u00a0Er war offensichtlich der beste Spieler des gesamten Turniers, da er jede einzelne Partie gewann. Selbst anwesende Spieler des SV Werder Bremen waren beeindruckt von seinen F\u00e4higkeiten und empfahlen ihm, in einen Verein einzutreten.<\/span><br \/>\n<span style=\"font-family: arial, helvetica, sans-serif;font-size: 12pt;color: #000000\">Es folgte Leonid aus der 7c, der noch viele Jahre die erste Schulschachmannschaft\u00a0unterst\u00fctzen und n\u00e4chstes Jahr wahrscheinlich an Brett 1 spielen wird.<\/span><br \/>\n<span style=\"font-family: arial, helvetica, sans-serif;font-size: 12pt;color: #000000\">Luca an Brett 3 aus der 10a wird leider n\u00e4chstes Jahr nicht mehr in der Mannschaft dieser Schule sein. <\/span><span style=\"font-family: arial, helvetica, sans-serif;font-size: 12pt;color: #000000\">Hierzu geh\u00f6rte auch Mathis aus der 10a. Es war eine starke Zeit in der Schach-AG mit den Zehntkl\u00e4sslern.\u00a0<\/span><span style=\"font-family: arial, helvetica, sans-serif;font-size: 12pt;color: #000000\">Der zweite Pokal f\u00fcr den 3. Platz im Bezirksfinale ist sicherlich ein w\u00fcrdiges Ergebnis.<\/span><br \/>\n<span style=\"font-family: arial, helvetica, sans-serif;font-size: 12pt;color: #000000\">In der zweiten Mannschaft spielten Simon (9c), Lea (7a), Samuel (8c) und Roman (8d) das erste Schach-Turnier ihres Lebens und holten zusammen immerhin 11 Siege und belegten den 12. Platz. <\/span><span style=\"font-family: arial, helvetica, sans-serif;font-size: 12pt;color: #000000\">Hier z\u00e4hlte vor allen Dingen das Erlernen der Abl\u00e4ufe beim Turnier und der Zugewinn an Selbstvertrauen. <\/span><span style=\"font-family: arial, helvetica, sans-serif;font-size: 12pt;color: #000000\">Der F\u00f6rderverein der OBS belohnte die beiden Mannschaften mit vier digitalen Schachuhren, die nun die Vorbereitung auf weitere Turniere noch besser gelingen l\u00e4sst. <\/span><span style=\"font-family: arial, helvetica, sans-serif;font-size: 12pt;color: #000000\">Die Schach-AG wird von Herrn Rosenthal geleitet.<\/span><\/p>\n<p style=\"text-align: center\"><strong><span style=\"font-family: arial, helvetica, sans-serif;font-size: 18pt\">&#8220; &#8211; Das Ziel fest im Blick &#8211;\u00a0<\/span><\/strong><\/p>\n<p><img loading=\"lazy\" decoding=\"async\" class=\"wp-image-6522 aligncenter\" src=\"https:\/\/wordpress.nibis.de\/obsbassum\/files\/2021\/07\/20210630_141543-002-850x478.jpg\" alt=\"\" width=\"290\" height=\"163\" \/><\/p>\n<p style=\"text-align: justify\"><span style=\"font-family: arial, helvetica, sans-serif\">Die Sch\u00fclerinnen der Schach-AG waren recht begeistert vom Pokal, den wir letztes Jahr beim Bezirksfinale Hannover gewannen.&#8220;\u00a0<\/span><\/p>\n<p style=\"text-align: justify\"><strong><span style=\"color: #000000;font-family: arial,helvetica,sans-serif;font-size: 18pt\">Deutsche Schulschachmannschaftsmeisterschaft<\/span><\/strong><br \/>\n<strong><span style=\"color: #000000;font-family: arial,helvetica,sans-serif\">Landeswettbewerb Niedersachsen \u2013 Bezirksentscheid Hannover. Bezirksendrunde in Wagenfeld<\/span><\/strong><br \/>\n<span style=\"color: #000000;font-family: arial,helvetica,sans-serif\">Die vier Sch\u00fcler*innen der Schach-AG der OBS Bassum, welche sich zur Bezirksendrunde in Wagenfeld aufmachten, hatten teilweise erst dieses Schuljahr in der Schach-AG begonnen, ihre Fertigkeiten auf den 64 Feldern zu verbessern. <\/span><br \/>\n<span style=\"color: #000000;font-family: arial,helvetica,sans-serif\">Judith (5b), Luca (7a), Ben (7c) und Levin (9a) hatten zwar unterschiedliche Spielst\u00e4rken, fanden sich in den 7 Runden nach dem Schweizer System aber entsprechend an den Brettern teilweise \u00e4hnlich starken Spielern gegen\u00fcber. Am Ende gingen sie von den sechzehn Mannschaften als drittst\u00e4rkstes Team aus dem Wettkampf. <\/span><br \/>\n<span style=\"color: #000000;font-family: arial,helvetica,sans-serif\">Besonders spannend war der Erfolg gegen Wagenfelds st\u00e4rkste 1. Mannschaft, die am Ende einen Platz vor uns auf dem zweiten Rang landete. \u00c4hnlich wie beim DFB Pokal Achtelfinale Werder Bremen gegen Borussia Dortmund in dieser Woche war hier der haushohe Favorit nicht konzentriert genug und erlag uns mit 1 \u00bd zu 2 \u00bd Brettpunkten. <\/span><br \/>\n<span style=\"color: #000000;font-family: arial,helvetica,sans-serif\">Alle lernten w\u00e4hrend des Turnieres einige Strategien und Taktiken dazu. Die Spielgegner der anderen 15 Mannschaften aus Hannover, Helpsen, Schaumburg und Wagenfeld sagten so h\u00e4ufiger: \u201eDie darf man nicht untersch\u00e4tzen!\u201c<\/span><\/p>\n<p style=\"text-align: justify\"><span style=\"color: #000000;font-family: arial,helvetica,sans-serif\">Auch Levin erkannte, welche Vorteile solide Er\u00f6ffnungen haben und holte wie die anderen Jungs die meisten Punkte. Luca als der st\u00e4rkste Stratege der Schach-AG der OBS Bassum mit gymnasialem Zweig feierte motivierende Siege, wei\u00df aber auch, wo noch Verbesserungspotential liegt. Somit haben wir Einheiten zum Mittel- und (Bauern-) Endspiel vor uns, damit die h\u00e4ufig errungenen Materialvorspr\u00fcnge nicht erneut verloren gehen. Spa\u00df hat es auf jeden Fall allen gemacht, auch w\u00e4hrend in den Pausen mit Sch\u00fclern aller Altersgruppen und anderer Schulen die bereitstehenden Bretter im Aufenthaltsraum genutzt wurden. So sagte Judith am Ende, dass sie sich auf das n\u00e4chste Halbjahr in der Schach-AG freut.<\/span><br \/>\n<span style=\"color: #000000;font-family: arial,helvetica,sans-serif\">Die beiden Qualifikationspl\u00e4tze f\u00fcr das Landesfinale erreichten wir dieses Mal leider nicht, aber wir kommen wieder und holen uns den n\u00e4chstgr\u00f6\u00dferen Pokal!<\/span><br \/>\n<span style=\"color: #000000;font-family: arial,helvetica,sans-serif\">Zum n\u00e4chsten Schulschachturnier stellen wir dann vielleicht schon eine weitere Mannschaft auf, um unsere Chancen auf mehr Brettpunkte zu erh\u00f6hen.<\/span><br \/>\n<span style=\"color: #000000;font-family: arial,helvetica,sans-serif\">Der F\u00f6rderverein der OBS Bassum mit gymnasialem Zweig unterst\u00fctzte die Mannschaft mit einem guten Mittagessen, welches wir in Wagenfeld im Anschluss genossen.<\/span><br \/>\n<span style=\"color: #000000;font-family: arial,helvetica,sans-serif\">Weitere Sch\u00fcler der OBS Bassum sind herzlich willkommen, die Schach-AG zu besuchen und mal zu schauen, wie weit ihre F\u00e4higkeiten auf dem Schachbrett schon reichen bzw. verbessert werden k\u00f6nnen.<\/span><br \/>\n<span style=\"color: #000000;font-family: arial,helvetica,sans-serif\">Die Schulveranstaltung begleiteten Herr Freund als Vater einiger Sch\u00fcler (und starker Schachspieler!) sowie Herr Rosenthal als Leiter der Schach-AG.<\/span><\/p>\n<p><span style=\"color: #000000;font-size: 12pt;font-family: arial, helvetica, sans-serif\"><strong>Das letzten Training vor dem Bezirksfinale.<\/strong> <\/span><\/p>\n<p><span style=\"color: #000000;font-size: 12pt;font-family: arial, helvetica, sans-serif\">Unterst\u00fctzung durch eine Schach-Software.<\/span><\/p>\n<p><a href=\"https:\/\/wordpress.nibis.de\/obsbassum\/schach-ag\/20190123_143818\/\" rel=\"attachment wp-att-3808\"><img loading=\"lazy\" decoding=\"async\" class=\"aligncenter size-medium wp-image-3808\" src=\"https:\/\/wordpress.nibis.de\/obsbassum\/files\/2019\/01\/20190123_143818-850x478.jpg\" alt=\"\" width=\"850\" height=\"478\" \/><\/a><\/p>\n<p style=\"text-align: justify\"><span style=\"font-family: arial, helvetica, sans-serif;font-size: 12pt;color: #000000\">Deutsche Schulschachmannschaftsmeisterschaft &#8211; Landeswettbewerb Niedersachsen &#8211; Bezirksentscheid Hannover &#8211; Bezirksendrunde in Helpsen<\/span><\/p>\n<p style=\"text-align: justify\"><span style=\"font-family: arial, helvetica, sans-serif;font-size: 12pt;color: #000000\">Die vier Sch\u00fclerinnen und Sch\u00fcler der\u00a0Schach-AG, die sich zur Bezirksendrunde in Helpsen aufmachten, hatten teilweise erst dieses Schuljahr in der Schach-AG begonnen, ihre Fertigkeiten auf den 64 Feldern zu verbessern.\u00a0<\/span><\/p>\n<p style=\"text-align: justify\"><span style=\"font-family: arial, helvetica, sans-serif;font-size: 12pt;color: #000000\">Calvin (8c), Liesa (7a), Rony (7b) und Marcel (10a) hatten zwar unterschiedliche Spielst\u00e4rken, fanden sich in den sieben Runden nach dem Schweizer System aber entsprechend an den Brettern teilweise \u00e4hnlich starken Spielern gegen\u00fcber.\u00a0Am Ende \u00a0gingen sie von den 16 Mannschaften mit dem 10. Platz aus dem Wettkampf. Sie waren sehr zufrieden mit ihren 7 Mannschaftspunkten und 12 Brettpunkten, da jeder etwas hierzu beitrug. Drei Siege, ein Unentschieden und drei Niederlagen zeigen, dass wir hier im echten Mittelfeld landeten. <\/span><\/p>\n<p style=\"text-align: justify\"><span style=\"font-family: arial, helvetica, sans-serif;font-size: 12pt;color: #000000\"> Alle lernten w\u00e4hrend des Turnieres so einige Strategien und Taktiken dazu. Die Spielgegner der anderen 15 Mannschaften aus B\u00fcckeburg, Hameln, Hannover, Hildesheim, Helpsen und Wagenfeld hatten so am Ende eine echte Turniermannschaft erlebt.<\/span><\/p>\n<p style=\"text-align: justify\"><span style=\"font-family: arial, helvetica, sans-serif;font-size: 12pt;color: #000000\">Besonders spannend war in der letzten Runde an Tisch 3, dass wir hier gegen Wagenfeld 1 spielten. Diese qualifizierten sich f\u00fcr das Landesfinale dadurch, dass eine von der Stellung her gewonnene Partie von uns leider noch abgegeben wurde. Ein Wiedersehen macht nach solchen gemeinsamen Erlebnissen besonders viel Freude!<\/span><\/p>\n<p style=\"text-align: justify\"><span style=\"font-family: arial, helvetica, sans-serif;font-size: 12pt;color: #000000\"> Auch Liesa erkannte, welche Vorteile solide Er\u00f6ffnungen haben und holte \u00a0an Brett 3 \u00e4hnlich viele Punkte wie ihre Mannschaftsspieler neben ihr. Sie war zudem bei weitem nicht das einzige M\u00e4dchen in den anwesenden Mannschaften! Marcel als der st\u00e4rkste Stratege der\u00a0Schach-AG der OBS feierte motivierende Siege, wei\u00df aber auch, wo noch Verbesserungspotential liegt. Somit haben wir Einheiten zum Mittel- und Endspiel vor uns, damit die h\u00e4ufig errungenen Materialvorspr\u00fcnge nicht erneut verloren gehen. Spa\u00df hat es auf jeden Fall allen gemacht, auch als in den Pausen nach den Partien mit Sch\u00fclern aller Altersgruppen gespielt\u00a0 wurde. J<\/span><\/p>\n<p style=\"text-align: justify\"><span style=\"font-family: arial, helvetica, sans-serif;font-size: 12pt;color: #000000\"> Weitere Sch\u00fcler der OBS Bassum sind herzlich willkommen, die\u00a0Schach-AG zu besuchen und mal zu schauen, wie weit ihre F\u00e4higkeiten auf dem Schachbrett schon reichen bzw. verbessert werden k\u00f6nnen.<\/span><\/p>\n<p style=\"text-align: justify\"><span style=\"font-family: arial, helvetica, sans-serif;font-size: 12pt;color: #000000\">Die Schulveranstaltung begleiteten Herr Freund als Vater einiger Sch\u00fcler (und starker Schachspieler!) sowie Herr Rosenthal als Leiter der\u00a0Schach-AG.<\/span><\/p>\n","protected":false},"excerpt":{"rendered":"<p>Leitung:\u00a0 Herr Rosenthal Schach-AG holt Pokal beim Bezirksfinale Hannover F\u00f6rderverein belohnt erfolgreiche Schach-AG mit digitalen Schachuhren\u00a0 16 Mannschaften trafen sich zum Bezirksfinale Hannover an der Wagenfelder Oberschule. Die OBS Bassum mit gymnasialem Zweig lief das erste Mal mit zwei Mannschaften auf. Es galt immerhin den Pokal vom letzten Turnier zu verteidigen. In der ersten Mannschaft [&hellip;]<\/p>\n","protected":false},"author":1006,"featured_media":0,"parent":0,"menu_order":0,"comment_status":"closed","ping_status":"closed","template":"","meta":{"footnotes":""},"class_list":["post-726","page","type-page","status-publish","hentry"],"_links":{"self":[{"href":"https:\/\/wordpress.nibis.de\/obsbassum\/wp-json\/wp\/v2\/pages\/726","targetHints":{"allow":["GET"]}}],"collection":[{"href":"https:\/\/wordpress.nibis.de\/obsbassum\/wp-json\/wp\/v2\/pages"}],"about":[{"href":"https:\/\/wordpress.nibis.de\/obsbassum\/wp-json\/wp\/v2\/types\/page"}],"author":[{"embeddable":true,"href":"https:\/\/wordpress.nibis.de\/obsbassum\/wp-json\/wp\/v2\/users\/1006"}],"replies":[{"embeddable":true,"href":"https:\/\/wordpress.nibis.de\/obsbassum\/wp-json\/wp\/v2\/comments?post=726"}],"version-history":[{"count":25,"href":"https:\/\/wordpress.nibis.de\/obsbassum\/wp-json\/wp\/v2\/pages\/726\/revisions"}],"predecessor-version":[{"id":7802,"href":"https:\/\/wordpress.nibis.de\/obsbassum\/wp-json\/wp\/v2\/pages\/726\/revisions\/7802"}],"wp:attachment":[{"href":"https:\/\/wordpress.nibis.de\/obsbassum\/wp-json\/wp\/v2\/media?parent=726"}],"curies":[{"name":"wp","href":"https:\/\/api.w.org\/{rel}","templated":true}]}}