{"id":7660,"date":"2022-12-13T13:48:53","date_gmt":"2022-12-13T12:48:53","guid":{"rendered":"https:\/\/wordpress.nibis.de\/obsbassum\/?page_id=7660"},"modified":"2026-03-17T09:29:49","modified_gmt":"2026-03-17T08:29:49","slug":"jugendhaus","status":"publish","type":"page","link":"https:\/\/wordpress.nibis.de\/obsbassum\/jugendhaus\/","title":{"rendered":"Jugendhaus"},"content":{"rendered":"\n<p style=\"text-align: justify\"><span style=\"font-family: helvetica, arial, sans-serif;color: #000000;font-size: 14pt\">Die Oberschule Bassum mit gymnasialem Zeig pflegt seit Beginn eine sehr enge Zusammenarbeit mit dem Jugendhaus F\u00f6nix gegen\u00fcber der Schule.<\/span><\/p>\n<p style=\"text-align: justify\"><span style=\"font-size: 14pt;color: #000000;font-family: helvetica, arial, sans-serif\">Von Besuchen am Schuljahresbeginn \u00fcber das Ganztagsangebot verschiedener AGs bis hin zu Veranstaltungen gemeinsam mit der Polizeidienststelle in Syke, der Austausch und die Zusammenarbeit zwischen Jugendhaus und Schule ist ein fester Bestandteil unserer Schulgemeinschaft.<\/span><\/p>\n<p class=\"xmsonormal\" style=\"text-align: justify\"><span style=\"font-family: helvetica, arial, sans-serif;font-size: 14pt\"><span style=\"color: #000000\">Das Jugendhauses F\u00f6nix ist <\/span><span style=\"color: #000000\">eine Einrichtung der offenen Kinder- und Jugendarbeit der Stadt Bassum. Die Angebote finden von Montag bis Freitag\u00a0 zwischen 13.00 &#8211; 19.00 Uhr statt. Der offene Bereich ist f\u00fcr alle Kinder, Jugendlichen und Heranwachsenden frei zug\u00e4nglich. Hier k\u00f6nnen sich die Sch\u00fcler*innen mit Freunden treffen und die zahlreichen Freizeitangebote nutzen. Das p\u00e4dagogisches Fachpersonal steht f\u00fcr Frage<\/span><\/span><\/p>\n<p class=\"xmsonormal\" style=\"text-align: justify\"><span style=\"font-family: helvetica, arial, sans-serif;font-size: 14pt\"><span style=\"color: #000000\">n oder Hilfen jeglicher Art zur Verf\u00fcgung. Weitere Einblicke und Informationen finden sich auf der Website sowie in den sozialen Medien. Bei offenen Fragen, W\u00fcnschen, Ideen oder Anregungen freut sich das Team auf Anrufe, Mails oder man kommt am besten gleich vorbei.<\/span><\/span><\/p>\n<p class=\"xmsonormal\" style=\"text-align: justify\"><span style=\"font-family: helvetica, arial, sans-serif;font-size: 14pt;color: #000000\">Hier sind alle willkommen. Das Team freut sich auf euch und ist gespannt, wen es in Zukunft noch alles kennenlernen darf.<\/span><\/p>\n<p class=\"xmsonormal\" style=\"text-align: justify\"><span style=\"font-family: helvetica, arial, sans-serif;font-size: 14pt;color: #000000\">Euer Team vom Jugendhaus F\u00f6nix<\/span><\/p>\n<p class=\"xmsonormal\" style=\"text-align: justify\"><span style=\"font-family: helvetica, arial, sans-serif;font-size: 14pt;color: #000000\">Viele Gr\u00fc\u00dfe<\/span><\/p>\n<p class=\"xmsonormal\" style=\"text-align: justify\"><span style=\"font-family: helvetica, arial, sans-serif;font-size: 14pt;color: #000000\">Marcus Libbertz<\/span><\/p>\n<p>\u00a0<\/p>\n<p><span style=\"font-family: helvetica, arial, sans-serif;font-size: 14pt\"><img loading=\"lazy\" decoding=\"async\" class=\"alignleft size-full wp-image-7708\" src=\"https:\/\/wordpress.nibis.de\/obsbassum\/files\/2022\/12\/sdsd.jpg\" alt=\"\" width=\"208\" height=\"38\" \/><\/span><\/p>\n","protected":false},"excerpt":{"rendered":"<p>Die Oberschule Bassum mit gymnasialem Zeig pflegt seit Beginn eine sehr enge Zusammenarbeit mit dem Jugendhaus F\u00f6nix gegen\u00fcber der Schule. Von Besuchen am Schuljahresbeginn \u00fcber das Ganztagsangebot verschiedener AGs bis hin zu Veranstaltungen gemeinsam mit der Polizeidienststelle in Syke, der Austausch und die Zusammenarbeit zwischen Jugendhaus und Schule ist ein fester Bestandteil unserer Schulgemeinschaft. Das [&hellip;]<\/p>\n","protected":false},"author":1006,"featured_media":0,"parent":0,"menu_order":0,"comment_status":"closed","ping_status":"closed","template":"","meta":{"footnotes":""},"class_list":["post-7660","page","type-page","status-publish","hentry"],"_links":{"self":[{"href":"https:\/\/wordpress.nibis.de\/obsbassum\/wp-json\/wp\/v2\/pages\/7660","targetHints":{"allow":["GET"]}}],"collection":[{"href":"https:\/\/wordpress.nibis.de\/obsbassum\/wp-json\/wp\/v2\/pages"}],"about":[{"href":"https:\/\/wordpress.nibis.de\/obsbassum\/wp-json\/wp\/v2\/types\/page"}],"author":[{"embeddable":true,"href":"https:\/\/wordpress.nibis.de\/obsbassum\/wp-json\/wp\/v2\/users\/1006"}],"replies":[{"embeddable":true,"href":"https:\/\/wordpress.nibis.de\/obsbassum\/wp-json\/wp\/v2\/comments?post=7660"}],"version-history":[{"count":9,"href":"https:\/\/wordpress.nibis.de\/obsbassum\/wp-json\/wp\/v2\/pages\/7660\/revisions"}],"predecessor-version":[{"id":8732,"href":"https:\/\/wordpress.nibis.de\/obsbassum\/wp-json\/wp\/v2\/pages\/7660\/revisions\/8732"}],"wp:attachment":[{"href":"https:\/\/wordpress.nibis.de\/obsbassum\/wp-json\/wp\/v2\/media?parent=7660"}],"curies":[{"name":"wp","href":"https:\/\/api.w.org\/{rel}","templated":true}]}}