{"id":7691,"date":"2022-12-13T21:39:07","date_gmt":"2022-12-13T20:39:07","guid":{"rendered":"https:\/\/wordpress.nibis.de\/obsbassum\/?page_id=7691"},"modified":"2026-03-17T14:06:58","modified_gmt":"2026-03-17T13:06:58","slug":"schulprogramm","status":"publish","type":"page","link":"https:\/\/wordpress.nibis.de\/obsbassum\/schulprogramm\/","title":{"rendered":"Schulprogramm"},"content":{"rendered":"\n<p><a href=\"https:\/\/wordpress.nibis.de\/obsbassum\/files\/2026\/03\/260313_Schulprogramm_aktuell_MYC.pdf\"><span style=\"background-color: #ffcc00\">Schulprogramm der OBS Bassum mit gymnasialem Zweig <\/span><\/a><\/p>\n\n\n\n<h1><u>Unsere OBS Bassum mit gymnasialem Zweig<\/u><\/h1>\n<p>\u00a0<\/p>\n<p>Unsere <strong>Oberschule<\/strong> mit gymnasialem Zweig ist eine zukunftsorientierte Schulform, an der alle Abschl\u00fcsse des Sekundarbereichs I (5 bis10) erworben werden k\u00f6nnen. Wir erm\u00f6glichen unseren Sch\u00fclerinnen und Sch\u00fclern, ihre abschlie\u00dfende Bildungsentscheidung l\u00e4nger offen zu halten. Wir schaffen gemeinsam die Voraussetzungen und die Qualifikationen mit denen unsere Sch\u00fclerinnen und Sch\u00fcler ihren zuk\u00fcnftigen Bildungsweg berufs- und\/oder auch studienbezogen fortsetzen zu k\u00f6nnen.<\/p>\n<p>\u00a0<\/p>\n<p>Im <strong>Hauptschul<\/strong>zweig unserer durch das Land Niedersachsen zertifizierten \u201eausbildungsfreundlichen Schule\u201c ab Jahrgang 8 werden unsere Sch\u00fclerinnen und Sch\u00fcler individuell gef\u00f6rdert mit dem Ziel, einen Abschluss an einer allgemein bildenden Schule des Sekundarbereiches I zu erreichen. Unsere Sch\u00fclerinnen und Sch\u00fcler erhalten eine grundlegende Allgemeinbildung und in Kooperation mit dem \u201eArbeitskreis Bassumer Wirtschaft\u201c die M\u00f6glichkeit einer individuellen Berufsorientierung bzw. der Schwerpunktbildung im Bereich der beruflichen Bildung. Wir erm\u00f6glichen den direkten Kontakt zu sp\u00e4teren Ausbildungsbetrieben in \u201eBassum und umzu\u201c. Bereits in Klasse 9 kann der Hauptschulabschluss erworben werden. In einem sich anschlie\u00dfenden \u201efreiwilligen\u201c 10. Jahrgang kann der Realschulabschluss bzw. der erweiterte Realschulabschluss erworben werden.<\/p>\n<p>\u00a0<\/p>\n<p>Im <strong>Realschul<\/strong>zweig werden unsere Sch\u00fclerinnen und Sch\u00fcler individuell gef\u00f6rdert mit dem Ziel, einen Abschluss an einer allgemein bildenden Schule des Sekundarbereiches I zu erreichen. Hierzu ist am Ende der 10. Klasse eine zentrale Abschlusspr\u00fcfung abzulegen. Mit dem erweiterten Sekundarabschluss I erwerben unser Sch\u00fclerinnen und Sch\u00fcler auch die Zulassung zur Einf\u00fchrungsphase der gymnasialen Oberstufe eines allgemein bildenden Gymnasiums (10. Schuljahrgang) oder auch eines beruflichen Gymnasiums (11. Schuljahrgang). Die besonderen M\u00f6glichkeiten des Realschulzweiges liegen in einer erweiterten Allgemeinbildung und auch innerhalb unserer durch das Land Niedersachsen zertifizierten \u201eausbildungsfreundlichen Schule\u201c in der Verkn\u00fcpfung berufspraktischer Erfahrungen mit der individuellen Schwerpunktbildung im Bereich Sprachen (Franz\u00f6sisch), Wirtschaft, Technik oder Gesundheit und Soziales.<\/p>\n<p>\u00a0<\/p>\n<p>In unserem <strong>Gymnasial<a href=\"#_ftn1\" name=\"_ftnref1\">[1]<\/a><\/strong>zweig k\u00f6nnen unsere Sch\u00fclerinnen und Sch\u00fcler insbesondere die Kenntnisse, F\u00e4higkeiten und Fertigkeiten erwerben, die Interessen entwickeln sowie die Einstellungen und Erfahrungen gewinnen, die f\u00fcr den Besuch der gymnasialen Oberstufe ab Klasse 11 erforderlich und Grundlage f\u00fcr eine Erfolg versprechende Mitarbeit in der gymnasialen Oberstufe sind. Der erfolgreiche Abschluss (ohne Ablegung einer Abschlusspr\u00fcfung) unseres Gymnasialzweiges in Klasse 10, erm\u00f6glicht unseren Sch\u00fclerinnen und Sch\u00fclern sowohl den \u00dcbergang in die Oberstufe eines weiterf\u00fchrenden allgemeinbildenden Gymnasiums als auch in die eines beruflichen Gymnasiums. \u00a0Nach Klasse 6 k\u00f6nnen sich unsere Sch\u00fclerinnen und Sch\u00fcler f\u00fcr den Besuch der Gymnasialklasse 7 entscheiden, wenn ihr Zeugnis am Ende der 6. Klasse ein den jeweiligen festgesetzten Anforderungen entsprechendes Notenbild<a href=\"#_ftn2\" name=\"_ftnref2\">[2]<\/a> aufweist. In diesem Punkt unterscheiden wir uns von den allgemeinbildenden Gymnasien. An den allgemeinbildenden Gymnasien k\u00f6nnen sich alle Sch\u00fclerinnen und Sch\u00fcler auf Wunsch der Eltern anmelden. An unserer Oberschule k\u00f6nnen in den gymnasialen Zweig ausschlie\u00dflich die Sch\u00fclerinnen und Sch\u00fcler, welche die Voraussetzungen zum Besuch des gymnasialen Zweigs erf\u00fcllen. Der Unterricht im Gymnasialzweig unserer Oberschule ist ab Klasse 7 in eigenst\u00e4ndigen Gymnasialklassen organisiert. Hier wird nach der Stundentafel des Gymnasiums, auch von Lehrkr\u00e4ften mit entsprechender Lehrbef\u00e4higung unterrichtet. Die Vorgaben, Materialien, Stundeninhalte u.\u00e4., die wir verwenden, entsprechen 1:1 denen der anderen Gymnasien. Somit ist die Vorbereitung auf die Oberstufe und auch f\u00fcr das Abitur sichergestellt. Somit kommt Franz\u00f6sisch als weitere Pflichtfremdsprache hinzu. F\u00fcr unsere Sch\u00fclerinnen und Sch\u00fcler, die den gymnasialen Zweig ab Klasse 7 besuchen wollen, ist die Teilnahme am Unterricht der zweiten Fremdsprache ab dem 6. Schuljahrgang verpflichtend. Die m\u00f6gliche Teilnahme am Spanischangebot im Nachmittagsbereich bereitet unsere Sch\u00fclerinnen und Sch\u00fcler auf Spanisch<a href=\"#_ftn3\" name=\"_ftnref3\">[3]<\/a> als weitere Pflichtfremdsprache eines weiterf\u00fchrenden beruflichen Gymnasiums vor.<\/p>\n","protected":false},"excerpt":{"rendered":"<p>Schulprogramm der OBS Bassum mit gymnasialem Zweig Unsere OBS Bassum mit gymnasialem Zweig \u00a0 Unsere Oberschule mit gymnasialem Zweig ist eine zukunftsorientierte Schulform, an der alle Abschl\u00fcsse des Sekundarbereichs I (5 bis10) erworben werden k\u00f6nnen. Wir erm\u00f6glichen unseren Sch\u00fclerinnen und Sch\u00fclern, ihre abschlie\u00dfende Bildungsentscheidung l\u00e4nger offen zu halten. Wir schaffen gemeinsam die Voraussetzungen und die [&hellip;]<\/p>\n","protected":false},"author":1006,"featured_media":0,"parent":0,"menu_order":0,"comment_status":"closed","ping_status":"closed","template":"","meta":{"footnotes":""},"class_list":["post-7691","page","type-page","status-publish","hentry"],"_links":{"self":[{"href":"https:\/\/wordpress.nibis.de\/obsbassum\/wp-json\/wp\/v2\/pages\/7691","targetHints":{"allow":["GET"]}}],"collection":[{"href":"https:\/\/wordpress.nibis.de\/obsbassum\/wp-json\/wp\/v2\/pages"}],"about":[{"href":"https:\/\/wordpress.nibis.de\/obsbassum\/wp-json\/wp\/v2\/types\/page"}],"author":[{"embeddable":true,"href":"https:\/\/wordpress.nibis.de\/obsbassum\/wp-json\/wp\/v2\/users\/1006"}],"replies":[{"embeddable":true,"href":"https:\/\/wordpress.nibis.de\/obsbassum\/wp-json\/wp\/v2\/comments?post=7691"}],"version-history":[{"count":17,"href":"https:\/\/wordpress.nibis.de\/obsbassum\/wp-json\/wp\/v2\/pages\/7691\/revisions"}],"predecessor-version":[{"id":8735,"href":"https:\/\/wordpress.nibis.de\/obsbassum\/wp-json\/wp\/v2\/pages\/7691\/revisions\/8735"}],"wp:attachment":[{"href":"https:\/\/wordpress.nibis.de\/obsbassum\/wp-json\/wp\/v2\/media?parent=7691"}],"curies":[{"name":"wp","href":"https:\/\/api.w.org\/{rel}","templated":true}]}}