{"id":785,"date":"2016-05-28T10:08:46","date_gmt":"2016-05-28T08:08:46","guid":{"rendered":"http:\/\/wordpress.nibis.de\/obsbassum\/?page_id=785"},"modified":"2016-08-06T07:01:44","modified_gmt":"2016-08-06T05:01:44","slug":"gedenkstaette-sandbostel","status":"publish","type":"page","link":"https:\/\/wordpress.nibis.de\/obsbassum\/gedenkstaette-sandbostel\/","title":{"rendered":"Gedenkst\u00e4tte Sandbostel"},"content":{"rendered":"<h2 style=\"text-align: center\"><span style=\"font-family: book antiqua,palatino,serif;color: #cca600;font-size: 24px\"><em><strong>Besuch der Gedenkst\u00e4tte \u201eLager \u00a0Sandbostel\u201c <\/strong><\/em><\/span><\/h2>\n<h2 style=\"text-align: center\"><span style=\"font-family: book antiqua,palatino,serif;color: #cca600;font-size: 24px\"><em><strong>durch die Klassen R 10A und 10B sowie <br \/><\/strong><\/em><\/span><\/h2>\n<h2 style=\"text-align: center\"><span style=\"font-size: 20px\"><span style=\"font-family: book antiqua,palatino,serif;color: #cca600;font-size: 24px\"><em><strong>die <span style=\"color: #cca600\"><a style=\"color: #cca600\" href=\"http:\/\/wordpress.nibis.de\/obsbassum\/gedenkstaette-kriegsgefangenenlager-sandbostel\/\"><span style=\"text-decoration: underline\">Geschichts &#8211; AG &#8222;HISTORY IN PRACTICE&#8220;<\/span> <\/a><\/span><\/strong><\/em><\/span><span style=\"font-family: tahoma,arial,helvetica,sans-serif;color: #cca600\"><em><strong><br \/><\/strong><\/em><\/span><\/span><\/h2>\n<h4 style=\"text-align: justify\"><strong><em><span style=\"font-family: book antiqua,palatino,serif;font-size: 16px\"><span style=\"color: #cca600\"><span style=\"color: #275431\">Am Mittwoch, den 18.11.2015, besuchten die R 10A und 10B sowie die Geschichts-AG die Gedenkst\u00e4tte \u201eLager Sandbostel\u201c in der N\u00e4he von Bremerv\u00f6rde. Es diente in der Zeit des Nationalsozialismus als Kriegsgefangenenlager und war zugleich Auffanglager des KZ Neuengamme (in <\/span><\/span><\/span><\/em><\/strong><span style=\"font-family: georgia,palatino,serif\"><strong><em><span style=\"color: #cca600;font-size: 16px;font-family: book antiqua,palatino,serif\"><span style=\"color: #275431\">der N\u00e4he Hamburgs).<\/span><\/span><\/em><\/strong><\/span><\/h4>\n<p style=\"text-align: justify\"><span style=\"font-family: georgia,palatino,serif\"><span style=\"color: #275431\">\u00a0 \u00a0 \u00a0 \u00a0 \u00a0 \u00a0 \u00a0<\/span>\u00a0\u00a0 <\/span><span style=\"font-family: georgia,palatino,serif\"><img loading=\"lazy\" decoding=\"async\" class=\"alignnone  wp-image-789\" src=\"http:\/\/wordpress.nibis.de\/obsbassum\/files\/2016\/05\/s1-150x150.jpg\" alt=\"s1\" width=\"150\" height=\"150\" \/><\/span><span style=\"font-family: georgia,palatino,serif\">\u00a0\u00a0 \u00a0 \u00a0\u00a0\u00a0 \u00a0 \u00a0 \u00a0\u00a0\u00a0 \u00a0 \u00a0 \u00a0 \u00a0 \u00a0 \u00a0<\/span> \u00a0 <img loading=\"lazy\" decoding=\"async\" class=\"alignnone size-thumbnail wp-image-790\" src=\"http:\/\/wordpress.nibis.de\/obsbassum\/files\/2016\/05\/s2-150x150.jpg\" alt=\"s2\" width=\"150\" height=\"150\" \/> \u00a0 \u00a0 \u00a0 \u00a0 \u00a0\u00a0<\/p>\n<h4 style=\"text-align: justify\"><span style=\"font-size: 14px;font-family: georgia,palatino,serif\"><em><strong><span style=\"color: #cca600\">\u00a0\u00a0\u00a0\u00a0\u00a0\u00a0\u00a0\u00a0 <span style=\"font-size: 16px;font-family: book antiqua,palatino,serif\">Dem Motto der Geschichts &#8211; AG folgend\u00a0\u00a0 <\/span><\/span><span style=\"color: #cca600;font-size: 16px;font-family: book antiqua,palatino,serif\">Geh &#8211; schichte \u2026<\/span><span style=\"color: #cca600\">\u00a0\u00a0 <\/span><\/strong><\/em><\/span><img loading=\"lazy\" decoding=\"async\" class=\"wp-image-791 aligncenter\" src=\"http:\/\/wordpress.nibis.de\/obsbassum\/files\/2016\/05\/s3-150x150.png\" alt=\"s3\" width=\"74\" height=\"74\" \/><strong><em><span style=\"color: #275431;font-family: book antiqua,palatino,serif;font-size: 16px\">konnten die Sch\u00fclerInnen vor Ort durch die Begegnung mit authentischen und erhalten gebliebenen Geb\u00e4uden, Tondokumenten (wie Zeitzeugeninterviews) und Funden auf dem ehemaligen Lagergel\u00e4nde unter der fachkundigen Leitung von Dr. Lars Hellwinkel (selbst Geschichtslehrer in Stade) und seinen Kollegen einen eindrucksvollen Vormittag erleben.<\/span><\/em><\/strong><\/h4>\n<h4 style=\"text-align: justify\"><strong><em><span style=\"color: #275431;font-family: book antiqua,palatino,serif;font-size: 16px\">Dabei f\u00fchrten die beiden 10. Klassen in einzelnen Gruppen ihre Mitsch\u00fclerInnen durch das Museum und das Lagergel\u00e4nde, nachdem sie sich zu Themen, die den Alltag der Kriegsgefangenen bis 1945 pr\u00e4gten, informiert hatten.<\/span><\/em><\/strong><\/h4>\n<p><img loading=\"lazy\" decoding=\"async\" class=\"wp-image-792 aligncenter\" src=\"http:\/\/wordpress.nibis.de\/obsbassum\/files\/2016\/05\/s4-150x150.jpg\" alt=\"s4\" width=\"152\" height=\"152\" \/><\/p>\n<h4 style=\"text-align: justify\"><span style=\"font-family: book antiqua,palatino,serif;font-size: 16px\"><strong><em><span style=\"color: #275431\">Sie erfuhren so, wie das Lagerleben in den Holzbaracken ablief, wie die Verpflegung aussah und mit welchen Strafen die Insassen zu rechnen hatten. Auch \u00fcber den Wiederstand einiger Kriegsgefangener wurde so ausf\u00fchrlich berichtet. \u00a0\u00a0<\/span><\/em><\/strong><\/span><\/h4>\n<h4 style=\"text-align: justify\"><em><span style=\"font-size: 16px\"><strong><span style=\"color: #275431;font-family: book antiqua,palatino,serif\">F\u00fcr die Teilnehmer der Geschichts-AG \u201eHISTORY IN PRACTICE\u201c ergab sich zudem die M\u00f6glichkeit den Besuch des Lagers zum konkreten Kennenlernen zu nutzen, um das geplante Namensziegelprojekt umzusetzen. Hierbei werden die Sch\u00fclerInnen zuk\u00fcnftig anhand von erhaltenen Personalakten das Schicksal ehemaliger Lagerinsassen, vor allem russische Kriegsgefangene, in Erfahrung bringen und schlie\u00dflich Namensziegel herstellen, die dann auf dem Lagerfriedhof in Sandbostel an deren Leben und Tod im Lager erinnern. Erinnerungskultur wird auf diese Weise von den Sch\u00fclerInnen aus der Besch\u00e4ftigung mit der Vergangenheit erfahren und produktiv umgesetzt.<\/span><\/strong><\/span><\/em><\/h4>\n","protected":false},"excerpt":{"rendered":"<p>Besuch der Gedenkst\u00e4tte \u201eLager \u00a0Sandbostel\u201c durch die Klassen R 10A und 10B sowie die Geschichts &#8211; AG &#8222;HISTORY IN PRACTICE&#8220; Am Mittwoch, den 18.11.2015, besuchten die R 10A und 10B sowie die Geschichts-AG die Gedenkst\u00e4tte \u201eLager Sandbostel\u201c in der N\u00e4he von Bremerv\u00f6rde. Es diente in der Zeit des Nationalsozialismus als Kriegsgefangenenlager und war zugleich Auffanglager [&hellip;]<\/p>\n","protected":false},"author":1006,"featured_media":0,"parent":0,"menu_order":0,"comment_status":"closed","ping_status":"closed","template":"","meta":{"footnotes":""},"class_list":["post-785","page","type-page","status-publish","hentry"],"_links":{"self":[{"href":"https:\/\/wordpress.nibis.de\/obsbassum\/wp-json\/wp\/v2\/pages\/785","targetHints":{"allow":["GET"]}}],"collection":[{"href":"https:\/\/wordpress.nibis.de\/obsbassum\/wp-json\/wp\/v2\/pages"}],"about":[{"href":"https:\/\/wordpress.nibis.de\/obsbassum\/wp-json\/wp\/v2\/types\/page"}],"author":[{"embeddable":true,"href":"https:\/\/wordpress.nibis.de\/obsbassum\/wp-json\/wp\/v2\/users\/1006"}],"replies":[{"embeddable":true,"href":"https:\/\/wordpress.nibis.de\/obsbassum\/wp-json\/wp\/v2\/comments?post=785"}],"version-history":[{"count":16,"href":"https:\/\/wordpress.nibis.de\/obsbassum\/wp-json\/wp\/v2\/pages\/785\/revisions"}],"predecessor-version":[{"id":1321,"href":"https:\/\/wordpress.nibis.de\/obsbassum\/wp-json\/wp\/v2\/pages\/785\/revisions\/1321"}],"wp:attachment":[{"href":"https:\/\/wordpress.nibis.de\/obsbassum\/wp-json\/wp\/v2\/media?parent=785"}],"curies":[{"name":"wp","href":"https:\/\/api.w.org\/{rel}","templated":true}]}}