{"id":805,"date":"2016-05-28T11:10:19","date_gmt":"2016-05-28T09:10:19","guid":{"rendered":"http:\/\/wordpress.nibis.de\/obsbassum\/?page_id=805"},"modified":"2017-11-17T15:35:41","modified_gmt":"2017-11-17T14:35:41","slug":"frau-helms","status":"publish","type":"page","link":"https:\/\/wordpress.nibis.de\/obsbassum\/frau-helms\/","title":{"rendered":"Frau Helms"},"content":{"rendered":"<p style=\"text-align: center\"><span style=\"color: #000449;font-size: 18pt;font-family: arial black, sans-serif\"><strong>Bildungs- und Teilhabepakete<\/strong><\/span><\/p>\n<p style=\"text-align: justify\"><span style=\"font-size: 18pt;font-family: arial black, sans-serif;color: #000449\"><strong>Liebe Eltern und Erziehungsberechtigte,<\/strong><\/span><\/p>\n<p style=\"text-align: justify\"><span style=\"color: #000449;font-family: arial black, sans-serif;font-size: 16px\"><strong>meine Aufgabe als Schulsozialp\u00e4dagogin ist es, Sie und Ihre Kinder \u00fcber das Bildungs- und Teilhabepaket und den damit verbundenen finanziellen F\u00f6rderungsm\u00f6glichkeiten aufzukl\u00e4ren und bei der \u00a0Inanspruchnahme zu unterst\u00fctzen.<\/strong><\/span><\/p>\n<p style=\"text-align: justify\"><span style=\"color: #000449;font-family: arial black, sans-serif;font-size: 24px\"><strong>Was ist das Bildungs- und Teilhabepaket?<\/strong><\/span><\/p>\n<p style=\"text-align: justify\"><span style=\"font-size: 16px;color: #000449;font-family: arial black, sans-serif\"><strong>Kinder und Jugendliche aus Familien mit geringem Einkommen k\u00f6nnen z.B. an Klassenfahrten, Tagesausfl\u00fcgen und Freizeiten teilnehmen, Hobbys aller Art finanziell unterst\u00fctzen lassen, Nachhilfe bekommen oder am gemeinsamen Mittagessen in der Schule, der Kindertageseinrichtung oder der Tagesmutter teilnehmen.<\/strong><\/span><\/p>\n<p style=\"text-align: center\"><span style=\"font-family: arial black, sans-serif;font-size: 24px;color: #000449\"><strong>Informationen zum Bildungs- und Teilhabepaket<\/strong><\/span><\/p>\n<p style=\"text-align: center\"><span style=\"font-family: arial black, sans-serif;font-size: 28px;background-color: #a60f0f;color: #000449\"><strong><a style=\"background-color: #a60f0f\" href=\"https:\/\/www.diepholz.de\/medien\/dokumente\/2012_08_29_fragen_und_antworten_zum_bildungspaket_neu.pdf?20150318141759\" target=\"_blank\" rel=\"noopener\"><span style=\"color: #000449;font-size: 12pt\">Bildungs- und Teilhabepaket<\/span><\/a><\/strong><\/span><\/p>\n<h2 style=\"text-align: center\"><span style=\"color: #000449;font-size: 12pt\"><span style=\"font-family: book antiqua, palatino, serif\"><em><strong>Wer kann die Leistungen erhalten?<\/strong><\/em><\/span><\/span><\/h2>\n<h4 style=\"text-align: justify\"><span style=\"color: #000449;font-family: book antiqua, palatino, serif;font-size: 12pt\"><strong><em>Berechtigt sind Kinder und Jugendliche aus Familien, die Arbeitslosengeld II, Sozialgeld, Sozialhilfe, Leistungen nach dem Asylbewerberleistungsgesetz, Kinderzuschlag oder Wohngeld beziehen. Familien, die keine der Leistungen beziehen, aber ebenfalls nur \u00fcber ein geringes Einkommen verf\u00fcgen, k\u00f6nnten auch einen Anspruch auf Leistungen aus dem Bildungspaket haben. Bitte setzen Sie sich zwecks Pr\u00fcfung mit dem Jobcenter in Verbindung.<\/em><\/strong><\/span><\/h4>\n<h2 style=\"text-align: center\"><span style=\"color: #000449;font-size: 12pt\">\u00a0\u00a0 <span style=\"font-family: book antiqua, palatino, serif\"><strong><em>Welche Leistungen k\u00f6nnen beantragt werden?<\/em><\/strong><\/span><\/span><\/h2>\n<h4 style=\"text-align: justify\"><span style=\"font-size: 12pt;color: #000449\"><span style=\"font-family: book antiqua, palatino, serif\"><strong><em>Tagesausfl\u00fcge und mehrt\u00e4gige Klassenfahrten:<\/em><\/strong><\/span><span style=\"font-family: book antiqua, palatino, serif\"><strong><em>\u00a0<\/em><\/strong><\/span><\/span><\/h4>\n<h4 style=\"text-align: justify\"><span style=\"font-family: book antiqua, palatino, serif;font-size: 12pt;color: #000449\"><strong><em>Die Kosten f\u00fcr eint\u00e4gige Ausfl\u00fcge und mehrt\u00e4gige Klassenfahrten werden in voller H\u00f6he \u00fcbernommen. <\/em><\/strong><\/span><\/h4>\n<h4 style=\"text-align: justify\"><span style=\"color: #000449;font-size: 12pt\"><strong><span style=\"font-family: book antiqua, palatino, serif\"><em>Schulbedarf:<\/em><\/span><\/strong><\/span><\/h4>\n<h4 style=\"text-align: justify\"><span style=\"font-family: book antiqua, palatino, serif;font-size: 12pt;color: #000449\"><strong><em>F\u00fcr die Schulausstattung Ihres Kindes erhalten Sie j\u00e4hrlich 100 Euro, jeweils zum 1. August 70 Euro und zum 1. Februar 30 Euro. Mit dem Geld sollen Anschaffungen, wie z.B. der Schulranzen, Sportzeug, Taschenrechner, Hefte, Stifte, etc. erleichtert werden.\u00a0Der Schulbedarf ist nur f\u00fcr Empf\u00e4nger von Wohngeld und Kinderzuschlag extra zu beantragen.<\/em><\/strong><\/span><\/h4>\n<h4 style=\"text-align: justify\"><span style=\"font-size: 12pt;color: #000449\"><span style=\"font-family: book antiqua, palatino, serif\"><strong><em>Lernf\u00f6rderung:<\/em><\/strong><\/span><\/span><\/h4>\n<h4 style=\"text-align: justify\"><span style=\"color: #000449;font-family: book antiqua, palatino, serif;font-size: 12pt\"><strong><em>Wenn Nachhilfe f\u00fcr ein Fach notwendig wird, k\u00f6nnen die Kosten f\u00fcr eine geeignete Lernf\u00f6rderung \u00fcbernommen werden.<\/em><\/strong><\/span><\/h4>\n<h4 style=\"text-align: justify\"><span style=\"color: #000449;font-size: 12pt\"><span style=\"font-family: book antiqua, palatino, serif\"><strong><em>Gemeinschaftliches Mittagessen:<\/em><\/strong><\/span><\/span><\/h4>\n<h4 style=\"text-align: justify\"><span style=\"color: #000449;font-family: book antiqua, palatino, serif;font-size: 12pt\"><strong><em>Kinder, die am gemeinsamen Mittagessen in der Schule teilnehmen, k\u00f6nnen einen Zuschuss bekommen. F\u00fcr jedes Essen ist ein Eigenanteil von einem Euro zu bezahlen. Die Essensmarken erhalten Ihre Kinder bei Frau Leymann oder mir.<\/em><\/strong><\/span><\/h4>\n<h4 style=\"text-align: justify\"><span style=\"color: #000449;font-size: 12pt\"><span style=\"font-family: book antiqua, palatino, serif\"><strong><em>Teilhabe am sozialen und kulturellen Leben :<\/em><\/strong><\/span><\/span><\/h4>\n<h4 style=\"text-align: justify\"><span style=\"font-family: book antiqua, palatino, serif;font-size: 12pt;color: #000449\"><strong><em>Kinder unter 18 Jahren erhalten eine Gutschrift von monatlich 10 Euro f\u00fcr ihr gew\u00fcnschtes Hobby. Das Geld kann z.B. monatlich f\u00fcr den Mitgliedsbeitrag des Sportvereines genutzt werden oder Sie k\u00f6nnen das Geld auch \u00fcber mehrere Monate ansparen, um z.B. eine Freizeit f\u00fcr ihr Kind zu finanzieren.<\/em><\/strong><\/span><\/h4>\n<h4 style=\"text-align: justify\"><span style=\"color: #000449;font-family: book antiqua, palatino, serif;font-size: 12pt\"><em><strong>Sch\u00fclerbef\u00f6rderungskosten (ab Klasse 11):<\/strong><\/em><\/span><\/h4>\n<h4 style=\"text-align: justify\"><span style=\"font-size: 12pt;color: #000449\"><strong><em><span style=\"font-family: book antiqua, palatino, serif\">Jugendliche, die ihre n\u00e4chstgelegene Schule nicht ohne Bef\u00f6rderungsmittel erreichen, bekommen einen Zuschuss zu den Kosten.<\/span><\/em><\/strong><\/span><\/h4>\n<h2 style=\"text-align: center\"><span style=\"font-size: 12pt;color: #000449\"><em><span style=\"font-family: book antiqua, palatino, serif\"><strong>Wie k\u00f6nnen Sie die Leistungen beantragen?<\/strong><\/span><\/em><\/span><\/h2>\n<h4 style=\"text-align: justify\"><span style=\"color: #000449;font-family: book antiqua, palatino, serif;font-size: 12pt\"><strong><em>Es gibt f\u00fcr das Bildungs- und Teilhabepaket einen einzigen Antrag, mit dem Sie alle Leistungen beantragen k\u00f6nnen. F\u00fcr die Lernf\u00f6rderung ist es erforderlich eine zus\u00e4tzliche Best\u00e4tigung von der Schule ausf\u00fcllen zu lassen.<\/em><\/strong><\/span><\/h4>\n<h4 style=\"text-align: justify\"><span style=\"color: #000449;font-family: book antiqua, palatino, serif;font-size: 12pt\"><strong><em>Die Antr\u00e4ge k\u00f6nnen Sie oder Ihr Kind bei mir im B\u00fcro (Raum 5) erhalten oder unter folgendem Link selber ausdrucken:<\/em><\/strong><\/span><\/h4>\n<h2 style=\"text-align: justify\"><span style=\"font-family: book antiqua, palatino, serif;font-size: 12pt;color: #000449\"><strong><em><span style=\"text-decoration: underline\"><span style=\"background-color: #a61919\"><a style=\"background-color: #a61919\" href=\"https:\/\/www.diepholz.de\/medien\/dokumente\/_antrag_auf_leistungen_fuer_bildung_und_teilhabe_stand_04_02_2014.pdf?20150318141759\" target=\"_blank\" rel=\"noopener\">Antrag f\u00fcr das Bildungs- und Teilhabepaket<\/a><\/span><\/span><\/em><\/strong><\/span><\/h2>\n<h2 style=\"text-align: justify\"><span style=\"font-size: 12pt;text-decoration: underline;color: #000449\"><span style=\"font-family: book antiqua, palatino, serif;background-color: #991414\"><strong><em><a style=\"background-color: #991414\" href=\"https:\/\/www.diepholz.de\/medien\/dokumente\/13_09_06_fragebogen_allg_bild_schulen1.pdf?20150318141759\" target=\"_blank\" rel=\"noopener\">Antrag f\u00fcr eine Lernf\u00f6rderung<\/a><\/em><\/strong><\/span><\/span><\/h2>\n<h4 style=\"text-align: justify\"><span style=\"font-family: book antiqua, palatino, serif;font-size: 12pt;color: #000449\"><strong><em>Die ausgef\u00fcllten Antr\u00e4ge k\u00f6nnen Sie bei Ihrem Jobcenter, Ihrer Stadt, dem Landkreis Diepholz und auch gerne bei mir abgeben.<\/em><\/strong><\/span><\/h4>\n<h4 style=\"text-align: justify\"><span style=\"font-size: 12pt;color: #000449\"><strong><em><span style=\"font-family: book antiqua, palatino, serif\">Folgende Informationen gibt es dazu vom Landkreis Diepholz:<\/span><\/em><\/strong><\/span><\/h4>\n<h2 style=\"text-align: justify\"><span style=\"font-family: book antiqua, palatino, serif;font-size: 12pt;color: #000449\"><strong><em><span style=\"background-color: #991414\"><a style=\"background-color: #991414\" href=\"https:\/\/www.diepholz.de\/buergerservice\/dienstleistungen\/leistungen-fuer-bildung-und-teilhabe-867-0.html?myMedium=1\" target=\"_blank\" rel=\"noopener\">https:\/\/www.diepholz.de\/buergerservice\/dienstleistungen\/leistungen-fuer-bildung-und-teilhabe-867-0.html?myMedium=1<\/a><\/span><\/em><\/strong><\/span><\/h2>\n<h4 style=\"text-align: justify\"><span style=\"color: #000449;font-family: book antiqua, palatino, serif;font-size: 12pt\"><strong><em>Wenn Sie Fragen haben, k\u00f6nnen Sie gerne in mein B\u00fcro kommen oder mich telefonisch erreichen.<\/em><\/strong><\/span><\/h4>\n<h4 style=\"text-align: justify\"><span style=\"color: #000449;font-family: book antiqua, palatino, serif;font-size: 12pt\"><strong><em>Meine Anwesenheitszeit:<\/em><\/strong><\/span><\/h4>\n<p style=\"text-align: center\"><span style=\"text-decoration: underline;color: #000449;font-size: 12pt\"><span style=\"font-family: book antiqua, palatino, serif\"><strong><em><img loading=\"lazy\" decoding=\"async\" class=\"alignright\" src=\"http:\/\/www.schulzentrum-petermoor.de\/web\/images\/Aus_den_Faechern\/Soziale_Teilhabe\/Kathrin_Helms.JPG\" alt=\"Kathrin Helms\" width=\"145\" height=\"202\" \/><\/em><\/strong><\/span><\/span><\/p>\n<h4 style=\"text-align: justify\"><span style=\"color: #000449;font-family: book antiqua, palatino, serif;font-size: 12pt\"><strong><em>montag bis Mittwoch<\/em><\/strong><\/span><\/h4>\n<h4 style=\"text-align: justify\"><span style=\"color: #000449;font-family: book antiqua, palatino, serif;font-size: 12pt\">\u00a0<strong><em>Raum 5<\/em><\/strong><\/span><\/h4>\n<h4 style=\"text-align: justify\"><span style=\"color: #000449;font-family: book antiqua, palatino, serif;font-size: 12pt\"><strong><em>04241-1292<\/em><\/strong><\/span><\/h4>\n<h4 style=\"text-align: justify\"><span style=\"color: #000449;font-family: book antiqua, palatino, serif;font-size: 12pt\"><strong><em>Mit freundlichen Gr\u00fc\u00dfen<\/em><\/strong><\/span><\/h4>\n<h4 style=\"text-align: justify\"><span style=\"font-size: 12pt;color: #000449\"><span style=\"font-family: book antiqua, palatino, serif\"><strong><em>Katrin Helm<\/em><\/strong><\/span><span style=\"font-family: book antiqua, palatino, serif\"><strong><em>s\u00a0\u00a0\u00a0\u00a0\u00a0\u00a0\u00a0<\/em><\/strong><\/span><\/span><\/h4>\n","protected":false},"excerpt":{"rendered":"<p>Bildungs- und Teilhabepakete Liebe Eltern und Erziehungsberechtigte, meine Aufgabe als Schulsozialp\u00e4dagogin ist es, Sie und Ihre Kinder \u00fcber das Bildungs- und Teilhabepaket und den damit verbundenen finanziellen F\u00f6rderungsm\u00f6glichkeiten aufzukl\u00e4ren und bei der \u00a0Inanspruchnahme zu unterst\u00fctzen. Was ist das Bildungs- und Teilhabepaket? Kinder und Jugendliche aus Familien mit geringem Einkommen k\u00f6nnen z.B. an Klassenfahrten, Tagesausfl\u00fcgen und [&hellip;]<\/p>\n","protected":false},"author":1006,"featured_media":0,"parent":0,"menu_order":0,"comment_status":"closed","ping_status":"closed","template":"","meta":{"footnotes":""},"class_list":["post-805","page","type-page","status-publish","hentry"],"_links":{"self":[{"href":"https:\/\/wordpress.nibis.de\/obsbassum\/wp-json\/wp\/v2\/pages\/805","targetHints":{"allow":["GET"]}}],"collection":[{"href":"https:\/\/wordpress.nibis.de\/obsbassum\/wp-json\/wp\/v2\/pages"}],"about":[{"href":"https:\/\/wordpress.nibis.de\/obsbassum\/wp-json\/wp\/v2\/types\/page"}],"author":[{"embeddable":true,"href":"https:\/\/wordpress.nibis.de\/obsbassum\/wp-json\/wp\/v2\/users\/1006"}],"replies":[{"embeddable":true,"href":"https:\/\/wordpress.nibis.de\/obsbassum\/wp-json\/wp\/v2\/comments?post=805"}],"version-history":[{"count":15,"href":"https:\/\/wordpress.nibis.de\/obsbassum\/wp-json\/wp\/v2\/pages\/805\/revisions"}],"predecessor-version":[{"id":2149,"href":"https:\/\/wordpress.nibis.de\/obsbassum\/wp-json\/wp\/v2\/pages\/805\/revisions\/2149"}],"wp:attachment":[{"href":"https:\/\/wordpress.nibis.de\/obsbassum\/wp-json\/wp\/v2\/media?parent=805"}],"curies":[{"name":"wp","href":"https:\/\/api.w.org\/{rel}","templated":true}]}}