{"id":8121,"date":"2025-08-18T14:38:59","date_gmt":"2025-08-18T12:38:59","guid":{"rendered":"https:\/\/wordpress.nibis.de\/obsbassum\/?page_id=8121"},"modified":"2025-08-18T15:32:34","modified_gmt":"2025-08-18T13:32:34","slug":"kooperationen","status":"publish","type":"page","link":"https:\/\/wordpress.nibis.de\/obsbassum\/kooperationen\/","title":{"rendered":"Kooperationen"},"content":{"rendered":"\n<div><span style=\"font-family: helvetica, arial, sans-serif\"><span class=\"pjBG2e\" data-cid=\"3a2de7d7-e720-4e12-89e5-e250174572c1\"><span class=\"UV3uM\"><span style=\"background-color: #ffcc00;font-size: 18pt\"> Kooperationen<\/span><span style=\"font-size: 14pt;font-family: helvetica, arial, sans-serif\"> in der Schule sind uns wichtig. Sie erm\u00f6glichen eine verbesserte Lernumgebung, f\u00f6rdern die soziale und pers\u00f6nliche Entwicklung unserer Sch\u00fclerInnen und tragen mit zur Qualit\u00e4tsentwicklung der Schule bei. Zudem er\u00f6ffnen sich immer wieder neue Lernchancen durch die Zusammenarbeit mit au\u00dferschulischen PartnerInnen.\u00a0<\/span><\/span><\/span><\/span><\/div>\n","protected":false},"excerpt":{"rendered":"<p>Kooperationen in der Schule sind uns wichtig. Sie erm\u00f6glichen eine verbesserte Lernumgebung, f\u00f6rdern die soziale und pers\u00f6nliche Entwicklung unserer Sch\u00fclerInnen und tragen mit zur Qualit\u00e4tsentwicklung der Schule bei. Zudem er\u00f6ffnen sich immer wieder neue Lernchancen durch die Zusammenarbeit mit au\u00dferschulischen PartnerInnen.\u00a0<\/p>\n","protected":false},"author":1030,"featured_media":0,"parent":0,"menu_order":0,"comment_status":"closed","ping_status":"closed","template":"","meta":{"footnotes":""},"class_list":["post-8121","page","type-page","status-publish","hentry"],"_links":{"self":[{"href":"https:\/\/wordpress.nibis.de\/obsbassum\/wp-json\/wp\/v2\/pages\/8121","targetHints":{"allow":["GET"]}}],"collection":[{"href":"https:\/\/wordpress.nibis.de\/obsbassum\/wp-json\/wp\/v2\/pages"}],"about":[{"href":"https:\/\/wordpress.nibis.de\/obsbassum\/wp-json\/wp\/v2\/types\/page"}],"author":[{"embeddable":true,"href":"https:\/\/wordpress.nibis.de\/obsbassum\/wp-json\/wp\/v2\/users\/1030"}],"replies":[{"embeddable":true,"href":"https:\/\/wordpress.nibis.de\/obsbassum\/wp-json\/wp\/v2\/comments?post=8121"}],"version-history":[{"count":5,"href":"https:\/\/wordpress.nibis.de\/obsbassum\/wp-json\/wp\/v2\/pages\/8121\/revisions"}],"predecessor-version":[{"id":8163,"href":"https:\/\/wordpress.nibis.de\/obsbassum\/wp-json\/wp\/v2\/pages\/8121\/revisions\/8163"}],"wp:attachment":[{"href":"https:\/\/wordpress.nibis.de\/obsbassum\/wp-json\/wp\/v2\/media?parent=8121"}],"curies":[{"name":"wp","href":"https:\/\/api.w.org\/{rel}","templated":true}]}}