{"id":8129,"date":"2025-08-18T14:50:06","date_gmt":"2025-08-18T12:50:06","guid":{"rendered":"https:\/\/wordpress.nibis.de\/obsbassum\/?page_id=8129"},"modified":"2025-08-20T14:05:21","modified_gmt":"2025-08-20T12:05:21","slug":"ganztags-sj-25-26","status":"publish","type":"page","link":"https:\/\/wordpress.nibis.de\/obsbassum\/ganztags-sj-25-26\/","title":{"rendered":"Ganztag SJ 25\/26"},"content":{"rendered":"\n<div><span style=\"font-family: helvetica, arial, sans-serif;background-color: #ffcc00;font-size: 14pt\"><strong><img loading=\"lazy\" decoding=\"async\" class=\"wp-image-8233 alignright\" src=\"https:\/\/wordpress.nibis.de\/obsbassum\/files\/2025\/08\/210503_Kiosk-850x478.jpg\" alt=\"\" width=\"247\" height=\"139\" srcset=\"https:\/\/wordpress.nibis.de\/obsbassum\/files\/2025\/08\/210503_Kiosk-850x478.jpg 850w, https:\/\/wordpress.nibis.de\/obsbassum\/files\/2025\/08\/210503_Kiosk-1200x675.jpg 1200w, https:\/\/wordpress.nibis.de\/obsbassum\/files\/2025\/08\/210503_Kiosk-250x141.jpg 250w\" sizes=\"auto, (max-width: 247px) 100vw, 247px\" \/>Das Ganztagsangebot der OBS Bassum im 1. Halbjahr 25\/26<\/strong><\/span><\/div>\n<div>\u00a0<\/div>\n<div><span style=\"font-family: helvetica, arial, sans-serif;font-size: 14pt\"><strong>Liebe Sch\u00fclerinnen und Sch\u00fcler, liebe Erziehungsberechtigten!<\/strong><\/span><\/div>\n<div><span style=\"font-family: helvetica, arial, sans-serif;font-size: 14pt\">Wir freuen uns, wieder ein umfangreiches AG-Angebot machen zu k\u00f6nnen. Einige AGs sind f\u00fcr bestimmte Gruppen\/Jahrg\u00e4nge bestimmt. Bitte beachtet die Einschr\u00e4nkungen bei eurer Wahl.<\/span><\/div>\n<div><span style=\"font-family: helvetica, arial, sans-serif;font-size: 14pt\">W\u00e4hrend der Mittagspause wird ein Mittagessen vom Kiosk angeboten, welches vorbestellt werden muss. Die AGs finden in der Zeit von 14.00 bis 15.30 Uhr statt. Das Schulgel\u00e4nde darf w\u00e4hrend der Mittagspause nicht verlassen werden. Die Sch\u00fclerinnen und Sch\u00fcler, die am Ganztag teilnehmen melden sich nach der 6, Stunde bei Frau Leymann und werden betreut. Eine Hausaufgabenbetreuung soll durch Sch\u00fclerinnen und Sch\u00fcler \u00e4lterer Jahrg\u00e4nge erfolgen.<\/span><\/div>\n<div><span style=\"font-family: helvetica, arial, sans-serif;background-color: #ffcc00;font-size: 14pt\">Der Ganztag startet am 25.08.2025.<\/span><\/div>\n<div><span style=\"font-family: helvetica, arial, sans-serif;background-color: #ffcc00;font-size: 14pt\"><strong><u>Das Ganztagsangebot und was sich hinter den AGs verbirgt\u2026<\/u><\/strong><\/span><\/div>\n<div><span style=\"font-family: helvetica, arial, sans-serif;font-size: 14pt\"><strong><u>Content Creator Video AG<\/u><\/strong><\/span><\/div>\n<div><span style=\"font-family: helvetica, arial, sans-serif;font-size: 14pt\">Werde zum Content Creator deiner Schule!<\/span><\/div>\n<div><span style=\"font-family: helvetica, arial, sans-serif;font-size: 14pt\">Du hast Lust coole Videos zu drehen und die Welt des digitalen Storytellings zu entdecken? In unserer Video AG lernst du, wie man Videos wie Erkl\u00e4rfilme oder Trailer erstellt, interessante Interviews f\u00fchrt oder Tik Toks f\u00fcr Bildungszwecke sinnvoll einsetzen kann, z. B. f\u00fcr Schulnachrichten. Kamera an \u2013 deine Ideen z\u00e4hlen! Mach mit und werde Teil unseres kreativen Teams!\u00a0<em>\u00a0<\/em><strong>max. 20 TN<\/strong><\/span><\/div>\n<div><span style=\"font-family: helvetica, arial, sans-serif;font-size: 14pt\"><strong><u>Drohnen AG \u2013 Drone Racing \u2013 Der Sport, der aus der Zukunft kommt!<\/u><\/strong><\/span><\/div>\n<div><span style=\"font-family: helvetica, arial, sans-serif;font-size: 14pt\"><strong>Drohnen Rennen<\/strong>\u00a0erfreuen sich in den letzten Jahren immer gr\u00f6\u00dferer Beliebtheit. Nicht zuletzt, weil es ein einmaliges Gef\u00fchl von H\u00f6he von Geschwindigkeit ist \u00fcber eine Rennstrecke zu rasen. Drohnen ReIch denke an nnen stecken schon lange nicht mehr in den absoluten Kinderschuhen. Die Entwicklung der letzten Jahre geht dahin, dass Drohnen Rennen immer mehr zu einem echten Sport werden, der auch immer mehr Anh\u00e4nger findet. Und dieser Trend wird sich noch mehr ausweiten.<\/span><\/div>\n<div><span style=\"font-family: helvetica, arial, sans-serif;font-size: 14pt\">Und die OBS BASSUM m\u00f6chte gerne ein Teil davon werden, irgendwann \ud83d\ude09<\/span><\/div>\n<div><span style=\"font-family: helvetica, arial, sans-serif;font-size: 14pt\">Wer also rasante Drohnenfl\u00fcge mag, schnelle Stunts in der Luft zu sch\u00e4tzen wei\u00df und gern in den vorderen Reihen dabei ist, der sollte jetzt noch die Zeit nutzen, auf den Zug der Drohnen Rennen aufzuspringen. Denn er nimmt immer mehr Fahrt auf.<\/span><\/div>\n<div><span style=\"font-family: helvetica, arial, sans-serif;font-size: 14pt\"><strong>F\u00fcr die AG sind keine besonderen Vorkenntnisse erforderlich.\u00a0<\/strong><strong>Ein kleiner Unkostenbeitrag f\u00fcr Verbrauchsmaterial wird erhoben. (max. Teilnehmer 20 Personen)<\/strong><\/span><\/div>\n<div><span style=\"font-family: helvetica, arial, sans-serif;font-size: 14pt\"><strong><u>Erste Schritte am PC<\/u><\/strong><u><br \/><\/u>In dieser AG wollen wir zun\u00e4chst die Schulplattform Iserv kennen lernen, die dich w\u00e4hrend deines Schullebens begleiten wird. Wie melde ich mich an, wie schreibe ich eine E-mail und wie kann ich Dateien speichern und hochladen?<\/span><br \/><span style=\"font-family: helvetica, arial, sans-serif;font-size: 14pt\">Wir schauen uns auch Webuntis an, also das Programm, indem dein Stundenplan steht und was die Farben bedeuten.<\/span><br \/><span style=\"font-family: helvetica, arial, sans-serif;font-size: 14pt\">Im Anschluss besch\u00e4ftigen wir uns mit dem Programm Word. Hier \u00fcben wir Texte zu schreiben, Texte zu ver\u00e4ndern und Bilder einzuf\u00fcgen. F\u00fcr Referate wollen wir das Programm Power Point kennen lernen: Ziel ist es eine eigene kleine Pr\u00e4sentation zu gestalten und dabei Vieles auszuprobieren.<\/span><br \/><span style=\"font-family: helvetica, arial, sans-serif;font-size: 14pt\">Hinweis: Wir werden keine PC Spiele spielen.,\u00a0<strong>nur Jahrgang 5, max. 10 TN<\/strong><\/span><br \/><u><\/u><\/div>\n<div><span style=\"font-family: helvetica, arial, sans-serif;font-size: 14pt\"><strong><u>Fu\u00dfball<\/u><\/strong><\/span><\/div>\n<div><span style=\"font-family: helvetica, arial, sans-serif;font-size: 14pt\">In der Fu\u00dfball-AG sind alle Sch\u00fclerinnen und Sch\u00fcler des 5., 6. Und 7. Jahrgangs willkommen, die Fu\u00dfballspielen wollen. Es ist egal, ob du VereinsfussballerIn, FreizeitkickerIn oder Anf\u00e4ngerIn bist \u2013 in der AG k\u00f6nnen alle ihr K\u00f6nnen zeigen und ihre F\u00e4higkeiten erweitern. Nach einer kurzen Aufw\u00e4rmphase, in der verschiedene \u00dcbungen zur Verbesserung von Technik und Koordination gemacht werden, finden in der Regel Spiele in Turnierform statt.\u00a0<strong><em>Jahrgang 5\/6\/7, max. 20 TN<\/em><\/strong><\/span><\/div>\n<div><span style=\"font-family: helvetica, arial, sans-serif;font-size: 14pt\"><strong><u>Musik AG<\/u><\/strong><\/span><\/div>\n<div><span style=\"font-family: helvetica, arial, sans-serif;font-size: 14pt\">In der Musik-AG geht es vor allem darum, selber zu musizieren und eure Wunschlieder zu \u00fcben und zu spielen. Ihr k\u00f6nnt verschiedene Instrumente und Verst\u00e4rker f\u00fcr Gitarre, Bass und Gesang und verschiedene Effektger\u00e4te f\u00fcr E-Gitarre ausprobieren und kennen lernen.<\/span><br \/><span style=\"font-family: helvetica, arial, sans-serif;font-size: 14pt\">Au\u00dferdem bietet sich die M\u00f6glichkeit , auch Musik-Videos zu drehen! Es sind also auch Hobby-Filmer, Regisseure, SchauspielerInnen, B\u00fchnen- oder Maskenbildner, Zeichnerinnen etc. willkommen.<\/span><\/div>\n<div><span style=\"font-family: helvetica, arial, sans-serif;font-size: 14pt\"><strong><u>M\u00e4dchen AG<\/u><\/strong><\/span><\/div>\n<div><span style=\"font-family: helvetica, arial, sans-serif;font-size: 14pt\">In der M\u00e4dchen AG erwarten dich Themen wie N\u00e4gel lackieren, Haare stylen, Sport machen und vieles mehr. Wir sprechen \u00fcber Themen wie Selbstbewusstsein, Stress, Gef\u00fchle,\u2026. Meldet euch an und werde ein Teil einer coolen Gruppe an der Schule. M\u00e4dchen Jg. 5-7, max. 20 TN<\/span><\/div>\n<div><span style=\"font-family: helvetica, arial, sans-serif;font-size: 14pt\"><strong><u>Malen wie die Profis<\/u><\/strong><\/span><\/div>\n<div><span style=\"font-family: helvetica, arial, sans-serif;font-size: 14pt\">Habt ihr noch alte graue Spielfiguren zu Hause oder m\u00f6gt Tabletop? In der Mal-AG wollen wir alte und auch neue Spielfiguren bemalen und gestalten. Dabei lernt ihr Tricks, wie man einfach und schnell tolle Bemalungen erstellt. Ihr k\u00f6nnt auch ausprobieren und vielleicht sogar eigene Spiele f\u00fcr eure selbstbemalten Figuren entwickeln. Hier wird gepinselt, was das Zeug h\u00e4lt. max. 16 TN<\/span><\/div>\n<div><span style=\"font-family: helvetica, arial, sans-serif;font-size: 14pt\"><strong><u>Mofa AG<\/u><\/strong><\/span><\/div>\n<div><span style=\"font-family: helvetica, arial, sans-serif;font-size: 14pt\">In der Mofa AG werden wir meistens am PC f\u00fcr die theoretische Pr\u00fcfung lernen. An 4 \u2013 5 Tagen werden wir aber auch mit der Mofa praktische \u00dcbungen durchf\u00fchren. Du lernst die Technik des Mofas kennen, machst viele Fahr\u00fcbungen und Geschicklichkeits\u00fcbungen und lernst richtig zu bremsen. Nach einem halben Jahr darfst du dann beim T\u00dcV Syke die Pr\u00fcfung machen.<\/span><\/div>\n<div><span style=\"font-family: helvetica, arial, sans-serif;font-size: 14pt\"><strong><u>Teilnahmebedingungen\u00a0<\/u><\/strong>Alle Sch\u00fclerinnen und Sch\u00fcler, die bis zum 30.April.2026 15 Jahre alt werden, sind berechtigt im 1. Schulhalbjahr an der Mofa AG teilzunehmen. Eine regelm\u00e4\u00dfige Teilnahme an der Mofa AG ist verpflichtend. Bei\u00a0<strong>drei Fehltagen<\/strong>\u00a0oder bei\u00a0<strong>unkorrektem Verhalten<\/strong>\u00a0wird man von der Teilnahme am Mofakurs ohne R\u00fcckerstattung der Kosten ausgeschlossen. Die Teilnahme an der Mofa AG kostet 15 \u20ac. Sp\u00e4ter kommen noch ca. 22 \u20ac Pr\u00fcfungsgeb\u00fchr dazu.<\/span><\/div>\n<div><span style=\"font-family: helvetica, arial, sans-serif;font-size: 14pt\"><strong><u>Robotik-AG<\/u><\/strong><\/span><\/div>\n<div><span style=\"font-family: helvetica, arial, sans-serif;font-size: 14pt\">Ferngesteuerte Autos, Kameradrohnen und \u00a0\u00a0\u00a0\u00a0\u00a0\u00a0\u00a0\u00a0\u00a0\u00a0\u00a0\u00a0\u00a0\u00a0 selbstst\u00e4ndige Computersysteme wie Rasenm\u00e4her- und \u00a0\u00a0\u00a0\u00a0\u00a0\u00a0 Staubsaugerroboter sind heute ganz normal.\u00a0Aber wie funktionieren diese eigentlich?\u00a0Und kann man Roboter selbst bauen?\u00a0In der Robotik-AG benutzen wir das Robot Chassis Mbot2 und den Microcontroller CyberPi sowie die Mblocks Programmierumgebung, um unsere Roboter zu steuern.<\/span><\/div>\n<ul>\n<li>\n<div><span style=\"font-family: helvetica, arial, sans-serif;font-size: 14pt\">Jeder kann mit einem Roboter und Laptop arbeiten<\/span><\/div>\n<\/li>\n<li>\n<div><span style=\"font-family: helvetica, arial, sans-serif;font-size: 14pt\">Wir programmieren<\/span><\/div>\n<\/li>\n<li>\n<div><span style=\"font-family: helvetica, arial, sans-serif;font-size: 14pt\">Wir benutzen Sensoren<\/span><\/div>\n<\/li>\n<li>\n<div><span style=\"font-family: helvetica, arial, sans-serif;font-size: 14pt\">Wir fahren Roboter-Rennen<\/span><\/div>\n<\/li>\n<li>\n<div><span style=\"font-family: helvetica, arial, sans-serif;font-size: 14pt\">Wir steuern Roboter mit Obst<\/span><\/div>\n<\/li>\n<li>\n<div><span style=\"font-family: helvetica, arial, sans-serif;font-size: 14pt\">Wir haben hoffentlich jede Menge Spa\u00df und Zeit f\u00fcr<\/span><\/div>\n<\/li>\n<\/ul>\n<div><span style=\"font-family: helvetica, arial, sans-serif;font-size: 14pt\">eure Projekte.\u00a0Interessiert ihr euch f\u00fcr Computer, Roboter oder bastelt gern mit Elektronik? Dann seid ihr hier genau richtig!\u00a0Ihr braucht\u00a0<u>keine<\/u>\u00a0Erfahrungen mit Computern und Robotern!!!\u00a0<strong><em>Offen f\u00fcr alle Jahrg\u00e4nge, keine Vorkenntnisse erforderlich<\/em><\/strong><\/span><\/div>\n<div><span style=\"font-family: helvetica, arial, sans-serif;font-size: 14pt\"><strong><u>Spanisch-AG<\/u><\/strong><\/span><\/div>\n<div><span style=\"font-family: helvetica, arial, sans-serif;font-size: 14pt\">Spanisch macht Spa\u00df. Es ist leicht, die spanische Sprache zu lernen, die in vielen L\u00e4nder der Welt gesprochen wird. Spanien selbst ist ber\u00fchmt f\u00fcr seine K\u00fcche und auch viele Sportmannschaften wie FC Barcelona sind \u00fcberall bekannt. Du kennst bestimmt schon einige W\u00f6rter wie\u00a0<em>bueno, amigos, hola\u00a0<\/em>oder\u00a0<em>paella<\/em>. In unserer AG werden wir mit einfachen \u00dcbungen und auch Spielen viele einfache Gespr\u00e4che auf Spanisch \u00fcben und auch in Szene setzen. Bist du dabei?<\/span><\/div>\n<div><span style=\"font-family: helvetica, arial, sans-serif;font-size: 14pt\"><strong><u>3D Druck \u2013 Die Zukunft selbst gestalten! (AG 3D-Druck)<\/u><\/strong><\/span><\/div>\n<div><span style=\"font-family: helvetica, arial, sans-serif;font-size: 14pt\"><strong>3D-Druck<\/strong>\u00a0an unserer Schule?? Nat\u00fcrlich! Diese moderne und spannende Technik kann in meiner AG direkt erlebt werden. Du brauchst eine neue Handy-H\u00fclle, einen speziellen Lego-Stein, eigene Spielfiguren, ein nicht mehr verf\u00fcgbares Ersatzteil, eine kreative Backform oder irgendetwas, was der Menschheit noch fehlt?\u00a0In der 3D-Druck-AG geht es in erster Linie um das Entwerfen und Ausdrucken eigener Produkte. Dazu lernst du den gesamten Weg von der Idee bis zum fertigen Produkt kennen.\u00a0Je nach technischem Interesse und Kreativit\u00e4t kannst du dich innerhalb der AG auch auf dein Lieblingsthema spezialisieren.<\/span><\/div>\n<div><span style=\"font-family: helvetica, arial, sans-serif;font-size: 14pt\"><strong>F\u00fcr die AG sind keine besonderen Vorkenntnisse erforderlich.\u00a0<\/strong><strong>Ein kleiner Unkostenbeitrag f\u00fcr Verbrauchsmaterial wird erhoben. (max. 20 Teilnehmer)<\/strong><\/span><\/div>\n<div><span style=\"font-family: helvetica, arial, sans-serif;font-size: 14pt\"><strong><u>Angebote aus dem Jugendhaus:<\/u><\/strong><\/span><\/div>\n<div><span style=\"font-family: helvetica, arial, sans-serif;font-size: 14pt\"><strong><u>F\u00f6nix- Deluxe<\/u><\/strong><\/span><\/div>\n<div><span style=\"font-family: helvetica, arial, sans-serif;font-size: 14pt\"><strong>Klassenstufe:<\/strong>\u00a0\u00a0\u00a0\u00a0\u00a0\u00a0\u00a0\u00a0\u00a0\u00a0\u00a0\u00a0\u00a0\u00a0\u00a0\u00a0\u00a0\u00a0\u00a0\u00a0\u00a0\u00a0\u00a0\u00a0\u00a0\u00a0\u00a0\u00a0\u00a0\u00a0\u00a0\u00a0\u00a0\u00a0\u00a0\u00a0\u00a0\u00a0 5-10<\/span><\/div>\n<div><span style=\"font-family: helvetica, arial, sans-serif;font-size: 14pt\"><strong>Teilnehmeranzahl:<\/strong>\u00a0 \u00a0 \u00a0 \u00a0 \u00a0 \u00a0 \u00a0 \u00a0 \u00a0 \u00a0 \u00a0 \u00a0 \u00a0 \u00a0 \u00a0 10 \u2013 24<\/span><\/div>\n<div><span style=\"font-family: helvetica, arial, sans-serif;font-size: 14pt\"><strong>Ort:<\/strong>\u00a0\u00a0\u00a0\u00a0\u00a0\u00a0\u00a0\u00a0\u00a0\u00a0\u00a0\u00a0\u00a0\u00a0\u00a0\u00a0\u00a0\u00a0\u00a0\u00a0\u00a0\u00a0\u00a0\u00a0\u00a0\u00a0\u00a0\u00a0\u00a0\u00a0\u00a0\u00a0\u00a0\u00a0\u00a0\u00a0\u00a0\u00a0\u00a0\u00a0\u00a0\u00a0\u00a0\u00a0\u00a0\u00a0\u00a0\u00a0\u00a0\u00a0\u00a0\u00a0\u00a0\u00a0\u00a0 das gesamte Jugendhaus F\u00f6nix<\/span><\/div>\n<div><span style=\"font-family: helvetica, arial, sans-serif;font-size: 14pt\"><strong>Ziel:<\/strong>\u00a0\u00a0\u00a0\u00a0\u00a0\u00a0\u00a0\u00a0\u00a0\u00a0\u00a0\u00a0\u00a0\u00a0\u00a0\u00a0\u00a0\u00a0\u00a0\u00a0\u00a0\u00a0\u00a0\u00a0\u00a0\u00a0\u00a0\u00a0\u00a0\u00a0\u00a0\u00a0\u00a0\u00a0\u00a0\u00a0\u00a0\u00a0\u00a0\u00a0\u00a0\u00a0\u00a0\u00a0\u00a0\u00a0\u00a0\u00a0\u00a0\u00a0\u00a0\u00a0\u00a0\u00a0 abchillen und Freunde treffen oder kennenlernen<\/span><\/div>\n<div><span style=\"font-family: helvetica, arial, sans-serif;font-size: 14pt\"><strong>Kosten: \u00a0\u00a0\u00a0\u00a0\u00a0\u00a0\u00a0\u00a0\u00a0\u00a0\u00a0\u00a0\u00a0\u00a0\u00a0\u00a0\u00a0\u00a0\u00a0\u00a0\u00a0\u00a0\u00a0\u00a0\u00a0\u00a0\u00a0\u00a0\u00a0\u00a0\u00a0\u00a0\u00a0\u00a0\u00a0\u00a0\u00a0\u00a0\u00a0\u00a0\u00a0\u00a0\u00a0\u00a0\u00a0\u00a0\u00a0\u00a0<\/strong>kostenlos<\/span><\/div>\n<div><span style=\"font-family: helvetica, arial, sans-serif;font-size: 14pt\"><strong>Beschreibung:<\/strong><\/span><\/div>\n<div><span style=\"font-family: helvetica, arial, sans-serif;font-size: 14pt\">Mach deine Freizeit zum Highlight!\u00a0Im F\u00f6nix-Deluxe ist alles anders als sonst! Hier kannst du exquisit deine Freizeit genie\u00dfen, denn in unseren AGs k\u00f6nnen nur 24 Kids gleichzeitig das Jugendhaus nutzen. Das hei\u00dft, du hast keine langen Wartezeiten, um unsere Angebote wahrnehmen zu k\u00f6nnen und deine Pizza ist schneller auf dem Teller als sonst.\u00a0Hier haben wir die M\u00f6glichkeit, noch mehr auf eure W\u00fcnsche einzugehen und gemeinsam zu schauen, worauf ihr Lust habt.<\/span><\/div>\n<ul>\n<li>\n<div><span style=\"font-family: helvetica, arial, sans-serif;font-size: 14pt\">Kreativ- Werkstatt<\/span><\/div>\n<\/li>\n<li>\n<div><span style=\"font-family: helvetica, arial, sans-serif;font-size: 14pt\">Backen<\/span><\/div>\n<\/li>\n<li>\n<div><span style=\"font-family: helvetica, arial, sans-serif;font-size: 14pt\">Kochen<\/span><\/div>\n<\/li>\n<li>\n<div><span style=\"font-family: helvetica, arial, sans-serif;font-size: 14pt\">Turniere<\/span><\/div>\n<\/li>\n<li>\n<div><span style=\"font-family: helvetica, arial, sans-serif;font-size: 14pt\">Bewegung, Spiel &amp; Spa\u00df<\/span><\/div>\n<\/li>\n<li>\n<div><span style=\"font-family: helvetica, arial, sans-serif;font-size: 14pt\">Freunde treffen &amp; kennenlernen<\/span><\/div>\n<\/li>\n<li>\n<div><span style=\"font-family: helvetica, arial, sans-serif;font-size: 14pt\">Wir freuen uns auf euch, euer Team vom Jugendhaus F\u00f6nix.<\/span><\/div>\n<\/li>\n<\/ul>\n","protected":false},"excerpt":{"rendered":"<p>Das Ganztagsangebot der OBS Bassum im 1. Halbjahr 25\/26 \u00a0 Liebe Sch\u00fclerinnen und Sch\u00fcler, liebe Erziehungsberechtigten! Wir freuen uns, wieder ein umfangreiches AG-Angebot machen zu k\u00f6nnen. Einige AGs sind f\u00fcr bestimmte Gruppen\/Jahrg\u00e4nge bestimmt. Bitte beachtet die Einschr\u00e4nkungen bei eurer Wahl. W\u00e4hrend der Mittagspause wird ein Mittagessen vom Kiosk angeboten, welches vorbestellt werden muss. Die AGs [&hellip;]<\/p>\n","protected":false},"author":1030,"featured_media":0,"parent":0,"menu_order":0,"comment_status":"closed","ping_status":"closed","template":"","meta":{"footnotes":""},"class_list":["post-8129","page","type-page","status-publish","hentry"],"_links":{"self":[{"href":"https:\/\/wordpress.nibis.de\/obsbassum\/wp-json\/wp\/v2\/pages\/8129","targetHints":{"allow":["GET"]}}],"collection":[{"href":"https:\/\/wordpress.nibis.de\/obsbassum\/wp-json\/wp\/v2\/pages"}],"about":[{"href":"https:\/\/wordpress.nibis.de\/obsbassum\/wp-json\/wp\/v2\/types\/page"}],"author":[{"embeddable":true,"href":"https:\/\/wordpress.nibis.de\/obsbassum\/wp-json\/wp\/v2\/users\/1030"}],"replies":[{"embeddable":true,"href":"https:\/\/wordpress.nibis.de\/obsbassum\/wp-json\/wp\/v2\/comments?post=8129"}],"version-history":[{"count":4,"href":"https:\/\/wordpress.nibis.de\/obsbassum\/wp-json\/wp\/v2\/pages\/8129\/revisions"}],"predecessor-version":[{"id":8234,"href":"https:\/\/wordpress.nibis.de\/obsbassum\/wp-json\/wp\/v2\/pages\/8129\/revisions\/8234"}],"wp:attachment":[{"href":"https:\/\/wordpress.nibis.de\/obsbassum\/wp-json\/wp\/v2\/media?parent=8129"}],"curies":[{"name":"wp","href":"https:\/\/api.w.org\/{rel}","templated":true}]}}