{"id":823,"date":"2016-05-28T15:28:21","date_gmt":"2016-05-28T13:28:21","guid":{"rendered":"http:\/\/wordpress.nibis.de\/obsbassum\/?page_id=823"},"modified":"2017-11-18T15:36:25","modified_gmt":"2017-11-18T14:36:25","slug":"franzoesisch","status":"publish","type":"page","link":"https:\/\/wordpress.nibis.de\/obsbassum\/franzoesisch\/","title":{"rendered":"Franz\u00f6sisch"},"content":{"rendered":"<p style=\"text-align: justify\"><span style=\"color: #000449;font-family: arial black, sans-serif;font-size: 18pt\"><strong>Lehrkr\u00e4fte<\/strong><\/span><\/p>\n<p style=\"text-align: justify\"><span style=\"color: #000449;font-family: arial black, sans-serif;font-size: 12pt\"><strong>Herr Meyer\u00a0\u00a0\u00a0\u00a0\u00a0\u00a0\u00a0\u00a0 <\/strong><strong>Herr Schulz<\/strong><\/span><\/p>\n<p>&nbsp;<\/p>\n<p>&nbsp;<\/p>\n<p style=\"text-align: justify\"><span style=\"color: #000449;font-family: arial black, sans-serif;font-size: 18pt\"><strong>Schulinterne Lehrpl\u00e4ne (Download)<\/strong><\/span><\/p>\n<p><span style=\"text-decoration: underline;color: #000449;font-size: 16px\"><span style=\"font-family: arial black, sans-serif\"><strong>5. Schuljahr<\/strong><\/span><\/span><\/p>\n<p><span style=\"text-decoration: underline;color: #000449;font-size: 16px\"><span style=\"font-family: arial black, sans-serif\"><strong>6. Schuljahr<\/strong><\/span><\/span><\/p>\n<p><span style=\"text-decoration: underline;color: #000449;font-size: 16px\"><span style=\"font-family: arial black, sans-serif\"><strong>7. Schuljahr<\/strong><\/span><\/span><\/p>\n<p><span style=\"text-decoration: underline;color: #000449;font-size: 16px\"><span style=\"font-family: arial black, sans-serif\"><strong>8. Schuljahr<\/strong><\/span><\/span><\/p>\n<p><span style=\"text-decoration: underline;color: #000449;font-size: 16px\"><span style=\"font-family: arial black, sans-serif\"><strong>9. Schuljahr<\/strong><\/span><\/span><\/p>\n<p><span style=\"text-decoration: underline;color: #000449;font-size: 16px\"><span style=\"font-family: arial black, sans-serif\"><strong>10. Schuljahr<\/strong><\/span><\/span><\/p>\n<p><span style=\"color: #000449;font-family: arial black, sans-serif;font-size: 18pt\"><strong>Termine<\/strong><\/span><\/p>\n<p style=\"text-align: justify\"><span style=\"color: #000449;font-family: arial black, sans-serif;font-size: 18pt\"><strong>\u00a0<\/strong><\/span><\/p>\n<p>&nbsp;<\/p>\n<p style=\"text-align: center\"><span style=\"color: #000449;font-family: arial black, sans-serif;font-size: 18pt\"><strong>Aktuelles aus dem Schulleben<\/strong><\/span><\/p>\n<p style=\"text-align: center\"><span style=\"font-family: arial black, sans-serif;color: #000449;font-size: 12pt\"><strong>Oh, l\u00e0 l\u00e0 \u2013 ein Frosch hilft beim Franz\u00f6sisch lernen<\/strong><\/span><\/p>\n<p style=\"text-align: justify\"><a href=\"http:\/\/wordpress.nibis.de\/obsbassum\/files\/2016\/05\/IMG-20170128-WA0012.jpg\"><img loading=\"lazy\" decoding=\"async\" class=\"wp-image-1692 aligncenter\" src=\"http:\/\/wordpress.nibis.de\/obsbassum\/files\/2016\/05\/IMG-20170128-WA0012.jpg\" alt=\"IMG-20170128-WA0012\" width=\"308\" height=\"402\" \/><\/a> <span style=\"font-family: arial black, sans-serif;font-size: 12pt;color: #000449\"><strong>Das France Mobil hat die OBS Bassum erneut besucht. Und die 5. Klassen waren eingeladen, eine neue Sprache kennenzulernen. Denn schon bald hei\u00dft es wieder: \u201eW\u00e4hle ich im 6. Schuljahr Franz\u00f6sisch hinzu oder nicht?\u201c Da hilft ein erstes Beschnuppern durchaus.<\/strong><\/span><a href=\"http:\/\/wordpress.nibis.de\/obsbassum\/files\/2016\/05\/IMG-20170128-WA0014.jpg\"><img loading=\"lazy\" decoding=\"async\" class=\"aligncenter wp-image-1693\" src=\"http:\/\/wordpress.nibis.de\/obsbassum\/files\/2016\/05\/IMG-20170128-WA0014.jpg\" alt=\"IMG-20170128-WA0014\" width=\"272\" height=\"297\" \/><\/a><\/p>\n<p style=\"text-align: center\"><strong><span style=\"font-size: 12pt;font-family: arial black, sans-serif\"><a href=\"https:\/\/www.kreiszeitung.de\/lokales\/diepholz\/bassum-ort51127\/wenn-kuessen-nicht-waer-7310987.html\"><span style=\"color: #ff0000\"><span style=\"color: #000449\">Hier der Artikel der Kreiszeitung!<\/span><\/span><\/a> <\/span><\/strong><\/p>\n<p>&nbsp;<\/p>\n<p class=\"id-Article-kicker\" style=\"text-align: center\"><span style=\"font-size: 18pt;font-family: arial black, sans-serif;color: #000449\"><strong>25 Sch\u00fcler der OBS &#8211; Bassum besuchen Partnerschule Coll\u00e8ge L\u00e9o Delibes in Fresnay-sur-Sarthe<\/strong><\/span><\/p>\n<p class=\"id-Article-headline \" style=\"text-align: center\"><span style=\"color: #000449;font-family: arial black, sans-serif;font-size: 12pt\"><strong>Acht Tage lang zu Gast bei Freunden<\/strong><\/span><\/p>\n<p style=\"text-align: justify\"><img loading=\"lazy\" decoding=\"async\" class=\"aligncenter\" title=\"Paris \u2013 Abschluss und ein H\u00f6hepunkt der Frankreich-Reise: Die OBS-Sch\u00fcler verbrachten einige Stunden in der franz\u00f6sischen Haupstadt.\" src=\"http:\/\/www.kreiszeitung.de\/bilder\/2016\/05\/31\/6447743\/1522867559-c4cfde34-02f7-46e4-a5ea-fee544e97787-6LMURFsDa7.jpg\" alt=\"Paris \u2013 Abschluss und ein H\u00f6hepunkt der Frankreich-Reise: Die OBS-Sch\u00fcler verbrachten einige Stunden in der franz\u00f6sischen Haupstadt.\" width=\"491\" height=\"277\" \/><\/p>\n<p style=\"text-align: center\"><span style=\"color: #000449;font-family: arial black, sans-serif;font-size: 12pt\"><strong>(Artikel der Kreiszeitung vom 31.05.2016)<\/strong><\/span><\/p>\n<p style=\"text-align: justify\"><span style=\"font-family: arial black, sans-serif;font-size: 12pt;color: #000449\"><strong>Bassum\/Fresnay &#8211; Von Frank Jaursch. Gro\u00dfe Gastfreundschaft, merkw\u00fcrdiges Essen und einen Haufen gemeinsamer Erlebnisse: Das ist einiges, was an Erinnerungen \u00fcbrig bleibt vom Frankreich-Austausch, zu dem sich 25 Sch\u00fcler der Bassumer Oberschule (OBS) auf den Weg machten. Am Wochenende kehrten die Jugendlichen der Jahrg\u00e4nge 6 bis 9 sowie die begleitenden Lehrkr\u00e4fte Eva Launus und Florian Meyer nach Bassum zur\u00fcck.<\/strong><\/span><\/p>\n<p style=\"text-align: justify\"><span style=\"font-family: arial black, sans-serif;font-size: 12pt;color: #000449\"><strong>Den vollst\u00e4ndigen Artikel finden Sie hier:\u00a0\u00a0 \u21d3<\/strong><\/span><\/p>\n<p style=\"text-align: center\"><span style=\"text-decoration: underline;color: #000449;font-family: arial black, sans-serif;font-size: 12pt\"><strong><a href=\"http:\/\/wordpress.nibis.de\/obsbassum\/partnerschule-frankreich\/\">Bericht der Kreiszeitung zur Fahrt der franz\u00f6sischen Partnerschule 2016<\/a><\/strong><\/span><\/p>\n","protected":false},"excerpt":{"rendered":"<p>Lehrkr\u00e4fte Herr Meyer\u00a0\u00a0\u00a0\u00a0\u00a0\u00a0\u00a0\u00a0 Herr Schulz &nbsp; &nbsp; Schulinterne Lehrpl\u00e4ne (Download) 5. Schuljahr 6. Schuljahr 7. Schuljahr 8. Schuljahr 9. Schuljahr 10. Schuljahr Termine \u00a0 &nbsp; Aktuelles aus dem Schulleben Oh, l\u00e0 l\u00e0 \u2013 ein Frosch hilft beim Franz\u00f6sisch lernen Das France Mobil hat die OBS Bassum erneut besucht. Und die 5. Klassen waren eingeladen, eine [&hellip;]<\/p>\n","protected":false},"author":1006,"featured_media":0,"parent":0,"menu_order":0,"comment_status":"closed","ping_status":"closed","template":"","meta":{"footnotes":""},"class_list":["post-823","page","type-page","status-publish","hentry"],"_links":{"self":[{"href":"https:\/\/wordpress.nibis.de\/obsbassum\/wp-json\/wp\/v2\/pages\/823","targetHints":{"allow":["GET"]}}],"collection":[{"href":"https:\/\/wordpress.nibis.de\/obsbassum\/wp-json\/wp\/v2\/pages"}],"about":[{"href":"https:\/\/wordpress.nibis.de\/obsbassum\/wp-json\/wp\/v2\/types\/page"}],"author":[{"embeddable":true,"href":"https:\/\/wordpress.nibis.de\/obsbassum\/wp-json\/wp\/v2\/users\/1006"}],"replies":[{"embeddable":true,"href":"https:\/\/wordpress.nibis.de\/obsbassum\/wp-json\/wp\/v2\/comments?post=823"}],"version-history":[{"count":14,"href":"https:\/\/wordpress.nibis.de\/obsbassum\/wp-json\/wp\/v2\/pages\/823\/revisions"}],"predecessor-version":[{"id":2178,"href":"https:\/\/wordpress.nibis.de\/obsbassum\/wp-json\/wp\/v2\/pages\/823\/revisions\/2178"}],"wp:attachment":[{"href":"https:\/\/wordpress.nibis.de\/obsbassum\/wp-json\/wp\/v2\/media?parent=823"}],"curies":[{"name":"wp","href":"https:\/\/api.w.org\/{rel}","templated":true}]}}