{"id":8654,"date":"2026-03-16T09:19:51","date_gmt":"2026-03-16T08:19:51","guid":{"rendered":"https:\/\/wordpress.nibis.de\/obsbassum\/?page_id=8654"},"modified":"2026-03-20T10:38:34","modified_gmt":"2026-03-20T09:38:34","slug":"willkommenwillkommen-an-der-obs-bassum-mit-gymnasialem-zweigwillkommen","status":"publish","type":"page","link":"https:\/\/wordpress.nibis.de\/obsbassum\/","title":{"rendered":"Willkommen an der OBS Bassum mit gymnasialem Zweig"},"content":{"rendered":"\n\n\n<p><\/p>\n\n\n\n<p><strong>Anmeldungsformular f\u00fcr das Schuljahr 2026\/2027<\/strong><\/p>\n\n\n\n<p><\/p>\n\n\n\n<p><a href=\"https:\/\/wordpress.nibis.de\/obsbassum\/files\/2026\/03\/260315_Anmeldung_5_Unterlagen-final.pdf\">Anmeldungsformular Jahrgang 5 f\u00fcr das Schuljahr 2026\/2027<\/a><\/p>\n<p>Gerne k\u00f6nnen Sie Ihren Anmeldebogen auch digital ausf\u00fcllen. Aktuell ben\u00f6tigen wir allerdings noch Originalunterschriften. Digitale Signaturen sind aktuell noch nicht ausreichend.\u00a0<\/p>\n<p><a href=\"https:\/\/wordpress.nibis.de\/obsbassum\/files\/2026\/03\/260320_digitalisierter-Anmeldebogen.pdf\" target=\"_blank\" rel=\"noopener\">Digitalisierter Anmeldebogen Jahrgang 5 f\u00fcr das Schuljahr 2026\/2027<\/a><\/p>\n<p><strong>Die Anmeldeformulare f\u00fcr das Schuljahr 26\/27 erhalten Ihre Kinder der 4. Klassen<\/strong><\/p>\n<ol>\n<li>in der Grundschule \u00fcber ihre aktuellen Klassenlehrerinnen und Klassenlehrer,<\/li>\n<li>auf telefonische Anfrage (Frau Rosenow unter 04241 8047414 oder Frau Laging unter 04241 8047413) hin erhalten Sie Ihre Anmeldeunterlagen per Email,<\/li>\n<li>direkt bei uns vor Ort im Sekretariat oder<\/li>\n<li>auf unserer Homepage unter <a href=\"https:\/\/wordpress.nibis.de\/obsbassum\/\">https:\/\/wordpress.nibis.de\/obsbassum\/<\/a><\/li>\n<\/ol>\n<p><strong>Sobald uns Ihre Anmeldung vorliegt, erhalten Sie eine Anmeldebest\u00e4tigung per Email. <\/strong><strong>\u00a0\u00a0<\/strong><\/p>\n<p><strong>Die Anmeldeunterlagen k\u00f6nnen Sie einscannen und mailen, per Post zusenden oder aber auch direkt in unseren <span style=\"color: #000000\">Briefkasten am Haupteingang einwerfen.\u00a0\u00a0 <\/span><\/strong><\/p>\n<p><span style=\"color: #000000\"><strong>Die R\u00fcckgabe erfolgt bitte bis zum 30.05.2026. <\/strong><\/span><\/p>\n<p><span style=\"color: #000000\"><strong>Sie k\u00f6nnen aber auch einen unserer Anmeldetage vor Ort (in der Verwaltung) nutzen:<\/strong><\/span><\/p>\n<p><span style=\"color: #000000\"><strong>Mittwoch, 29.04.2026, 14:00 \u2013 16:30 Uhr, <\/strong><\/span><\/p>\n<p><span style=\"color: #000000\"><strong>Mittwoch, 06.05.2026, 14:00 \u2013 16:30 Uhr.<\/strong><\/span><\/p>\n<p><span style=\"color: #000000\"><strong>Sie k\u00f6nnen aber auch grunds\u00e4tzlich zu unseren \u00d6ffnungszeiten zur Anmeldung vorbeikommen: <\/strong><\/span><\/p>\n<p><span style=\"color: #000000\"><strong>Montag \u00a0\u00a0\u00a0\u00a0\u00a0\u00a0\u00a0\u00a0\u00a0 07.30 bis 15.30 Uhr\u00a0 <\/strong><\/span><\/p>\n<p><span style=\"color: #000000\"><strong>Dienstag\u00a0\u00a0\u00a0\u00a0\u00a0\u00a0\u00a0\u00a0 07.30 bis 14.00 Uhr\u00a0 <\/strong><\/span><\/p>\n<p><span style=\"color: #000000\"><strong>Mittwoch \u00a0\u00a0\u00a0\u00a0\u00a0\u00a0 07.30 bis 14.00 Uhr<\/strong><\/span><\/p>\n<p><strong><span style=\"color: #000000\">Donnerstag<\/span>\u00a0\u00a0\u00a0\u00a0 07.30 bis 14.00 Uhr\u00a0 <\/strong><\/p>\n<p><strong>Freitag\u00a0 \u00a0\u00a0\u00a0\u00a0\u00a0\u00a0\u00a0\u00a0\u00a0 07:30 bis 12:00 Uhr<\/strong><\/p>\n<p>\u00a0<\/p>\n<p>\u00a0<\/p>\n\n\n\n<p><a href=\"https:\/\/wordpress.nibis.de\/obsbassum\/files\/2026\/03\/260315_Anmeldung_ab-Jahrgang-6.pdf\">Anmeldung ab Jahrgang 6 f\u00fcr das Schuljahr 2026\/2027<\/a><\/p>\n\n\n\n\n\n<p><strong>Elterninformationen f\u00fcr das Schuljahr 2026\/2027<\/strong><\/p>\n\n\n\n<p><a href=\"https:\/\/wordpress.nibis.de\/obsbassum\/files\/2026\/03\/241105_Schulordnung-der-OBS-Bassum-mit-gymnasialem-Zweig.pdf\">Schulordnung der OBS Bassum mit gymnasialem Zweig <\/a><\/p>\n\n\n\n<p><strong>Unterlagen zur Anmeldung im Ganztag 2026\/2027<\/strong><\/p>\n\n\n\n<p>&nbsp;<\/p>\n\n\n\n<p><\/p>\n\n\n\n\n","protected":false},"excerpt":{"rendered":"<p>Anmeldungsformular f\u00fcr das Schuljahr 2026\/2027 Anmeldungsformular Jahrgang 5 f\u00fcr das Schuljahr 2026\/2027 Gerne k\u00f6nnen Sie Ihren Anmeldebogen auch digital ausf\u00fcllen. Aktuell ben\u00f6tigen wir allerdings noch Originalunterschriften. Digitale Signaturen sind aktuell noch nicht ausreichend.\u00a0 Digitalisierter Anmeldebogen Jahrgang 5 f\u00fcr das Schuljahr 2026\/2027 Die Anmeldeformulare f\u00fcr das Schuljahr 26\/27 erhalten Ihre Kinder der 4. Klassen in der [&hellip;]<\/p>\n","protected":false},"author":658,"featured_media":0,"parent":0,"menu_order":0,"comment_status":"closed","ping_status":"closed","template":"","meta":{"footnotes":""},"class_list":["post-8654","page","type-page","status-publish","hentry"],"_links":{"self":[{"href":"https:\/\/wordpress.nibis.de\/obsbassum\/wp-json\/wp\/v2\/pages\/8654","targetHints":{"allow":["GET"]}}],"collection":[{"href":"https:\/\/wordpress.nibis.de\/obsbassum\/wp-json\/wp\/v2\/pages"}],"about":[{"href":"https:\/\/wordpress.nibis.de\/obsbassum\/wp-json\/wp\/v2\/types\/page"}],"author":[{"embeddable":true,"href":"https:\/\/wordpress.nibis.de\/obsbassum\/wp-json\/wp\/v2\/users\/658"}],"replies":[{"embeddable":true,"href":"https:\/\/wordpress.nibis.de\/obsbassum\/wp-json\/wp\/v2\/comments?post=8654"}],"version-history":[{"count":23,"href":"https:\/\/wordpress.nibis.de\/obsbassum\/wp-json\/wp\/v2\/pages\/8654\/revisions"}],"predecessor-version":[{"id":8752,"href":"https:\/\/wordpress.nibis.de\/obsbassum\/wp-json\/wp\/v2\/pages\/8654\/revisions\/8752"}],"wp:attachment":[{"href":"https:\/\/wordpress.nibis.de\/obsbassum\/wp-json\/wp\/v2\/media?parent=8654"}],"curies":[{"name":"wp","href":"https:\/\/api.w.org\/{rel}","templated":true}]}}