{"id":931,"date":"2016-05-29T13:54:59","date_gmt":"2016-05-29T11:54:59","guid":{"rendered":"http:\/\/wordpress.nibis.de\/obsbassum\/?page_id=931"},"modified":"2018-08-02T13:18:03","modified_gmt":"2018-08-02T11:18:03","slug":"partnerschule-frankreich","status":"publish","type":"page","link":"https:\/\/wordpress.nibis.de\/obsbassum\/partnerschule-frankreich\/","title":{"rendered":"Partnerschule Frankreich &#8211; Das Coll\u00e8ge L\u00e9o Delibes in Fresnay-sur-Sarthe"},"content":{"rendered":"<p style=\"text-align: justify\"><span style=\"font-family: arial, helvetica, sans-serif;font-size: 14pt;color: #000000\"><strong>Sch\u00fcleraustausch 2016<\/strong><\/span><\/p>\n<p style=\"text-align: justify\"><span style=\"font-size: 10pt;font-family: arial, helvetica, sans-serif;color: #000000\">(Artikel der Kreiszeitung vom 31.05.2016)<\/span><\/p>\n<p style=\"text-align: justify\"><span style=\"font-size: 14pt;font-family: arial, helvetica, sans-serif;color: #000000\"><strong>25 Sch\u00fcler der OBS &#8211; Bassum besuchen Partnerschule Coll\u00e8ge L\u00e9o Delibes in Fresnay-sur-Sarthe<\/strong><\/span><\/p>\n<p class=\"id-Article-headline \" style=\"text-align: justify\"><span style=\"font-size: 14pt;font-family: arial, helvetica, sans-serif;color: #000000\"><strong>Acht Tage lang zu Gast bei Freunden<\/strong><\/span><\/p>\n<p style=\"text-align: justify\"><span style=\"font-family: arial, helvetica, sans-serif;font-size: 16px;color: #000000\">Bassum\/Fresnay &#8211; Von Frank Jaursch. Gro\u00dfe Gastfreundschaft, merkw\u00fcrdiges Essen und einen Haufen gemeinsamer Erlebnisse: Das ist Einiges, was an Erinnerungen \u00fcbrig bleibt vom Frankreich-Austausch, zu dem sich 25 Sch\u00fcler der Bassumer Oberschule auf den Weg machten. Am Wochenende kehrten die Jugendlichen der Jahrg\u00e4nge 6 bis 9 sowie die begleitenden Lehrkr\u00e4fte Eva Launus und Florian Meyer nach Bassum zur\u00fcck.<\/span><\/p>\n<p><img loading=\"lazy\" decoding=\"async\" class=\"alignleft\" title=\"Paris \u2013 Abschluss und ein H\u00f6hepunkt der Frankreich-Reise: Die OBS-Sch\u00fcler verbrachten einige Stunden in der franz\u00f6sischen Haupstadt.\" src=\"http:\/\/www.kreiszeitung.de\/bilder\/2016\/05\/31\/6447743\/1522867559-c4cfde34-02f7-46e4-a5ea-fee544e97787-6LMURFsDa7.jpg\" alt=\"Paris \u2013 Abschluss und ein H\u00f6hepunkt der Frankreich-Reise: Die OBS-Sch\u00fcler verbrachten einige Stunden in der franz\u00f6sischen Haupstadt.\" width=\"258\" height=\"145\" \/><\/p>\n<p class=\"id-Article-content-item\" style=\"text-align: justify\"><span style=\"font-family: arial, helvetica, sans-serif;font-size: 16px;color: #000000\">\u201eIm Fremdsprachenunterricht findet der Lernprozess in der Regel eher theoretisch statt\u201c, erkl\u00e4rt Florian Meyer zum Sinn und Zweck solcher Fahrten. In der Schule sei es daher nur bedingt m\u00f6glich, Alltagssituationen praktisch zu erproben. \u201eDer Sch\u00fcleraustausch erm\u00f6glicht es, authentische Sprach- und Erlebenssituationen zu schaffen.\u201c<\/span><\/p>\n<p class=\"id-Article-content-item\" style=\"text-align: justify\"><span style=\"font-family: arial, helvetica, sans-serif;font-size: 16px;color: #000000\">Mit dem Reisebus machte sich die Gruppe, die sich aus dem Gymnasialzweig und den Regelklassen gebildet hatte, auf den Weg zur Partnerschule Coll\u00e8ge L\u00e9o Delibes in Fresnay-sur-Sarthe. Schon den Hinweg nutzte die Gruppe zu einem Zwischenstopp in Paris \u2013 inklusive Besichtigung des Schlosses und der G\u00e4rten in Versailles.<\/span><\/p>\n<p class=\"id-Article-content-item\" style=\"text-align: justify\"><span style=\"font-family: arial, helvetica, sans-serif;font-size: 16px;color: #000000\">Rund 19 Stunden nach der Abfahrt kam der Bus schlie\u00dflich am Ziel an. Die Bassumer G\u00e4ste wurden mit einem Umtrunk begr\u00fc\u00dft. Ein aufregender Moment, gerade f\u00fcr die Sch\u00fcler: Viele von ihnen lernten jetzt die Personen pers\u00f6nlich kennen, mit denen sie in den vorangegangenen Monaten nur schriftlich verkehrt hatten. Nur einige Sch\u00fcler haben bereits mehrj\u00e4hrige Partnerschaften und freuten sich umso mehr \u00fcber das Wiedersehen mit ihren franz\u00f6sischen Freunden.<\/span><\/p>\n<p class=\"id-Article-content-item\" style=\"text-align: justify\"><span style=\"font-family: arial, helvetica, sans-serif;font-size: 16px;color: #000000\">Die acht Tage in Frankreich waren vollgepackt mit Programmpunkten: Teilweise als OBS-Gruppe, teilweise mit ihren Austauschpartner machten sich die Sch\u00fcler auf den Weg zum Mont Saint Michel oder zum Automuseum in Le Mans, absolvierten die Herausforderungen des Klettergartens von Saint L\u00e9onard oder fuhren zu den Austernfeldern von Cancale (Bretagne).<\/span><\/p>\n<p class=\"id-Article-content-item\" style=\"text-align: justify\"><span style=\"font-family: arial, helvetica, sans-serif;font-size: 16px;color: #000000\">Den Jugendlichen wurde zudem die M\u00f6glichkeit gegeben, am Unterricht in Fresnay teilzunehmen, was aber vermutlich f\u00fcr die Wenigsten der H\u00f6hepunkt der Fahrt wurde. Dieser wartete dann am Abreisetag auf die Gruppe: <\/span><\/p>\n<p class=\"id-Article-content-item\" style=\"text-align: justify\"><span style=\"font-family: arial, helvetica, sans-serif;font-size: 16px;color: #000000\">Weil Paris so sch\u00f6n auf der Route liegt, war ein Aufenthalt in der franz\u00f6sischen Hauptstadt fest eingeplant. Auf der Agenda der Jugendlichen standen die Besichtigung des Eiffelturms, Einkaufen auf den Champs-Elys\u00e9es, die Erkundung des Louvres oder auch ein Spaziergang entlang der Seine. \u00dcbern\u00e4chtigt, aber gl\u00fccklich kamen die Bassumer in der Heimat an.<\/span><\/p>\n<p class=\"id-Article-content-item\" style=\"text-align: justify\"><span style=\"font-family: arial, helvetica, sans-serif;font-size: 16px;color: #000000\">Wie bleibend die Eindr\u00fccke f\u00fcr die M\u00e4dchen und Jungen sein sind, zeigen die Zitate aus der Sch\u00fclerschaft. \u201eDas Essen ist manchmal etwas merkw\u00fcrdig, aber sehr lecker\u201c, fand Milon. Andere lobten die Herzlichkeit und Freundlichkeit der Gastfamilien. 2017 kommt die Partnerschule im gewohnten Wechsel wieder nach Bassum.<\/span><\/p>\n","protected":false},"excerpt":{"rendered":"<p>Sch\u00fcleraustausch 2016 (Artikel der Kreiszeitung vom 31.05.2016) 25 Sch\u00fcler der OBS &#8211; Bassum besuchen Partnerschule Coll\u00e8ge L\u00e9o Delibes in Fresnay-sur-Sarthe Acht Tage lang zu Gast bei Freunden Bassum\/Fresnay &#8211; Von Frank Jaursch. Gro\u00dfe Gastfreundschaft, merkw\u00fcrdiges Essen und einen Haufen gemeinsamer Erlebnisse: Das ist Einiges, was an Erinnerungen \u00fcbrig bleibt vom Frankreich-Austausch, zu dem sich 25 [&hellip;]<\/p>\n","protected":false},"author":1006,"featured_media":0,"parent":0,"menu_order":0,"comment_status":"closed","ping_status":"closed","template":"","meta":{"footnotes":""},"class_list":["post-931","page","type-page","status-publish","hentry"],"_links":{"self":[{"href":"https:\/\/wordpress.nibis.de\/obsbassum\/wp-json\/wp\/v2\/pages\/931","targetHints":{"allow":["GET"]}}],"collection":[{"href":"https:\/\/wordpress.nibis.de\/obsbassum\/wp-json\/wp\/v2\/pages"}],"about":[{"href":"https:\/\/wordpress.nibis.de\/obsbassum\/wp-json\/wp\/v2\/types\/page"}],"author":[{"embeddable":true,"href":"https:\/\/wordpress.nibis.de\/obsbassum\/wp-json\/wp\/v2\/users\/1006"}],"replies":[{"embeddable":true,"href":"https:\/\/wordpress.nibis.de\/obsbassum\/wp-json\/wp\/v2\/comments?post=931"}],"version-history":[{"count":19,"href":"https:\/\/wordpress.nibis.de\/obsbassum\/wp-json\/wp\/v2\/pages\/931\/revisions"}],"predecessor-version":[{"id":3319,"href":"https:\/\/wordpress.nibis.de\/obsbassum\/wp-json\/wp\/v2\/pages\/931\/revisions\/3319"}],"wp:attachment":[{"href":"https:\/\/wordpress.nibis.de\/obsbassum\/wp-json\/wp\/v2\/media?parent=931"}],"curies":[{"name":"wp","href":"https:\/\/api.w.org\/{rel}","templated":true}]}}