{"id":1224,"date":"2020-02-20T13:21:33","date_gmt":"2020-02-20T12:21:33","guid":{"rendered":"https:\/\/wordpress.nibis.de\/obshilter\/?page_id=1224"},"modified":"2026-03-16T08:27:15","modified_gmt":"2026-03-16T07:27:15","slug":"sozialpaedagogik-beratung","status":"publish","type":"page","link":"https:\/\/wordpress.nibis.de\/obshilter\/sozialpaedagogik-beratung\/","title":{"rendered":"Schulsozialarbeit und Beratung"},"content":{"rendered":"\n<h2 class=\"wp-block-heading\"><strong>Schulsozialarbeit<\/strong> &#8211; <strong>Charline Graf<\/strong><\/h2>\n\n\n\n<figure class=\"wp-block-image size-full is-resized is-style-rounded\"><img loading=\"lazy\" decoding=\"async\" width=\"400\" height=\"600\" src=\"https:\/\/wordpress.nibis.de\/obshilter\/files\/2024\/09\/10362085.jpg\" alt=\"\" class=\"wp-image-5048\" style=\"width:245px;height:368px\" srcset=\"https:\/\/wordpress.nibis.de\/obshilter\/files\/2024\/09\/10362085.jpg 400w, https:\/\/wordpress.nibis.de\/obshilter\/files\/2024\/09\/10362085-180x270.jpg 180w\" sizes=\"auto, (max-width: 400px) 100vw, 400px\" \/><\/figure>\n\n\n\n<p><strong>Sprechzeiten: <\/strong>Mo &#8211; Fr 7.30 Uhr &#8211; 13 Uhr und nach Vereinbarung<\/p>\n\n\n\n<p><strong>E-Mail:<\/strong> <strong>charline.graf(at)obs-hilter.de<\/strong><\/p>\n\n\n\n<p><strong>Tel.: 05409-778<\/strong><\/p>\n\n\n\n<p><\/p>\n\n\n\n<div style=\"height:46px\" aria-hidden=\"true\" class=\"wp-block-spacer\"><\/div>\n\n\n\n<p><\/p>\n\n\n\n<p><\/p>\n\n\n\n<p><\/p>\n\n\n\n<p>Schulsozialarbeit an der OBS Hilter beinhaltet unter anderem:<\/p>\n\n\n\n<p><strong>Mitwirkung beim Aufbau und der Erhaltung eines\npositiven Schul- und Lernklimas durch<\/strong>:<\/p>\n\n\n\n<p><strong>Aufbau von Sozialkompetenzen unserer Sch\u00fcler*innen in Form von<\/strong><\/p>\n\n\n\n<ul class=\"wp-block-list\">\n<li>sozialp\u00e4dagogischen Angeboten und F\u00f6rderung von<br>eigenverantwortlichem Denken und Handeln im Klassenverband (Sozialtraining)<\/li>\n\n\n\n<li>AG- Angebote im Ganztag<\/li>\n<\/ul>\n\n\n\n<p><strong>Netzwerk- und Pr\u00e4ventionsarbeit mit au\u00dferschulischen\nPartner zu verschiedenen Themen wie z.B.:<\/strong><\/p>\n\n\n\n<ul class=\"wp-block-list\">\n<li>soziale Medien<\/li>\n\n\n\n<li>Mobbing<\/li>\n\n\n\n<li>Gewaltpr\u00e4vention<\/li>\n\n\n\n<li>Schulm\u00fcdigkeit und Schulverweigerung<\/li>\n\n\n\n<li>Schnittstelle zum Fachdienst Jugend<\/li>\n<\/ul>\n\n\n\n<p><strong>Berufliche Orientierung unserer Sch\u00fcler*innen durch<\/strong><\/p>\n\n\n\n<ul class=\"wp-block-list\">\n<li>Zusammenarbeit im Team Jugendberufsagentur mit Herrn Niebuhr, Frau Mindrup (Ausbildungslotsin der Ma\u00dfArbeit) und Frau Lotz (Berufsberatung der Arbeitsagentur)<\/li>\n\n\n\n<li>Schnittstelle im \u00dcbergang Schule-Beruf<\/li>\n<\/ul>\n\n\n\n<p><strong>Sowie Unterst\u00fctzung bei Themen wie z.B.:<\/strong><\/p>\n\n\n\n<ul class=\"wp-block-list\">\n<li>Trennung- und Scheidung<\/li>\n\n\n\n<li>Tod oder Krankheit in der Familie<\/li>\n\n\n\n<li>Unterst\u00fctzung bei Beantragung von Leistungen zur<br>Bildung und Teilhabe<\/li>\n<\/ul>\n\n\n<h5>\u00a0<\/h5>\n\n\n<div style=\"height:100px\" aria-hidden=\"true\" class=\"wp-block-spacer\"><\/div>\n\n\n\n<h2 class=\"wp-block-heading\"><strong>Beratungslehrkraft an der Oberschule Hilter<\/strong><\/h2>\n\n\n\n<p>Frau B\u00fcltmann ist an unserer Schule die ausgebildete Beratungslehrkraft und sowohl f\u00fcr Sch\u00fcler*innen als auch f\u00fcr Eltern ansprechbar. Sch\u00fcler*innen k\u00f6nnen zum Beispiel zu ihr kommen, wenn diese schwierige  Situationen in der Schule erleben, zu Hause Kummer oder \u00c4rger haben, Tipps und Informationen brauchen oder sich Sorgen um Freunde machen. Aber nicht nur Sch\u00fcler*innen, sondern auch Eltern k\u00f6nnen zu Frau  B\u00fcltmann kommen, z.B. wenn das Verhalten ihres Kindes ihnen Sorgen  bereitet, sie Hilfestellung im Umgang mit ihrem Kind brauchen und auch  wenn sie Vermittlung externer Hilfsangebote w\u00fcnschen. Die Beratung bei Frau B\u00fcltmann ist vertraulich und freiwillig, es wird gemeinsam mit den Beteiligten nach L\u00f6sungen gesucht und es wird auf vorhandene St\u00e4rken vertraut. <\/p>\n\n\n\n<p><strong>Kontakt: <\/strong><\/p>\n\n\n\n<p><strong>Solveig B\u00fcltmann<\/strong><\/p>\n\n\n\n<p>Telefonische oder pers\u00f6nliche <strong>Terminvergabe<\/strong> in den gro\u00dfen Pausen <\/p>\n\n\n\n<p>(09.15 Uhr \u2013 09.30 Uhr und 11.00 Uhr \u2013 11.20 Uhr)<\/p>\n\n\n\n<p><strong>Tel.: 05409-1441<\/strong><\/p>\n\n\n\n<p><strong>E-Mail: solveig.bueltmann(at)obs-hilter.de<\/strong><\/p>\n\n\n\n<p><\/p>\n\n\n\n<p><\/p>\n\n\n\n<p><\/p>\n","protected":false},"excerpt":{"rendered":"<p>Schulsozialarbeit &#8211; Charline Graf Sprechzeiten: Mo &#8211; Fr 7.30 Uhr &#8211; 13 Uhr und nach Vereinbarung E-Mail: charline.graf(at)obs-hilter.de Tel.: 05409-778 Schulsozialarbeit an der OBS Hilter beinhaltet unter anderem: Mitwirkung beim Aufbau und der Erhaltung eines positiven Schul- und Lernklimas durch: Aufbau von Sozialkompetenzen unserer Sch\u00fcler*innen in Form von Netzwerk- und Pr\u00e4ventionsarbeit mit au\u00dferschulischen Partner zu verschiedenen Themen wie z.B.: Berufliche Orientierung unserer Sch\u00fcler*innen durch Sowie Unterst\u00fctzung bei Themen wie z.B.: \u00a0 Beratungslehrkraft an der Oberschule Hilter Frau B\u00fcltmann ist an&#8230;<\/p>\n<p class=\"read-more\"><a class=\"btn btn-default\" href=\"https:\/\/wordpress.nibis.de\/obshilter\/sozialpaedagogik-beratung\/\">Weiterlesen<span class=\"screen-reader-text\"> Weiterlesen<\/span><\/a><\/p>\n","protected":false},"author":9192668,"featured_media":0,"parent":0,"menu_order":0,"comment_status":"closed","ping_status":"closed","template":"","meta":{"_acf_changed":false,"footnotes":""},"class_list":["post-1224","page","type-page","status-publish","hentry"],"acf":[],"_links":{"self":[{"href":"https:\/\/wordpress.nibis.de\/obshilter\/wp-json\/wp\/v2\/pages\/1224","targetHints":{"allow":["GET"]}}],"collection":[{"href":"https:\/\/wordpress.nibis.de\/obshilter\/wp-json\/wp\/v2\/pages"}],"about":[{"href":"https:\/\/wordpress.nibis.de\/obshilter\/wp-json\/wp\/v2\/types\/page"}],"author":[{"embeddable":true,"href":"https:\/\/wordpress.nibis.de\/obshilter\/wp-json\/wp\/v2\/users\/9192668"}],"replies":[{"embeddable":true,"href":"https:\/\/wordpress.nibis.de\/obshilter\/wp-json\/wp\/v2\/comments?post=1224"}],"version-history":[{"count":50,"href":"https:\/\/wordpress.nibis.de\/obshilter\/wp-json\/wp\/v2\/pages\/1224\/revisions"}],"predecessor-version":[{"id":6531,"href":"https:\/\/wordpress.nibis.de\/obshilter\/wp-json\/wp\/v2\/pages\/1224\/revisions\/6531"}],"wp:attachment":[{"href":"https:\/\/wordpress.nibis.de\/obshilter\/wp-json\/wp\/v2\/media?parent=1224"}],"curies":[{"name":"wp","href":"https:\/\/api.w.org\/{rel}","templated":true}]}}