{"id":1804,"date":"2020-12-02T13:20:58","date_gmt":"2020-12-02T12:20:58","guid":{"rendered":"https:\/\/wordpress.nibis.de\/obshilter\/?page_id=1804"},"modified":"2020-12-09T13:33:22","modified_gmt":"2020-12-09T12:33:22","slug":"presse-archiv-19-20","status":"publish","type":"page","link":"https:\/\/wordpress.nibis.de\/obshilter\/presse-archiv-19-20\/","title":{"rendered":"Presse Archiv 19\/20"},"content":{"rendered":"<p><a href=\"https:\/\/www.noz.de\/lokales\/hilter\/artikel\/1995660\/wie-die-oberschule-borgloh-mit-schwerhoerigen-schuelerinnen-umgeht\">Wie eine schwerh\u00f6rige Sch\u00fclerin die Oberschule Borgloh ver\u00e4ndert hat vom 14.02.2020<\/a><\/p>\n\n<p><a href=\"https:\/\/www.noz.de\/lokales\/osnabrueck\/artikel\/2007825\/weitere-schulen-in-der-region-osnabrueck-sagen-skifahrten-wegen-corona-ab\">Weitere Schulen in der Region Osnabr\u00fcck sagen Skifahrten wegen Corona ab vom 03.03.20<\/a><\/p>\n\n<p><a href=\"https:\/\/www.noz.de\/lokales\/hilter\/artikel\/2077311\/oberschule-hilter-verabschiedet-33-schueler\">Oberschule Hilter verabschiedet 33 Sch\u00fcler\u00a0 vom\u00a0 28.06.20<\/a><\/p>\n\n<p><a href=\"https:\/\/www.noz.de\/lokales\/hilter\/artikel\/2146827\/wie-connors-mutter-den-achtklaesslern-in-hilter-500-euro-bescherte\">Wie Connors Mutter den Achtkl\u00e4sslern in Hilter einen Geldgewinn bescherte\u00a0 vom 17.10.20<\/a><\/p>\n\n\n<p><\/p>\n\n\n<p><a href=\"https:\/\/www.noz.de\/lokales\/hilter\/artikel\/2172723\/warum-in-der-oberschule-hilter-trotz-lueften-niemand-friert\">Warum in der Oberschule Hilter trotz L\u00fcftens niemand friert\u00a0 vom 25.11.20 <\/a><\/p>","protected":false},"excerpt":{"rendered":"<p>Wie eine schwerh\u00f6rige Sch\u00fclerin die Oberschule Borgloh ver\u00e4ndert hat vom 14.02.2020 Weitere Schulen in der Region Osnabr\u00fcck sagen Skifahrten wegen Corona ab vom 03.03.20 Oberschule Hilter verabschiedet 33 Sch\u00fcler\u00a0 vom\u00a0 28.06.20 Wie Connors Mutter den Achtkl\u00e4sslern in Hilter einen Geldgewinn bescherte\u00a0 vom 17.10.20 Warum in der Oberschule Hilter trotz L\u00fcftens niemand friert\u00a0 vom 25.11.20<\/p>\n","protected":false},"author":9192668,"featured_media":0,"parent":0,"menu_order":0,"comment_status":"closed","ping_status":"closed","template":"","meta":{"_acf_changed":false,"footnotes":""},"class_list":["post-1804","page","type-page","status-publish","hentry"],"acf":[],"_links":{"self":[{"href":"https:\/\/wordpress.nibis.de\/obshilter\/wp-json\/wp\/v2\/pages\/1804","targetHints":{"allow":["GET"]}}],"collection":[{"href":"https:\/\/wordpress.nibis.de\/obshilter\/wp-json\/wp\/v2\/pages"}],"about":[{"href":"https:\/\/wordpress.nibis.de\/obshilter\/wp-json\/wp\/v2\/types\/page"}],"author":[{"embeddable":true,"href":"https:\/\/wordpress.nibis.de\/obshilter\/wp-json\/wp\/v2\/users\/9192668"}],"replies":[{"embeddable":true,"href":"https:\/\/wordpress.nibis.de\/obshilter\/wp-json\/wp\/v2\/comments?post=1804"}],"version-history":[{"count":7,"href":"https:\/\/wordpress.nibis.de\/obshilter\/wp-json\/wp\/v2\/pages\/1804\/revisions"}],"predecessor-version":[{"id":2364,"href":"https:\/\/wordpress.nibis.de\/obshilter\/wp-json\/wp\/v2\/pages\/1804\/revisions\/2364"}],"wp:attachment":[{"href":"https:\/\/wordpress.nibis.de\/obshilter\/wp-json\/wp\/v2\/media?parent=1804"}],"curies":[{"name":"wp","href":"https:\/\/api.w.org\/{rel}","templated":true}]}}