{"id":2050,"date":"2021-03-17T19:20:15","date_gmt":"2021-03-17T18:20:15","guid":{"rendered":"https:\/\/wordpress.nibis.de\/obshilter\/?page_id=2050"},"modified":"2021-03-18T17:32:01","modified_gmt":"2021-03-18T16:32:01","slug":"kontakt-2","status":"publish","type":"page","link":"https:\/\/wordpress.nibis.de\/obshilter\/kontakt-2\/","title":{"rendered":"Kontakt"},"content":{"rendered":"\n<p>Haben Sie noch Fragen? Dann schreiben Sie uns gern eine E-Mail.<\/p>\n\n\n\n<p>Sie erreichen uns unter der folgenden E-Mail-Adresse:<\/p>\n\n\n\n<p><\/p>\n\n\n\n<p>s&#99;&#104;&#x75;&#x65;le&#114;&#46;&#x66;&#x69;rm&#97;&#64;&#x6f;&#x62;s-&#104;&#x69;&#x6c;&#x74;e&#114;&#46;&#x64;&#x65;<\/p>\n\n\n\n<p><\/p>\n\n\n\n<p><\/p>\n\n\n\n<p><\/p>\n\n\n\n<p>Es gr\u00fc\u00dft Sie der Kiosk 2.0 &#8211; die Sch\u00fclerfirma der Oberschule Hilter!<\/p>\n","protected":false},"excerpt":{"rendered":"<p>Haben Sie noch Fragen? Dann schreiben Sie uns gern eine E-Mail. Sie erreichen uns unter der folgenden E-Mail-Adresse: &#115;&#x63;h&#x75;e&#108;&#x65;&#114;&#x2e;f&#105;&#x72;&#109;&#x61;&#64;&#x6f;&#x62;&#115;&#x2d;h&#x69;l&#116;&#x65;&#114;&#x2e;d&#101; Es gr\u00fc\u00dft Sie der Kiosk 2.0 &#8211; die Sch\u00fclerfirma der Oberschule Hilter!<\/p>\n","protected":false},"author":9192668,"featured_media":0,"parent":0,"menu_order":0,"comment_status":"closed","ping_status":"closed","template":"","meta":{"_acf_changed":false,"footnotes":""},"class_list":["post-2050","page","type-page","status-publish","hentry"],"acf":[],"_links":{"self":[{"href":"https:\/\/wordpress.nibis.de\/obshilter\/wp-json\/wp\/v2\/pages\/2050","targetHints":{"allow":["GET"]}}],"collection":[{"href":"https:\/\/wordpress.nibis.de\/obshilter\/wp-json\/wp\/v2\/pages"}],"about":[{"href":"https:\/\/wordpress.nibis.de\/obshilter\/wp-json\/wp\/v2\/types\/page"}],"author":[{"embeddable":true,"href":"https:\/\/wordpress.nibis.de\/obshilter\/wp-json\/wp\/v2\/users\/9192668"}],"replies":[{"embeddable":true,"href":"https:\/\/wordpress.nibis.de\/obshilter\/wp-json\/wp\/v2\/comments?post=2050"}],"version-history":[{"count":5,"href":"https:\/\/wordpress.nibis.de\/obshilter\/wp-json\/wp\/v2\/pages\/2050\/revisions"}],"predecessor-version":[{"id":2084,"href":"https:\/\/wordpress.nibis.de\/obshilter\/wp-json\/wp\/v2\/pages\/2050\/revisions\/2084"}],"wp:attachment":[{"href":"https:\/\/wordpress.nibis.de\/obshilter\/wp-json\/wp\/v2\/media?parent=2050"}],"curies":[{"name":"wp","href":"https:\/\/api.w.org\/{rel}","templated":true}]}}