{"id":2395,"date":"2021-09-28T13:27:26","date_gmt":"2021-09-28T11:27:26","guid":{"rendered":"https:\/\/wordpress.nibis.de\/obshilter\/?page_id=2395"},"modified":"2023-09-26T13:34:20","modified_gmt":"2023-09-26T11:34:20","slug":"aktuelle-berichte","status":"publish","type":"page","link":"https:\/\/wordpress.nibis.de\/obshilter\/aktuelle-berichte\/","title":{"rendered":"Aktuelle Berichte"},"content":{"rendered":"\n\n\n<div class=\"wp-block-query is-layout-flow wp-block-query-is-layout-flow\"><ul class=\"wp-block-post-template is-layout-flow wp-block-post-template-is-layout-flow\"><li class=\"wp-block-post post-6558 post type-post status-publish format-standard has-post-thumbnail hentry category-news-startseite\">\n\n<div class=\"wp-block-columns alignwide is-layout-flex wp-container-core-columns-is-layout-abceabcf wp-block-columns-is-layout-flex\">\n<div class=\"wp-block-column is-layout-flow wp-block-column-is-layout-flow\" style=\"--col-width:66.66%;flex-basis:66.66%\"><figure class=\"wp-block-post-featured-image\"><a href=\"https:\/\/wordpress.nibis.de\/obshilter\/2026\/03\/17\/erste-hilfe-kurs-fuer-schuelerinnen-und-schueler\/\" target=\"_self\"  ><img loading=\"lazy\" decoding=\"async\" width=\"403\" height=\"270\" src=\"https:\/\/wordpress.nibis.de\/obshilter\/files\/2026\/03\/DSC_0113-403x270.jpg\" class=\"attachment-post-thumbnail size-post-thumbnail wp-post-image\" alt=\"Erste-Hilfe-Kurs f\u00fcr Sch\u00fclerinnen und Sch\u00fcler\" style=\"object-fit:cover;\" srcset=\"https:\/\/wordpress.nibis.de\/obshilter\/files\/2026\/03\/DSC_0113-403x270.jpg 403w, https:\/\/wordpress.nibis.de\/obshilter\/files\/2026\/03\/DSC_0113-768x514.jpg 768w, https:\/\/wordpress.nibis.de\/obshilter\/files\/2026\/03\/DSC_0113-100x67.jpg 100w, https:\/\/wordpress.nibis.de\/obshilter\/files\/2026\/03\/DSC_0113-1536x1028.jpg 1536w, https:\/\/wordpress.nibis.de\/obshilter\/files\/2026\/03\/DSC_0113.jpg 1936w\" sizes=\"auto, (max-width: 403px) 100vw, 403px\" \/><\/a><\/figure><\/div>\n\n\n\n<div class=\"wp-block-column is-layout-flow wp-block-column-is-layout-flow\" style=\"--col-width:33.33%;flex-basis:33.33%\"><h2 class=\"tw-mb-auto tw-mt-auto luca_title_excerpt wp-block-post-title has-medium-font-size\"><a href=\"https:\/\/wordpress.nibis.de\/obshilter\/2026\/03\/17\/erste-hilfe-kurs-fuer-schuelerinnen-und-schueler\/\" target=\"_self\" >Erste-Hilfe-Kurs f\u00fcr Sch\u00fclerinnen und Sch\u00fcler<\/a><\/h2>\n\n<div class=\"luca_excerpt wp-block-post-excerpt\"><p class=\"wp-block-post-excerpt__excerpt\">An unserer Schule fand k\u00fcrzlich ein Erste-Hilfe-Kurs f\u00fcr interessierte Sch\u00fcler sowie angehende Schulsanit\u00e4ter statt. <\/p><\/div><\/div>\n<\/div>\n\n<\/li><li class=\"wp-block-post post-6543 post type-post status-publish format-standard has-post-thumbnail hentry category-news-startseite\">\n\n<div class=\"wp-block-columns alignwide is-layout-flex wp-container-core-columns-is-layout-abceabcf wp-block-columns-is-layout-flex\">\n<div class=\"wp-block-column is-layout-flow wp-block-column-is-layout-flow\" style=\"--col-width:66.66%;flex-basis:66.66%\"><figure class=\"wp-block-post-featured-image\"><a href=\"https:\/\/wordpress.nibis.de\/obshilter\/2026\/03\/17\/viele-einblicke-in-die-arbeitswelt-schulberufsmesse-an-der-oberschule-hilter\/\" target=\"_self\"  ><img loading=\"lazy\" decoding=\"async\" width=\"403\" height=\"270\" src=\"https:\/\/wordpress.nibis.de\/obshilter\/files\/2026\/03\/DSC_0164-403x270.jpg\" class=\"attachment-post-thumbnail size-post-thumbnail wp-post-image\" alt=\"Viele Einblicke in die Arbeitswelt \u2013 Schulberufsmesse an der Oberschule Hilter\" style=\"object-fit:cover;\" srcset=\"https:\/\/wordpress.nibis.de\/obshilter\/files\/2026\/03\/DSC_0164-403x270.jpg 403w, https:\/\/wordpress.nibis.de\/obshilter\/files\/2026\/03\/DSC_0164-768x514.jpg 768w, https:\/\/wordpress.nibis.de\/obshilter\/files\/2026\/03\/DSC_0164-100x67.jpg 100w, https:\/\/wordpress.nibis.de\/obshilter\/files\/2026\/03\/DSC_0164-1536x1028.jpg 1536w, https:\/\/wordpress.nibis.de\/obshilter\/files\/2026\/03\/DSC_0164.jpg 1936w\" sizes=\"auto, (max-width: 403px) 100vw, 403px\" \/><\/a><\/figure><\/div>\n\n\n\n<div class=\"wp-block-column is-layout-flow wp-block-column-is-layout-flow\" style=\"--col-width:33.33%;flex-basis:33.33%\"><h2 class=\"tw-mb-auto tw-mt-auto luca_title_excerpt wp-block-post-title has-medium-font-size\"><a href=\"https:\/\/wordpress.nibis.de\/obshilter\/2026\/03\/17\/viele-einblicke-in-die-arbeitswelt-schulberufsmesse-an-der-oberschule-hilter\/\" target=\"_self\" >Viele Einblicke in die Arbeitswelt \u2013 Schulberufsmesse an der Oberschule Hilter<\/a><\/h2>\n\n<div class=\"luca_excerpt wp-block-post-excerpt\"><p class=\"wp-block-post-excerpt__excerpt\">Am 12. M\u00e4rz verwandelte sich die Oberschule Hilter erneut in einen Treffpunkt f\u00fcr Berufsorientierung. <\/p><\/div><\/div>\n<\/div>\n\n<\/li><li class=\"wp-block-post post-6532 post type-post status-publish format-standard has-post-thumbnail hentry category-news-startseite\">\n\n<div class=\"wp-block-columns alignwide is-layout-flex wp-container-core-columns-is-layout-abceabcf wp-block-columns-is-layout-flex\">\n<div class=\"wp-block-column is-layout-flow wp-block-column-is-layout-flow\" style=\"--col-width:66.66%;flex-basis:66.66%\"><figure class=\"wp-block-post-featured-image\"><a href=\"https:\/\/wordpress.nibis.de\/obshilter\/2026\/03\/17\/ueber-100-grundschuelerinnen-schnuppern-an-der-obs-hilter\/\" target=\"_self\"  ><img loading=\"lazy\" decoding=\"async\" width=\"403\" height=\"270\" src=\"https:\/\/wordpress.nibis.de\/obshilter\/files\/2026\/03\/DSC_0115-403x270.jpg\" class=\"attachment-post-thumbnail size-post-thumbnail wp-post-image\" alt=\"\u00dcber 100 Grundsch\u00fcler*innen schnuppern an der OBS Hilter\" style=\"object-fit:cover;\" srcset=\"https:\/\/wordpress.nibis.de\/obshilter\/files\/2026\/03\/DSC_0115-403x270.jpg 403w, https:\/\/wordpress.nibis.de\/obshilter\/files\/2026\/03\/DSC_0115-768x514.jpg 768w, https:\/\/wordpress.nibis.de\/obshilter\/files\/2026\/03\/DSC_0115-100x67.jpg 100w, https:\/\/wordpress.nibis.de\/obshilter\/files\/2026\/03\/DSC_0115-1536x1028.jpg 1536w, https:\/\/wordpress.nibis.de\/obshilter\/files\/2026\/03\/DSC_0115.jpg 1936w\" sizes=\"auto, (max-width: 403px) 100vw, 403px\" \/><\/a><\/figure><\/div>\n\n\n\n<div class=\"wp-block-column is-layout-flow wp-block-column-is-layout-flow\" style=\"--col-width:33.33%;flex-basis:33.33%\"><h2 class=\"tw-mb-auto tw-mt-auto luca_title_excerpt wp-block-post-title has-medium-font-size\"><a href=\"https:\/\/wordpress.nibis.de\/obshilter\/2026\/03\/17\/ueber-100-grundschuelerinnen-schnuppern-an-der-obs-hilter\/\" target=\"_self\" >\u00dcber 100 Grundsch\u00fcler*innen schnuppern an der OBS Hilter<\/a><\/h2>\n\n<div class=\"luca_excerpt wp-block-post-excerpt\"><p class=\"wp-block-post-excerpt__excerpt\">Am 24. und 25. Februar \u00f6ffnete die Oberschule Hilter ihre T\u00fcren f\u00fcr mehr als 100 Grundsch\u00fcler*innen aus der Region. <\/p><\/div><\/div>\n<\/div>\n\n<\/li><li class=\"wp-block-post post-6507 post type-post status-publish format-standard has-post-thumbnail hentry category-news-startseite\">\n\n<div class=\"wp-block-columns alignwide is-layout-flex wp-container-core-columns-is-layout-abceabcf wp-block-columns-is-layout-flex\">\n<div class=\"wp-block-column is-layout-flow wp-block-column-is-layout-flow\" style=\"--col-width:66.66%;flex-basis:66.66%\"><figure class=\"wp-block-post-featured-image\"><a href=\"https:\/\/wordpress.nibis.de\/obshilter\/2026\/03\/10\/fussballturnier-suedkreishelden\/\" target=\"_self\"  ><img loading=\"lazy\" decoding=\"async\" width=\"360\" height=\"270\" src=\"https:\/\/wordpress.nibis.de\/obshilter\/files\/2026\/03\/IMG_8152-360x270.jpg\" class=\"attachment-post-thumbnail size-post-thumbnail wp-post-image\" alt=\"Fu\u00dfballturnier \u201eS\u00fcdkreishelden\u201c\" style=\"object-fit:cover;\" srcset=\"https:\/\/wordpress.nibis.de\/obshilter\/files\/2026\/03\/IMG_8152-360x270.jpg 360w, https:\/\/wordpress.nibis.de\/obshilter\/files\/2026\/03\/IMG_8152-768x576.jpg 768w, https:\/\/wordpress.nibis.de\/obshilter\/files\/2026\/03\/IMG_8152-100x75.jpg 100w, https:\/\/wordpress.nibis.de\/obshilter\/files\/2026\/03\/IMG_8152-1536x1152.jpg 1536w, https:\/\/wordpress.nibis.de\/obshilter\/files\/2026\/03\/IMG_8152.jpg 2016w\" sizes=\"auto, (max-width: 360px) 100vw, 360px\" \/><\/a><\/figure><\/div>\n\n\n\n<div class=\"wp-block-column is-layout-flow wp-block-column-is-layout-flow\" style=\"--col-width:33.33%;flex-basis:33.33%\"><h2 class=\"tw-mb-auto tw-mt-auto luca_title_excerpt wp-block-post-title has-medium-font-size\"><a href=\"https:\/\/wordpress.nibis.de\/obshilter\/2026\/03\/10\/fussballturnier-suedkreishelden\/\" target=\"_self\" >Fu\u00dfballturnier \u201eS\u00fcdkreishelden\u201c<\/a><\/h2>\n\n<div class=\"luca_excerpt wp-block-post-excerpt\"><p class=\"wp-block-post-excerpt__excerpt\">Am 03.03.2026 fuhr eine Fu\u00dfballauswahl unserer OBS zum S\u00fcdkreishelden-Turnier nach Kloster Oesede. \u26bd <\/p><\/div><\/div>\n<\/div>\n\n<\/li><li class=\"wp-block-post post-6501 post type-post status-publish format-standard has-post-thumbnail hentry category-news-startseite\">\n\n<div class=\"wp-block-columns alignwide is-layout-flex wp-container-core-columns-is-layout-abceabcf wp-block-columns-is-layout-flex\">\n<div class=\"wp-block-column is-layout-flow wp-block-column-is-layout-flow\" style=\"--col-width:66.66%;flex-basis:66.66%\"><figure class=\"wp-block-post-featured-image\"><a href=\"https:\/\/wordpress.nibis.de\/obshilter\/2026\/03\/10\/frauenflohmarkt-in-der-obs-hilter-begeistert-besucherinnen\/\" target=\"_self\"  ><img loading=\"lazy\" decoding=\"async\" width=\"360\" height=\"270\" src=\"https:\/\/wordpress.nibis.de\/obshilter\/files\/2026\/03\/20260307_132131-360x270.jpg\" class=\"attachment-post-thumbnail size-post-thumbnail wp-post-image\" alt=\"Frauenflohmarkt in der OBS Hilter begeistert Besucherinnen\" style=\"object-fit:cover;\" srcset=\"https:\/\/wordpress.nibis.de\/obshilter\/files\/2026\/03\/20260307_132131-360x270.jpg 360w, https:\/\/wordpress.nibis.de\/obshilter\/files\/2026\/03\/20260307_132131-768x576.jpg 768w, https:\/\/wordpress.nibis.de\/obshilter\/files\/2026\/03\/20260307_132131-100x75.jpg 100w, https:\/\/wordpress.nibis.de\/obshilter\/files\/2026\/03\/20260307_132131-1536x1152.jpg 1536w, https:\/\/wordpress.nibis.de\/obshilter\/files\/2026\/03\/20260307_132131.jpg 2000w\" sizes=\"auto, (max-width: 360px) 100vw, 360px\" \/><\/a><\/figure><\/div>\n\n\n\n<div class=\"wp-block-column is-layout-flow wp-block-column-is-layout-flow\" style=\"--col-width:33.33%;flex-basis:33.33%\"><h2 class=\"tw-mb-auto tw-mt-auto luca_title_excerpt wp-block-post-title has-medium-font-size\"><a href=\"https:\/\/wordpress.nibis.de\/obshilter\/2026\/03\/10\/frauenflohmarkt-in-der-obs-hilter-begeistert-besucherinnen\/\" target=\"_self\" >Frauenflohmarkt in der OBS Hilter begeistert Besucherinnen<\/a><\/h2>\n\n<div class=\"luca_excerpt wp-block-post-excerpt\"><p class=\"wp-block-post-excerpt__excerpt\">Anl\u00e4sslich des Internationalen Frauentages wurde am 7. M\u00e4rz in der Aula ein Frauenflohmarkt veranstaltet. <\/p><\/div><\/div>\n<\/div>\n\n<\/li><li class=\"wp-block-post post-6415 post type-post status-publish format-standard has-post-thumbnail hentry category-news-startseite\">\n\n<div class=\"wp-block-columns alignwide is-layout-flex wp-container-core-columns-is-layout-abceabcf wp-block-columns-is-layout-flex\">\n<div class=\"wp-block-column is-layout-flow wp-block-column-is-layout-flow\" style=\"--col-width:66.66%;flex-basis:66.66%\"><figure class=\"wp-block-post-featured-image\"><a href=\"https:\/\/wordpress.nibis.de\/obshilter\/2026\/03\/03\/verabschiedung-von-hausmeister-bernhard-meyer-zu-allendorf-ein-verdienter-abschied-nach-vielen-jahren-der-hingabe\/\" target=\"_self\"  ><img loading=\"lazy\" decoding=\"async\" width=\"405\" height=\"270\" src=\"https:\/\/wordpress.nibis.de\/obshilter\/files\/2026\/03\/Bernhard-Abschiedsfeier-13-405x270.jpg\" class=\"attachment-post-thumbnail size-post-thumbnail wp-post-image\" alt=\"Verabschiedung von Hausmeister Bernhard Meyer zu Allendorf\" style=\"object-fit:cover;\" srcset=\"https:\/\/wordpress.nibis.de\/obshilter\/files\/2026\/03\/Bernhard-Abschiedsfeier-13-405x270.jpg 405w, https:\/\/wordpress.nibis.de\/obshilter\/files\/2026\/03\/Bernhard-Abschiedsfeier-13-768x512.jpg 768w, https:\/\/wordpress.nibis.de\/obshilter\/files\/2026\/03\/Bernhard-Abschiedsfeier-13-100x67.jpg 100w, https:\/\/wordpress.nibis.de\/obshilter\/files\/2026\/03\/Bernhard-Abschiedsfeier-13.jpg 1350w\" sizes=\"auto, (max-width: 405px) 100vw, 405px\" \/><\/a><\/figure><\/div>\n\n\n\n<div class=\"wp-block-column is-layout-flow wp-block-column-is-layout-flow\" style=\"--col-width:33.33%;flex-basis:33.33%\"><h2 class=\"tw-mb-auto tw-mt-auto luca_title_excerpt wp-block-post-title has-medium-font-size\"><a href=\"https:\/\/wordpress.nibis.de\/obshilter\/2026\/03\/03\/verabschiedung-von-hausmeister-bernhard-meyer-zu-allendorf-ein-verdienter-abschied-nach-vielen-jahren-der-hingabe\/\" target=\"_self\" >Verabschiedung von Hausmeister Bernhard Meyer zu Allendorf<\/a><\/h2>\n\n<div class=\"luca_excerpt wp-block-post-excerpt\"><p class=\"wp-block-post-excerpt__excerpt\">Im Dezember 2025 verabschiedet sich die Oberschule Hilter von einem ganz besonderen Menschen: Hausmeister Bernhard Meyer zu Allendorf. <\/p><\/div><\/div>\n<\/div>\n\n<\/li><li class=\"wp-block-post post-6381 post type-post status-publish format-standard has-post-thumbnail hentry category-news-startseite\">\n\n<div class=\"wp-block-columns alignwide is-layout-flex wp-container-core-columns-is-layout-abceabcf wp-block-columns-is-layout-flex\">\n<div class=\"wp-block-column is-layout-flow wp-block-column-is-layout-flow\" style=\"--col-width:66.66%;flex-basis:66.66%\"><figure class=\"wp-block-post-featured-image\"><a href=\"https:\/\/wordpress.nibis.de\/obshilter\/2026\/02\/24\/huehnerballturnier-2025-action-teamgeist-und-eine-tobende-sporthalle\/\" target=\"_self\"  ><img loading=\"lazy\" decoding=\"async\" width=\"405\" height=\"270\" src=\"https:\/\/wordpress.nibis.de\/obshilter\/files\/2026\/02\/2026-Huehnerball-48-405x270.jpg\" class=\"attachment-post-thumbnail size-post-thumbnail wp-post-image\" alt=\"H\u00fchnerballturnier 2025 \u2013 Action, Teamgeist und eine tobende Sporthalle\" style=\"object-fit:cover;\" srcset=\"https:\/\/wordpress.nibis.de\/obshilter\/files\/2026\/02\/2026-Huehnerball-48-405x270.jpg 405w, https:\/\/wordpress.nibis.de\/obshilter\/files\/2026\/02\/2026-Huehnerball-48-768x511.jpg 768w, https:\/\/wordpress.nibis.de\/obshilter\/files\/2026\/02\/2026-Huehnerball-48-100x67.jpg 100w, https:\/\/wordpress.nibis.de\/obshilter\/files\/2026\/02\/2026-Huehnerball-48.jpg 1350w\" sizes=\"auto, (max-width: 405px) 100vw, 405px\" \/><\/a><\/figure><\/div>\n\n\n\n<div class=\"wp-block-column is-layout-flow wp-block-column-is-layout-flow\" style=\"--col-width:33.33%;flex-basis:33.33%\"><h2 class=\"tw-mb-auto tw-mt-auto luca_title_excerpt wp-block-post-title has-medium-font-size\"><a href=\"https:\/\/wordpress.nibis.de\/obshilter\/2026\/02\/24\/huehnerballturnier-2025-action-teamgeist-und-eine-tobende-sporthalle\/\" target=\"_self\" >H\u00fchnerballturnier 2025 \u2013 Action, Teamgeist und eine tobende Sporthalle<\/a><\/h2>\n\n<div class=\"luca_excerpt wp-block-post-excerpt\"><p class=\"wp-block-post-excerpt__excerpt\">Am 13.02.2025 verwandelte sich die Sporthalle der Oberschule Hilter in eine echte Wettkampfarena: Das schulinterne H\u00fchnerballturnier stand auf dem Programm! <\/p><\/div><\/div>\n<\/div>\n\n<\/li><li class=\"wp-block-post post-6357 post type-post status-publish format-standard has-post-thumbnail hentry category-news-startseite\">\n\n<div class=\"wp-block-columns alignwide is-layout-flex wp-container-core-columns-is-layout-abceabcf wp-block-columns-is-layout-flex\">\n<div class=\"wp-block-column is-layout-flow wp-block-column-is-layout-flow\" style=\"--col-width:66.66%;flex-basis:66.66%\"><figure class=\"wp-block-post-featured-image\"><a href=\"https:\/\/wordpress.nibis.de\/obshilter\/2026\/02\/24\/der-repair-club\/\" target=\"_self\"  ><img loading=\"lazy\" decoding=\"async\" width=\"403\" height=\"270\" src=\"https:\/\/wordpress.nibis.de\/obshilter\/files\/2026\/02\/1-403x270.jpg\" class=\"attachment-post-thumbnail size-post-thumbnail wp-post-image\" alt=\"Der Repair Club\" style=\"object-fit:cover;\" srcset=\"https:\/\/wordpress.nibis.de\/obshilter\/files\/2026\/02\/1-403x270.jpg 403w, https:\/\/wordpress.nibis.de\/obshilter\/files\/2026\/02\/1-768x514.jpg 768w, https:\/\/wordpress.nibis.de\/obshilter\/files\/2026\/02\/1-100x67.jpg 100w, https:\/\/wordpress.nibis.de\/obshilter\/files\/2026\/02\/1-1536x1028.jpg 1536w, https:\/\/wordpress.nibis.de\/obshilter\/files\/2026\/02\/1.jpg 1936w\" sizes=\"auto, (max-width: 403px) 100vw, 403px\" \/><\/a><\/figure><\/div>\n\n\n\n<div class=\"wp-block-column is-layout-flow wp-block-column-is-layout-flow\" style=\"--col-width:33.33%;flex-basis:33.33%\"><h2 class=\"tw-mb-auto tw-mt-auto luca_title_excerpt wp-block-post-title has-medium-font-size\"><a href=\"https:\/\/wordpress.nibis.de\/obshilter\/2026\/02\/24\/der-repair-club\/\" target=\"_self\" >Der Repair Club<\/a><\/h2>\n\n<div class=\"luca_excerpt wp-block-post-excerpt\"><p class=\"wp-block-post-excerpt__excerpt\">An der Oberschule Hilter gibt es eine besondere Arbeitsgemeinschaft: den Repair Club. <\/p><\/div><\/div>\n<\/div>\n\n<\/li><\/ul>\n\n\n<p><strong><a href=\"https:\/\/wordpress.nibis.de\/obshilter\/archiv\/\">Zum Archiv<\/a><\/strong><\/p>\n<\/div>\n\n\n","protected":false},"excerpt":{"rendered":"","protected":false},"author":9192668,"featured_media":0,"parent":0,"menu_order":0,"comment_status":"closed","ping_status":"closed","template":"","meta":{"_acf_changed":false,"footnotes":""},"class_list":["post-2395","page","type-page","status-publish","hentry"],"acf":[],"_links":{"self":[{"href":"https:\/\/wordpress.nibis.de\/obshilter\/wp-json\/wp\/v2\/pages\/2395","targetHints":{"allow":["GET"]}}],"collection":[{"href":"https:\/\/wordpress.nibis.de\/obshilter\/wp-json\/wp\/v2\/pages"}],"about":[{"href":"https:\/\/wordpress.nibis.de\/obshilter\/wp-json\/wp\/v2\/types\/page"}],"author":[{"embeddable":true,"href":"https:\/\/wordpress.nibis.de\/obshilter\/wp-json\/wp\/v2\/users\/9192668"}],"replies":[{"embeddable":true,"href":"https:\/\/wordpress.nibis.de\/obshilter\/wp-json\/wp\/v2\/comments?post=2395"}],"version-history":[{"count":18,"href":"https:\/\/wordpress.nibis.de\/obshilter\/wp-json\/wp\/v2\/pages\/2395\/revisions"}],"predecessor-version":[{"id":4951,"href":"https:\/\/wordpress.nibis.de\/obshilter\/wp-json\/wp\/v2\/pages\/2395\/revisions\/4951"}],"wp:attachment":[{"href":"https:\/\/wordpress.nibis.de\/obshilter\/wp-json\/wp\/v2\/media?parent=2395"}],"curies":[{"name":"wp","href":"https:\/\/api.w.org\/{rel}","templated":true}]}}