{"id":244,"date":"2019-02-05T14:46:37","date_gmt":"2019-02-05T13:46:37","guid":{"rendered":"http:\/\/wordpress.nibis.de\/obshilter\/?page_id=244"},"modified":"2026-04-08T11:12:44","modified_gmt":"2026-04-08T09:12:44","slug":"termine","status":"publish","type":"page","link":"https:\/\/wordpress.nibis.de\/obshilter\/","title":{"rendered":""},"content":{"rendered":"\n\n<table style=\"border-collapse: collapse;width: 100.119%;height: 155px\">\n<tbody>\n<tr style=\"height: 179px\">\n<td style=\"width: 1.18906%;height: 155px\" colspan=\"3\">\n<h1 style=\"text-align: center\"><strong>Herzlich willkommen<\/strong><\/h1>\n<h3 style=\"text-align: center\"><strong>auf der <\/strong><strong>Homepage der<\/strong><\/h3>\n<h3 style=\"text-align: center\"><strong>Oberschule Hilter in Borgloh!<\/strong><\/h3>\n<table style=\"width: 100%;border-collapse: collapse;border-style: hidden;height: 341px\">\n<tbody>\n<tr style=\"height: 175px\">\n<td style=\"width: 29.3907%;height: 155px\"><a href=\"https:\/\/wordpress.nibis.de\/obshilter\/startklar-fuer-den-beruf-guetesiegelaktion\/\"><img loading=\"lazy\" decoding=\"async\" class=\"aligncenter wp-image-4336 \" src=\"https:\/\/wordpress.nibis.de\/obshilter\/files\/2023\/11\/grafik-removebg-preview.png\" alt=\"\" width=\"415\" height=\"85\" \/><\/a><\/td>\n<td style=\"width: 28.9426%;height: 155px\"><a href=\"https:\/\/wordpress.nibis.de\/obshilter\/startklar-fuer-den-beruf-guetesiegelaktion\/\"><img loading=\"lazy\" decoding=\"async\" class=\"aligncenter wp-image-4335 \" src=\"https:\/\/wordpress.nibis.de\/obshilter\/files\/2023\/11\/grafik-removebg-preview1.png\" alt=\"\" width=\"92\" height=\"92\" \/><\/a><\/td>\n<\/tr>\n<tr style=\"height: 10px\">\n<td style=\"width: 29.3907%;height: 55px\"><a href=\"https:\/\/www.ausbildungsregion-osnabrueck.de\/artikel\/oberschule-hilter-auf-kurs\"><img loading=\"lazy\" decoding=\"async\" class=\"aligncenter wp-image-4337\" src=\"https:\/\/wordpress.nibis.de\/obshilter\/files\/2023\/11\/schuleaufkurs-2.png\" alt=\"\" width=\"154\" height=\"102\" \/><\/a><\/td>\n<td style=\"width: 28.9426%;height: 55px\" data-wp-editing=\"1\"><a href=\"https:\/\/bildungsportal-niedersachsen.de\/europa-internationales\/europa\/europaschule-in-niedersachsen\"><img loading=\"lazy\" decoding=\"async\" class=\"aligncenter wp-image-5724 size-full\" src=\"https:\/\/wordpress.nibis.de\/obshilter\/files\/2025\/10\/NEU_Europaschule_Logo_neu-removebg-preview.png\" alt=\"\" width=\"560\" height=\"189\" \/><\/a><\/td>\n<\/tr>\n<tr style=\"height: 25px\">\n<td style=\"height: 131px;width: 29.3907%\">\n<div class=\"wp-block-image\">\n<div class=\"wp-block-image\"><a href=\"https:\/\/wordpress.nibis.de\/obshilter\/aktuelle-berichte\/\"><img loading=\"lazy\" decoding=\"async\" class=\"wpa-warning wpa-image-missing-alt  aligncenter wp-image-6433\" src=\"https:\/\/wordpress.nibis.de\/obshilter\/files\/2026\/03\/Aktuelle-Berichte.png\" alt=\"bvnm.\u00f6\" width=\"305\" height=\"172\" data-warning=\"Missing alt text\" srcset=\"https:\/\/wordpress.nibis.de\/obshilter\/files\/2026\/03\/Aktuelle-Berichte.png 1920w, https:\/\/wordpress.nibis.de\/obshilter\/files\/2026\/03\/Aktuelle-Berichte-850x478.png 850w, https:\/\/wordpress.nibis.de\/obshilter\/files\/2026\/03\/Aktuelle-Berichte-1200x675.png 1200w, https:\/\/wordpress.nibis.de\/obshilter\/files\/2026\/03\/Aktuelle-Berichte-250x141.png 250w, https:\/\/wordpress.nibis.de\/obshilter\/files\/2026\/03\/Aktuelle-Berichte-768x432.png 768w, https:\/\/wordpress.nibis.de\/obshilter\/files\/2026\/03\/Aktuelle-Berichte-100x56.png 100w, https:\/\/wordpress.nibis.de\/obshilter\/files\/2026\/03\/Aktuelle-Berichte-1536x864.png 1536w, https:\/\/wordpress.nibis.de\/obshilter\/files\/2026\/03\/Aktuelle-Berichte-480x270.png 480w\" sizes=\"auto, (max-width: 305px) 100vw, 305px\" \/><\/a><\/div>\n<\/div>\n<\/td>\n<td style=\"width: 28.9426%;height: 131px\">\n<div class=\"wp-block-image\"><a href=\"https:\/\/wordpress.nibis.de\/obshilter\/termine-2\/\"><img loading=\"lazy\" decoding=\"async\" class=\"wpa-warning wpa-image-missing-alt  aligncenter wp-image-6431\" src=\"https:\/\/wordpress.nibis.de\/obshilter\/files\/2026\/03\/aktuelleTermine.png\" alt=\"fsdfads\" width=\"304\" height=\"171\" data-warning=\"Missing alt text\" srcset=\"https:\/\/wordpress.nibis.de\/obshilter\/files\/2026\/03\/aktuelleTermine.png 1920w, https:\/\/wordpress.nibis.de\/obshilter\/files\/2026\/03\/aktuelleTermine-850x478.png 850w, https:\/\/wordpress.nibis.de\/obshilter\/files\/2026\/03\/aktuelleTermine-1200x675.png 1200w, https:\/\/wordpress.nibis.de\/obshilter\/files\/2026\/03\/aktuelleTermine-250x141.png 250w, https:\/\/wordpress.nibis.de\/obshilter\/files\/2026\/03\/aktuelleTermine-768x432.png 768w, https:\/\/wordpress.nibis.de\/obshilter\/files\/2026\/03\/aktuelleTermine-100x56.png 100w, https:\/\/wordpress.nibis.de\/obshilter\/files\/2026\/03\/aktuelleTermine-1536x864.png 1536w, https:\/\/wordpress.nibis.de\/obshilter\/files\/2026\/03\/aktuelleTermine-480x270.png 480w\" sizes=\"auto, (max-width: 304px) 100vw, 304px\" \/><\/a><\/div>\n<\/td>\n<\/tr>\n<\/tbody>\n<\/table>\n<\/td>\n<\/tr>\n<\/tbody>\n<\/table>\n\n\n<p class=\"has-text-align-center\"><\/p>\n\n\n\n<h3 style=\"text-align: center\"><span style=\"color: #ff0000\"><strong>Aktuelle Informationen<\/strong><\/span><span style=\"color: #ff0000\"><strong>&nbsp;<\/strong><\/span><\/h3>\n<ul>\n<li><strong>Infos zur Anmeldung f\u00fcr den 5. Jahrgang <a href=\"https:\/\/wordpress.nibis.de\/obshilter\/fuer-grundschulen\/\">HIER<\/a><\/strong><\/li>\n<li><strong>Osterbrief der Kultusministerin f\u00fcr Eltern<a href=\"https:\/\/schulnetzmailbe.nibis.de\/file\/5e769160-e2e1-4814-9d81-dfc27b2ddad7\/2026-03-18%20Osterbrief%20Eltern%20und%20Erziehungsberechtigte.pdf\"> HIER<\/a><\/strong><\/li>\n<li><strong>Anleitung der Homepage AG zum Login bei WebUntis <em>\u00fcber iServ<\/em>&nbsp; <a href=\"https:\/\/wordpress.nibis.de\/obshilter\/files\/2024\/12\/Utilmative-anleitung.pdf\">HIER<\/a><\/strong><\/li>\n<li><strong>Informationen zum Schulzweigbezug Jg. 9\/10&nbsp; <a href=\"https:\/\/wordpress.nibis.de\/obshilter\/files\/2024\/04\/Schulzweigbezug-ab-2024.pdf\">HIER<\/a><\/strong><\/li>\n<li><strong>Hier finden Sie eine Anleitung f\u00fcr WebUntis \/ Das digitale Klassenbuch f\u00fcr Eltern <a href=\"https:\/\/www.youtube.com\/watch?v=Z3_Tv070erQ\">HIER<\/a><\/strong><\/li>\n<\/ul>\n\n\n\n<p><\/p>\n\n\n\n<p>\u00a0<\/p>\n<table style=\"border-collapse: collapse;width: 100%\">\n<tbody>\n<tr>\n<td style=\"width: 50%\"><a href=\"https:\/\/p-h-s-druck.eu\/1_86668\"><img loading=\"lazy\" decoding=\"async\" class=\"aligncenter\" src=\"https:\/\/p-h-s-druck.eu\/1_86668\/btn_1_86668.png\" width=\"242\" height=\"213\" \/><\/a><\/td>\n<td style=\"width: 50%\"><a href=\"https:\/\/quamath.de\/fuer-schulen\"><img loading=\"lazy\" decoding=\"async\" class=\"aligncenter wp-image-5682\" src=\"https:\/\/wordpress.nibis.de\/obshilter\/files\/2025\/09\/Quamath-Schule.46.png\" alt=\"\" width=\"339\" height=\"217\" srcset=\"https:\/\/wordpress.nibis.de\/obshilter\/files\/2025\/09\/Quamath-Schule.46.png 982w, https:\/\/wordpress.nibis.de\/obshilter\/files\/2025\/09\/Quamath-Schule.46-768x490.png 768w, https:\/\/wordpress.nibis.de\/obshilter\/files\/2025\/09\/Quamath-Schule.46-423x270.png 423w\" sizes=\"auto, (max-width: 339px) 100vw, 339px\" \/><\/a><\/td>\n<\/tr>\n<\/tbody>\n<\/table>\n","protected":false},"excerpt":{"rendered":"<p>Herzlich willkommen auf der Homepage der Oberschule Hilter in Borgloh! Aktuelle Informationen&nbsp; Infos zur Anmeldung f\u00fcr den 5. Jahrgang HIER Osterbrief der Kultusministerin f\u00fcr Eltern HIER Anleitung der Homepage AG zum Login bei WebUntis \u00fcber iServ&nbsp; HIER Informationen zum Schulzweigbezug Jg. 9\/10&nbsp; HIER Hier finden Sie eine Anleitung f\u00fcr WebUntis \/ Das digitale Klassenbuch f\u00fcr Eltern HIER \u00a0<\/p>\n","protected":false},"author":9192668,"featured_media":0,"parent":0,"menu_order":0,"comment_status":"closed","ping_status":"closed","template":"","meta":{"_acf_changed":false,"footnotes":""},"class_list":["post-244","page","type-page","status-publish","hentry"],"acf":[],"_links":{"self":[{"href":"https:\/\/wordpress.nibis.de\/obshilter\/wp-json\/wp\/v2\/pages\/244","targetHints":{"allow":["GET"]}}],"collection":[{"href":"https:\/\/wordpress.nibis.de\/obshilter\/wp-json\/wp\/v2\/pages"}],"about":[{"href":"https:\/\/wordpress.nibis.de\/obshilter\/wp-json\/wp\/v2\/types\/page"}],"author":[{"embeddable":true,"href":"https:\/\/wordpress.nibis.de\/obshilter\/wp-json\/wp\/v2\/users\/9192668"}],"replies":[{"embeddable":true,"href":"https:\/\/wordpress.nibis.de\/obshilter\/wp-json\/wp\/v2\/comments?post=244"}],"version-history":[{"count":745,"href":"https:\/\/wordpress.nibis.de\/obshilter\/wp-json\/wp\/v2\/pages\/244\/revisions"}],"predecessor-version":[{"id":6594,"href":"https:\/\/wordpress.nibis.de\/obshilter\/wp-json\/wp\/v2\/pages\/244\/revisions\/6594"}],"wp:attachment":[{"href":"https:\/\/wordpress.nibis.de\/obshilter\/wp-json\/wp\/v2\/media?parent=244"}],"curies":[{"name":"wp","href":"https:\/\/api.w.org\/{rel}","templated":true}]}}