{"id":2458,"date":"2021-09-29T16:41:12","date_gmt":"2021-09-29T14:41:12","guid":{"rendered":"https:\/\/wordpress.nibis.de\/obshilter\/?page_id=2458"},"modified":"2025-12-04T10:15:28","modified_gmt":"2025-12-04T09:15:28","slug":"faqs","status":"publish","type":"page","link":"https:\/\/wordpress.nibis.de\/obshilter\/faqs\/","title":{"rendered":"FAQ&#8217;s iPad"},"content":{"rendered":"<table style=\"width: 99.6429%;height: 4615px\">\n<tbody>\n<tr style=\"height: 27px\">\n<td style=\"width: 26.4286%;height: 27px\" width=\"165\"><strong>Frage <\/strong><\/td>\n<td style=\"width: 72.619%;height: 27px\" width=\"453\"><strong>Antwort<\/strong><\/td>\n<\/tr>\n<tr style=\"height: 74px\">\n<td style=\"width: 26.4286%;height: 74px\" width=\"165\">Ist die Anschaffung des iPads verpflichtend?<\/td>\n<td style=\"width: 72.619%;height: 74px\" width=\"453\">Ja, in Jahrgang 8 ist die Anschaffung von iPads nach einem Beschluss des Schulvorstands und der Gesamtkonferenz verpflichtend. Diese werden als Unterrichtsmittel neben Schulb\u00fcchern etc. eingesetzt.<\/td>\n<\/tr>\n<tr style=\"height: 50px\">\n<td style=\"width: 26.4286%;height: 50px\" width=\"165\">Welches iPad wird angeschafft?<\/td>\n<td style=\"width: 72.619%;height: 50px\" width=\"453\">Angeschafft wird das iPad Mod. Apple iPad 11&#8243; WiFi 128 GB (2025)<\/td>\n<\/tr>\n<tr style=\"height: 299px\">\n<td style=\"width: 26.4286%;height: 299px\" width=\"165\">Warum kein \u201eBring Your Own Device\u201c?<\/td>\n<td style=\"width: 72.619%;height: 299px\" width=\"453\">Stellen Sie sich folgendes Szenario vor: Im Englischunterricht bringt jeder Sch\u00fcler* irgendein Englischbuch mit. Es wird ja das Fach Englisch gelernt. Der Lehrer m\u00fcsste nun 25 verschiedene B\u00fccher sichten und alle Sch\u00fcler*innen auf einen Stand bringen.\n<p>Kurz gesagt: Das ist nicht leistbar!<\/p>\n<p>Es muss gew\u00e4hrleistet sein, dass auf den Ger\u00e4ten dieselben aktualisierten Apps installiert sind, die Ger\u00e4te geladen sind und die Firmware aktuell ist.<\/p>\n<\/td>\n<\/tr>\n<tr style=\"height: 257px\">\n<td style=\"width: 26.4286%;height: 257px\" width=\"165\">Sind 128 GB als Speicher ausreichend?<\/td>\n<td style=\"width: 72.619%;height: 257px\" width=\"453\">Ja, da die Sch\u00fcler*innen im Unterricht einen Cloud-Speicher von 200 GB nutzen k\u00f6nnen und ihnen zus\u00e4tzlich das IServ-System mit weiterem Speicherplatz zur Verf\u00fcgung steht.\n<p>Sollte dennoch einmal der Speicher aufgrund zahlreicher Fotos und Videos belegt sein, so besteht die M\u00f6glichkeit, diese durch eine Datensicherung am Heim-PC zu entfernen und somit wieder Platz auf dem iPad zu schaffen.<\/p>\n<\/td>\n<\/tr>\n<tr style=\"height: 614px\">\n<td style=\"width: 26.4286%;height: 614px\" width=\"165\">Warum iPads von Apple?<\/td>\n<td style=\"width: 72.619%;height: 614px\" width=\"453\">Folgende Gr\u00fcnde sprechen f\u00fcr die Auswahl von iPads:\n<p>\u2022 Gro\u00dfer Funktionsumfang und gro\u00dfe Kompatibilit\u00e4t<\/p>\n<p>\u2022 Hoher Sicherheitsstandard<\/p>\n<p>\u2022 Leichte und intuitive Bedienung<\/p>\n<p>\u2022 langfristige Versorgung mit Sicherheitsupdates und Updates<\/p>\n<p>\u2022 Hoher Datenschutzstandard, vor allem gegen\u00fcber App-Anbietern<\/p>\n<p>\u2022 Stabiles, fl\u00fcssiges und zuverl\u00e4ssiges Betriebssystem \u2013 auch bei bereits \u00fcber f\u00fcnf Jahre alten Ger\u00e4ten<\/p>\n<p>\u2022 Lange Akkulaufzeit<\/p>\n<p>\u2022 Gro\u00dfes Angebot vieler schulischer Apps<\/p>\n<p>\u2022 einfache und zuverl\u00e4ssige Steuerung der iPads f\u00fcr Updates, aber auch in Unterrichtssituationen oder in Klassenarbeiten<\/p>\n<\/td>\n<\/tr>\n<tr style=\"height: 479px\">\n<td style=\"width: 26.4286%;height: 479px\" width=\"165\">Warum werden die iPads \u00fcber einen speziellen H\u00e4ndler bezogen?<\/td>\n<td style=\"width: 72.619%;height: 479px\" width=\"453\">Sie beziehen die Ger\u00e4te direkt \u00fcber die Converge Technology Solutions GmbH, welche sich auf die digitale Ausstattung von Schulen spezialisiert hat.\n<p>Die Beziehung der iPads \u00fcber diesen Vertriebspartner ist deswegen von entscheidender Bedeutung, weil die Ger\u00e4te MDM-f\u00e4hig und DEP-f\u00e4hig sein m\u00fcssen. Dies bedeutet, dass sie sich zentral von der Schule administrieren lassen m\u00fcssen. (Dies ist bei frei gekauften Ger\u00e4ten nicht der Fall.) Zudem werden die iPads vom H\u00e4ndler f\u00fcr die Schuladministration angemeldet.<\/p>\n<p>In Ausnahmef\u00e4llen kann auch ein selbst gekauftes iPad genutzt werden. F\u00fcr den erheblichen Mehraufwand f\u00fcr das Einbinden in unsere MDM-Verwaltung entstehen dann zus\u00e4tzliche Kosten im Rahmen von ca. 30 \u20ac, die Sie selbst tragen m\u00fcssen. Das iPad wird w\u00e4hrend des Vorgangs komplett zur\u00fcckgesetzt.<\/p>\n<\/td>\n<\/tr>\n<tr style=\"height: 50px\">\n<td style=\"width: 26.4286%;height: 50px\" width=\"165\">Ist ein Ratenkauf m\u00f6glich?<\/td>\n<td style=\"width: 72.619%;height: 50px\" width=\"453\">Ja. \u00dcber die Bestellseite der Converge Technology Solutions GmbH kann das iPad \u00fcber drei Jahre finanziert werden.<\/td>\n<\/tr>\n<tr style=\"height: 97px\">\n<td style=\"width: 26.4286%;height: 97px\" width=\"165\">Warum werden die iPads \u00fcber die Schule verwaltet?<\/td>\n<td style=\"width: 72.619%;height: 97px\" width=\"453\">Die Administration erfolgt \u00fcber die Schule, damit sichergestellt ist, dass die Ger\u00e4te mit den erforderlichen Apps best\u00fcckt sind, diese auf dem aktuellen Stand gehalten werden und die Lehrkr\u00e4fte f\u00fcr den Unterricht den Zugriff auf Apps erlauben oder sperren k\u00f6nnen.<\/td>\n<\/tr>\n<tr style=\"height: 50px\">\n<td style=\"width: 26.4286%;height: 50px\" width=\"165\">Wem geh\u00f6rt das iPad?<\/td>\n<td style=\"width: 72.619%;height: 50px\" width=\"453\">Auch wenn Sie das iPad \u00fcber die Schule bzw. die Converge Technology Solutions GmbH kaufen, geh\u00f6rt es nat\u00fcrlich Ihnen und es kann auch privat genutzt werden.<\/td>\n<\/tr>\n<tr style=\"height: 317px\">\n<td style=\"width: 26.4286%;height: 317px\" width=\"165\">Warum wird das iPad nicht zu Beginn der 5. Klasse eingef\u00fchrt?<\/td>\n<td style=\"width: 72.619%;height: 317px\" width=\"453\">Nach dem Wechsel von der Grundschule soll Ihr Kind erst einmal in der neuen Umgebung ankommen.\n<p>In den ersten beiden Jahren stehen IServ und Office-Anwendungen im Vordergrund Zudem steht in den unteren Jahrg\u00e4ngen die weitere Ein\u00fcbung und Verbesserung der Handschrift im Vordergrund.<\/p>\n<p>In den Jahrg\u00e4ngen 5 und 6 k\u00f6nnen die Sch\u00fcler auf iPad-Klassens\u00e4tze zur\u00fcckgreifen, die regelm\u00e4\u00dfig im Unterricht genutzt werden.<\/p>\n<\/td>\n<\/tr>\n<tr style=\"height: 50px\">\n<td style=\"width: 26.4286%;height: 50px\" width=\"165\">Muss ein iPad versichert werden?<\/td>\n<td style=\"width: 72.619%;height: 50px\" width=\"453\">Die Entscheidung m\u00fcssen Sie selber treffen. Wir empfehlen, eine Versicherung f\u00fcr Bruch, Diebstahl etc. abzuschlie\u00dfen.<\/td>\n<\/tr>\n<tr style=\"height: 74px\">\n<td style=\"width: 26.4286%;height: 74px\" width=\"165\">Sollte auch eine Tastatur oder ein Stift angeschafft werden?<\/td>\n<td style=\"width: 72.619%;height: 74px\" width=\"453\">Die Entscheidung m\u00fcssen Sie selber treffen. Beide Ger\u00e4te bieten Vorteile f\u00fcr die Nutzung im Unterricht. Einen Stift empfehlen wir!!<\/td>\n<\/tr>\n<tr style=\"height: 74px\">\n<td style=\"width: 26.4286%;height: 74px\" width=\"165\">Welche Apps sind auf dem iPad und was kosten diese?<\/td>\n<td style=\"width: 72.619%;height: 74px\" width=\"453\">Auf dem iPad sind verschiedene Apps durch die Schule vorinstalliert. Dazu geh\u00f6ren zum Beispiel Notability, Keynote, IServ und weitere Apps f\u00fcr verschiedene F\u00e4cher. Die vorinstallierten Apps sind f\u00fcr Sie kostenfrei.<\/td>\n<\/tr>\n<tr style=\"height: 74px\">\n<td style=\"width: 26.4286%;height: 74px\" width=\"165\">Werden die iPads in jeder Stunde eingesetzt?<\/td>\n<td style=\"width: 72.619%;height: 74px\" width=\"453\">Nein. Die iPads werden dann eingesetzt, wenn es\u00a0didaktisch sinnvoll ist. Die Sch\u00fcler*Innen sollen auch weiterhin regelm\u00e4\u00dfig handschriftlich arbeiten und es geht nicht darum, jede Stunde komplett mit iPads \u201ezu f\u00fcllen.\u201c<\/td>\n<\/tr>\n<tr style=\"height: 391px\">\n<td style=\"width: 26.4286%;height: 391px\" width=\"165\">Sieht die Schule alles, was mein Kind auf dem iPad macht?<\/td>\n<td style=\"width: 72.619%;height: 391px\" width=\"453\">Nein!\n<p>Befindet sich Ihr Kind in Bluetooth-Reichweite zu einem Lehrerger\u00e4t (gleicher Raum), so ist es m\u00f6glich, den <u>aktuellen <\/u>Bildschirm des Sch\u00fclerger\u00e4tes einzusehen.<\/p>\n<p>Auf dem betroffenen Ger\u00e4t wird ein blaues Symbol angezeigt, welches die betroffenen Sch\u00fclerinnen und Sch\u00fcler von der Einsichtnahme informiert. Sobald dieses Symbol nicht mehr angezeigt wird, wird der Bildschirminhalt auch nicht mehr auf dem Lehrerger\u00e4t angezeigt und erst recht nicht gespeichert.<\/p>\n<\/td>\n<\/tr>\n<tr style=\"height: 353px\">\n<td style=\"width: 26.4286%;height: 353px\" width=\"165\">ASM, DEP, MDM, VPP, Jamf?<\/td>\n<td style=\"width: 72.619%;height: 353px\" width=\"453\"><strong>ASM<\/strong>: Apple School Manager; <strong>Plattform<\/strong> von Apple f\u00fcr Schulen <strong>mit integrierter Ger\u00e4te- und App-Verwaltung<\/strong>\n<p><strong>DEP<\/strong>: Device-Enrollment-Programm; <strong>Ger\u00e4teverwaltung<\/strong><\/p>\n<p><strong>MDM: Mobile Device Management; Mobilger\u00e4teverwaltung<\/strong><\/p>\n<p><strong>VPP<\/strong>: Volume Purchase Program; <strong>App-Verwaltung<\/strong><\/p>\n<p><strong>Jamf School: Auf den Bildungsbereich fokussierte Apple-Verwaltungsl\u00f6sung<\/strong><\/p>\n<\/td>\n<\/tr>\n<tr style=\"height: 169px\">\n<td style=\"width: 26.4286%;height: 169px\" width=\"165\">Werden die iPads in der Schule gegen Diebstahl gesichert?<\/td>\n<td style=\"width: 72.619%;height: 169px\" width=\"453\">Zur sicheren Verwahrung au\u00dferhalb des Unterrichts (Pausen etc.) sind die Klassenr\u00e4ume abgeschlossen.\n<p>Generell sind aber die Sch\u00fcler*innen selbst f\u00fcr die iPads verantwortlich.<\/p>\n<\/td>\n<\/tr>\n<tr style=\"height: 144px\">\n<td style=\"width: 26.4286%;height: 144px\" width=\"165\">Welche Rolle \u00fcbernehmen die Eltern?<\/td>\n<td style=\"width: 72.619%;height: 144px\" width=\"453\">Bleiben Sie mit Ihren Kindern \u00fcber die Anwendung des Ger\u00e4tes im Gespr\u00e4ch. Lassen Sie sich Anwendungen zeigen, die in der Schule gelernt wurden und die das Kind in der Freizeit am Ger\u00e4t ausf\u00fchrt. Werten Sie gemeinsam die Bildschirmzeit des Ger\u00e4tes aus und thematisieren Sie im Sinne einer nachhaltigen Medienerziehung Gefahren im Internet. Verstehen Sie sich als Vorbild in der Mediennutzung.<\/td>\n<\/tr>\n<tr style=\"height: 414px\">\n<td style=\"width: 26.4286%;height: 414px\" width=\"165\">Wie verl\u00e4uft der Bestellvorgang der iPads?<\/td>\n<td style=\"width: 72.619%;height: 414px\" width=\"453\">Zum Ende des ersten Halbjahres in Jhg. 7 gibt es einen Elternabend zum Thema iPads mit allen relevanten Informationen.\n<p>Zu Beginn der Bestellfrist (ca. Februar) bekommen Sie einen Elternbrief mit einer Internetadresse der Converge Technology Solutions GmbH und einem Passwort. Danach haben Sie vier Wochen Zeit, Ihr iPad dort zu bestellen. Sie werden dort schrittweise durch die Bestellung gef\u00fchrt.<\/p>\n<p>Nach Eingang aller Bestellungen bereitet die Converge Technology Solutions GmbH die Bestellung f\u00fcr die schulische Nutzung vor und schickt die iPads an die Schule. Nach einer weiteren Konfigurierung in der Schule bekommen Sie die iPads ca. einen Monat vor den Sommerferien ausgeh\u00e4ndigt.<\/p>\n<\/td>\n<\/tr>\n<tr style=\"height: 214px\">\n<td style=\"width: 26.4286%;height: 214px\" width=\"165\">Was ist eine Apple-ID?<\/td>\n<td style=\"width: 72.619%;height: 214px\" width=\"453\">Eine Apple-ID entspricht einem Benutzerkonto bei Apple. Sie wird in der Regel \u00fcber eine g\u00fcltige E-Mail-Adresse gebildet. Mit der Apple-ID k\u00f6nnen kostenfreie oder kostenpflichtige Apps im \u201eApp Store\u201c heruntergeladen werden. Die Schule erstellt f\u00fcr jedes Kind eine Apple-ID und verwaltet diese. Sie gew\u00e4hrleistet die Funktionsf\u00e4higkeit aller f\u00fcr die Schule relevanten Apps. Verwaltete Apple-IDs dienen rein p\u00e4dagogischen Zielen. Der Account geh\u00f6rt der Schule. Damit die Sch\u00fclerinnen und Sch\u00fcler beim Lernen nicht abgelenkt werden, sind bestimmte Dinge f\u00fcr verwaltete Apple-IDs nicht m\u00f6glich bzw. deaktiviert (z. B. die Nutzung des App-Stores).<\/td>\n<\/tr>\n<tr style=\"height: 266px\">\n<td style=\"width: 26.4286%;height: 266px\" width=\"165\">Wird es noch Schulb\u00fccher geben?<\/td>\n<td style=\"width: 72.619%;height: 266px\" width=\"453\">Aktuell werden in einigen Nebenf\u00e4chern im Jhg. 8 schon digitale Schulb\u00fccher eingesetzt.\n<p>Bisher gibt es von den Schulbuchverlagen jedoch nicht alle B\u00fccher in digitaler Form. In den n\u00e4chsten Jahren wird sich das Angebot jedoch deutlich verbessern, sodass die Schulb\u00fccher nach und nach digital zur Verf\u00fcgung stehen werden und die Schultasche dadurch \u201eentlastet\u201c wird.<\/p>\n<\/td>\n<\/tr>\n<tr style=\"height: 27px\">\n<td style=\"width: 26.4286%;height: 27px\" width=\"165\">Stand:<\/td>\n<td style=\"width: 72.619%;height: 27px\" width=\"453\">10\/25<\/td>\n<\/tr>\n<\/tbody>\n<\/table>\n\n\n<p><\/p>\n\n\n\n<pre class=\"wp-block-preformatted has-small-font-size\">Vielen Dank an die Domschule Osnabr\u00fcck, von der wir einige FAQs \u00fcbernehmen durften.<\/pre>\n","protected":false},"excerpt":{"rendered":"<p>Frage Antwort Ist die Anschaffung des iPads verpflichtend? Ja, in Jahrgang 8 ist die Anschaffung von iPads nach einem Beschluss des Schulvorstands und der Gesamtkonferenz verpflichtend. Diese werden als Unterrichtsmittel neben Schulb\u00fcchern etc. eingesetzt. Welches iPad wird angeschafft? Angeschafft wird das iPad Mod. Apple iPad 11&#8243; WiFi 128 GB (2025) Warum kein \u201eBring Your Own Device\u201c? Stellen Sie sich folgendes Szenario vor: Im Englischunterricht bringt jeder Sch\u00fcler* irgendein Englischbuch mit. Es wird ja das Fach Englisch gelernt. Der Lehrer m\u00fcsste&#8230;<\/p>\n<p class=\"read-more\"><a class=\"btn btn-default\" href=\"https:\/\/wordpress.nibis.de\/obshilter\/faqs\/\">Weiterlesen<span class=\"screen-reader-text\"> Weiterlesen<\/span><\/a><\/p>\n","protected":false},"author":9192668,"featured_media":0,"parent":0,"menu_order":0,"comment_status":"closed","ping_status":"closed","template":"","meta":{"_acf_changed":false,"footnotes":""},"class_list":["post-2458","page","type-page","status-publish","hentry"],"acf":[],"_links":{"self":[{"href":"https:\/\/wordpress.nibis.de\/obshilter\/wp-json\/wp\/v2\/pages\/2458","targetHints":{"allow":["GET"]}}],"collection":[{"href":"https:\/\/wordpress.nibis.de\/obshilter\/wp-json\/wp\/v2\/pages"}],"about":[{"href":"https:\/\/wordpress.nibis.de\/obshilter\/wp-json\/wp\/v2\/types\/page"}],"author":[{"embeddable":true,"href":"https:\/\/wordpress.nibis.de\/obshilter\/wp-json\/wp\/v2\/users\/9192668"}],"replies":[{"embeddable":true,"href":"https:\/\/wordpress.nibis.de\/obshilter\/wp-json\/wp\/v2\/comments?post=2458"}],"version-history":[{"count":25,"href":"https:\/\/wordpress.nibis.de\/obshilter\/wp-json\/wp\/v2\/pages\/2458\/revisions"}],"predecessor-version":[{"id":5752,"href":"https:\/\/wordpress.nibis.de\/obshilter\/wp-json\/wp\/v2\/pages\/2458\/revisions\/5752"}],"wp:attachment":[{"href":"https:\/\/wordpress.nibis.de\/obshilter\/wp-json\/wp\/v2\/media?parent=2458"}],"curies":[{"name":"wp","href":"https:\/\/api.w.org\/{rel}","templated":true}]}}