{"id":289,"date":"2019-02-06T11:39:14","date_gmt":"2019-02-06T10:39:14","guid":{"rendered":"http:\/\/wordpress.nibis.de\/obshilter\/?page_id=289"},"modified":"2026-04-21T14:18:25","modified_gmt":"2026-04-21T12:18:25","slug":"kollegium","status":"publish","type":"page","link":"https:\/\/wordpress.nibis.de\/obshilter\/kollegium\/","title":{"rendered":"Kollegium"},"content":{"rendered":"<div class=\"wp-block-image is-style-tw-rounded-corners\">\n<figure class=\"aligncenter size-large\"><img loading=\"lazy\" decoding=\"async\" width=\"1200\" height=\"675\" src=\"https:\/\/wordpress.nibis.de\/obshilter\/files\/2025\/09\/klein-1200x675.jpg\" alt=\"\" class=\"wp-image-5562\" srcset=\"https:\/\/wordpress.nibis.de\/obshilter\/files\/2025\/09\/klein-1200x675.jpg 1200w, https:\/\/wordpress.nibis.de\/obshilter\/files\/2025\/09\/klein-850x478.jpg 850w, https:\/\/wordpress.nibis.de\/obshilter\/files\/2025\/09\/klein-250x141.jpg 250w\" sizes=\"auto, (max-width: 1200px) 100vw, 1200px\" \/><figcaption class=\"wp-element-caption\">Kollegium 2025\/26<\/figcaption><\/figure>\n<\/div>\n\n\n<figure class=\"wp-block-table\">\n<table class=\"has-fixed-layout\" style=\"width: 100%\"><colgroup> <col style=\"width: 35%\" \/> <col style=\"width: 55%\" \/> <col style=\"width: 10%\" \/> <\/colgroup>\n<tbody>\n<tr>\n<td><strong>Name<\/strong><\/td>\n<td class=\"has-text-align-left\"><strong>F\u00e4cher\/ Aufgabe<\/strong><\/td>\n<td><strong>K\u00fcrzel<\/strong><\/td>\n<\/tr>\n<tr>\n<td>Frau Haehnel <em><strong>Schulleiterin<\/strong><\/em><\/td>\n<td class=\"has-text-align-left\">En, GSW, Ku, <em><strong>Steuergruppe<\/strong><\/em>, <strong><em>Schulvorstand<\/em><\/strong><\/td>\n<td>Hn<\/td>\n<\/tr>\n<tr>\n<td>Frau Frankenberg <strong><em>Konrektorin<\/em><\/strong><\/td>\n<td class=\"has-text-align-left\">Ma, Ku\/We<\/td>\n<td>Fr<\/td>\n<\/tr>\n<tr>\n<td>Frau Anderssohn<\/td>\n<td class=\"has-text-align-left\">Bio, Ch, En, <em><strong>FK Bio\/Ch<\/strong><\/em><\/td>\n<td>An<\/td>\n<\/tr>\n<tr>\n<td>Frau B\u00fcltmann<\/td>\n<td class=\"has-text-align-left\">De, ev Rel, <strong><em>Beratung<\/em><\/strong>, <strong><em>Schulvorstand<\/em><\/strong><\/td>\n<td>B\u00fc<\/td>\n<\/tr>\n<tr>\n<td>Frau Brinkmeyer<\/td>\n<td class=\"has-text-align-left\">De, Sp, Inklusion, <strong><em>Sonderp\u00e4dagogik, Steuergruppe<\/em><\/strong><\/td>\n<td>Br<\/td>\n<\/tr>\n<tr>\n<td>Frau Conrad<\/td>\n<td class=\"has-text-align-left\">P\u00e4dagogische Fachkraft\/ Erzieherin<\/td>\n<td>Co<\/td>\n<\/tr>\n<tr>\n<td>Herr Dresing<\/td>\n<td class=\"has-text-align-left\">Ma, Ph, Bio, Inf, <strong><em>Sicherheit<\/em><\/strong><\/td>\n<td>Dr<\/td>\n<\/tr>\n<tr>\n<td>Frau Ehrenbrink<\/td>\n<td class=\"has-text-align-left\">De, Rel, <em><strong>FK Religion<\/strong><\/em><\/td>\n<td>Eh<\/td>\n<\/tr>\n<tr>\n<td>Frau Frintrop<\/td>\n<td class=\"has-text-align-left\">De, GSW, <strong><em>FK GSW<\/em><\/strong><\/td>\n<td>Fp<\/td>\n<\/tr>\n<tr>\n<td>Frau Graf<\/td>\n<td class=\"has-text-align-left\"><strong>Schulsozialarbeit<\/strong><\/td>\n<td>Gr<\/td>\n<\/tr>\n<tr>\n<td>Herr Gering<\/td>\n<td class=\"has-text-align-left\">De, Sp<\/td>\n<td>Ge<\/td>\n<\/tr>\n<tr>\n<td>Frau Habeck<\/td>\n<td class=\"has-text-align-left\">GSW, WN, De, <strong><em>FK De<\/em><\/strong><\/td>\n<td>Hb<\/td>\n<\/tr>\n<tr>\n<td>Frau Hinrichs<\/td>\n<td class=\"has-text-align-left\">Fr, GSW, <strong><em>FK Fr<\/em><\/strong><\/td>\n<td>Hi<\/td>\n<\/tr>\n<tr>\n<td>Frau Jahns<\/td>\n<td class=\"has-text-align-left\">De, Mu, <strong><em>SV<\/em><\/strong>, <em><strong>FK Mu<\/strong><\/em><\/td>\n<td>Ja<\/td>\n<\/tr>\n<tr>\n<td>Frau Kahmann<\/td>\n<td class=\"has-text-align-left\">GSW, Reli<\/td>\n<td>Ka<\/td>\n<\/tr>\n<tr>\n<td>Frau Kleine-Sch\u00f6nepauck<\/td>\n<td class=\"has-text-align-left\">En, De, <strong><em>SV<\/em><\/strong>, <strong>DAZ<\/strong><\/td>\n<td>Ks<\/td>\n<\/tr>\n<tr>\n<td>Frau Kuper<\/td>\n<td class=\"has-text-align-left\">En, Sp, <strong><em>FK En<\/em><\/strong>, <strong>Schulsanit\u00e4ter<\/strong><\/td>\n<td>Ku<\/td>\n<\/tr>\n<tr>\n<td>Frau Laing<\/td>\n<td class=\"has-text-align-left\">Fr (Abordnung)<\/td>\n<td>La<\/td>\n<\/tr>\n<tr>\n<td>Frau Leweke<\/td>\n<td class=\"has-text-align-left\">De, kRel, <em><strong>Personalrat<\/strong><\/em>, <strong><em>Schulvorstand<\/em><\/strong><\/td>\n<td>Le<\/td>\n<\/tr>\n<tr>\n<td>Frau Luttmann<\/td>\n<td class=\"has-text-align-left\">De, kRel, Inklusion, <strong>Sonderp\u00e4dagogik<\/strong><\/td>\n<td>Lu<\/td>\n<\/tr>\n<tr>\n<td>Herr Matzat<\/td>\n<td class=\"has-text-align-left\">Ma, Ph, <strong><em>Schulvorstand<\/em><\/strong><\/td>\n<td>Mz<\/td>\n<\/tr>\n<tr>\n<td>Herr Meinen<\/td>\n<td class=\"has-text-align-left\">De, GSW, Inf, <em><strong>PC\/I-Serv\/Internet<\/strong><\/em>, <strong><em>FK Inf<\/em><\/strong>, <strong><em>Datenschutzbeauftragter, Steuergruppe<\/em><\/strong><\/td>\n<td>Mn<\/td>\n<\/tr>\n<tr>\n<td>Herr Niebuhr<\/td>\n<td class=\"has-text-align-left\">En, Wi, HW, GSW, <em><strong>BO<\/strong><\/em>, <strong><em>FK Wi<\/em><\/strong><\/td>\n<td>Nb<\/td>\n<\/tr>\n<tr>\n<td>Herr Oswald<\/td>\n<td class=\"has-text-align-left\">Ma, Ph, Tc, <strong><em>FK Tc, FK Ph<\/em><\/strong><\/td>\n<td>Os<\/td>\n<\/tr>\n<tr>\n<td>Herr R\u00f6wekamp<\/td>\n<td class=\"has-text-align-left\">De, Sp, GSW, <em><strong>FK Sp<\/strong><\/em>, <strong><em>iPads<\/em><\/strong>, <strong>Homepage<\/strong>, <strong><em>Steuergruppe<\/em><\/strong><\/td>\n<td>R\u00f6<\/td>\n<\/tr>\n<tr>\n<td>Frau Rutenkr\u00f6ger<\/td>\n<td class=\"has-text-align-left\">De, kRel, We\/Tc, <em><strong>Personalrat<\/strong><\/em><\/td>\n<td>Ru<\/td>\n<\/tr>\n<tr>\n<td>Frau Sandmann<\/td>\n<td class=\"has-text-align-left\">De, WN, <strong><em>Gleichstellungsbeauftragte<\/em><\/strong><\/td>\n<td>Sd<\/td>\n<\/tr>\n<tr>\n<td>Frau Schlangen<\/td>\n<td class=\"has-text-align-left\">De, Ku, <strong><em>FK Ku<\/em><\/strong><\/td>\n<td>Sg<\/td>\n<\/tr>\n<tr>\n<td>Frau Sch\u00f6nhoff<\/td>\n<td class=\"has-text-align-left\">De, Bio, Ch<\/td>\n<td>Sh<\/td>\n<\/tr>\n<tr>\n<td>Frau Thein<\/td>\n<td class=\"has-text-align-left\">De, evRel, Bio, GSW, Wi, <strong>Schulvorstand<\/strong><\/td>\n<td>Th<\/td>\n<\/tr>\n<tr>\n<td>Frau Uhlenhake<\/td>\n<td class=\"has-text-align-left\">Ma, De, <strong><em>Kiosk<\/em><\/strong>, <em><strong>Personalrat<\/strong><\/em>, <em><strong>FK Ma<\/strong><\/em><\/td>\n<td>Uh<\/td>\n<\/tr>\n<tr>\n<td>Herr Uhlig<\/td>\n<td class=\"has-text-align-left\">En, GSW, <strong><em>Steuergruppe<\/em><\/strong><\/td>\n<td>Ul<\/td>\n<\/tr>\n<tr>\n<td>Frau \u00dcnal<\/td>\n<td class=\"has-text-align-left\">Fr, Ku (Abordnung)<\/td>\n<td>\u00dcn<\/td>\n<\/tr>\n<tr>\n<td>Frau Wachhorst<\/td>\n<td class=\"has-text-align-left\">Ma, We\/Tc<\/td>\n<td>Wr<\/td>\n<\/tr>\n<tr>\n<td>Frau Westerhaus<\/td>\n<td class=\"has-text-align-left\">En, GSW, <strong><em>Sch\u00fclerlotsen<\/em><\/strong><\/td>\n<td>Wh<\/td>\n<\/tr>\n<tr>\n<td>Frau Wolther<\/td>\n<td class=\"has-text-align-left\">Ma, kRel, <strong><em>MBK, Schulb\u00fccher<\/em><\/strong>, <strong><em>iPads<\/em><\/strong><\/td>\n<td>Wt<\/td>\n<\/tr>\n<tr>\n<td>Herr Yousef<\/td>\n<td class=\"has-text-align-left\">Ma, Sp <strong>(LIV)<\/strong><\/td>\n<td>Yo<\/td>\n<\/tr>\n<\/tbody>\n<\/table>\n<\/figure>","protected":false},"excerpt":{"rendered":"<p>Name F\u00e4cher\/ Aufgabe K\u00fcrzel Frau Haehnel Schulleiterin En, GSW, Ku, Steuergruppe, Schulvorstand Hn Frau Frankenberg Konrektorin Ma, Ku\/We Fr Frau Anderssohn Bio, Ch, En, FK Bio\/Ch An Frau B\u00fcltmann De, ev Rel, Beratung, Schulvorstand B\u00fc Frau Brinkmeyer De, Sp, Inklusion, Sonderp\u00e4dagogik, Steuergruppe Br Frau Conrad P\u00e4dagogische Fachkraft\/ Erzieherin Co Herr Dresing Ma, Ph, Bio, Inf, Sicherheit Dr Frau Ehrenbrink De, Rel, FK Religion Eh Frau Frintrop De, GSW, FK GSW Fp Frau Graf Schulsozialarbeit Gr Herr Gering De, Sp Ge&#8230;<\/p>\n<p class=\"read-more\"><a class=\"btn btn-default\" href=\"https:\/\/wordpress.nibis.de\/obshilter\/kollegium\/\">Weiterlesen<span class=\"screen-reader-text\"> Weiterlesen<\/span><\/a><\/p>\n","protected":false},"author":9192668,"featured_media":0,"parent":0,"menu_order":0,"comment_status":"closed","ping_status":"closed","template":"","meta":{"_acf_changed":false,"footnotes":""},"class_list":["post-289","page","type-page","status-publish","hentry"],"acf":[],"_links":{"self":[{"href":"https:\/\/wordpress.nibis.de\/obshilter\/wp-json\/wp\/v2\/pages\/289","targetHints":{"allow":["GET"]}}],"collection":[{"href":"https:\/\/wordpress.nibis.de\/obshilter\/wp-json\/wp\/v2\/pages"}],"about":[{"href":"https:\/\/wordpress.nibis.de\/obshilter\/wp-json\/wp\/v2\/types\/page"}],"author":[{"embeddable":true,"href":"https:\/\/wordpress.nibis.de\/obshilter\/wp-json\/wp\/v2\/users\/9192668"}],"replies":[{"embeddable":true,"href":"https:\/\/wordpress.nibis.de\/obshilter\/wp-json\/wp\/v2\/comments?post=289"}],"version-history":[{"count":61,"href":"https:\/\/wordpress.nibis.de\/obshilter\/wp-json\/wp\/v2\/pages\/289\/revisions"}],"predecessor-version":[{"id":6650,"href":"https:\/\/wordpress.nibis.de\/obshilter\/wp-json\/wp\/v2\/pages\/289\/revisions\/6650"}],"wp:attachment":[{"href":"https:\/\/wordpress.nibis.de\/obshilter\/wp-json\/wp\/v2\/media?parent=289"}],"curies":[{"name":"wp","href":"https:\/\/api.w.org\/{rel}","templated":true}]}}