{"id":2921,"date":"2022-03-01T13:45:16","date_gmt":"2022-03-01T12:45:16","guid":{"rendered":"https:\/\/wordpress.nibis.de\/obshilter\/?page_id=2921"},"modified":"2025-09-02T14:02:40","modified_gmt":"2025-09-02T12:02:40","slug":"impressionen-aus-den-ags","status":"publish","type":"page","link":"https:\/\/wordpress.nibis.de\/obshilter\/impressionen-aus-den-ags\/","title":{"rendered":"Aktuelle AG&#8217;s"},"content":{"rendered":"\n<p>Nachfolgend finden Sie einige Informationen und Bilder zu den AG&#8217;s im Schuljahr 2025\/26<\/p>\n\n\n<p><\/p>\n\n\t\t<!-- MasterSlider -->\n\t\t<div id=\"P_MS69e968f8b6644\" class=\"master-slider-parent msl ms-parent-id-8\" style=\"max-width:800px;\">\n\n\t\t\t\n\t\t\t<!-- MasterSlider Main -->\n\t\t\t<div id=\"MS69e968f8b6644\" class=\"master-slider ms-skin-light-3\" >\n\t\t\t\t \t\t\t\t \n\t\t\t\t<div  class=\"ms-slide\" data-delay=\"3\" data-fill-mode=\"fill\"  >\n\t\t\t\t\t<img decoding=\"async\" src=\"https:\/\/wordpress.nibis.de\/obshilter\/wp-content\/plugins\/master-slider\/public\/assets\/css\/blank.gif\" alt=\"\" title=\"\" data-src=\"https:\/\/wordpress.nibis.de\/obshilter\/files\/2026\/03\/20260121_150636-reduziert.jpg\" \/>\n\n\n\t<div class=\"ms-thumb\" ><div class=\"ms-tab-context\"><div class=\"&quot;ms-tab-context&quot;\"><\/div><\/div>\n<\/div>\n\t\t\t\t<\/div>\n\t\t\t\t<div  class=\"ms-slide\" data-delay=\"3\" data-fill-mode=\"fill\"  >\n\t\t\t\t\t<img decoding=\"async\" src=\"https:\/\/wordpress.nibis.de\/obshilter\/wp-content\/plugins\/master-slider\/public\/assets\/css\/blank.gif\" alt=\"\" title=\"\" data-src=\"https:\/\/wordpress.nibis.de\/obshilter\/files\/2026\/03\/20260219_1454551-reduziert.jpg\" \/>\n\n\n\t<div class=\"ms-thumb\" ><div class=\"ms-tab-context\"><div class=\"&quot;ms-tab-context&quot;\"><\/div><\/div>\n<\/div>\n\t\t\t\t<\/div>\n\t\t\t\t<div  class=\"ms-slide\" data-delay=\"3\" data-fill-mode=\"fill\"  >\n\t\t\t\t\t<img decoding=\"async\" src=\"https:\/\/wordpress.nibis.de\/obshilter\/wp-content\/plugins\/master-slider\/public\/assets\/css\/blank.gif\" alt=\"\" title=\"\" data-src=\"https:\/\/wordpress.nibis.de\/obshilter\/files\/2026\/03\/Sport-und-Spiel-reduziert.jpg\" \/>\n\n\n\t<div class=\"ms-thumb\" ><div class=\"ms-tab-context\"><div class=\"&quot;ms-tab-context&quot;\"><\/div><\/div>\n<\/div>\n\t\t\t\t<\/div>\n\t\t\t\t<div  class=\"ms-slide\" data-delay=\"3\" data-fill-mode=\"fill\"  >\n\t\t\t\t\t<img decoding=\"async\" src=\"https:\/\/wordpress.nibis.de\/obshilter\/wp-content\/plugins\/master-slider\/public\/assets\/css\/blank.gif\" alt=\"\" title=\"\" data-src=\"https:\/\/wordpress.nibis.de\/obshilter\/files\/2023\/11\/DSC_0126-scaled.jpg\" \/>\n\n\n\t<div class=\"ms-thumb\" ><div class=\"ms-tab-context\"><div class=\"&quot;ms-tab-context&quot;\"><\/div><\/div>\n<\/div>\n\t\t\t\t<\/div>\n\t\t\t\t<div  class=\"ms-slide\" data-delay=\"3\" data-fill-mode=\"fill\"  >\n\t\t\t\t\t<img decoding=\"async\" src=\"https:\/\/wordpress.nibis.de\/obshilter\/wp-content\/plugins\/master-slider\/public\/assets\/css\/blank.gif\" alt=\"\" title=\"\" data-src=\"https:\/\/wordpress.nibis.de\/obshilter\/files\/2025\/01\/Sport-AG-scaled.jpg\" \/>\n\n\n\t<div class=\"ms-thumb\" ><div class=\"ms-tab-context\"><div class=\"&quot;ms-tab-context&quot;\"><\/div><\/div>\n<\/div>\n\t\t\t\t<\/div>\n\t\t\t\t<div  class=\"ms-slide\" data-delay=\"3\" data-fill-mode=\"fill\"  >\n\t\t\t\t\t<img decoding=\"async\" src=\"https:\/\/wordpress.nibis.de\/obshilter\/wp-content\/plugins\/master-slider\/public\/assets\/css\/blank.gif\" alt=\"\" title=\"\" data-src=\"https:\/\/wordpress.nibis.de\/obshilter\/files\/2025\/01\/Sport-AG2-scaled.jpg\" \/>\n\n\n\t<div class=\"ms-thumb\" ><div class=\"ms-tab-context\"><div class=\"&quot;ms-tab-context&quot;\"><\/div><\/div>\n<\/div>\n\t\t\t\t<\/div>\n\t\t\t\t<div  class=\"ms-slide\" data-delay=\"3\" data-fill-mode=\"fill\"  >\n\t\t\t\t\t<img decoding=\"async\" src=\"https:\/\/wordpress.nibis.de\/obshilter\/wp-content\/plugins\/master-slider\/public\/assets\/css\/blank.gif\" alt=\"\" title=\"\" data-src=\"https:\/\/wordpress.nibis.de\/obshilter\/files\/2025\/01\/Fussball-AG-scaled.jpg\" \/>\n\n\n\t<div class=\"ms-thumb\" ><div class=\"ms-tab-context\"><div class=\"&quot;ms-tab-context&quot;\"><\/div><\/div>\n<\/div>\n\t\t\t\t<\/div>\n\t\t\t\t<div  class=\"ms-slide\" data-delay=\"3\" data-fill-mode=\"fill\"  >\n\t\t\t\t\t<img decoding=\"async\" src=\"https:\/\/wordpress.nibis.de\/obshilter\/wp-content\/plugins\/master-slider\/public\/assets\/css\/blank.gif\" alt=\"\" title=\"\" data-src=\"https:\/\/wordpress.nibis.de\/obshilter\/files\/2025\/01\/Kreativ-AG-scaled.jpg\" \/>\n\n\n\t<div class=\"ms-thumb\" ><div class=\"ms-tab-context\"><div class=\"&quot;ms-tab-context&quot;\"><\/div><\/div>\n<\/div>\n\t\t\t\t<\/div>\n\t\t\t\t<div  class=\"ms-slide\" data-delay=\"3\" data-fill-mode=\"fill\"  >\n\t\t\t\t\t<img decoding=\"async\" src=\"https:\/\/wordpress.nibis.de\/obshilter\/wp-content\/plugins\/master-slider\/public\/assets\/css\/blank.gif\" alt=\"\" title=\"\" data-src=\"https:\/\/wordpress.nibis.de\/obshilter\/files\/2025\/02\/Gitarren-AG.jpg\" \/>\n\n\n\t<div class=\"ms-thumb\" ><div class=\"ms-tab-context\"><div class=\"&quot;ms-tab-context&quot;\"><\/div><\/div>\n<\/div>\n\t\t\t\t<\/div>\n\t\t\t\t<div  class=\"ms-slide\" data-delay=\"3\" data-fill-mode=\"fill\"  >\n\t\t\t\t\t<img decoding=\"async\" src=\"https:\/\/wordpress.nibis.de\/obshilter\/wp-content\/plugins\/master-slider\/public\/assets\/css\/blank.gif\" alt=\"\" title=\"\" data-src=\"https:\/\/wordpress.nibis.de\/obshilter\/files\/2025\/02\/Kreativ3.jpg\" \/>\n\n\n\t<div class=\"ms-thumb\" ><div class=\"ms-tab-context\"><div class=\"&quot;ms-tab-context&quot;\"><\/div><\/div>\n<\/div>\n\t\t\t\t<\/div>\n\t\t\t\t<div  class=\"ms-slide\" data-delay=\"3\" data-fill-mode=\"fill\"  >\n\t\t\t\t\t<img decoding=\"async\" src=\"https:\/\/wordpress.nibis.de\/obshilter\/wp-content\/plugins\/master-slider\/public\/assets\/css\/blank.gif\" alt=\"\" title=\"\" data-src=\"https:\/\/wordpress.nibis.de\/obshilter\/files\/2025\/02\/Kreativ4.jpg\" \/>\n\n\n\t<div class=\"ms-thumb\" ><div class=\"ms-tab-context\"><div class=\"&quot;ms-tab-context&quot;\"><\/div><\/div>\n<\/div>\n\t\t\t\t<\/div>\n\n\t\t\t<\/div>\n\t\t\t<!-- END MasterSlider Main -->\n\n\t\t\t \n\t\t<\/div>\n\t\t<!-- END MasterSlider -->\n\n\t\t<script>\n\t\t(function ( $ ) {\n\t\t\t\"use strict\";\n\n\t\t\t$(function () {\n\t\t\t\tvar masterslider_6644 = new MasterSlider();\n\n\t\t\t\t\/\/ slider controls\n\t\t\t\tmasterslider_6644.control('arrows'     ,{ autohide:false, overVideo:true  });\t\t\t\tmasterslider_6644.control('bullets'    ,{ autohide:true, overVideo:true, dir:'h', align:'bottom' , margin:10  });\n\n\t\t\t\tmasterslider_6644.control('circletimer',{ autohide:false, overVideo:true, color:'#434343', radius:10, stroke:3   });\n\t\t\t\tmasterslider_6644.control('timebar'    ,{ autohide:false, overVideo:true, align:'bottom', color:'#FFFFFF'  , width:4 });\n\t\t\t\t\/\/ slider setup\n\t\t\t\tmasterslider_6644.setup(\"MS69e968f8b6644\", {\n\t\t\t\t\t\twidth           : 800,\n\t\t\t\t\t\theight          : 480,\n\t\t\t\t\t\tminHeight       : 0,\n\t\t\t\t\t\tspace           : 0,\n\t\t\t\t\t\tstart           : 1,\n\t\t\t\t\t\tgrabCursor      : true,\n\t\t\t\t\t\tswipe           : true,\n\t\t\t\t\t\tmouse           : true,\n\t\t\t\t\t\tlayout          : \"boxed\",\n\t\t\t\t\t\twheel           : false,\n\t\t\t\t\t\tautoplay        : true,\n\t\t\t\t\t\tinstantStartLayers:false,\n\t\t\t\t\t\tloop            : true,\n\t\t\t\t\t\tshuffle         : false,\n\t\t\t\t\t\tpreload         : 0,\n\t\t\t\t\t\theightLimit     : true,\n\t\t\t\t\t\tautoHeight      : false,\n\t\t\t\t\t\tsmoothHeight    : true,\n\t\t\t\t\t\tendPause        : false,\n\t\t\t\t\t\toverPause       : true,\n\t\t\t\t\t\tfillMode        : \"fill\",\n\t\t\t\t\t\tcenterControls  : true,\n\t\t\t\t\t\tstartOnAppear   : false,\n\t\t\t\t\t\tlayersMode      : \"center\",\n\t\t\t\t\t\thideLayers      : false,\n\t\t\t\t\t\tfullscreenMargin: 0,\n\t\t\t\t\t\tspeed           : 20,\n\t\t\t\t\t\tdir             : \"h\",\n\t\t\t\t\t\tparallaxMode    : 'swipe',\n\t\t\t\t\t\tview            : \"basic\"\n\t\t\t\t});\n\n\t\t\t\t\n\t\t\t\twindow.masterslider_instances = window.masterslider_instances || [];\n\t\t\t\twindow.masterslider_instances.push( masterslider_6644 );\n\t\t\t });\n\n\t\t})(jQuery);\n\t\t<\/script>\n\n\n\n\n<h2>&nbsp;<\/h2>\n<h2><strong>AG&#8217;s nach der 6. Stunde:<\/strong><\/h2>\n<ul>\n<li>Schulsanit\u00e4ter AG<\/li>\n<li>Homepage AG<\/li>\n<li>Gitarren AG<\/li>\n<li>Medienscout AG<\/li>\n<li>Streitschlichter AG<\/li>\n<\/ul>\n<h2><strong>AG&#8217;s um 14.30 Uhr:<\/strong><\/h2>\n<p><u>Kreatives AG<\/u><\/p>\n<p>Diese AG ist eine Mischung aus den F\u00e4chern Textil, Werken und Kunst. Hier k\u00f6nnen die Kinder kreativ werden. So werden zum Beispiel alte Sachen wie CDs oder Flaschenkappen zu neuen dekorativen Dingen recycelt. Zu den Feiertagen wie Weihnachten wird dann Baumschmuck oder Fenster-Deko hergestellt.<\/p>\n<p>&nbsp;<\/p>\n<p><u>Sport und Spiele AG\/AG Sport und Hallenspiele\/AG Mannschaftsspiele<\/u><\/p>\n<p>In der AG -Sport und Spiele werden in der Sporthalle verschiedene Spiele angeboten. Beispiele hierf\u00fcr sind die Spiele Zombieball, V\u00f6lkerball oder Dash-Ball. Au\u00dferdem bleibt auch immer etwas Zeit \u00fcber, um sich in der Sporthalle frei zu bewegen. Es ist nicht wie im Sportunterricht, wo man nacheinander verschiedene Sportarten durchzugehen hat, sondern man kann einfach nach Belieben Mannschaftsspiele zu spielen. Nat\u00fcrlich wird auch \u00f6fter mal Fu\u00dfball gespielt!<\/p>\n<p>&nbsp;<\/p>\n<p><span style=\"text-decoration: underline\">Kunst AG&nbsp;<\/span><\/p>\n<p>In der AG Kunst werden die Sch\u00fcler kreativ und bet\u00e4tigen sich auf verschiedenste Art und Weise k\u00fcnstlerisch. Nat\u00fcrlich k\u00f6nnen die Sch\u00fcler ihre Kunstprojekte auch mit nach Hause nehmen.<\/p>\n<p>&nbsp;<\/p>\n<p><span style=\"text-decoration: underline\">Minecraft Education AG<\/span><\/p>\n<p>Mehr Infos finden Sie <strong><a href=\"https:\/\/wordpress.nibis.de\/obshilter\/minecraft-education\/\" target=\"_blank\" rel=\"noopener\">HIER<\/a><\/strong><\/p>\n<p>&nbsp;<\/p>\n<p><span style=\"text-decoration: underline\">Kochen AG<\/span><\/p>\n<p>Der Name ist Programm! In der gro\u00dfen Schulk\u00fcche probieren wir gemeinsam kleinere Gerichte aus. Gerne sind auch Nachspeisen dabei, weil man sie schnell zubereiten kann und sie so lecker sind. Je nach Jahreszeit verarbeiten wir auch mal Obst zu Marmelade.<\/p>\n<p>&nbsp;<\/p>\n<p><span style=\"text-decoration: underline\">Chillout AG<\/span><\/p>\n<p>In entspannter Athmosph\u00e4re setzen wir uns zusammen und tauschen uns \u00fcber verschiedene Sachen aus.&nbsp;<\/p>\n<p>&nbsp;<\/p>\n<p>&nbsp;<\/p>\n<p>Quelle: Homepage AG<\/p>\n","protected":false},"excerpt":{"rendered":"<p>Nachfolgend finden Sie einige Informationen und Bilder zu den AG&#8217;s im Schuljahr 2025\/26 &nbsp; AG&#8217;s nach der 6. Stunde: Schulsanit\u00e4ter AG Homepage AG Gitarren AG Medienscout AG Streitschlichter AG AG&#8217;s um 14.30 Uhr: Kreatives AG Diese AG ist eine Mischung aus den F\u00e4chern Textil, Werken und Kunst. Hier k\u00f6nnen die Kinder kreativ werden. So werden zum Beispiel alte Sachen wie CDs oder Flaschenkappen zu neuen dekorativen Dingen recycelt. Zu den Feiertagen wie Weihnachten wird dann Baumschmuck oder Fenster-Deko hergestellt. &nbsp;&#8230;<\/p>\n<p class=\"read-more\"><a class=\"btn btn-default\" href=\"https:\/\/wordpress.nibis.de\/obshilter\/impressionen-aus-den-ags\/\">Weiterlesen<span class=\"screen-reader-text\"> Weiterlesen<\/span><\/a><\/p>\n","protected":false},"author":9192668,"featured_media":0,"parent":0,"menu_order":0,"comment_status":"closed","ping_status":"closed","template":"","meta":{"_acf_changed":false,"footnotes":""},"class_list":["post-2921","page","type-page","status-publish","hentry"],"acf":[],"_links":{"self":[{"href":"https:\/\/wordpress.nibis.de\/obshilter\/wp-json\/wp\/v2\/pages\/2921","targetHints":{"allow":["GET"]}}],"collection":[{"href":"https:\/\/wordpress.nibis.de\/obshilter\/wp-json\/wp\/v2\/pages"}],"about":[{"href":"https:\/\/wordpress.nibis.de\/obshilter\/wp-json\/wp\/v2\/types\/page"}],"author":[{"embeddable":true,"href":"https:\/\/wordpress.nibis.de\/obshilter\/wp-json\/wp\/v2\/users\/9192668"}],"replies":[{"embeddable":true,"href":"https:\/\/wordpress.nibis.de\/obshilter\/wp-json\/wp\/v2\/comments?post=2921"}],"version-history":[{"count":32,"href":"https:\/\/wordpress.nibis.de\/obshilter\/wp-json\/wp\/v2\/pages\/2921\/revisions"}],"predecessor-version":[{"id":5579,"href":"https:\/\/wordpress.nibis.de\/obshilter\/wp-json\/wp\/v2\/pages\/2921\/revisions\/5579"}],"wp:attachment":[{"href":"https:\/\/wordpress.nibis.de\/obshilter\/wp-json\/wp\/v2\/media?parent=2921"}],"curies":[{"name":"wp","href":"https:\/\/api.w.org\/{rel}","templated":true}]}}