{"id":2983,"date":"2022-03-08T14:11:04","date_gmt":"2022-03-08T13:11:04","guid":{"rendered":"https:\/\/wordpress.nibis.de\/obshilter\/?page_id=2983"},"modified":"2022-12-13T14:11:25","modified_gmt":"2022-12-13T13:11:25","slug":"presse-archiv-21-22","status":"publish","type":"page","link":"https:\/\/wordpress.nibis.de\/obshilter\/presse-archiv-21-22\/","title":{"rendered":"Presse Archiv 21\/22"},"content":{"rendered":"\n<p>\u00a0<\/p>\n<p>Digitalisierung im Landkreis schreitet voran: Schnelles Internet f\u00fcr Oberschule in Hilter-Borgloh (29. Oktober 2021)<\/p>\n<p><a href=\"https:\/\/www.hasepost.de\/digitalisierung-im-landkreis-schreitet-voran-schnelles-internet-fuer-oberschule-in-hilter-borgloh-275363\/\">Digitalisierung im Landkreis schreitet voran: Schnelles Internet f\u00fcr Oberschule in Hilter-Borgloh &#8211; hasepost.de<\/a><\/p>\n<p>Gute Nachricht des Tages: Oberschule Hilter f\u00fcr f\u00fcnf weitere Jahre \u201eSchule auf Kurs\u201c (26.November 2021)<\/p>\n<p><a href=\"https:\/\/www.hasepost.de\/gute-nachricht-des-tages-oberschule-hilter-fuer-fuenf-weitere-jahre-schule-auf-kurs-280352\/\">Gute Nachricht des Tages: Oberschule Hilter f\u00fcr f\u00fcnf weitere Jahre \u201eSchule auf Kurs\u201c &#8211; hasepost.de<\/a><\/p>\n<p>Neue OZ vom 03. M\u00e4rz 2022<\/p>\n<p><a href=\"https:\/\/www.noz.de\/lokales\/hilter\/artikel\/oberschule-hilter-kinder-entdecken-altes-aegypten-mit-minecraft-22633702\">Oberschule Hilter: Kinder entdecken altes \u00c4gypten mit \u201eMinecraft\u201c<\/a><\/p>\n<p>Neue OZ vom 02. April 2022<\/p>\n<p><a href=\"https:\/\/www.noz.de\/lokales\/hilter\/artikel\/obs-hilter-veranstaltet-sponsorenlauf-fuer-ukraine-23556445\">OBS Hilter veranstaltet Sponsorenlauf f\u00fcr Ukraine <\/a><\/p>\n<p>Neue OZ vom 06. April 2022<\/p>\n<p><a href=\"https:\/\/www.noz.de\/lokales\/hilter\/artikel\/obs-hilter-veranstaltet-sponsorenlauf-fuer-ukraine-23556445\">OBS Hilter veranstaltet Sponsorenlauf f\u00fcr Ukraine <\/a><\/p>\n<p>Neue OZ vom 23. Juni 2022<\/p>\n<p><a href=\"https:\/\/www.noz.de\/lokales\/hilter\/artikel\/oberschule-hilter-kocht-mit-marc-schewski-und-bernd-stegemann-42356818\">Oberschule Hilter kocht mit Marc Schewski und Bernd Stegemann<\/a><\/p>\n<p>Friedenszeichen zum 50. Geburtstag des Landkreises Osnabr\u00fcck aufgestellt<\/p>\n<p><a href=\"https:\/\/www.hasepost.de\/gute-nachricht-des-tages-friedenszeichen-zum-50-geburtstag-des-landkreises-osnabrueck-aufgestellt-314944\/\">Gute Nachricht des Tages: Friedenszeichen zum 50. Geburtstag des Landkreises Osnabr\u00fcck aufgestellt &#8211; hasepost.de<\/a><\/p>\n<p>Landkreis Osnabr\u00fcck Ma\u00dfarbeit vom 29. September 2022<\/p>\n<p><a href=\"https:\/\/massarbeit.de\/presse\/pressestelle\/pressemeldungen\/53645-firma-uniqfood-und-oberschule-hilter-arbeiten-bei\">Firma Uniqfood und Oberschule Hilter arbeiten bei Berufsorientierung zusammen | Ma\u00dfArbeit kA\u00f6R (massarbeit.de)<\/a><\/p>\n<p>Landkreis Osnabr\u00fcck Ma\u00dfarbeit vom 30. November 2022<\/p>\n<p><a href=\"https:\/\/massarbeit.de\/presse\/pressestelle\/pressemeldungen\/53676-azubi-speed-dating-rund-100-vorstellungsgespraeche-der\">Azubi-Speed-Dating: Rund 100 Vorstellungsgespr\u00e4che in der Oberschule Hilter | Ma\u00dfArbeit kA\u00f6R (massarbeit.de)<\/a><\/p>\n<p>\u00a0<\/p>\n<p>\u00a0<\/p>\n","protected":false},"excerpt":{"rendered":"<p>\u00a0 Digitalisierung im Landkreis schreitet voran: Schnelles Internet f\u00fcr Oberschule in Hilter-Borgloh (29. Oktober 2021) Digitalisierung im Landkreis schreitet voran: Schnelles Internet f\u00fcr Oberschule in Hilter-Borgloh &#8211; hasepost.de Gute Nachricht des Tages: Oberschule Hilter f\u00fcr f\u00fcnf weitere Jahre \u201eSchule auf Kurs\u201c (26.November 2021) Gute Nachricht des Tages: Oberschule Hilter f\u00fcr f\u00fcnf weitere Jahre \u201eSchule auf Kurs\u201c &#8211; hasepost.de Neue OZ vom 03. M\u00e4rz 2022 Oberschule Hilter: Kinder entdecken altes \u00c4gypten mit \u201eMinecraft\u201c Neue OZ vom 02. April 2022 OBS Hilter&#8230;<\/p>\n<p class=\"read-more\"><a class=\"btn btn-default\" href=\"https:\/\/wordpress.nibis.de\/obshilter\/presse-archiv-21-22\/\">Weiterlesen<span class=\"screen-reader-text\"> Weiterlesen<\/span><\/a><\/p>\n","protected":false},"author":9192668,"featured_media":0,"parent":0,"menu_order":0,"comment_status":"closed","ping_status":"closed","template":"","meta":{"_acf_changed":false,"footnotes":""},"class_list":["post-2983","page","type-page","status-publish","hentry"],"acf":[],"_links":{"self":[{"href":"https:\/\/wordpress.nibis.de\/obshilter\/wp-json\/wp\/v2\/pages\/2983","targetHints":{"allow":["GET"]}}],"collection":[{"href":"https:\/\/wordpress.nibis.de\/obshilter\/wp-json\/wp\/v2\/pages"}],"about":[{"href":"https:\/\/wordpress.nibis.de\/obshilter\/wp-json\/wp\/v2\/types\/page"}],"author":[{"embeddable":true,"href":"https:\/\/wordpress.nibis.de\/obshilter\/wp-json\/wp\/v2\/users\/9192668"}],"replies":[{"embeddable":true,"href":"https:\/\/wordpress.nibis.de\/obshilter\/wp-json\/wp\/v2\/comments?post=2983"}],"version-history":[{"count":14,"href":"https:\/\/wordpress.nibis.de\/obshilter\/wp-json\/wp\/v2\/pages\/2983\/revisions"}],"predecessor-version":[{"id":4480,"href":"https:\/\/wordpress.nibis.de\/obshilter\/wp-json\/wp\/v2\/pages\/2983\/revisions\/4480"}],"wp:attachment":[{"href":"https:\/\/wordpress.nibis.de\/obshilter\/wp-json\/wp\/v2\/media?parent=2983"}],"curies":[{"name":"wp","href":"https:\/\/api.w.org\/{rel}","templated":true}]}}