{"id":301,"date":"2019-02-06T11:41:06","date_gmt":"2019-02-06T10:41:06","guid":{"rendered":"http:\/\/wordpress.nibis.de\/obshilter\/?page_id=301"},"modified":"2023-11-21T13:55:48","modified_gmt":"2023-11-21T12:55:48","slug":"gremien","status":"publish","type":"page","link":"https:\/\/wordpress.nibis.de\/obshilter\/gremien\/","title":{"rendered":"F\u00f6rderverein"},"content":{"rendered":"\n<p><strong>Wer wir sind&#8230;..<\/strong><\/p>\n\n\n\n<p>Wir, das sind engagierte Eltern, Lehrkr\u00e4fte, Sch\u00fcler*innen, Ehemalige und Interessierte, die es sich zum Ziel gesetzt haben, die Lern- und Entwicklungschancen der Sch\u00fcler*innen der Oberschule Hilter finanziell aber auch mit pers\u00f6nlichem Einsatz zu unterst\u00fctzen und den Schulalltag der Kinder und Jugendlichen attraktiver zu gestalten.<\/p>\n\n\n\n<p>Der F\u00f6rderverein der Oberschule Hilter wurde im Jahr 2006 von\nEltern der damaligen Realschule Hilter gegr\u00fcndet. Nach der Refomierung des Schulsystems\nund dem \u00dcbergang der Realschule Hilter in die Oberschule Hilter&nbsp; im Jahr 2013, erhielt er seinen jetzigen\nNamen \u201eF\u00f6rderverein der Oberschule Hilter e.V.\u201c.<\/p>\n\n\n\n<p>Finanziert wird der Verein durch Mitgliedsbeitr\u00e4ge, Einnahmen\nverschiedener Veranstaltungen, wie Schulfeste und Events, aber auch durch\nSpenden und Zuwendungen einzelner Organisationen.<\/p>\n\n\n\n<p><strong>Ihre Ansprechpatner rund um den F\u00f6rderverein:<\/strong><\/p>\n\n\n\n<figure class=\"wp-block-image size-large is-resized\"><img loading=\"lazy\" decoding=\"async\" src=\"https:\/\/wordpress.nibis.de\/obshilter\/files\/2022\/11\/Foerdervereinklein1-1200x675.jpg\" alt=\"\" class=\"wp-image-3468\" width=\"840\" height=\"472\" srcset=\"https:\/\/wordpress.nibis.de\/obshilter\/files\/2022\/11\/Foerdervereinklein1-1200x675.jpg 1200w, https:\/\/wordpress.nibis.de\/obshilter\/files\/2022\/11\/Foerdervereinklein1-850x478.jpg 850w, https:\/\/wordpress.nibis.de\/obshilter\/files\/2022\/11\/Foerdervereinklein1-250x141.jpg 250w, https:\/\/wordpress.nibis.de\/obshilter\/files\/2022\/11\/Foerdervereinklein1-768x432.jpg 768w, https:\/\/wordpress.nibis.de\/obshilter\/files\/2022\/11\/Foerdervereinklein1-1536x864.jpg 1536w, https:\/\/wordpress.nibis.de\/obshilter\/files\/2022\/11\/Foerdervereinklein1-2048x1151.jpg 2048w, https:\/\/wordpress.nibis.de\/obshilter\/files\/2022\/11\/Foerdervereinklein1-480x270.jpg 480w\" sizes=\"auto, (max-width: 840px) 100vw, 840px\" \/><\/figure>\n\n\n\n<p>Herr Zinke (Vorstand) (Zweiter von Links)<br>Frau Wei\u00df (stellv. Vorstand) (Links)<br>Frau Frankenberg (Schriftf\u00fchrerin)\u00a0Tel: 05409\/1441 (Rechts)<br>Frau Frentrup (Kassiererin)\u00a0Tel: 05409\/1441 (Zweite von rechts)<br>E-Mail: fo&#101;&#114;&#100;&#x65;&#x72;&#x76;&#x65;&#x72;ei&#110;&#45;&#111;&#x62;&#x65;&#x72;&#x73;&#x63;hu&#108;&#101;&#45;&#x68;&#x69;&#x6c;&#x74;&#x65;r&#64;&#103;&#109;&#120;&#x2e;&#x64;&#x65;<\/p>\n\n\n\n<div data-wp-interactive=\"core\/file\" class=\"wp-block-file\"><object data-wp-bind--hidden=\"!state.hasPdfPreview\" hidden class=\"wp-block-file__embed\" data=\"https:\/\/wordpress.nibis.de\/obshilter\/files\/2023\/11\/Fo\u0308rderverein_klein-verschoben-2.pdf\" type=\"application\/pdf\" style=\"width:100%;height:600px\" aria-label=\"Einbettung von PDF-Einbettung.\"><\/object><\/div>\n\n\n\n<div data-wp-interactive=\"core\/file\" class=\"wp-block-file\"><object data-wp-bind--hidden=\"!state.hasPdfPreview\" hidden class=\"wp-block-file__embed\" data=\"https:\/\/wordpress.nibis.de\/obshilter\/files\/2023\/11\/Fo\u0308rderverein_klein-verschoben.pdf\" type=\"application\/pdf\" style=\"width:100%;height:600px\" aria-label=\"Einbettung von PDF-Einbettung.\"><\/object><\/div>\n\n\n\n<div class=\"wp-block-file\"><a id=\"wp-block-file--media-916442c9-ae18-4ff8-b16e-748f9785df7f\" href=\"https:\/\/wordpress.nibis.de\/obshilter\/files\/2019\/11\/Beitrittserkl\u00e4rung-zum-F\u00f6rderverein-der-Oberschule-Hilter.pdf\">Beitrittserkl\u00e4rung zum F\u00f6rderverein der Oberschule Hilter<\/a><a href=\"https:\/\/wordpress.nibis.de\/obshilter\/files\/2019\/11\/Beitrittserkl\u00e4rung-zum-F\u00f6rderverein-der-Oberschule-Hilter.pdf\" class=\"wp-block-file__button\" download aria-describedby=\"wp-block-file--media-916442c9-ae18-4ff8-b16e-748f9785df7f\">Herunterladen<\/a><\/div>\n\n\n\n<p class=\"has-text-align-center\"><\/p>\n\n\n\n<p>Spenden sind steuerlich absetzbar (bis 100,- \u20ac reicht die Kopie\ndes Kontoauszuges).<\/p>\n\n\n\n<p>Gern erstellen wir Ihnen auf Wunsch eine Spendenquittung.<\/p>\n","protected":false},"excerpt":{"rendered":"<p>Wer wir sind&#8230;.. Wir, das sind engagierte Eltern, Lehrkr\u00e4fte, Sch\u00fcler*innen, Ehemalige und Interessierte, die es sich zum Ziel gesetzt haben, die Lern- und Entwicklungschancen der Sch\u00fcler*innen der Oberschule Hilter finanziell aber auch mit pers\u00f6nlichem Einsatz zu unterst\u00fctzen und den Schulalltag der Kinder und Jugendlichen attraktiver zu gestalten. Der F\u00f6rderverein der Oberschule Hilter wurde im Jahr 2006 von Eltern der damaligen Realschule Hilter gegr\u00fcndet. Nach der Refomierung des Schulsystems und dem \u00dcbergang der Realschule Hilter in die Oberschule Hilter&nbsp; im Jahr&#8230;<\/p>\n<p class=\"read-more\"><a class=\"btn btn-default\" href=\"https:\/\/wordpress.nibis.de\/obshilter\/gremien\/\">Weiterlesen<span class=\"screen-reader-text\"> Weiterlesen<\/span><\/a><\/p>\n","protected":false},"author":9192668,"featured_media":0,"parent":0,"menu_order":0,"comment_status":"closed","ping_status":"closed","template":"","meta":{"_acf_changed":false,"footnotes":""},"class_list":["post-301","page","type-page","status-publish","hentry"],"acf":[],"_links":{"self":[{"href":"https:\/\/wordpress.nibis.de\/obshilter\/wp-json\/wp\/v2\/pages\/301","targetHints":{"allow":["GET"]}}],"collection":[{"href":"https:\/\/wordpress.nibis.de\/obshilter\/wp-json\/wp\/v2\/pages"}],"about":[{"href":"https:\/\/wordpress.nibis.de\/obshilter\/wp-json\/wp\/v2\/types\/page"}],"author":[{"embeddable":true,"href":"https:\/\/wordpress.nibis.de\/obshilter\/wp-json\/wp\/v2\/users\/9192668"}],"replies":[{"embeddable":true,"href":"https:\/\/wordpress.nibis.de\/obshilter\/wp-json\/wp\/v2\/comments?post=301"}],"version-history":[{"count":14,"href":"https:\/\/wordpress.nibis.de\/obshilter\/wp-json\/wp\/v2\/pages\/301\/revisions"}],"predecessor-version":[{"id":4344,"href":"https:\/\/wordpress.nibis.de\/obshilter\/wp-json\/wp\/v2\/pages\/301\/revisions\/4344"}],"wp:attachment":[{"href":"https:\/\/wordpress.nibis.de\/obshilter\/wp-json\/wp\/v2\/media?parent=301"}],"curies":[{"name":"wp","href":"https:\/\/api.w.org\/{rel}","templated":true}]}}