{"id":345,"date":"2019-02-06T13:55:58","date_gmt":"2019-02-06T12:55:58","guid":{"rendered":"http:\/\/wordpress.nibis.de\/obshilter\/?page_id=345"},"modified":"2025-09-02T13:20:46","modified_gmt":"2025-09-02T11:20:46","slug":"leitbild","status":"publish","type":"page","link":"https:\/\/wordpress.nibis.de\/obshilter\/leitbild\/","title":{"rendered":"Leitbild unserer Schule"},"content":{"rendered":"\n<p><strong>Leitbild der Oberschule Hilter<\/strong><\/p>\n<p><strong>Pr\u00e4ambel<\/strong><\/p>\n<p>Wir sind eine kleine, pers\u00f6nliche Schule, die Wert auf ein freundliches und respektvolles Miteinander von Sch\u00fcler*innen, Lehrkr\u00e4ften, Eltern und Mitarbeiter*innen legt und nach vorne blickt. <strong>Uns ist wichtig, dass alle Sch\u00fcler*innen eine gute Vorbereitung auf das Berufsleben und\u00a0auf das gesellschaftliche, soziale und kulturelle, interkulturelle Miteinander (Leben) erfahren und sich in der digitalen Welt angemessen bewegen k\u00f6nnen. <\/strong><\/p>\n<p><strong>Unsere Schule macht fit f\u00fcr die Ausbildung<\/strong><\/p>\n<p><strong>\u00a0<\/strong><\/p>\n<p style=\"text-align: center\"><strong>Als G\u00fctesiegelschule legen wir besonderen Wert auf soziale Kompetenzen und solides Grundlagenwissen:<\/strong><\/p>\n<ul>\n<li>F\u00f6rdern und Fordern der Sch\u00fcler*innen entsprechend ihrer F\u00e4higkeiten<\/li>\n<li>F\u00f6rderung der Sch\u00fcler*innen mit Migrationshintergrund durch sprachsensiblen Fachunterricht<\/li>\n<li>Kooperation mit regionalen Betrieben (s. Kooperationsvertr\u00e4ge)<\/li>\n<li>Erkundung verschiedener Berufsfelder vorrangig in den regionalen Kooperationsbetrieben<\/li>\n<li>Vorbereitung, Durchf\u00fchrung und Auswertung der Praktika<\/li>\n<li>Bewerbungstraining durch Fachleute aus Wirtschaft, Handel und Verwaltung<\/li>\n<li>Betreuung durch die Sozialp\u00e4dagogin, die BO-Fachlehrkraft und die Berufsberater*innen der Ma\u00dfarbeit und der Agentur f\u00fcr Arbeit in Zusammenarbeit als Jugendberufsagentur<\/li>\n<li>Angebot der Profile \u201eTechnik\u201c, \u201eWirtschaft\u201c Sch\u00fclerfirma <em>Kiosk 2.0<\/em>, \u201eGesundheit und Soziales\u201c und \u201eSprachen \/ Franz\u00f6sisch\u201c\u00a0f\u00fcr alle Sch\u00fcler*innen<\/li>\n<li>Erweiterung der medialen Kompetenzen, Schulung des digitalen Lernens und eines sensiblen Umgangs mit dem Internet und den sozialen Medien<\/li>\n<\/ul>\n<p style=\"text-align: center\"><strong>Unsere Schule ist nicht nur ein Lern-, sondern auch ein Erfahrungs-, Begegnungs- und Erlebnisraum<\/strong><\/p>\n<p><strong>\u00a0<\/strong><\/p>\n<p style=\"text-align: center\"><strong>\u00a0\u00a0\u00a0\u00a0\u00a0\u00a0\u00a0 Zahlreiche Aktivit\u00e4ten bereichern unser Schulleben:<\/strong><\/p>\n<ul>\n<li>Besuche au\u00dferschulischer Lernorte (Theater, Museen, Betriebe, soziale Einrichtungen u. v. m.)<\/li>\n<li>Begegnungen mit Politikern, Autoren, Vertreter*innen unterschiedlicher Religionen<\/li>\n<li>Tag der offenen T\u00fcr, die Weihnachtsshow in der letzten Schulwoche vor Weihnachten<\/li>\n<li>Regelm\u00e4\u00dfige Sportfeste auch mit der gesamten Schulgemeinschaft<\/li>\n<li>Projekte in den Fremdsprachen<\/li>\n<li>Regelm\u00e4\u00dfige Klassen- und Kursfahrten<\/li>\n<li>Gemeinschaftstage f\u00fcr Jg. 5 und 8<\/li>\n<li>Regelm\u00e4\u00dfige Pr\u00e4ventionsprojekte (Cybermobbing, Gefahren im Internet, Mobbing, Sucht und Drogen, Ern\u00e4hrung, h\u00e4usliche Gewalt, Klimaschutz, Babysitterzertifikat, \u2026)<\/li>\n<li>Zusammenarbeit mit den katholischen und evangelischen Kirchengemeinden (z.B. Einschulungs- und Abschlussgottesdienst)<\/li>\n<li>Sponsorenl\u00e4ufe, Flohmarkt<\/li>\n<li>Vorlesewettbewerb in Jahrgang 6<\/li>\n<\/ul>\n<p style=\"text-align: center\"><strong>In unserer Schule begegnen wir uns mit Respekt und Achtsamkeit<\/strong><\/p>\n<p><strong>\u00a0<\/strong><\/p>\n<p style=\"text-align: center\"><strong>\u00a0\u00a0\u00a0\u00a0\u00a0\u00a0 Eine angenehme Atmosph\u00e4re, in der sich jede*r wohl f\u00fchlt, ist uns wichtig:<\/strong><\/p>\n<ul>\n<li>Gestaltung einer gesunden Lernatmosph\u00e4re f\u00fcr Sch\u00fcler*innen, alle Mitarbeiter*innen und Lehrkr\u00e4fte<\/li>\n<li>Respektvoller Umgang miteinander<\/li>\n<li>\u00dcbernahme von Verantwortung (Sch\u00fclervertretung, Sch\u00fclerlotsen, Sch\u00fclerb\u00fccherei, Kiosk 2.0, Schulsanit\u00e4ter, Medienscouts, Streitschlichter, Homepage AG, Sch\u00fcler-AGs)\u00a0\u00a0<\/li>\n<li>Beratung von Sch\u00fcler*innen, Eltern und Kolleg*innen durch die Sozialarbeiterin, Beratungslehrerin und p\u00e4dagogische Mitarbeiterin und Schulpsychologin<\/li>\n<li>Reflexion des eigenen Verhaltens im Trainingsraum<\/li>\n<li>Unsere inklusive Schule integriert alle Sch\u00fcler*innen<\/li>\n<li>Multikulturalit\u00e4t wird im Schulalltag gelebt (internationales Kochbuch, Willkommensnachmittage, \u2026)<\/li>\n<li>Wir pflegen den Kontakt zu Lehrkr\u00e4ften im europ\u00e4ischen und au\u00dfereurop\u00e4ischen Ausland<\/li>\n<li>Es findet ein regelm\u00e4\u00dfiger Austausch mit den Eltern statt<\/li>\n<li>F\u00f6rderschullehrkr\u00e4fte dienen als Bindeglied zum Elternhaus im Rahmen der Inklusion<\/li>\n<\/ul>\n<p style=\"text-align: center\"><strong>Unsere Schule lebt vom Engagement ALLER<\/strong><\/p>\n<p>\u00a0<\/p>\n<p><strong>\u00a0<\/strong><\/p>\n<p><strong>\u00a0<\/strong><\/p>\n","protected":false},"excerpt":{"rendered":"<p>Leitbild der Oberschule Hilter Pr\u00e4ambel Wir sind eine kleine, pers\u00f6nliche Schule, die Wert auf ein freundliches und respektvolles Miteinander von Sch\u00fcler*innen, Lehrkr\u00e4ften, Eltern und Mitarbeiter*innen legt und nach vorne blickt. Uns ist wichtig, dass alle Sch\u00fcler*innen eine gute Vorbereitung auf das Berufsleben und\u00a0auf das gesellschaftliche, soziale und kulturelle, interkulturelle Miteinander (Leben) erfahren und sich in der digitalen Welt angemessen bewegen k\u00f6nnen. Unsere Schule macht fit f\u00fcr die Ausbildung \u00a0 Als G\u00fctesiegelschule legen wir besonderen Wert auf soziale Kompetenzen und solides&#8230;<\/p>\n<p class=\"read-more\"><a class=\"btn btn-default\" href=\"https:\/\/wordpress.nibis.de\/obshilter\/leitbild\/\">Weiterlesen<span class=\"screen-reader-text\"> Weiterlesen<\/span><\/a><\/p>\n","protected":false},"author":9192668,"featured_media":0,"parent":0,"menu_order":0,"comment_status":"closed","ping_status":"closed","template":"","meta":{"_acf_changed":false,"footnotes":""},"class_list":["post-345","page","type-page","status-publish","hentry"],"acf":[],"_links":{"self":[{"href":"https:\/\/wordpress.nibis.de\/obshilter\/wp-json\/wp\/v2\/pages\/345","targetHints":{"allow":["GET"]}}],"collection":[{"href":"https:\/\/wordpress.nibis.de\/obshilter\/wp-json\/wp\/v2\/pages"}],"about":[{"href":"https:\/\/wordpress.nibis.de\/obshilter\/wp-json\/wp\/v2\/types\/page"}],"author":[{"embeddable":true,"href":"https:\/\/wordpress.nibis.de\/obshilter\/wp-json\/wp\/v2\/users\/9192668"}],"replies":[{"embeddable":true,"href":"https:\/\/wordpress.nibis.de\/obshilter\/wp-json\/wp\/v2\/comments?post=345"}],"version-history":[{"count":12,"href":"https:\/\/wordpress.nibis.de\/obshilter\/wp-json\/wp\/v2\/pages\/345\/revisions"}],"predecessor-version":[{"id":5559,"href":"https:\/\/wordpress.nibis.de\/obshilter\/wp-json\/wp\/v2\/pages\/345\/revisions\/5559"}],"wp:attachment":[{"href":"https:\/\/wordpress.nibis.de\/obshilter\/wp-json\/wp\/v2\/media?parent=345"}],"curies":[{"name":"wp","href":"https:\/\/api.w.org\/{rel}","templated":true}]}}