{"id":3807,"date":"2023-03-14T13:15:14","date_gmt":"2023-03-14T12:15:14","guid":{"rendered":"https:\/\/wordpress.nibis.de\/obshilter\/?page_id=3807"},"modified":"2026-02-10T14:01:58","modified_gmt":"2026-02-10T13:01:58","slug":"schulsanitaetsdienst","status":"publish","type":"page","link":"https:\/\/wordpress.nibis.de\/obshilter\/schulsanitaetsdienst\/","title":{"rendered":"Schulsanit\u00e4tsdienst"},"content":{"rendered":"\n\n\n<p><\/p>\n\n\n\n<figure class=\"wp-block-embed is-type-rich is-provider-handler-einbetten wp-block-embed-handler-einbetten\"><div class=\"wp-block-embed__wrapper\">\n<div style=\"width: 640px;\" class=\"wp-video\"><video class=\"wp-video-shortcode\" id=\"video-3807-1\" width=\"640\" height=\"360\" preload=\"metadata\" controls=\"controls\"><source type=\"video\/mp4\" src=\"https:\/\/obs-hilter.de\/Schulsanis\/Schulsanitaetervideo.mp4?_=1\" \/><a href=\"https:\/\/obs-hilter.de\/Schulsanis\/Schulsanitaetervideo.mp4\">https:\/\/obs-hilter.de\/Schulsanis\/Schulsanitaetervideo.mp4<\/a><\/video><\/div>\n<\/div><figcaption class=\"wp-element-caption\">Informationsvideo der Schulsanit\u00e4ter<\/figcaption><\/figure>\n\n\n\n<p><strong>Schulsanit\u00e4tsdienst an der Oberschule Hilter<\/strong><\/p>\n<p><strong>\u00a0<\/strong>Seit dem Schuljahr 2022\/2023 gibt es an unserer Schule den Schulsanit\u00e4tsdienst (SSD), welcher zuk\u00fcnftig bei allen Belangen rund um das Thema Erstversorgung mit Rat und Tat zur Seite steht.<\/p>\n<p>Momentan werden zehn Sch\u00fcler*innen des neunten Jahrgangs zu Ersthelfer*innen ausgebildet und in jedem folgenden Schuljahr freuen wir uns \u00fcber neue, freiwillige Sch\u00fcler*innen, die den Mut haben, Erste Hilfe zu leisten und keinen Kontakt zu ihren Mitmenschen scheuen.<\/p>\n<p><strong>Aufgaben<\/strong><\/p>\n<p>Im Rahmen ihrer F\u00e4higkeiten und Kenntnisse \u00fcbernehmen die Schulsanit\u00e4ter*innen w\u00e4hrend der Schulzeiten, in den Pausen sowie auch bei Schulveranstaltungen (Tag der offenen T\u00fcr, Weihnachtsfeier, Sportfest etc.) den Sanit\u00e4tsdienst.<\/p>\n<p>Sollte es an der Oberschule zu einem Unfall jeglicher Art kommen, werden je zwei diensthabende Schulsanit\u00e4ter*innen \u00fcber eine spezielle Handyapp aus dem Schulsekretariat kontaktiert. Ein Signalton alarmiert und eine beigef\u00fcgte Kurznotiz informiert \u00fcber den Vorfall und gibt stichpunktartig bekannt, was sich ereignet hat. Die Ersthelfer*innen eilen zur Hilfe, versorgen den\/die Patient\/in und betreuen ihn\/sie gegebenenfalls bis zum Eintreffen des Rettungsdienstes.<\/p>\n<p>\u00a0Nach jedem Einsatz m\u00fcssen die Schulsanit\u00e4ter*innen einen Protokollbogen ausf\u00fcllen und den Materialbestand \u00fcberpr\u00fcfen. Anhand von Fallbeispielen werden Erste Hilfe \u00dcbungen regelm\u00e4\u00dfig wiederholt.<\/p>\n<p><strong>\u00a0<\/strong><strong>Ausbildung<\/strong><\/p>\n<p>Die Ausbildung f\u00fcr den Schulsanit\u00e4tsdienst erfolgt \u00fcber eine AG, die von Frau Kuper geleitet wird. Es steht den Sch\u00fcler*innen des 8. Jahrgangs offen, ob sie im Jahrgang 9 daran teilnehmen m\u00f6chten.<\/p>\n<p>Die Ausbildung wird im n\u00e4chsten Schuljahr zusammen mit unserem Kooperationspartner dem Malteser Hilfsdienst erfolgen.<\/p>\n<p>Zu Beginn nehmen alle Beteiligten an einem obligatorischen Erste Hilfe Kurs teil. Danach erfolgt die Ausbildung in Form einer Arbeitsgemeinschaft entweder als Blockunterricht oder vierzehnt\u00e4gig in der 7.\/8. Stunde.<\/p>\n<p>Ist ein entsprechender Kenntnisstand erreicht, der anhand einer abschlie\u00dfenden schriftlichen und praktischen Pr\u00fcfung ermittelt wird, kann die Aufnahme in den aktiven Dienst erfolgen. Frau Kuper erstellt einen Dienstplan, bei dem Klassenarbeiten oder Klassenfahrten etc. ihre Ber\u00fccksichtigung finden. \u00dcber die Handyapp werden nur die jeweils diensthabenden Sch\u00fcler*innen informiert.<\/p>\n<p><strong>\u00a0<\/strong><strong>Warum sollte ich Mitglied des Schulsanit\u00e4tsdienstes werden?<\/strong><\/p>\n<ul>\n<li>Du erh\u00e4ltst eine fundierte Erste Hilfe Ausbildung (kostenfrei)<\/li>\n<li>Du \u00fcbernimmst Verantwortung f\u00fcr deine Mitmenschen.<\/li>\n<li>Du wirst ein Teamplayer. Du lernst dich mit anderen abzustimmen und zu unterst\u00fctzen.<\/li>\n<li>Deine sozialen Kompetenzen werden gest\u00e4rkt sowohl beim Umgang mit den Patient*innen als auch bei der Zusammenarbeit mit anderen Sanit\u00e4ter*innen.<\/li>\n<\/ul>\n<p><strong>Werde auch du Teil des Teams!<\/strong><\/p>\n<p>\u00a0<\/p>\n\n\n\n<figure class=\"wp-block-image size-full\"><img loading=\"lazy\" decoding=\"async\" width=\"2560\" height=\"2285\" src=\"https:\/\/wordpress.nibis.de\/obshilter\/files\/2026\/01\/Schulsanis--scaled.jpg\" alt=\"\" class=\"wp-image-6096\" srcset=\"https:\/\/wordpress.nibis.de\/obshilter\/files\/2026\/01\/Schulsanis--scaled.jpg 2560w, https:\/\/wordpress.nibis.de\/obshilter\/files\/2026\/01\/Schulsanis--768x685.jpg 768w, https:\/\/wordpress.nibis.de\/obshilter\/files\/2026\/01\/Schulsanis--100x89.jpg 100w, https:\/\/wordpress.nibis.de\/obshilter\/files\/2026\/01\/Schulsanis--1536x1371.jpg 1536w, https:\/\/wordpress.nibis.de\/obshilter\/files\/2026\/01\/Schulsanis--2048x1828.jpg 2048w, https:\/\/wordpress.nibis.de\/obshilter\/files\/2026\/01\/Schulsanis--303x270.jpg 303w\" sizes=\"auto, (max-width: 2560px) 100vw, 2560px\" \/><\/figure>\n\n\n\n<figure class=\"wp-block-gallery has-nested-images columns-default is-cropped wp-block-gallery-1 is-layout-flex wp-block-gallery-is-layout-flex\">\n<figure class=\"wp-block-image size-full\"><img loading=\"lazy\" decoding=\"async\" width=\"1296\" height=\"1936\" data-id=\"6270\" src=\"https:\/\/wordpress.nibis.de\/obshilter\/files\/2026\/02\/DSC_0986-reduziert.jpg\" alt=\"\" class=\"wp-image-6270\" srcset=\"https:\/\/wordpress.nibis.de\/obshilter\/files\/2026\/02\/DSC_0986-reduziert.jpg 1296w, https:\/\/wordpress.nibis.de\/obshilter\/files\/2026\/02\/DSC_0986-reduziert-768x1147.jpg 768w, https:\/\/wordpress.nibis.de\/obshilter\/files\/2026\/02\/DSC_0986-reduziert-100x149.jpg 100w, https:\/\/wordpress.nibis.de\/obshilter\/files\/2026\/02\/DSC_0986-reduziert-1028x1536.jpg 1028w, https:\/\/wordpress.nibis.de\/obshilter\/files\/2026\/02\/DSC_0986-reduziert-181x270.jpg 181w\" sizes=\"auto, (max-width: 1296px) 100vw, 1296px\" \/><\/figure>\n\n\n\n<figure class=\"wp-block-image size-full\"><img loading=\"lazy\" decoding=\"async\" width=\"1296\" height=\"1936\" data-id=\"6269\" src=\"https:\/\/wordpress.nibis.de\/obshilter\/files\/2026\/02\/DSC_0980-reduziert.jpg\" alt=\"\" class=\"wp-image-6269\" srcset=\"https:\/\/wordpress.nibis.de\/obshilter\/files\/2026\/02\/DSC_0980-reduziert.jpg 1296w, https:\/\/wordpress.nibis.de\/obshilter\/files\/2026\/02\/DSC_0980-reduziert-768x1147.jpg 768w, https:\/\/wordpress.nibis.de\/obshilter\/files\/2026\/02\/DSC_0980-reduziert-100x149.jpg 100w, https:\/\/wordpress.nibis.de\/obshilter\/files\/2026\/02\/DSC_0980-reduziert-1028x1536.jpg 1028w, https:\/\/wordpress.nibis.de\/obshilter\/files\/2026\/02\/DSC_0980-reduziert-181x270.jpg 181w\" sizes=\"auto, (max-width: 1296px) 100vw, 1296px\" \/><\/figure>\n<\/figure>\n\n\n\n<p>Schulsanit\u00e4ter 2025\/26<\/p>\n\n\n","protected":false},"excerpt":{"rendered":"<p>Schulsanit\u00e4tsdienst an der Oberschule Hilter \u00a0Seit dem Schuljahr 2022\/2023 gibt es an unserer Schule den Schulsanit\u00e4tsdienst (SSD), welcher zuk\u00fcnftig bei allen Belangen rund um das Thema Erstversorgung mit Rat und Tat zur Seite steht. Momentan werden zehn Sch\u00fcler*innen des neunten Jahrgangs zu Ersthelfer*innen ausgebildet und in jedem folgenden Schuljahr freuen wir uns \u00fcber neue, freiwillige Sch\u00fcler*innen, die den Mut haben, Erste Hilfe zu leisten und keinen Kontakt zu ihren Mitmenschen scheuen. Aufgaben Im Rahmen ihrer F\u00e4higkeiten und Kenntnisse \u00fcbernehmen die&#8230;<\/p>\n<p class=\"read-more\"><a class=\"btn btn-default\" href=\"https:\/\/wordpress.nibis.de\/obshilter\/schulsanitaetsdienst\/\">Weiterlesen<span class=\"screen-reader-text\"> Weiterlesen<\/span><\/a><\/p>\n","protected":false},"author":9192668,"featured_media":0,"parent":0,"menu_order":0,"comment_status":"closed","ping_status":"closed","template":"","meta":{"_acf_changed":false,"footnotes":""},"class_list":["post-3807","page","type-page","status-publish","hentry"],"acf":[],"_links":{"self":[{"href":"https:\/\/wordpress.nibis.de\/obshilter\/wp-json\/wp\/v2\/pages\/3807","targetHints":{"allow":["GET"]}}],"collection":[{"href":"https:\/\/wordpress.nibis.de\/obshilter\/wp-json\/wp\/v2\/pages"}],"about":[{"href":"https:\/\/wordpress.nibis.de\/obshilter\/wp-json\/wp\/v2\/types\/page"}],"author":[{"embeddable":true,"href":"https:\/\/wordpress.nibis.de\/obshilter\/wp-json\/wp\/v2\/users\/9192668"}],"replies":[{"embeddable":true,"href":"https:\/\/wordpress.nibis.de\/obshilter\/wp-json\/wp\/v2\/comments?post=3807"}],"version-history":[{"count":11,"href":"https:\/\/wordpress.nibis.de\/obshilter\/wp-json\/wp\/v2\/pages\/3807\/revisions"}],"predecessor-version":[{"id":6279,"href":"https:\/\/wordpress.nibis.de\/obshilter\/wp-json\/wp\/v2\/pages\/3807\/revisions\/6279"}],"wp:attachment":[{"href":"https:\/\/wordpress.nibis.de\/obshilter\/wp-json\/wp\/v2\/media?parent=3807"}],"curies":[{"name":"wp","href":"https:\/\/api.w.org\/{rel}","templated":true}]}}