{"id":3810,"date":"2023-03-14T13:15:49","date_gmt":"2023-03-14T12:15:49","guid":{"rendered":"https:\/\/wordpress.nibis.de\/obshilter\/?page_id=3810"},"modified":"2023-04-18T13:43:18","modified_gmt":"2023-04-18T11:43:18","slug":"kooperationspartner","status":"publish","type":"page","link":"https:\/\/wordpress.nibis.de\/obshilter\/kooperationspartner\/","title":{"rendered":"Kooperationspartner"},"content":{"rendered":"\n<p>Im Rahmen der Berufsorientierung an unserer Schule ist es sehr wichtig, dass wir zuverl\u00e4ssige Partner haben, mit denen wir gezielt zusammenarbeiten k\u00f6nnen. Neben einigen anderen Partnern, die uns regelm\u00e4\u00dfig unterst\u00fctzen, bestehen mit einigen Firmen bzw. Einrichtungen Kooperationsvertr\u00e4ge, in denen die Zusammenarbeit geregelt ist. Bei diesen Zusammenarbeiten geht es unter anderem um einen regelm\u00e4\u00dfigen Austausch, die Teilnahme an Aktionen der Berufsvorbereitung an unserer Schule, die Vermittlung von Praktikant*innen und Auszubildenden, etc.<\/p>\n<p>Zu unseren Kooperationspartnern geh\u00f6ren:\u00a0<\/p>\n\n\n\n<figure class=\"wp-block-gallery has-nested-images columns-default is-cropped wp-block-gallery-1 is-layout-flex wp-block-gallery-is-layout-flex\">\n<figure class=\"wp-block-image size-large\"><img loading=\"lazy\" decoding=\"async\" width=\"911\" height=\"513\" data-id=\"3864\" src=\"https:\/\/wordpress.nibis.de\/obshilter\/files\/2023\/04\/Hoecker-Polytechnik-Foto-Jobcenter-Landkreis-Osnabrueck.jpg\" alt=\"\" class=\"wp-image-3864\" srcset=\"https:\/\/wordpress.nibis.de\/obshilter\/files\/2023\/04\/Hoecker-Polytechnik-Foto-Jobcenter-Landkreis-Osnabrueck.jpg 911w, https:\/\/wordpress.nibis.de\/obshilter\/files\/2023\/04\/Hoecker-Polytechnik-Foto-Jobcenter-Landkreis-Osnabrueck-850x478.jpg 850w, https:\/\/wordpress.nibis.de\/obshilter\/files\/2023\/04\/Hoecker-Polytechnik-Foto-Jobcenter-Landkreis-Osnabrueck-250x141.jpg 250w, https:\/\/wordpress.nibis.de\/obshilter\/files\/2023\/04\/Hoecker-Polytechnik-Foto-Jobcenter-Landkreis-Osnabrueck-768x432.jpg 768w, https:\/\/wordpress.nibis.de\/obshilter\/files\/2023\/04\/Hoecker-Polytechnik-Foto-Jobcenter-Landkreis-Osnabrueck-479x270.jpg 479w\" sizes=\"auto, (max-width: 911px) 100vw, 911px\" \/><figcaption><a href=\"https:\/\/www.hoecker-polytechnik.de\/\"><strong><span style=\"color:#ffffff\" class=\"tadv-color\">H\u00f6cker Polytechnik GmbH<\/span><\/strong><\/a><\/figcaption><\/figure>\n\n\n\n<figure class=\"wp-block-image size-large\"><img loading=\"lazy\" decoding=\"async\" width=\"1600\" height=\"675\" data-id=\"3866\" src=\"https:\/\/wordpress.nibis.de\/obshilter\/files\/2023\/04\/uniqfood-Foto-MassArbeit-uwe-Lewandowski.jpg\" alt=\"\" class=\"wp-image-3866\" srcset=\"https:\/\/wordpress.nibis.de\/obshilter\/files\/2023\/04\/uniqfood-Foto-MassArbeit-uwe-Lewandowski.jpg 1600w, https:\/\/wordpress.nibis.de\/obshilter\/files\/2023\/04\/uniqfood-Foto-MassArbeit-uwe-Lewandowski-768x324.jpg 768w, https:\/\/wordpress.nibis.de\/obshilter\/files\/2023\/04\/uniqfood-Foto-MassArbeit-uwe-Lewandowski-1536x648.jpg 1536w, https:\/\/wordpress.nibis.de\/obshilter\/files\/2023\/04\/uniqfood-Foto-MassArbeit-uwe-Lewandowski-604x255.jpg 604w\" sizes=\"auto, (max-width: 1600px) 100vw, 1600px\" \/><figcaption><a href=\"https:\/\/www.uniqfood.de\/\"><strong><span style=\"color:#ffffff\" class=\"tadv-color\">UNIQFOOD GmbH<\/span><\/strong><\/a><\/figcaption><\/figure>\n\n\n\n<figure class=\"wp-block-image size-large\"><img loading=\"lazy\" decoding=\"async\" width=\"2200\" height=\"1631\" data-id=\"3865\" src=\"https:\/\/wordpress.nibis.de\/obshilter\/files\/2023\/04\/ProLabor-Foto-MassArbeit-Elvira-Parton.jpg\" alt=\"\" class=\"wp-image-3865\" srcset=\"https:\/\/wordpress.nibis.de\/obshilter\/files\/2023\/04\/ProLabor-Foto-MassArbeit-Elvira-Parton.jpg 2200w, https:\/\/wordpress.nibis.de\/obshilter\/files\/2023\/04\/ProLabor-Foto-MassArbeit-Elvira-Parton-768x569.jpg 768w, https:\/\/wordpress.nibis.de\/obshilter\/files\/2023\/04\/ProLabor-Foto-MassArbeit-Elvira-Parton-1536x1139.jpg 1536w, https:\/\/wordpress.nibis.de\/obshilter\/files\/2023\/04\/ProLabor-Foto-MassArbeit-Elvira-Parton-2048x1518.jpg 2048w, https:\/\/wordpress.nibis.de\/obshilter\/files\/2023\/04\/ProLabor-Foto-MassArbeit-Elvira-Parton-364x270.jpg 364w\" sizes=\"auto, (max-width: 2200px) 100vw, 2200px\" \/><figcaption><a href=\"https:\/\/www.prolabor.de\/\"><strong><span style=\"color:#ffffff\" class=\"tadv-color\">B. Braun pro Labor<\/span><\/strong><\/a><\/figcaption><\/figure>\n\n\n\n<figure class=\"wp-block-image size-large\"><img loading=\"lazy\" decoding=\"async\" width=\"800\" height=\"535\" data-id=\"3863\" src=\"https:\/\/wordpress.nibis.de\/obshilter\/files\/2023\/04\/EFS-Foto-MassArbeit-Hermann-Pentermann.jpg\" alt=\"\" class=\"wp-image-3863\" srcset=\"https:\/\/wordpress.nibis.de\/obshilter\/files\/2023\/04\/EFS-Foto-MassArbeit-Hermann-Pentermann.jpg 800w, https:\/\/wordpress.nibis.de\/obshilter\/files\/2023\/04\/EFS-Foto-MassArbeit-Hermann-Pentermann-768x514.jpg 768w, https:\/\/wordpress.nibis.de\/obshilter\/files\/2023\/04\/EFS-Foto-MassArbeit-Hermann-Pentermann-404x270.jpg 404w\" sizes=\"auto, (max-width: 800px) 100vw, 800px\" \/><figcaption><a href=\"https:\/\/www.efs-os.de\/\"><span style=\"color:#ffffff\" class=\"tadv-color\">Evangelische Fachschulen Osnabr\u00fcck<\/span><\/a><\/figcaption><\/figure>\n<\/figure>\n\n\n\n<p>Fotos: Ma\u00dfarbeit Landkreis Osnabr\u00fcck<\/p>\n","protected":false},"excerpt":{"rendered":"<p>Im Rahmen der Berufsorientierung an unserer Schule ist es sehr wichtig, dass wir zuverl\u00e4ssige Partner haben, mit denen wir gezielt zusammenarbeiten k\u00f6nnen. Neben einigen anderen Partnern, die uns regelm\u00e4\u00dfig unterst\u00fctzen, bestehen mit einigen Firmen bzw. Einrichtungen Kooperationsvertr\u00e4ge, in denen die Zusammenarbeit geregelt ist. Bei diesen Zusammenarbeiten geht es unter anderem um einen regelm\u00e4\u00dfigen Austausch, die Teilnahme an Aktionen der Berufsvorbereitung an unserer Schule, die Vermittlung von Praktikant*innen und Auszubildenden, etc. Zu unseren Kooperationspartnern geh\u00f6ren:\u00a0 Fotos: Ma\u00dfarbeit Landkreis Osnabr\u00fcck<\/p>\n","protected":false},"author":9192668,"featured_media":0,"parent":0,"menu_order":0,"comment_status":"closed","ping_status":"closed","template":"","meta":{"_acf_changed":false,"footnotes":""},"class_list":["post-3810","page","type-page","status-publish","hentry"],"acf":[],"_links":{"self":[{"href":"https:\/\/wordpress.nibis.de\/obshilter\/wp-json\/wp\/v2\/pages\/3810","targetHints":{"allow":["GET"]}}],"collection":[{"href":"https:\/\/wordpress.nibis.de\/obshilter\/wp-json\/wp\/v2\/pages"}],"about":[{"href":"https:\/\/wordpress.nibis.de\/obshilter\/wp-json\/wp\/v2\/types\/page"}],"author":[{"embeddable":true,"href":"https:\/\/wordpress.nibis.de\/obshilter\/wp-json\/wp\/v2\/users\/9192668"}],"replies":[{"embeddable":true,"href":"https:\/\/wordpress.nibis.de\/obshilter\/wp-json\/wp\/v2\/comments?post=3810"}],"version-history":[{"count":12,"href":"https:\/\/wordpress.nibis.de\/obshilter\/wp-json\/wp\/v2\/pages\/3810\/revisions"}],"predecessor-version":[{"id":3880,"href":"https:\/\/wordpress.nibis.de\/obshilter\/wp-json\/wp\/v2\/pages\/3810\/revisions\/3880"}],"wp:attachment":[{"href":"https:\/\/wordpress.nibis.de\/obshilter\/wp-json\/wp\/v2\/media?parent=3810"}],"curies":[{"name":"wp","href":"https:\/\/api.w.org\/{rel}","templated":true}]}}