{"id":387,"date":"2019-02-06T14:25:06","date_gmt":"2019-02-06T13:25:06","guid":{"rendered":"http:\/\/wordpress.nibis.de\/obshilter\/?page_id=387"},"modified":"2026-02-24T13:45:55","modified_gmt":"2026-02-24T12:45:55","slug":"schulbuecher","status":"publish","type":"page","link":"https:\/\/wordpress.nibis.de\/obshilter\/schulbuecher\/","title":{"rendered":"Schulb\u00fccher und Ausleihe"},"content":{"rendered":"\n<p>Auf dieser Seite finden Sie die aktuellen Schulbuchlisten und Informationen zur entgeltlichen Schulbuchausleihe an der Oberschule Hilter.<\/p>\n\n\n\n<p><\/p>\n\n\n\n<p>Weitere Informationen und den Lehrmittelausleihvertrag finden Sie nachfolgend:<br><\/p>\n\n\n\n<div data-wp-interactive=\"core\/file\" class=\"wp-block-file\"><object data-wp-bind--hidden=\"!state.hasPdfPreview\" hidden class=\"wp-block-file__embed\" data=\"https:\/\/wordpress.nibis.de\/obshilter\/files\/2026\/02\/Anleitung-Elterninfo.pdf\" type=\"application\/pdf\" style=\"width:100%;height:600px\" aria-label=\"Einbettung von Anleitung-Elterninfo.\"><\/object><a id=\"wp-block-file--media-da833108-1e56-42b3-99bc-3a0c28e79ce1\" href=\"https:\/\/wordpress.nibis.de\/obshilter\/files\/2026\/02\/Anleitung-Elterninfo.pdf\">Anleitung-Elterninfo<\/a><a href=\"https:\/\/wordpress.nibis.de\/obshilter\/files\/2026\/02\/Anleitung-Elterninfo.pdf\" class=\"wp-block-file__button wp-element-button\" download aria-describedby=\"wp-block-file--media-da833108-1e56-42b3-99bc-3a0c28e79ce1\">Herunterladen<\/a><\/div>\n\n\n\n<p><\/p>\n\n\n\n<figure class=\"wp-block-table\"><table class=\"has-fixed-layout\"><tbody><tr><td><strong>Ausleihvertr\u00e4ge 2026\/27:<\/strong><br>Ausleihvertrag 2026-2027 Jahrg\u00e4nge 6-10 &#8211; Wird zeitnah ver\u00f6ffentlicht<br><a href=\"https:\/\/wordpress.nibis.de\/obshilter\/files\/2026\/02\/Ausleihvertrag-OBS-Hilter-2026-27.Jg_.5.pdf\">Ausleihvertrag 2026-2027 Jahrgang 5<\/a><\/td><\/tr><tr><td><\/td><\/tr><tr><td><strong>B\u00fccherlisten<\/strong> <strong>2026\/27<\/strong>:<br><a href=\"https:\/\/wordpress.nibis.de\/obshilter\/files\/2026\/02\/Schulbuecher-Jg.-5-pdf.pdf\">Schulb\u00fccher Jg. 5 <\/a><br>Die anderen B\u00fccherlisten werden zeitnah hier ver\u00f6ffentlicht.\u00a0<\/td><\/tr><tr><td><\/td><\/tr><tr><td><strong>Materialliste<\/strong> <strong>2026\/27<\/strong>:<br><a href=\"https:\/\/wordpress.nibis.de\/obshilter\/files\/2025\/07\/Jahrgang-5.pdf\">Material Jahrgang 5<\/a><br><a href=\"https:\/\/wordpress.nibis.de\/obshilter\/files\/2025\/07\/Jahrgang-6-7.pdf\">Material Jahrgang 6-7<\/a><br><a href=\"https:\/\/wordpress.nibis.de\/obshilter\/files\/2025\/07\/Jahrgang-8-10.pdf\">Material Jahrgang 8-10<\/a><\/td><\/tr><tr><td><\/td><\/tr><\/tbody><\/table><\/figure>\n\n\n\n<p><\/p>\n\n\n\n<p><\/p>\n","protected":false},"excerpt":{"rendered":"<p>Auf dieser Seite finden Sie die aktuellen Schulbuchlisten und Informationen zur entgeltlichen Schulbuchausleihe an der Oberschule Hilter. Weitere Informationen und den Lehrmittelausleihvertrag finden Sie nachfolgend: Ausleihvertr\u00e4ge 2026\/27:Ausleihvertrag 2026-2027 Jahrg\u00e4nge 6-10 &#8211; Wird zeitnah ver\u00f6ffentlichtAusleihvertrag 2026-2027 Jahrgang 5 B\u00fccherlisten 2026\/27:Schulb\u00fccher Jg. 5 Die anderen B\u00fccherlisten werden zeitnah hier ver\u00f6ffentlicht.\u00a0 Materialliste 2026\/27:Material Jahrgang 5Material Jahrgang 6-7Material Jahrgang 8-10<\/p>\n","protected":false},"author":9192668,"featured_media":0,"parent":0,"menu_order":0,"comment_status":"closed","ping_status":"closed","template":"","meta":{"_acf_changed":false,"footnotes":""},"class_list":["post-387","page","type-page","status-publish","hentry"],"acf":[],"_links":{"self":[{"href":"https:\/\/wordpress.nibis.de\/obshilter\/wp-json\/wp\/v2\/pages\/387","targetHints":{"allow":["GET"]}}],"collection":[{"href":"https:\/\/wordpress.nibis.de\/obshilter\/wp-json\/wp\/v2\/pages"}],"about":[{"href":"https:\/\/wordpress.nibis.de\/obshilter\/wp-json\/wp\/v2\/types\/page"}],"author":[{"embeddable":true,"href":"https:\/\/wordpress.nibis.de\/obshilter\/wp-json\/wp\/v2\/users\/9192668"}],"replies":[{"embeddable":true,"href":"https:\/\/wordpress.nibis.de\/obshilter\/wp-json\/wp\/v2\/comments?post=387"}],"version-history":[{"count":53,"href":"https:\/\/wordpress.nibis.de\/obshilter\/wp-json\/wp\/v2\/pages\/387\/revisions"}],"predecessor-version":[{"id":6380,"href":"https:\/\/wordpress.nibis.de\/obshilter\/wp-json\/wp\/v2\/pages\/387\/revisions\/6380"}],"wp:attachment":[{"href":"https:\/\/wordpress.nibis.de\/obshilter\/wp-json\/wp\/v2\/media?parent=387"}],"curies":[{"name":"wp","href":"https:\/\/api.w.org\/{rel}","templated":true}]}}