{"id":389,"date":"2019-02-06T14:25:20","date_gmt":"2019-02-06T13:25:20","guid":{"rendered":"http:\/\/wordpress.nibis.de\/obshilter\/?page_id=389"},"modified":"2019-03-25T13:19:53","modified_gmt":"2019-03-25T12:19:53","slug":"pressespiegel","status":"publish","type":"page","link":"https:\/\/wordpress.nibis.de\/obshilter\/pressespiegel\/","title":{"rendered":"Pressespiegel"},"content":{"rendered":"\n<p>Unser Pressespiegel h\u00e4lt Sie auf dem Laufenden. \u00c4ltere Beitr\u00e4ge finden Sie im &#8222;Presse-Archiv&#8220;.<\/p>\n\n\n\n<p>_____________________________________________________<\/p>\n\n\n\n<p><em>Neue OZ vom 17. M\u00e4rz 2019<\/em><\/p>\n\n\n\n<p>&#8222;Betriebe in der Schule&#8220;:&nbsp;<a href=\"https:\/\/www.noz.de\/lokales\/hilter\/artikel\/1678632\/oberschule-hilter-organisiert-berufsmesse\">Oberschule Hilter organisiert Berufsmesse<\/a><\/p>\n\n\n\n<p>___________________________________________________<\/p>\n\n\n\n<p><em>Neue OZ vom 18. Dezember 2018<\/em><\/p>\n\n\n\n<p>&#8222;Wo Robin Hood den Weihnachtsmann trifft&#8220;:&nbsp;<a href=\"https:\/\/www.noz.de\/lokales\/hilter\/artikel\/1613440\/bunte-weihnachtsshow-der-oberschule-hilter-2#gallery&amp;0&amp;0&amp;1613440\">Bunte Weihnachtsshow der Oberschule Hilter<\/a><\/p>\n\n\n\n<p>___________________________________________________<\/p>\n\n\n\n<p><em>Neue OZ vom 24. September 2018<\/em><\/p>\n\n\n\n<p>&#8222;Herzlicher Empfang&#8220;:&nbsp;<a href=\"https:\/\/www.noz.de\/lokales\/hilter\/artikel\/1534048\/neue-schulleiterin-der-oberschule-hilter-offiziell-eingefuehrt\">Neue Schulleiterin der Oberschule offiziell eingef\u00fchrt<\/a><\/p>\n\n\n\n<p>___________________________________________________<\/p>\n\n\n\n<p><em>Neue OZ vom 8. August 2018<\/em><\/p>\n\n\n\n<p>&#8222;Ein Jahr gesucht&#8220;:&nbsp;<a href=\"https:\/\/www.noz.de\/lokales\/hilter\/artikel\/1420467\/oberschule-hilter-hat-eine-neue-schulleitung\">Oberschule Hilter hat eine neue Schulleitung<\/a><\/p>\n\n\n\n<p>__________________________________________________________________________________<\/p>\n\n\n\n<p><em>Neue OZ vom 22. Juni 2018<\/em><\/p>\n\n\n\n<p>&#8222;Die Zukunft will gelebt werden&#8220;:&nbsp;<a href=\"https:\/\/www.noz.de\/lokales\/hilter\/artikel\/1377991\/schulentlassung-der-oberschule-hilter#gallery&amp;0&amp;0&amp;1377991\">Schulentlassung der Oberschule Hilter<\/a><\/p>\n\n\n\n<p>___________________________________________________<\/p>\n\n\n\n<p><em>Neue OZ vom 14. Juni 2018<\/em><\/p>\n\n\n\n<p>Frische Snacks und Bleistifte:&nbsp;<a href=\"https:\/\/www.noz.de\/lokales\/hilter\/artikel\/1285356\/zehn-jahre-schuelerfirma-kiosk-2-0-an-der-oberschule-in-hilter\">Zehn Jahre Sch\u00fclerfirma &#8222;Kiosk 2.0&#8220; an der Oberschule Hilter<\/a><\/p>\n\n\n\n<p>___________________________________________________<\/p>\n\n\n\n<p><em>Neue OZ vom 30. Mai 2018<\/em><\/p>\n\n\n\n<p>Sogar zuhause Englisch gesprochen:&nbsp;<a href=\"https:\/\/www.noz.de\/lokales\/hilter\/artikel\/1247819\/native-speaker-project-an-der-oberschule-hilter\">Native-Speaker-Project an der Oberschule Hilter<\/a><\/p>\n\n\n\n<p>________________________________________________________________<\/p>\n\n\n\n<p><em>Neue OZ vom 19. Dezember 2017<\/em><\/p>\n\n\n\n<p>Mit Tag der offenen T\u00fcr:&nbsp;<a href=\"https:\/\/www.noz.de\/lokales\/hilter\/artikel\/995577\/bunte-weihnachtsshow-der-oberschule-hilter#gallery&amp;65260&amp;0&amp;995577\">Bunte Weihnachtsshow der Oberschule Hilter<\/a><\/p>\n\n\n\n<p>__________________________________________________________________<\/p>\n\n\n\n<p><em>Neue OZ vom 14. September 2017<\/em><\/p>\n\n\n\n<p>Bundestagswahl wird simuliert:&nbsp;<a href=\"https:\/\/www.noz.de\/lokales\/hilter\/artikel\/951048\/erstmals-u18-wahl-an-der-oberschule-in-hilter\">Erstmals U18-Wahl an der Oberschule in Hilter<\/a><\/p>\n\n\n\n<p>________________________________________________________________________________________________________________________<\/p>\n\n\n\n<p><em>Neue OZ vom 19. Juni 2017<\/em><\/p>\n\n\n\n<p>Zum zehnten Mal:&nbsp;<a href=\"https:\/\/www.noz.de\/lokales\/hilter\/artikel\/911682\/oberschule-hilter-verabschiedet-ihre-zehntklaessler#gallery&amp;0&amp;0&amp;911682\">Oberschule Hilter verabschiedet ihre Zehntkl\u00e4ssler<\/a><\/p>\n\n\n\n<p>________________________________________________________________________________________________________________________<\/p>\n\n\n\n<p><em>Neue OZ vom 04. Mai 2017<\/em><\/p>\n\n\n\n<p>Siegerehrung beim Malwettbewerb<a href=\"https:\/\/www.noz.de\/lokales\/bad-laer\/artikel\/890452\/siegerehrung-beim-malwettbewerb-jugend-creativ-in-bad-laer\">&nbsp;\u201eJugend creativ\u201c in Bad Laer<\/a><\/p>\n\n\n\n<p>_____________________________________________________________________________________________________________________<\/p>\n\n\n\n<p><em>Neue OZ vom 04.05.2017<\/em><\/p>\n\n\n\n<p>Siegerehrung beim Malwettbewerb<a href=\"https:\/\/www.noz.de\/lokales\/bad-laer\/artikel\/890452\/siegerehrung-beim-malwettbewerb-jugend-creativ-in-bad-laer\">&nbsp;\u201eJugend creativ\u201c in Bad Laer<\/a><\/p>\n\n\n\n<p>_____________________________________________________________________________________________________________________<\/p>\n\n\n\n<p><em>Neue OZ vom 14. M\u00e4rz 2017<\/em><\/p>\n\n\n\n<p>Aktiv gegen das Schw\u00e4nzen:&nbsp;<a href=\"http:\/\/www.noz.de\/lokales\/hilter\/artikel\/864480\/oberschule-hilter-fuer-praeventionsarbeit-ausgezeichnet\">Oberschule Hilter f\u00fcr Pr\u00e4ventionsarbeit ausgezeichnet<\/a><\/p>\n\n\n\n<p>________________________________________________________________________________________________________________________<\/p>\n\n\n\n<p><em>Neue OZ vom 9. M\u00e4rz 2017<\/em><\/p>\n\n\n\n<p>Betriebe in der Schule:&nbsp;<a href=\"http:\/\/www.noz.de\/lokales\/hilter\/artikel\/862006\/borgloher-oberschueler-lernen-berufe-kennen\">Borgloher Obersch\u00fcler lernen Berufe kennen<\/a><\/p>\n\n\n\n<p>________________________________________________________________________________________________________________________<\/p>\n\n\n\n<p><em>Neue OZ vom 4. M\u00e4rz 2017<\/em><\/p>\n\n\n\n<p>J\u00fcdisch-christliche Zusammenarbeit:&nbsp;<a href=\"http:\/\/www.noz.de\/lokales\/hilter\/artikel\/859604\/kontakt-mit-dem-judentum-in-der-hilteraner-oberschule\">Kontakt mit dem Judentum in der Hilteraner Oberschule<\/a><\/p>\n\n\n\n<p>________________________________________________________________________________________________________________________<\/p>\n\n\n\n<p><em>Pressemitteilung der Ma\u00dfArbeit vom 21. Februar 2017<\/em><\/p>\n\n\n\n<p>Oberschule Hilter ist &#8222;Schule auf Kurs&#8220; &#8211;&nbsp;<a href=\"http:\/\/oberschule-hilter.de\/index.php\/Absentismus\">Ma\u00dfArbeit verleiht Zertifikat gegen Schulverweigerung<\/a><\/p>\n\n\n\n<p>________________________________________________________________________________________________________________________<\/p>\n\n\n\n<p><em>Neue OZ vom 16. Februar 2017<\/em><\/p>\n\n\n\n<p>150 Besucher beim Infotag &#8211;&nbsp;<a href=\"http:\/\/www.noz.de\/lokales\/hilter\/artikel\/851663\/oberschule-borgloh-kleine-klassen-und-ein-bus-problem\">Oberschule Borgloh: Kleine Klassen und ein Bus-Problem<\/a><\/p>\n\n\n\n<p>________________________________________________________________________________________________________________________<\/p>\n\n\n\n<p><em>Neue OZ vom 24. Januar 2017<\/em><\/p>\n\n\n\n<p>Englisch lernen im Schnee &#8211;&nbsp;<a href=\"http:\/\/www.noz.de\/lokales\/hilter\/artikel\/840126\/native-speaker-woche-an-der-oberschule-hilter\">Native-Speaker-Woche an der Oberschule Hilter<\/a><\/p>\n","protected":false},"excerpt":{"rendered":"<p>Unser Pressespiegel h\u00e4lt Sie auf dem Laufenden. \u00c4ltere Beitr\u00e4ge finden Sie im &#8222;Presse-Archiv&#8220;. _____________________________________________________ Neue OZ vom 17. M\u00e4rz 2019 &#8222;Betriebe in der Schule&#8220;:&nbsp;Oberschule Hilter organisiert Berufsmesse ___________________________________________________ Neue OZ vom 18. Dezember 2018 &#8222;Wo Robin Hood den Weihnachtsmann trifft&#8220;:&nbsp;Bunte Weihnachtsshow der Oberschule Hilter ___________________________________________________ Neue OZ vom 24. September 2018 &#8222;Herzlicher Empfang&#8220;:&nbsp;Neue Schulleiterin der Oberschule offiziell eingef\u00fchrt ___________________________________________________ Neue OZ vom 8. August 2018 &#8222;Ein Jahr gesucht&#8220;:&nbsp;Oberschule Hilter hat eine neue Schulleitung __________________________________________________________________________________ Neue OZ vom 22. Juni 2018&#8230;<\/p>\n<p class=\"read-more\"><a class=\"btn btn-default\" href=\"https:\/\/wordpress.nibis.de\/obshilter\/pressespiegel\/\">Weiterlesen<span class=\"screen-reader-text\"> Weiterlesen<\/span><\/a><\/p>\n","protected":false},"author":9192668,"featured_media":0,"parent":0,"menu_order":0,"comment_status":"closed","ping_status":"closed","template":"","meta":{"_acf_changed":false,"footnotes":""},"class_list":["post-389","page","type-page","status-publish","hentry"],"acf":[],"_links":{"self":[{"href":"https:\/\/wordpress.nibis.de\/obshilter\/wp-json\/wp\/v2\/pages\/389","targetHints":{"allow":["GET"]}}],"collection":[{"href":"https:\/\/wordpress.nibis.de\/obshilter\/wp-json\/wp\/v2\/pages"}],"about":[{"href":"https:\/\/wordpress.nibis.de\/obshilter\/wp-json\/wp\/v2\/types\/page"}],"author":[{"embeddable":true,"href":"https:\/\/wordpress.nibis.de\/obshilter\/wp-json\/wp\/v2\/users\/9192668"}],"replies":[{"embeddable":true,"href":"https:\/\/wordpress.nibis.de\/obshilter\/wp-json\/wp\/v2\/comments?post=389"}],"version-history":[{"count":2,"href":"https:\/\/wordpress.nibis.de\/obshilter\/wp-json\/wp\/v2\/pages\/389\/revisions"}],"predecessor-version":[{"id":641,"href":"https:\/\/wordpress.nibis.de\/obshilter\/wp-json\/wp\/v2\/pages\/389\/revisions\/641"}],"wp:attachment":[{"href":"https:\/\/wordpress.nibis.de\/obshilter\/wp-json\/wp\/v2\/media?parent=389"}],"curies":[{"name":"wp","href":"https:\/\/api.w.org\/{rel}","templated":true}]}}