{"id":393,"date":"2019-02-06T14:25:45","date_gmt":"2019-02-06T13:25:45","guid":{"rendered":"http:\/\/wordpress.nibis.de\/obshilter\/?page_id=393"},"modified":"2025-09-02T17:49:21","modified_gmt":"2025-09-02T15:49:21","slug":"schliessfaecher","status":"publish","type":"page","link":"https:\/\/wordpress.nibis.de\/obshilter\/schliessfaecher\/","title":{"rendered":"Schlie\u00dff\u00e4cher"},"content":{"rendered":"\n<p>Die Schlie\u00dff\u00e4cher werden von Astra Direkt bereit gestellt.<\/p>\n\n\n\n<p>Weitere Informationen erhalten Sie unter&nbsp;<a rel=\"noreferrer noopener\" href=\"http:\/\/www.astradirekt.de\/\" target=\"_blank\">www.astradirekt.de<\/a>.<br><br>Auf der Webseite von&nbsp;Astra Direkt&nbsp;k\u00f6nnen Sie online:<\/p>\n\n\n\n<ul class=\"wp-block-list\"><li>ein Schlie\u00dffach beantragen<\/li><li>die Bankverbindung \u00e4ndern<\/li><li>die Adresse \u00e4ndern<\/li><li>das Schlie\u00dffach k\u00fcndigen<\/li><li>einen Ersatzschl\u00fcssel beantragen.<\/li><\/ul>\n\n\n\n<p><\/p>\n","protected":false},"excerpt":{"rendered":"<p>Die Schlie\u00dff\u00e4cher werden von Astra Direkt bereit gestellt. Weitere Informationen erhalten Sie unter&nbsp;www.astradirekt.de. Auf der Webseite von&nbsp;Astra Direkt&nbsp;k\u00f6nnen Sie online: ein Schlie\u00dffach beantragen die Bankverbindung \u00e4ndern die Adresse \u00e4ndern das Schlie\u00dffach k\u00fcndigen einen Ersatzschl\u00fcssel beantragen.<\/p>\n","protected":false},"author":9192668,"featured_media":0,"parent":0,"menu_order":0,"comment_status":"closed","ping_status":"closed","template":"","meta":{"_acf_changed":false,"footnotes":""},"class_list":["post-393","page","type-page","status-publish","hentry"],"acf":[],"_links":{"self":[{"href":"https:\/\/wordpress.nibis.de\/obshilter\/wp-json\/wp\/v2\/pages\/393","targetHints":{"allow":["GET"]}}],"collection":[{"href":"https:\/\/wordpress.nibis.de\/obshilter\/wp-json\/wp\/v2\/pages"}],"about":[{"href":"https:\/\/wordpress.nibis.de\/obshilter\/wp-json\/wp\/v2\/types\/page"}],"author":[{"embeddable":true,"href":"https:\/\/wordpress.nibis.de\/obshilter\/wp-json\/wp\/v2\/users\/9192668"}],"replies":[{"embeddable":true,"href":"https:\/\/wordpress.nibis.de\/obshilter\/wp-json\/wp\/v2\/comments?post=393"}],"version-history":[{"count":7,"href":"https:\/\/wordpress.nibis.de\/obshilter\/wp-json\/wp\/v2\/pages\/393\/revisions"}],"predecessor-version":[{"id":5609,"href":"https:\/\/wordpress.nibis.de\/obshilter\/wp-json\/wp\/v2\/pages\/393\/revisions\/5609"}],"wp:attachment":[{"href":"https:\/\/wordpress.nibis.de\/obshilter\/wp-json\/wp\/v2\/media?parent=393"}],"curies":[{"name":"wp","href":"https:\/\/api.w.org\/{rel}","templated":true}]}}