{"id":4700,"date":"2024-04-16T13:39:55","date_gmt":"2024-04-16T11:39:55","guid":{"rendered":"https:\/\/wordpress.nibis.de\/obshilter\/?page_id=4700"},"modified":"2024-05-14T13:59:39","modified_gmt":"2024-05-14T11:59:39","slug":"lasercutter-3d-druck","status":"publish","type":"page","link":"https:\/\/wordpress.nibis.de\/obshilter\/lasercutter-3d-druck\/","title":{"rendered":"Lasercutter \/ 3D-Druck"},"content":{"rendered":"\n<p>Seit Sommer 2023 haben wir nun im Technikraum eine neue Maschine &#8211; einen Lasercutter!<\/p>\n\n\n\n<p><\/p>\n\n\n\n<figure class=\"wp-block-image size-large\"><img loading=\"lazy\" decoding=\"async\" width=\"1200\" height=\"675\" src=\"https:\/\/wordpress.nibis.de\/obshilter\/files\/2024\/05\/OBS-Hilter-WH-Spendenfoto-1200x675.jpg\" alt=\"\" class=\"wp-image-4826\" srcset=\"https:\/\/wordpress.nibis.de\/obshilter\/files\/2024\/05\/OBS-Hilter-WH-Spendenfoto-1200x675.jpg 1200w, https:\/\/wordpress.nibis.de\/obshilter\/files\/2024\/05\/OBS-Hilter-WH-Spendenfoto-850x478.jpg 850w, https:\/\/wordpress.nibis.de\/obshilter\/files\/2024\/05\/OBS-Hilter-WH-Spendenfoto-250x141.jpg 250w\" sizes=\"auto, (max-width: 1200px) 100vw, 1200px\" \/><figcaption>Olaf Heymann-Riedel (links), Gesch\u00e4ftsf\u00fchrer der Windm\u00f6ller &amp; H\u00f6lscher Academy, kam im Februar in die Oberschule, um den Lasercutter zu besichtigen, den die Firma W&amp;H gemeinsam mit der Firma H\u00f6cker Polytechnik und dem F\u00f6rderverein der OBS (Vorsitz: Torsten Zinke, rechts im Bild) dem Fachbereich Technik (Janina Rutenkr\u00f6ger f\u00fcr den FB Technik, links und Ute Haehnel, Schulleiterin) subventioniert hat.<\/figcaption><\/figure>\n\n\n\n<p><\/p>\n\n\n\n<figure class=\"wp-block-image size-large\"><img loading=\"lazy\" decoding=\"async\" width=\"1200\" height=\"675\" src=\"https:\/\/wordpress.nibis.de\/obshilter\/files\/2024\/05\/Tag-d-o-Tuer-07-1200x675.jpg\" alt=\"\" class=\"wp-image-4811\" srcset=\"https:\/\/wordpress.nibis.de\/obshilter\/files\/2024\/05\/Tag-d-o-Tuer-07-1200x675.jpg 1200w, https:\/\/wordpress.nibis.de\/obshilter\/files\/2024\/05\/Tag-d-o-Tuer-07-850x478.jpg 850w, https:\/\/wordpress.nibis.de\/obshilter\/files\/2024\/05\/Tag-d-o-Tuer-07-250x141.jpg 250w\" sizes=\"auto, (max-width: 1200px) 100vw, 1200px\" \/><figcaption>Unser Atomstack Lasercutter<\/figcaption><\/figure>\n\n\n\n<p>Dieser wird u.a. dazu verwendet, f\u00fcr Sch\u00fcler:Innen, Lehrer:innen und Eltern Essbretter, Kochl\u00f6ffel und Gl\u00e4ser zu lasern. Unten k\u00f6nnen sie einige Produkte sehen.<\/p>\n\n\n\n<figure class=\"wp-block-gallery has-nested-images columns-default is-cropped wp-block-gallery-1 is-layout-flex wp-block-gallery-is-layout-flex\">\n<figure class=\"wp-block-image size-large\"><img loading=\"lazy\" decoding=\"async\" width=\"2000\" height=\"1500\" data-id=\"4817\" src=\"https:\/\/wordpress.nibis.de\/obshilter\/files\/2024\/05\/IMG_1407.jpeg\" alt=\"\" class=\"wp-image-4817\" srcset=\"https:\/\/wordpress.nibis.de\/obshilter\/files\/2024\/05\/IMG_1407.jpeg 2000w, https:\/\/wordpress.nibis.de\/obshilter\/files\/2024\/05\/IMG_1407-768x576.jpeg 768w, https:\/\/wordpress.nibis.de\/obshilter\/files\/2024\/05\/IMG_1407-1536x1152.jpeg 1536w, https:\/\/wordpress.nibis.de\/obshilter\/files\/2024\/05\/IMG_1407-360x270.jpeg 360w\" sizes=\"auto, (max-width: 2000px) 100vw, 2000px\" \/><figcaption>Weihnachtsbaumanh\u00e4nger f\u00fcr unseren Weihnachtsmarkt<\/figcaption><\/figure>\n\n\n\n<figure class=\"wp-block-image size-large\"><img loading=\"lazy\" decoding=\"async\" width=\"2560\" height=\"1714\" data-id=\"4828\" src=\"https:\/\/wordpress.nibis.de\/obshilter\/files\/2024\/05\/DSC_0351-scaled.jpg\" alt=\"\" class=\"wp-image-4828\" srcset=\"https:\/\/wordpress.nibis.de\/obshilter\/files\/2024\/05\/DSC_0351-scaled.jpg 2560w, https:\/\/wordpress.nibis.de\/obshilter\/files\/2024\/05\/DSC_0351-768x514.jpg 768w, https:\/\/wordpress.nibis.de\/obshilter\/files\/2024\/05\/DSC_0351-1536x1028.jpg 1536w, https:\/\/wordpress.nibis.de\/obshilter\/files\/2024\/05\/DSC_0351-2048x1371.jpg 2048w, https:\/\/wordpress.nibis.de\/obshilter\/files\/2024\/05\/DSC_0351-403x270.jpg 403w\" sizes=\"auto, (max-width: 2560px) 100vw, 2560px\" \/><figcaption>Osterhasen mit merci-Schokokugeln<\/figcaption><\/figure>\n<figcaption class=\"blocks-gallery-caption\"><br><\/figcaption><\/figure>\n\n\n\n<p>Seit Anfang 2024 haben wir nun auch einen 3D-Drucker von BambuLab, mit dem wir Sch\u00fcler des Profils Technik spielerisch ans 3D-Modellieren heranf\u00fchren. Hier sind einige Drucke.<\/p>\n\n\n\n<figure class=\"wp-block-gallery has-nested-images columns-default is-cropped wp-block-gallery-2 is-layout-flex wp-block-gallery-is-layout-flex\">\n<figure class=\"wp-block-image size-large\"><img loading=\"lazy\" decoding=\"async\" width=\"899\" height=\"1599\" data-id=\"4818\" src=\"https:\/\/wordpress.nibis.de\/obshilter\/files\/2024\/05\/IMG-20240304-WA0009.jpg\" alt=\"\" class=\"wp-image-4818\" srcset=\"https:\/\/wordpress.nibis.de\/obshilter\/files\/2024\/05\/IMG-20240304-WA0009.jpg 899w, https:\/\/wordpress.nibis.de\/obshilter\/files\/2024\/05\/IMG-20240304-WA0009-768x1366.jpg 768w, https:\/\/wordpress.nibis.de\/obshilter\/files\/2024\/05\/IMG-20240304-WA0009-864x1536.jpg 864w, https:\/\/wordpress.nibis.de\/obshilter\/files\/2024\/05\/IMG-20240304-WA0009-152x270.jpg 152w\" sizes=\"auto, (max-width: 899px) 100vw, 899px\" \/><figcaption>Kabeltrommel zusammengebaut<\/figcaption><\/figure>\n\n\n\n<figure class=\"wp-block-image size-large\"><img loading=\"lazy\" decoding=\"async\" width=\"1080\" height=\"1920\" data-id=\"4819\" src=\"https:\/\/wordpress.nibis.de\/obshilter\/files\/2024\/05\/IMG-20240305-WA0002.jpg\" alt=\"\" class=\"wp-image-4819\" srcset=\"https:\/\/wordpress.nibis.de\/obshilter\/files\/2024\/05\/IMG-20240305-WA0002.jpg 1080w, https:\/\/wordpress.nibis.de\/obshilter\/files\/2024\/05\/IMG-20240305-WA0002-768x1365.jpg 768w, https:\/\/wordpress.nibis.de\/obshilter\/files\/2024\/05\/IMG-20240305-WA0002-864x1536.jpg 864w, https:\/\/wordpress.nibis.de\/obshilter\/files\/2024\/05\/IMG-20240305-WA0002-152x270.jpg 152w\" sizes=\"auto, (max-width: 1080px) 100vw, 1080px\" \/><figcaption>SD-Kartenhalter und Batteriehalter<\/figcaption><\/figure>\n\n\n\n<figure class=\"wp-block-image size-large\"><img loading=\"lazy\" decoding=\"async\" width=\"1152\" height=\"2048\" data-id=\"4820\" src=\"https:\/\/wordpress.nibis.de\/obshilter\/files\/2024\/05\/IMG-20240304-WA0002.jpg\" alt=\"\" class=\"wp-image-4820\" srcset=\"https:\/\/wordpress.nibis.de\/obshilter\/files\/2024\/05\/IMG-20240304-WA0002.jpg 1152w, https:\/\/wordpress.nibis.de\/obshilter\/files\/2024\/05\/IMG-20240304-WA0002-768x1365.jpg 768w, https:\/\/wordpress.nibis.de\/obshilter\/files\/2024\/05\/IMG-20240304-WA0002-864x1536.jpg 864w, https:\/\/wordpress.nibis.de\/obshilter\/files\/2024\/05\/IMG-20240304-WA0002-152x270.jpg 152w\" sizes=\"auto, (max-width: 1152px) 100vw, 1152px\" \/><figcaption>Kabeltrommel<\/figcaption><\/figure>\n\n\n\n<figure class=\"wp-block-image size-large\"><img loading=\"lazy\" decoding=\"async\" width=\"2048\" height=\"1730\" data-id=\"4821\" src=\"https:\/\/wordpress.nibis.de\/obshilter\/files\/2024\/05\/IMG-20240304-WA0007.jpg\" alt=\"\" class=\"wp-image-4821\" srcset=\"https:\/\/wordpress.nibis.de\/obshilter\/files\/2024\/05\/IMG-20240304-WA0007.jpg 2048w, https:\/\/wordpress.nibis.de\/obshilter\/files\/2024\/05\/IMG-20240304-WA0007-768x649.jpg 768w, https:\/\/wordpress.nibis.de\/obshilter\/files\/2024\/05\/IMG-20240304-WA0007-1536x1298.jpg 1536w, https:\/\/wordpress.nibis.de\/obshilter\/files\/2024\/05\/IMG-20240304-WA0007-320x270.jpg 320w\" sizes=\"auto, (max-width: 2048px) 100vw, 2048px\" \/><figcaption>FPV-Frame<\/figcaption><\/figure>\n<\/figure>\n\n\n","protected":false},"excerpt":{"rendered":"<p>Seit Sommer 2023 haben wir nun im Technikraum eine neue Maschine &#8211; einen Lasercutter! Dieser wird u.a. dazu verwendet, f\u00fcr Sch\u00fcler:Innen, Lehrer:innen und Eltern Essbretter, Kochl\u00f6ffel und Gl\u00e4ser zu lasern. Unten k\u00f6nnen sie einige Produkte sehen. Seit Anfang 2024 haben wir nun auch einen 3D-Drucker von BambuLab, mit dem wir Sch\u00fcler des Profils Technik spielerisch ans 3D-Modellieren heranf\u00fchren. Hier sind einige Drucke.<\/p>\n","protected":false},"author":9192668,"featured_media":0,"parent":0,"menu_order":0,"comment_status":"closed","ping_status":"closed","template":"","meta":{"_acf_changed":false,"footnotes":""},"class_list":["post-4700","page","type-page","status-publish","hentry"],"acf":[],"_links":{"self":[{"href":"https:\/\/wordpress.nibis.de\/obshilter\/wp-json\/wp\/v2\/pages\/4700","targetHints":{"allow":["GET"]}}],"collection":[{"href":"https:\/\/wordpress.nibis.de\/obshilter\/wp-json\/wp\/v2\/pages"}],"about":[{"href":"https:\/\/wordpress.nibis.de\/obshilter\/wp-json\/wp\/v2\/types\/page"}],"author":[{"embeddable":true,"href":"https:\/\/wordpress.nibis.de\/obshilter\/wp-json\/wp\/v2\/users\/9192668"}],"replies":[{"embeddable":true,"href":"https:\/\/wordpress.nibis.de\/obshilter\/wp-json\/wp\/v2\/comments?post=4700"}],"version-history":[{"count":10,"href":"https:\/\/wordpress.nibis.de\/obshilter\/wp-json\/wp\/v2\/pages\/4700\/revisions"}],"predecessor-version":[{"id":4830,"href":"https:\/\/wordpress.nibis.de\/obshilter\/wp-json\/wp\/v2\/pages\/4700\/revisions\/4830"}],"wp:attachment":[{"href":"https:\/\/wordpress.nibis.de\/obshilter\/wp-json\/wp\/v2\/media?parent=4700"}],"curies":[{"name":"wp","href":"https:\/\/api.w.org\/{rel}","templated":true}]}}