{"id":5104,"date":"2024-11-12T13:17:19","date_gmt":"2024-11-12T12:17:19","guid":{"rendered":"https:\/\/wordpress.nibis.de\/obshilter\/?page_id=5104"},"modified":"2025-09-23T13:18:54","modified_gmt":"2025-09-23T11:18:54","slug":"aufbau-der-oberschule","status":"publish","type":"page","link":"https:\/\/wordpress.nibis.de\/obshilter\/aufbau-der-oberschule\/","title":{"rendered":"Aufbau der Oberschule"},"content":{"rendered":"\n<div class=\"wp-block-columns is-layout-flex wp-container-core-columns-is-layout-abceabcf wp-block-columns-is-layout-flex\">\n<div class=\"wp-block-column is-layout-flow wp-block-column-is-layout-flow\">\n<p><strong>Die Oberschule Hilter bietet&#8230;<\/strong><\/p>\n\n\n\n<ul class=\"wp-block-list\"><li>den Sekundarbereich I&nbsp; Klasse 5 \u2013 10<\/li><\/ul>\n\n\n\n<ul class=\"wp-block-list\"><li>In der Regel kleine Klassen (ca. 20 Sch\u00fcler*innen)<\/li><\/ul>\n\n\n\n<ul class=\"wp-block-list\"><li>eine inklusive und allgemeine Beschulung<\/li><\/ul>\n\n\n\n<ul class=\"wp-block-list\"><li>jahrgangsbezogene Lerngruppen Jg. 5-8<\/li><\/ul>\n\n\n\n<ul class=\"wp-block-list\"><li>ab Jg. 9 Aufteilung der Sch\u00fcler*innen auf HS-\/RS-Zweig der OBS (neu 2024\/25)<\/li><\/ul>\n\n\n\n<ul>\n<li style=\"text-align: left\">eine offene Ganztagsbeschulung von Dienstag &#8211; Donnerstag (Hausaufgabenbetreuung, F\u00f6rderunterricht und AGs)<\/li>\n<\/ul>\n\n\n\n<ul class=\"wp-block-list\"><li>Warmes Mittagessen auf Bestellung Dienstag &#8211; Donnerstag<\/li><\/ul>\n\n\n\n<ul class=\"wp-block-list\"><li>Unterricht von 7:45 \u2013 12:50 Uhr, zuz\u00fcglich Ganztag bis 15:30 Uhr<\/li><\/ul>\n<\/div>\n\n\n\n<div class=\"wp-block-column is-layout-flow wp-block-column-is-layout-flow\">\n<figure class=\"wp-block-image size-large is-style-default\"><img loading=\"lazy\" decoding=\"async\" width=\"1200\" height=\"675\" src=\"https:\/\/wordpress.nibis.de\/obshilter\/files\/2025\/09\/Schulgebaeude-reduziert-1200x675.jpg\" alt=\"\" class=\"wp-image-5686\" srcset=\"https:\/\/wordpress.nibis.de\/obshilter\/files\/2025\/09\/Schulgebaeude-reduziert-1200x675.jpg 1200w, https:\/\/wordpress.nibis.de\/obshilter\/files\/2025\/09\/Schulgebaeude-reduziert-850x478.jpg 850w, https:\/\/wordpress.nibis.de\/obshilter\/files\/2025\/09\/Schulgebaeude-reduziert-250x141.jpg 250w\" sizes=\"auto, (max-width: 1200px) 100vw, 1200px\" \/><\/figure>\n\n\n\n<figure class=\"wp-block-image size-large is-style-default\"><img loading=\"lazy\" decoding=\"async\" width=\"1024\" height=\"683\" src=\"https:\/\/wordpress.nibis.de\/obshilter\/files\/2018\/10\/DSC_0051-1024x683.jpg\" alt=\"\" class=\"wp-image-8\" srcset=\"https:\/\/wordpress.nibis.de\/obshilter\/files\/2018\/10\/DSC_0051.jpg 1024w, https:\/\/wordpress.nibis.de\/obshilter\/files\/2018\/10\/DSC_0051-300x200.jpg 300w, https:\/\/wordpress.nibis.de\/obshilter\/files\/2018\/10\/DSC_0051-768x512.jpg 768w\" sizes=\"auto, (max-width: 1024px) 100vw, 1024px\" \/><\/figure>\n\n\n\n<figure class=\"wp-block-image size-large is-style-default\"><img loading=\"lazy\" decoding=\"async\" width=\"1200\" height=\"675\" src=\"https:\/\/wordpress.nibis.de\/obshilter\/files\/2022\/11\/Tag-der-offenen-Tuer-2022-13-1200x675.jpeg\" alt=\"\" class=\"wp-image-3519\" srcset=\"https:\/\/wordpress.nibis.de\/obshilter\/files\/2022\/11\/Tag-der-offenen-Tuer-2022-13-1200x675.jpeg 1200w, https:\/\/wordpress.nibis.de\/obshilter\/files\/2022\/11\/Tag-der-offenen-Tuer-2022-13-850x478.jpeg 850w, https:\/\/wordpress.nibis.de\/obshilter\/files\/2022\/11\/Tag-der-offenen-Tuer-2022-13-250x141.jpeg 250w\" sizes=\"auto, (max-width: 1200px) 100vw, 1200px\" \/><\/figure>\n<\/div>\n<\/div>\n\n\n\n<div style=\"height:100px\" aria-hidden=\"true\" class=\"wp-block-spacer\"><\/div>\n\n\n\n<div class=\"wp-block-columns is-layout-flex wp-container-core-columns-is-layout-abceabcf wp-block-columns-is-layout-flex\">\n<div class=\"wp-block-column is-layout-flow wp-block-column-is-layout-flow\">\n<figure class=\"wp-block-image size-large is-style-default\"><img loading=\"lazy\" decoding=\"async\" width=\"1200\" height=\"675\" src=\"https:\/\/wordpress.nibis.de\/obshilter\/files\/2025\/09\/klein-1200x675.jpg\" alt=\"\" class=\"wp-image-5562\" srcset=\"https:\/\/wordpress.nibis.de\/obshilter\/files\/2025\/09\/klein-1200x675.jpg 1200w, https:\/\/wordpress.nibis.de\/obshilter\/files\/2025\/09\/klein-850x478.jpg 850w, https:\/\/wordpress.nibis.de\/obshilter\/files\/2025\/09\/klein-250x141.jpg 250w\" sizes=\"auto, (max-width: 1200px) 100vw, 1200px\" \/><\/figure>\n\n\n\n<figure class=\"wp-block-image size-large is-style-default\"><img loading=\"lazy\" decoding=\"async\" width=\"705\" height=\"675\" src=\"https:\/\/wordpress.nibis.de\/obshilter\/files\/2019\/02\/Logo-705x675.png\" alt=\"\" class=\"wp-image-265\" \/><\/figure>\n\n\n\n<figure class=\"wp-block-image size-large is-style-default\"><img loading=\"lazy\" decoding=\"async\" width=\"1200\" height=\"675\" src=\"https:\/\/wordpress.nibis.de\/obshilter\/files\/2022\/05\/IMG_1068-1200x675.jpg\" alt=\"\" class=\"wp-image-3131\" srcset=\"https:\/\/wordpress.nibis.de\/obshilter\/files\/2022\/05\/IMG_1068-1200x675.jpg 1200w, https:\/\/wordpress.nibis.de\/obshilter\/files\/2022\/05\/IMG_1068-850x478.jpg 850w, https:\/\/wordpress.nibis.de\/obshilter\/files\/2022\/05\/IMG_1068-250x141.jpg 250w\" sizes=\"auto, (max-width: 1200px) 100vw, 1200px\" \/><\/figure>\n<\/div>\n\n\n\n<div class=\"wp-block-column is-layout-flow wp-block-column-is-layout-flow\">\n<p><b>\u00c4u\u00dfere Differenzierung<\/b><\/p>\n<p><strong>Klasse 5 :<\/strong> Jahrgangsbezogener Unterricht<\/p>\n<p><strong>Klasse 6: <\/strong>Jahrgangsbezogener Unterricht<\/p>\n<p>Wahl von Wahlpflichtkursen (Franz\u00f6sisch m\u00f6glich)<\/p>\n<p><b>ab Klasse 7<\/b><b>: <\/b><\/p>\n<p>Jahrgangsbezogener Unterricht<b><br \/><\/b><\/p>\n<p>Kursunterricht in Mathematik und Englisch<\/p>\n<p><b>ab Klasse <\/b><b>8<\/b><b>:\u00a0<\/b><\/p>\n<p>Jahrgangsbezogener Unterricht<b><br \/><\/b><\/p>\n<p>Kursunterricht in Mathematik, Englisch und Deutsch<\/p>\n<p><b>ab Klasse 9:\u00a0\u00a0\u00a0 Schulzweigbezug HS\/RS-Zweig<\/b><\/p>\n<p>Die bisherigen Klassen werden in Haupt-\/ Realschulklassen eingeteilt.<\/p>\n<p>\u00a0&#8211; WPK\/Profile: FR, Wi (Sch\u00fclerfirma), TC, G&amp;S<\/p>\n<p>\u00a0&#8211; G\/E-Kurse in Englisch und Mathe im Hauptschulzweig<\/p>\n<\/div>\n<\/div>\n","protected":false},"excerpt":{"rendered":"<p>Die Oberschule Hilter bietet&#8230; den Sekundarbereich I&nbsp; Klasse 5 \u2013 10 In der Regel kleine Klassen (ca. 20 Sch\u00fcler*innen) eine inklusive und allgemeine Beschulung jahrgangsbezogene Lerngruppen Jg. 5-8 ab Jg. 9 Aufteilung der Sch\u00fcler*innen auf HS-\/RS-Zweig der OBS (neu 2024\/25) eine offene Ganztagsbeschulung von Dienstag &#8211; Donnerstag (Hausaufgabenbetreuung, F\u00f6rderunterricht und AGs) Warmes Mittagessen auf Bestellung Dienstag &#8211; Donnerstag Unterricht von 7:45 \u2013 12:50 Uhr, zuz\u00fcglich Ganztag bis 15:30 Uhr \u00c4u\u00dfere Differenzierung Klasse 5 : Jahrgangsbezogener Unterricht Klasse 6: Jahrgangsbezogener Unterricht&#8230;<\/p>\n<p class=\"read-more\"><a class=\"btn btn-default\" href=\"https:\/\/wordpress.nibis.de\/obshilter\/aufbau-der-oberschule\/\">Weiterlesen<span class=\"screen-reader-text\"> Weiterlesen<\/span><\/a><\/p>\n","protected":false},"author":9192668,"featured_media":0,"parent":0,"menu_order":0,"comment_status":"closed","ping_status":"closed","template":"","meta":{"_acf_changed":false,"footnotes":""},"class_list":["post-5104","page","type-page","status-publish","hentry"],"acf":[],"_links":{"self":[{"href":"https:\/\/wordpress.nibis.de\/obshilter\/wp-json\/wp\/v2\/pages\/5104","targetHints":{"allow":["GET"]}}],"collection":[{"href":"https:\/\/wordpress.nibis.de\/obshilter\/wp-json\/wp\/v2\/pages"}],"about":[{"href":"https:\/\/wordpress.nibis.de\/obshilter\/wp-json\/wp\/v2\/types\/page"}],"author":[{"embeddable":true,"href":"https:\/\/wordpress.nibis.de\/obshilter\/wp-json\/wp\/v2\/users\/9192668"}],"replies":[{"embeddable":true,"href":"https:\/\/wordpress.nibis.de\/obshilter\/wp-json\/wp\/v2\/comments?post=5104"}],"version-history":[{"count":34,"href":"https:\/\/wordpress.nibis.de\/obshilter\/wp-json\/wp\/v2\/pages\/5104\/revisions"}],"predecessor-version":[{"id":6427,"href":"https:\/\/wordpress.nibis.de\/obshilter\/wp-json\/wp\/v2\/pages\/5104\/revisions\/6427"}],"wp:attachment":[{"href":"https:\/\/wordpress.nibis.de\/obshilter\/wp-json\/wp\/v2\/media?parent=5104"}],"curies":[{"name":"wp","href":"https:\/\/api.w.org\/{rel}","templated":true}]}}