{"id":635,"date":"2019-03-25T13:05:09","date_gmt":"2019-03-25T12:05:09","guid":{"rendered":"https:\/\/wordpress.nibis.de\/obshilter\/?page_id=635"},"modified":"2021-11-30T13:32:06","modified_gmt":"2021-11-30T12:32:06","slug":"aubi","status":"publish","type":"page","link":"https:\/\/wordpress.nibis.de\/obshilter\/aubi\/","title":{"rendered":"AUBI"},"content":{"rendered":"<p>Die bisherige Entwicklung der Corona-Pandemie macht deutlich, dass sich unser Alltagsleben an die ge\u00e4nderten Umst\u00e4nde anpassen wird und sich dadurch die Themen Berufsorientierung bzw. Ausbildungs- und Praktikumsplatzsuche noch st\u00e4rker im digitalen Bereich abspielen werden. Daf\u00fcr bietet das Portal &#8222;Jobb\u00f6rse&#8220; spezielle M\u00f6glichkeiten f\u00fcr diese Situation.<\/p>\n<p>Das Portal &#8222;Jobb\u00f6rse&#8220; bietet M\u00f6glichkeiten zur zus\u00e4tzlichen Jobsuche an. Folgen Sie dem Link: <a href=\"https:\/\/www.jobb\u00f6rse-stellenangebote.de\">https:\/\/www.jobb\u00f6rse-stellenangebote.de<\/a><\/p>\n<p><br \/>Digitale Angebote zur Berufsorientierung nach Themen sortiert:<br \/>Ausbildung finden: <a href=\"https:\/\/www.jobb\u00f6rse-stellenangebote.de\/ausbildung\/\">https:\/\/www.jobb\u00f6rse-stellenangebote.de\/ausbildung\/<\/a><\/p>\n<p>Praktikum finden: <a href=\"https:\/\/www.jobb\u00f6rse-stellenangebote.de\/praktikum\/\">https:\/\/www.jobb\u00f6rse-stellenangebote.de\/praktikum\/<\/a><\/p>\n<p>Berufsorientierung: <a href=\"https:\/\/www.jobb\u00f6rse-stellenangebote.de\/jobs\/berufsfeld\/\">https:\/\/www.jobb\u00f6rse-stellenangebote.de\/jobs\/berufsfeld\/<\/a><\/p>\n<p>Stellenangebote: <a href=\"https:\/\/www.jobb\u00f6rse.de\">https:\/\/www.jobb\u00f6rse.de<\/a><\/p>\n<p>&#8212;&#8212;&#8212;&#8212;&#8212;&#8212;&#8212;&#8212;&#8212;&#8212;&#8212;&#8212;&#8212;&#8212;&#8212;&#8212;&#8212;&#8212;&#8212;&#8212;&#8212;&#8212;&#8212;&#8212;&#8212;&#8212;&#8212;&#8212;&#8212;&#8212;&#8212;&#8212;&#8212;&#8212;&#8212;&#8212;&#8211;<\/p>\n<p>Hier geht&#8217;s zur Homepage der Ausbildungsregion Osnabr\u00fcck: <a href=\"https:\/\/www.ausbildungsregion-osnabrueck.de\/\">www.ausbildungsregion-osnabrueck.de<\/a><\/p>\n\n\n<p><strong><a href=\"http:\/\/www.aubi-plus.de\/extern\/?ID=787\" target=\"_blank\" rel=\"noreferrer noopener\">Die regionale Ausbildungsb\u00f6rse<\/a><\/strong><\/p>\n\n\n\n<p>Eine Suchmaschine, in der Ihre Sch\u00fclerinnen und Sch\u00fcler gezielt nach freien Ausbildungsangeboten suchen k\u00f6nnen.<\/p>\n\n\n\n<p>&gt;&gt;<a href=\"http:\/\/www.aubi-plus.de\/extern\/?ID=787\" target=\"_blank\" rel=\"noreferrer noopener\">&nbsp;zur Suchmaschine<\/a><\/p>\n\n\n\n<p><a href=\"http:\/\/www.aubi-plus.de\/bewerberservice_extern\/?EBSID=583\" target=\"_blank\" rel=\"noreferrer noopener\">&nbsp;<strong>Der Bewerberservice<\/strong><\/a><\/p>\n\n\n\n<p>Ein kostenloser Login f\u00fcr&nbsp;Ihre Sch\u00fclerinnen und Sch\u00fcler. In einem passwortgesch\u00fctzen Bereich k\u00f6nnen sie z. B. Ausbildungsgesuche schalten und&nbsp;aktuelle Ausbildungsangebote zuschicken lassen. Weiterhin erhalten&nbsp;die Nutzer&nbsp;den Zugang zur AUBI-plus Community, um Kontakte zu anderen Ausbildungssuchenden oder bereits Azubis herzustellen. Es k\u00f6nnen Kontakte und Erfahrungen ausgetauscht werden.<\/p>\n\n\n\n<p>&gt;&gt;<a href=\"http:\/\/www.aubi-plus.de\/bewerberservice_extern\/?EBSID=583\" target=\"_blank\" rel=\"noreferrer noopener\">&nbsp;zum Bewerbungsservice<\/a><\/p>\n\n\n\n<p><strong>Das News Modul<\/strong><\/p>\n\n\n\n<p>Mit dem Online-Inhalt &#8222;Ausbildungsnews&#8220; informieren Sie t\u00e4glich Ihre Sch\u00fclerinnen und Sch\u00fcler \u00fcber Neuigkeiten aus den Bereichen Berufsfindung, Bildungswege, Bewerbung und Berufswelt auf Ihrer Homepage. Abrufbar sind z. B. News zu neuen Bewerbungstechniken, Berufsbildern und Ausbildungsangebote von Unternehmen.<\/p>\n\n\n\n<p><\/p>\n","protected":false},"excerpt":{"rendered":"<p>Die bisherige Entwicklung der Corona-Pandemie macht deutlich, dass sich unser Alltagsleben an die ge\u00e4nderten Umst\u00e4nde anpassen wird und sich dadurch die Themen Berufsorientierung bzw. Ausbildungs- und Praktikumsplatzsuche noch st\u00e4rker im digitalen Bereich abspielen werden. Daf\u00fcr bietet das Portal &#8222;Jobb\u00f6rse&#8220; spezielle M\u00f6glichkeiten f\u00fcr diese Situation. Das Portal &#8222;Jobb\u00f6rse&#8220; bietet M\u00f6glichkeiten zur zus\u00e4tzlichen Jobsuche an. Folgen Sie dem Link: https:\/\/www.jobb\u00f6rse-stellenangebote.de Digitale Angebote zur Berufsorientierung nach Themen sortiert:Ausbildung finden: https:\/\/www.jobb\u00f6rse-stellenangebote.de\/ausbildung\/ Praktikum finden: https:\/\/www.jobb\u00f6rse-stellenangebote.de\/praktikum\/ Berufsorientierung: https:\/\/www.jobb\u00f6rse-stellenangebote.de\/jobs\/berufsfeld\/ Stellenangebote: https:\/\/www.jobb\u00f6rse.de &#8212;&#8212;&#8212;&#8212;&#8212;&#8212;&#8212;&#8212;&#8212;&#8212;&#8212;&#8212;&#8212;&#8212;&#8212;&#8212;&#8212;&#8212;&#8212;&#8212;&#8212;&#8212;&#8212;&#8212;&#8212;&#8212;&#8212;&#8212;&#8212;&#8212;&#8212;&#8212;&#8212;&#8212;&#8212;&#8212;&#8211; Hier geht&#8217;s zur Homepage der&#8230;<\/p>\n<p class=\"read-more\"><a class=\"btn btn-default\" href=\"https:\/\/wordpress.nibis.de\/obshilter\/aubi\/\">Weiterlesen<span class=\"screen-reader-text\"> Weiterlesen<\/span><\/a><\/p>\n","protected":false},"author":9192668,"featured_media":0,"parent":0,"menu_order":0,"comment_status":"closed","ping_status":"closed","template":"","meta":{"_acf_changed":false,"footnotes":""},"class_list":["post-635","page","type-page","status-publish","hentry"],"acf":[],"_links":{"self":[{"href":"https:\/\/wordpress.nibis.de\/obshilter\/wp-json\/wp\/v2\/pages\/635","targetHints":{"allow":["GET"]}}],"collection":[{"href":"https:\/\/wordpress.nibis.de\/obshilter\/wp-json\/wp\/v2\/pages"}],"about":[{"href":"https:\/\/wordpress.nibis.de\/obshilter\/wp-json\/wp\/v2\/types\/page"}],"author":[{"embeddable":true,"href":"https:\/\/wordpress.nibis.de\/obshilter\/wp-json\/wp\/v2\/users\/9192668"}],"replies":[{"embeddable":true,"href":"https:\/\/wordpress.nibis.de\/obshilter\/wp-json\/wp\/v2\/comments?post=635"}],"version-history":[{"count":10,"href":"https:\/\/wordpress.nibis.de\/obshilter\/wp-json\/wp\/v2\/pages\/635\/revisions"}],"predecessor-version":[{"id":2725,"href":"https:\/\/wordpress.nibis.de\/obshilter\/wp-json\/wp\/v2\/pages\/635\/revisions\/2725"}],"wp:attachment":[{"href":"https:\/\/wordpress.nibis.de\/obshilter\/wp-json\/wp\/v2\/media?parent=635"}],"curies":[{"name":"wp","href":"https:\/\/api.w.org\/{rel}","templated":true}]}}