{"id":642,"date":"2019-03-25T13:24:16","date_gmt":"2019-03-25T12:24:16","guid":{"rendered":"https:\/\/wordpress.nibis.de\/obshilter\/?page_id=642"},"modified":"2023-03-14T14:20:48","modified_gmt":"2023-03-14T13:20:48","slug":"presse-archiv","status":"publish","type":"page","link":"https:\/\/wordpress.nibis.de\/obshilter\/presse-archiv\/","title":{"rendered":"Presse-Archiv 15\/16"},"content":{"rendered":"\n<p>Neue OZ vom 21. Dezember 2016<\/p>\n\n\n\n<p><a href=\"http:\/\/www.noz.de\/lokales\/hilter\/artikel\/824936\/quirlige-show-an-der-oberschule-borgloh#gallery&amp;0&amp;0&amp;824936\">Quirlige Show an der Oberschule Borgloh<\/a><\/p>\n\n\n\n<p>Neue OZ vom 02. Dezember 2016<\/p>\n\n\n\n<p><a href=\"http:\/\/www.noz.de\/lokales\/hilter\/artikel\/815438\/carolin-philipps-las-in-borgloh-aus-jugendbuch#gallery&amp;0&amp;0&amp;815438\">Mut hei\u00dft auch mal &#8222;Nein&#8220; zu sagen &#8211; Carolin Philipps las in Borgloh aus Jugenbuch<\/a><\/p>\n\n\n\n<p>Neue OZ vom 28 Oktober 2016&nbsp;<\/p>\n\n\n\n<p><a href=\"http:\/\/www.noz.de\/lokales\/hilter\/artikel\/797042\/berufsorientierung-an-der-oberschule-hilter#gallery&amp;0&amp;0&amp;797042\">Berufsorientierung an der Oberschule Hilter<\/a><\/p>\n\n\n\n<p>Neue O<em>Z vom 19 August 2016<\/em><\/p>\n\n\n\n<p><a href=\"http:\/\/www.noz.de\/lokales\/hilter\/artikel\/761359\/schuler-aus-hilter-malen-fur-tombola-zum-ockermarkt\">Sch\u00fcler aus Hilter malen f\u00fcr Tombola f\u00fcr den Ockermarkt<\/a><\/p>\n\n\n\n<p>Neue OZ vom 12 August 2016<\/p>\n\n\n\n<p><a href=\"http:\/\/www.noz.de\/lokales\/hilter\/artikel\/758014\/erster-walking-bus-macht-halt-an-grundschule-in-borgloh\">Erster Walking Bus macht Halt an der Grundschule in Borgloh<\/a><\/p>\n\n\n\n<p>Neue OZ vom 11 August 2016<\/p>\n\n\n\n<p><a href=\"http:\/\/www.noz.de\/lokales\/hilter\/artikel\/756841\/13-neue-verkehrshelfer-an-der-oberschule-hilter\">13 neue Verkehrshelfer an der Oberschule Hilter<\/a><\/p>\n\n\n\n<p>Neue OZ vom 17 Juli 2016<\/p>\n\n\n\n<p><a href=\"http:\/\/www.noz.de\/lokales\/hilter\/artikel\/730472\/hilteraner-oberschuler-erhalten-abschlusszeugnisse\">Hilteraner Obersch\u00fcler erhalten Abschlusszeugnisse<\/a><\/p>\n\n\n\n<p>Neue OZ vom 1 Juli 2016<\/p>\n\n\n\n<p><a href=\"http:\/\/www.noz.de\/lokales\/bad-iburg\/artikel\/737506\/bewerbungstraining-in-der-oberschule-hilter\">Bewerbungstraining in der Oberschule Hilter<\/a><\/p>\n\n\n\n<p>Neue OZ vom 12 April 2016<\/p>\n\n\n\n<p><a href=\"http:\/\/www.noz.de\/lokales\/hilter\/artikel\/697232\/oberschule-hilter-hat-zwolf-neue-buslotsen\">Oberschule Hilter hat zw\u00f6lf neue Buslotsen<\/a><\/p>\n\n\n\n<p>Neue OZ vom 26 Februar 2016<\/p>\n\n\n\n<p><a href=\"http:\/\/www.noz.de\/lokales\/hilter\/artikel\/676303\/oberschule-hilter-hat-neue-rektorin#gallery&amp;0&amp;0&amp;676303\">Oberschule Hilter hat neue Rektorin<\/a><\/p>\n\n\n\n<p>Neue OZ vom 23 Dezember 2015<\/p>\n\n\n\n<p><a href=\"http:\/\/www.noz.de\/lokales\/hilter\/artikel\/651931\/oberschuler-in-hilter-begeistern-ihr-publikum-mit-humor#undefined\">Oberschule Hilter begeistern ihr Publikum mit Humor<\/a><\/p>\n\n\n\n<p>Neue OZ vom 8. Dezember 2015&nbsp;<\/p>\n\n\n\n<p><a href=\"http:\/\/www.noz.de\/lokales\/georgsmarienhuette\/artikel\/641199\/chronik-der-oberschule-hilter-erscheint\">Ehemaliger Schulleiter schreibt Chronik \u00fcber Oberschule Hilter<\/a><\/p>\n\n\n\n<p>Neue OZ vom 24. November 2015&nbsp;<\/p>\n\n\n\n<p><a href=\"http:\/\/www.noz.de\/lokales\/georgsmarienhuette\/artikel\/641199\/chronik-der-oberschule-hilter-erscheint\">Geschichte neu erz\u00e4hlt &#8211; Chronik der Oberschule Hilter erscheint<\/a><\/p>\n\n\n\n<p>Neue OZ vom 17. November 2015&nbsp;<\/p>\n\n\n\n<p><a href=\"http:\/\/www.noz.de\/lokales\/hilter\/artikel\/638684\/16-neue-schulerlotsen-an-der-oberschule-hilter-im-dienst\">Engagiert f\u00fcr Sicherheit: 16 neue Sch\u00fclerlotsen an der Oberschule Hilter im Dienst<\/a><\/p>\n\n\n\n<p>Neue OZ vom 22. Oktober 2015&nbsp;<\/p>\n\n\n\n<p><a href=\"http:\/\/www.noz.de\/lokales\/hilter\/artikel\/629703\/heike-oberkotter-neue-schulleiterin-an-der-oberschule-hilter\">&#8222;Ich lebe Schule&#8220; Heike Oberk\u00f6tter neue Schulleiterin an der Oberschule Hilter<\/a><\/p>\n\n\n\n<p>Neue OZ vom 14. Oktober 2015&nbsp;<\/p>\n\n\n\n<p><a href=\"http:\/\/www.noz.de\/lokales\/hilter\/artikel\/626969\/so-tickt-die-oberschule-hilter#gallery&amp;0&amp;0&amp;626969\">Neue Schulleiterin stellt sich vor: So tickt die Oberschule Hilter<\/a><\/p>\n\n\n\n<p>Neue OZ vom 28. September 2015<\/p>\n\n\n\n<p><a href=\"http:\/\/www.noz.de\/lokales\/hilter\/artikel\/621305\/hilteraner-oberschuler-laufen-fur-strassenkinder\">Hilteraner Obersch\u00fcler laufen f\u00fcr Stra\u00dfenkinder<\/a><\/p>\n\n\n\n<p>Neue OZ vom 23. Juli 2015&nbsp; &nbsp; &nbsp; &nbsp; &nbsp; &nbsp; &nbsp; &nbsp; &nbsp; &nbsp; &nbsp; &nbsp; &nbsp; &nbsp; &nbsp; &nbsp; &nbsp; &nbsp; &nbsp; &nbsp; &nbsp; &nbsp; &nbsp; &nbsp; &nbsp; &nbsp; &nbsp; &nbsp; &nbsp; &nbsp; &nbsp; &nbsp; &nbsp; &nbsp; &nbsp; &nbsp; &nbsp; &nbsp; &nbsp; &nbsp; &nbsp; &nbsp; &nbsp; &nbsp; &nbsp; &nbsp; &nbsp; &nbsp; &nbsp; &nbsp; &nbsp; &nbsp;&nbsp;<\/p>\n\n\n\n<p><a href=\"http:\/\/www.noz.de\/lokales\/hilter\/artikel\/598951\/abschied-fur-leiter-der-oberschule-hilter\">Reinhardt W\u00fcstehube geht: Abschied f\u00fcr Leiter der Oberschule Hilter<\/a><\/p>\n\n\n\n<p>Neue OZ vom 19. Juli 2015&nbsp; &nbsp; &nbsp; &nbsp; &nbsp; &nbsp; &nbsp; &nbsp; &nbsp; &nbsp; &nbsp; &nbsp; &nbsp; &nbsp; &nbsp; &nbsp; &nbsp; &nbsp; &nbsp; &nbsp; &nbsp; &nbsp; &nbsp; &nbsp; &nbsp; &nbsp; &nbsp; &nbsp; &nbsp; &nbsp; &nbsp; &nbsp; &nbsp; &nbsp; &nbsp; &nbsp; &nbsp; &nbsp; &nbsp; &nbsp; &nbsp; &nbsp; &nbsp; &nbsp; &nbsp; &nbsp; &nbsp; &nbsp; &nbsp; &nbsp; &nbsp; &nbsp; &nbsp; &nbsp; &nbsp;&nbsp;<\/p>\n\n\n\n<p><a href=\"http:\/\/www.noz.de\/lokales\/hilter\/artikel\/597401\/englische-muttersprachler-besuchen-obs-hilter#\">Keine Angst vorm Sprechen &#8211; Englische Muttersprachler besuchen OBS Hilter<\/a><\/p>\n\n\n\n<p>Neue OZ vom 2. Juli 2015&nbsp; &nbsp; &nbsp; &nbsp; &nbsp; &nbsp; &nbsp; &nbsp; &nbsp; &nbsp; &nbsp; &nbsp; &nbsp; &nbsp; &nbsp; &nbsp; &nbsp; &nbsp; &nbsp; &nbsp; &nbsp; &nbsp; &nbsp; &nbsp; &nbsp; &nbsp; &nbsp; &nbsp; &nbsp; &nbsp; &nbsp; &nbsp; &nbsp; &nbsp; &nbsp; &nbsp; &nbsp; &nbsp; &nbsp; &nbsp; &nbsp; &nbsp; &nbsp; &nbsp; &nbsp; &nbsp; &nbsp; &nbsp; &nbsp; &nbsp; &nbsp; &nbsp; &nbsp;&nbsp;<\/p>\n\n\n\n<p><a href=\"http:\/\/www.noz.de\/lokales\/hilter\/artikel\/595190\/hilteraner-oberschuler-erhalten-ihren-abschluss\">Hilteraner Obersch\u00fcler erhalten ihren Abschluss<\/a><\/p>\n\n\n\n<p>Neue OZ vom 10. Mai 2015&nbsp; &nbsp; &nbsp; &nbsp; &nbsp; &nbsp; &nbsp; &nbsp; &nbsp; &nbsp; &nbsp; &nbsp; &nbsp; &nbsp; &nbsp; &nbsp; &nbsp; &nbsp; &nbsp; &nbsp; &nbsp; &nbsp; &nbsp; &nbsp; &nbsp; &nbsp; &nbsp; &nbsp; &nbsp; &nbsp; &nbsp; &nbsp; &nbsp; &nbsp; &nbsp; &nbsp; &nbsp; &nbsp; &nbsp; &nbsp; &nbsp; &nbsp; &nbsp; &nbsp; &nbsp; &nbsp; &nbsp; &nbsp; &nbsp; &nbsp; &nbsp;&nbsp;<\/p>\n\n\n\n<p><a href=\"http:\/\/www.noz.de\/lokales\/hilter\/artikel\/573823\/spannende-aktionen-in-der-oberschule-hilter\">Spannende Aktionen in der Oberschule Hilter<\/a><\/p>\n\n\n\n<p>Neue OZ vom 13. Februar 2015&nbsp; &nbsp; &nbsp; &nbsp; &nbsp; &nbsp; &nbsp; &nbsp; &nbsp; &nbsp; &nbsp; &nbsp; &nbsp; &nbsp; &nbsp; &nbsp; &nbsp; &nbsp; &nbsp; &nbsp; &nbsp; &nbsp; &nbsp; &nbsp; &nbsp; &nbsp; &nbsp; &nbsp; &nbsp; &nbsp; &nbsp; &nbsp; &nbsp; &nbsp; &nbsp; &nbsp; &nbsp; &nbsp; &nbsp; &nbsp; &nbsp; &nbsp; &nbsp; &nbsp; &nbsp; &nbsp; &nbsp; &nbsp; &nbsp;<\/p>\n\n\n\n<p><a href=\"http:\/\/www.noz.de\/lokales\/hilter\/artikel\/546669\/aufklarung-uber-cybermobbing-an-der-oberschule-hilter#gallery&amp;0&amp;0&amp;546669\">Aufkl\u00e4rung \u00fcber Cybermobbing an der Oberschule Hilter<\/a><\/p>\n\n\n\n<p>Gemeindespiegel vom Januar 2015&nbsp; &nbsp; &nbsp; &nbsp; &nbsp; &nbsp; &nbsp; &nbsp; &nbsp; &nbsp; &nbsp; &nbsp; &nbsp; &nbsp; &nbsp; &nbsp; &nbsp; &nbsp; &nbsp; &nbsp; &nbsp; &nbsp; &nbsp; &nbsp; &nbsp; &nbsp; &nbsp; &nbsp; &nbsp; &nbsp; &nbsp; &nbsp; &nbsp; &nbsp; &nbsp; &nbsp; &nbsp; &nbsp; &nbsp;&nbsp;<\/p>\n\n\n\n<p><a href=\"http:\/\/oberschule-hilter.de\/data\/_uploaded\/file\/Presse\/2015\/Vorlesewettbewerb.pdf\">Vorlesewettbewerb an der Oberschule Hilter<\/a><\/p>\n\n\n\n<p>Gemeindespiegel vom Januar 2015&nbsp; &nbsp; &nbsp; &nbsp; &nbsp; &nbsp; &nbsp; &nbsp; &nbsp; &nbsp; &nbsp; &nbsp; &nbsp; &nbsp; &nbsp; &nbsp; &nbsp; &nbsp; &nbsp; &nbsp; &nbsp; &nbsp; &nbsp; &nbsp; &nbsp; &nbsp; &nbsp; &nbsp; &nbsp; &nbsp; &nbsp; &nbsp; &nbsp; &nbsp; &nbsp; &nbsp; &nbsp; &nbsp; &nbsp; &nbsp; &nbsp; &nbsp; &nbsp;<\/p>\n\n\n\n<p><a href=\"http:\/\/oberschule-hilter.de\/data\/_uploaded\/file\/Presse\/2015\/Verkehrshelfer.pdf\">Verkehrshelfer aus der Oberschule Hilter sorgen f\u00fcr sicheren Schulweg<\/a><\/p>\n","protected":false},"excerpt":{"rendered":"<p>Neue OZ vom 21. Dezember 2016 Quirlige Show an der Oberschule Borgloh Neue OZ vom 02. Dezember 2016 Mut hei\u00dft auch mal &#8222;Nein&#8220; zu sagen &#8211; Carolin Philipps las in Borgloh aus Jugenbuch Neue OZ vom 28 Oktober 2016&nbsp; Berufsorientierung an der Oberschule Hilter Neue OZ vom 19 August 2016 Sch\u00fcler aus Hilter malen f\u00fcr Tombola f\u00fcr den Ockermarkt Neue OZ vom 12 August 2016 Erster Walking Bus macht Halt an der Grundschule in Borgloh Neue OZ vom 11 August&#8230;<\/p>\n<p class=\"read-more\"><a class=\"btn btn-default\" href=\"https:\/\/wordpress.nibis.de\/obshilter\/presse-archiv\/\">Weiterlesen<span class=\"screen-reader-text\"> Weiterlesen<\/span><\/a><\/p>\n","protected":false},"author":9192668,"featured_media":0,"parent":0,"menu_order":0,"comment_status":"closed","ping_status":"closed","template":"","meta":{"_acf_changed":false,"footnotes":""},"class_list":["post-642","page","type-page","status-publish","hentry"],"acf":[],"_links":{"self":[{"href":"https:\/\/wordpress.nibis.de\/obshilter\/wp-json\/wp\/v2\/pages\/642","targetHints":{"allow":["GET"]}}],"collection":[{"href":"https:\/\/wordpress.nibis.de\/obshilter\/wp-json\/wp\/v2\/pages"}],"about":[{"href":"https:\/\/wordpress.nibis.de\/obshilter\/wp-json\/wp\/v2\/types\/page"}],"author":[{"embeddable":true,"href":"https:\/\/wordpress.nibis.de\/obshilter\/wp-json\/wp\/v2\/users\/9192668"}],"replies":[{"embeddable":true,"href":"https:\/\/wordpress.nibis.de\/obshilter\/wp-json\/wp\/v2\/comments?post=642"}],"version-history":[{"count":7,"href":"https:\/\/wordpress.nibis.de\/obshilter\/wp-json\/wp\/v2\/pages\/642\/revisions"}],"predecessor-version":[{"id":3835,"href":"https:\/\/wordpress.nibis.de\/obshilter\/wp-json\/wp\/v2\/pages\/642\/revisions\/3835"}],"wp:attachment":[{"href":"https:\/\/wordpress.nibis.de\/obshilter\/wp-json\/wp\/v2\/media?parent=642"}],"curies":[{"name":"wp","href":"https:\/\/api.w.org\/{rel}","templated":true}]}}