{"id":820,"date":"2019-05-17T15:44:22","date_gmt":"2019-05-17T13:44:22","guid":{"rendered":"https:\/\/wordpress.nibis.de\/obshilter\/?page_id=820"},"modified":"2026-03-03T13:51:17","modified_gmt":"2026-03-03T12:51:17","slug":"vorstellungberufsberatung","status":"publish","type":"page","link":"https:\/\/wordpress.nibis.de\/obshilter\/vorstellungberufsberatung\/","title":{"rendered":"Vorstellung Berufsberatung"},"content":{"rendered":"\n<figure class=\"wp-block-image size-full is-style-tw-rounded-corners\"><img loading=\"lazy\" decoding=\"async\" width=\"1616\" height=\"1319\" src=\"https:\/\/wordpress.nibis.de\/obshilter\/files\/2026\/03\/IMG_5554-reduziert.kopie_.jpg\" alt=\"\" class=\"wp-image-6438\" srcset=\"https:\/\/wordpress.nibis.de\/obshilter\/files\/2026\/03\/IMG_5554-reduziert.kopie_.jpg 1616w, https:\/\/wordpress.nibis.de\/obshilter\/files\/2026\/03\/IMG_5554-reduziert.kopie_-768x627.jpg 768w, https:\/\/wordpress.nibis.de\/obshilter\/files\/2026\/03\/IMG_5554-reduziert.kopie_-100x82.jpg 100w, https:\/\/wordpress.nibis.de\/obshilter\/files\/2026\/03\/IMG_5554-reduziert.kopie_-1536x1254.jpg 1536w, https:\/\/wordpress.nibis.de\/obshilter\/files\/2026\/03\/IMG_5554-reduziert.kopie_-331x270.jpg 331w\" sizes=\"auto, (max-width: 1616px) 100vw, 1616px\" \/><\/figure>\n\n\n<h6 style=\"text-align: center\">Das Team der Berufsorientierung an der Oberschule Hilter<\/h6>\n\n\n<p>\u00a0<\/p>\n<p style=\"margin: 0cm;margin-bottom: .0001pt\"><strong>Martin Anker,\u00a0 Berufsberaterin der Agentur f\u00fcr Arbeit<\/strong><\/p>\n<p><strong>Bundesagentur f\u00fcr Arbeit<\/strong><br \/>Agentur f\u00fcr Arbeit Osnabr\u00fcck<br \/>Johannistorwall 56<\/p>\n<p>49080 Osnabr\u00fcck<\/p>\n<p>Telefon: 05422 969 210<\/p>\n<p>E-Mail: <a href=\"&#x6d;&#x61;&#x69;&#x6c;&#x74;&#x6f;&#x3a;&#x6d;&#x61;&#x72;&#x74;&#105;&#110;&#46;&#97;&#110;&#107;&#101;r&#64;arbe&#x69;&#x74;&#x73;&#x61;&#x67;&#x65;&#x6e;&#x74;&#x75;&#x72;&#x2e;&#x64;&#101;\" rel=\"noreferrer\"><strong>&#x6d;&#x61;&#x72;&#x74;&#105;&#110;&#46;an&#x6b;&#x65;&#x72;&#x40;&#97;&#114;bei&#x74;&#x73;&#x61;&#x67;&#101;&#110;&#116;ur&#x2e;&#x64;&#x65;<\/strong><\/a><\/p>\n<p style=\"margin: 0cm;margin-bottom: .0001pt\">\u00a0<\/p>\n<p>\u00a0<\/p>\n<p><strong>M. Mindrup, <\/strong><strong>Ausbildungslotse des Landkreises Osnabr\u00fcck (<\/strong><strong>Ma\u00dfArbeit kA\u00f6R<\/strong><strong>)<\/strong><\/p>\n<p>\u00dcbergangsmanagement Schule \u2013 Beruf<br \/>Handlungsfeld Ausbildungslotsen<br \/>Heinrich-St\u00fcrmann-Weg 5<br \/>49124 Georgsmarienh\u00fctte<br \/>Telefon 05401 4800 63<br \/>Telefax 05401 4800 10\u00a0<\/p>\n<p>E-Mail:\u00a0 <a href=\"&#109;a&#x69;l&#x74;o&#x3a;M&#x69;&#110;&#x64;&#114;&#x75;&#112;&#x40;&#109;a&#115;s&#x61;r&#x62;e&#x69;&#116;&#x2e;&#100;&#x65;\">&#x4d;&#105;n&#x64;&#114;u&#x70;&#64;m&#x61;&#115;s&#x61;&#114;b&#x65;&#105;t&#x2e;&#100;e<\/a><\/p>\n<p><strong>\u00a0<\/strong><\/p>\n<p><strong>Gero Niebuhr, Beauftragte f\u00fcr Berufsorientierung an der Oberschule Hilter a.T.W.<\/strong><\/p>\n<p><a href=\"&#x6d;&#x61;&#105;&#108;t&#x6f;&#x3a;&#x67;&#101;&#114;o&#x2e;&#x6e;&#x69;&#101;&#98;u&#x68;&#x72;&#x40;&#111;&#98;s&#x2d;&#x68;&#x69;&#108;te&#x72;&#x2e;&#x64;&#101;\">&#x67;e&#x72;&#111;&#x2e;&#110;&#x69;&#x65;b&#x75;&#104;&#x72;&#64;&#x6f;&#98;s&#x2d;&#104;&#x69;&#108;&#x74;&#101;r&#x2e;&#100;&#x65;<\/a><\/p>\n<p>\u00a0<\/p>\n<p><strong>Charline Graf, Schulsozialarbeit an der Oberschule Hilter a.T.W.<\/strong><\/p>\n<p><a href=\"&#x6d;&#97;i&#x6c;&#116;o&#x3a;&#99;h&#x61;&#x72;&#108;&#x69;&#x6e;&#101;&#46;&#x67;&#114;a&#x66;&#64;o&#x62;&#x73;&#45;&#x68;&#x69;&#108;t&#x65;&#114;&#46;&#x64;&#101;\">&#99;&#x68;a&#x72;&#x6c;&#105;&#x6e;e&#46;&#x67;&#114;&#x61;f&#64;&#x6f;b&#x73;-&#104;&#x69;l&#x74;&#x65;&#114;&#x2e;d&#101;<\/a><\/p>\n<p>\u00a0<\/p>\n<p><strong>\u00a0<\/strong><\/p>\n","protected":false},"excerpt":{"rendered":"<p>Das Team der Berufsorientierung an der Oberschule Hilter \u00a0 Martin Anker,\u00a0 Berufsberaterin der Agentur f\u00fcr Arbeit Bundesagentur f\u00fcr ArbeitAgentur f\u00fcr Arbeit Osnabr\u00fcckJohannistorwall 56 49080 Osnabr\u00fcck Telefon: 05422 969 210 E-Mail: ma&#114;&#116;&#105;&#110;&#x2e;&#x61;&#x6e;&#x6b;&#x65;r&#64;&#97;&#114;&#98;&#101;&#x69;&#x74;&#x73;&#x61;&#x67;en&#116;&#117;&#114;&#46;&#x64;&#x65; \u00a0 \u00a0 M. Mindrup, Ausbildungslotse des Landkreises Osnabr\u00fcck (Ma\u00dfArbeit kA\u00f6R) \u00dcbergangsmanagement Schule \u2013 BerufHandlungsfeld AusbildungslotsenHeinrich-St\u00fcrmann-Weg 549124 Georgsmarienh\u00fctteTelefon 05401 4800 63Telefax 05401 4800 10\u00a0 E-Mail:\u00a0 &#77;&#x69;n&#100;&#x72;u&#112;&#x40;m&#x61;&#x73;&#115;&#x61;r&#98;&#x65;i&#116;&#x2e;d&#x65; \u00a0 Gero Niebuhr, Beauftragte f\u00fcr Berufsorientierung an der Oberschule Hilter a.T.W. &#x67;&#x65;&#114;&#111;&#46;n&#x69;&#x65;&#x62;&#117;&#104;r&#64;&#x6f;&#x62;&#x73;&#45;&#104;i&#x6c;&#x74;&#x65;&#114;&#46;&#100;e \u00a0 Charline Graf, Schulsozialarbeit an der Oberschule Hilter a.T.W. &#x63;&#x68;&#x61;&#x72;&#108;&#105;ne&#46;&#x67;&#x72;&#x61;&#x66;&#64;&#111;bs-&#x68;&#x69;&#x6c;&#x74;&#101;&#114;&#46;de \u00a0 \u00a0<\/p>\n","protected":false},"author":9192668,"featured_media":0,"parent":0,"menu_order":0,"comment_status":"closed","ping_status":"closed","template":"","meta":{"_acf_changed":false,"footnotes":""},"class_list":["post-820","page","type-page","status-publish","hentry"],"acf":[],"_links":{"self":[{"href":"https:\/\/wordpress.nibis.de\/obshilter\/wp-json\/wp\/v2\/pages\/820","targetHints":{"allow":["GET"]}}],"collection":[{"href":"https:\/\/wordpress.nibis.de\/obshilter\/wp-json\/wp\/v2\/pages"}],"about":[{"href":"https:\/\/wordpress.nibis.de\/obshilter\/wp-json\/wp\/v2\/types\/page"}],"author":[{"embeddable":true,"href":"https:\/\/wordpress.nibis.de\/obshilter\/wp-json\/wp\/v2\/users\/9192668"}],"replies":[{"embeddable":true,"href":"https:\/\/wordpress.nibis.de\/obshilter\/wp-json\/wp\/v2\/comments?post=820"}],"version-history":[{"count":23,"href":"https:\/\/wordpress.nibis.de\/obshilter\/wp-json\/wp\/v2\/pages\/820\/revisions"}],"predecessor-version":[{"id":6440,"href":"https:\/\/wordpress.nibis.de\/obshilter\/wp-json\/wp\/v2\/pages\/820\/revisions\/6440"}],"wp:attachment":[{"href":"https:\/\/wordpress.nibis.de\/obshilter\/wp-json\/wp\/v2\/media?parent=820"}],"curies":[{"name":"wp","href":"https:\/\/api.w.org\/{rel}","templated":true}]}}