{"id":115,"date":"2016-03-01T14:46:53","date_gmt":"2016-03-01T13:46:53","guid":{"rendered":"http:\/\/wordpress.nibis.de\/obslastrup\/?page_id=115"},"modified":"2019-11-25T12:55:18","modified_gmt":"2019-11-25T11:55:18","slug":"impressum","status":"publish","type":"page","link":"https:\/\/wordpress.nibis.de\/obslastrup\/impressum\/","title":{"rendered":"Impressum"},"content":{"rendered":"<table style=\"width: 584px\">\n<tbody>\n<tr>\n<td style=\"width: 118px\"><strong>Diensteanbieter:<\/strong><\/td>\n<td style=\"width: 446px\">Land Niedersachsen (Diensteanbieter im Sinne des Telemediengesetzes)<\/td>\n<\/tr>\n<tr>\n<td style=\"width: 564px\" colspan=\"2\"><strong>Das Land Niedersachsen ist eine juristische Person des \u00f6ffentlichen Rechts vertreten durch<\/strong><\/td>\n<\/tr>\n<tr>\n<td style=\"width: 118px\"><strong>Schulleitung:<\/strong><\/td>\n<td style=\"width: 446px\">Dirk Zumdohme, Oberschulrektor<\/td>\n<\/tr>\n<tr>\n<td style=\"width: 118px\"><strong>Ansc<\/strong><strong>hrift:<\/strong><\/td>\n<td style=\"width: 446px\">Oberschule Lastrup, St.-Elisabeth-Str. 5, 49688 Lastrup<\/td>\n<\/tr>\n<tr>\n<td style=\"width: 118px\"><strong>Parkm\u00f6glichkeit:<\/strong><\/td>\n<td style=\"width: 446px\">Wallstra\u00dfe 10, 49688 Lastrup<br \/>\n(Parkplatz vor der Sporthalle &#8222;Wallstra\u00dfe&#8220;)<\/td>\n<\/tr>\n<tr>\n<td style=\"width: 118px\"><strong>Telefon:<\/strong><\/td>\n<td style=\"width: 446px\">0 44 72 \/ 68 78 8-0<\/td>\n<\/tr>\n<tr>\n<td style=\"width: 118px\"><strong>Telefax:<\/strong><\/td>\n<td style=\"width: 446px\">0 44 72 \/ 68 78 8-13<\/td>\n<\/tr>\n<tr>\n<td style=\"width: 118px\"><strong>E-Mail:<\/strong><\/td>\n<td style=\"width: 446px\">&#111;&#x62;&#115;&#x40;s&#99;&#x68;&#117;&#x6c;z&#x65;n&#116;&#x72;&#117;&#x6d;-&#x6c;&#x61;&#115;&#x74;r&#x75;p&#46;&#x64;&#101;<\/td>\n<\/tr>\n<tr>\n<td style=\"width: 118px\"><strong>Schultr\u00e4ger:<\/strong><\/td>\n<td style=\"width: 446px\">Gemeinde Lastrup<\/td>\n<\/tr>\n<tr>\n<td style=\"width: 118px\"><strong>Betreiber der Webside:<\/strong><\/td>\n<td style=\"width: 446px\">Oberschule Lastrup<br \/>\nSt.-Elisabeth-Str. 5<br \/>\n49688 Lastrup<\/td>\n<\/tr>\n<tr>\n<td style=\"width: 118px\"><\/td>\n<td style=\"width: 446px\">Betreiber und Autoren dieser Website \u00fcbernehmen keinerlei Gew\u00e4hr f\u00fcr die Aktualit\u00e4t, Korrektheit, Vollst\u00e4ndigkeit oder Qualit\u00e4t der bereitgestellten Informationen.<\/p>\n<p>Die Links zu anderen Seiten im Internet haben wir sorgf\u00e4ltig ausgew\u00e4hlt und zusammengestellt. Wir m\u00f6chten jedoch darauf hinweisen, dass wir f\u00fcr den Inhalt der Fremdseiten keine Verantwortung \u00fcbernehmen.<\/p>\n<p>Die Verantwortung liegt stets beim jeweiligen Betreiber der externen Seiten. Zum Zeitpunkt der Verkn\u00fcpfung des externen Links waren keine Rechtsverst\u00f6\u00dfe ersichtlich. Die permanente \u00dcberwachung fremder Inhalte auf Rechtsverst\u00f6\u00dfe ohne konkrete Hinweise ist uns nicht zumutbar.<\/p>\n<p>Sollten wir Kenntnis von Rechtsverletzungen erlangen, werden wir die entsprechenden externen Links unverz\u00fcglich entfernen.<\/td>\n<\/tr>\n<\/tbody>\n<\/table>\n<p><strong><a href=\"http:\/\/www.disclaimer.de\/disclaimer.htm\">Haftungsausschluss<\/a><\/strong><\/p>\n","protected":false},"excerpt":{"rendered":"<p>Diensteanbieter: Land Niedersachsen (Diensteanbieter im Sinne des Telemediengesetzes) Das Land Niedersachsen ist eine juristische Person des \u00f6ffentlichen Rechts vertreten durch Schulleitung: Dirk Zumdohme, Oberschulrektor Anschrift: Oberschule Lastrup, St.-Elisabeth-Str. 5, 49688 Lastrup Parkm\u00f6glichkeit: Wallstra\u00dfe 10, 49688 Lastrup (Parkplatz vor der Sporthalle &hellip; <a href=\"https:\/\/wordpress.nibis.de\/obslastrup\/impressum\/\">Weiterlesen <span class=\"meta-nav\">&rarr;<\/span><\/a><\/p>\n","protected":false},"author":980,"featured_media":0,"parent":0,"menu_order":0,"comment_status":"closed","ping_status":"closed","template":"sidebar-page.php","meta":{"footnotes":""},"class_list":["post-115","page","type-page","status-publish","hentry"],"_links":{"self":[{"href":"https:\/\/wordpress.nibis.de\/obslastrup\/wp-json\/wp\/v2\/pages\/115","targetHints":{"allow":["GET"]}}],"collection":[{"href":"https:\/\/wordpress.nibis.de\/obslastrup\/wp-json\/wp\/v2\/pages"}],"about":[{"href":"https:\/\/wordpress.nibis.de\/obslastrup\/wp-json\/wp\/v2\/types\/page"}],"author":[{"embeddable":true,"href":"https:\/\/wordpress.nibis.de\/obslastrup\/wp-json\/wp\/v2\/users\/980"}],"replies":[{"embeddable":true,"href":"https:\/\/wordpress.nibis.de\/obslastrup\/wp-json\/wp\/v2\/comments?post=115"}],"version-history":[{"count":13,"href":"https:\/\/wordpress.nibis.de\/obslastrup\/wp-json\/wp\/v2\/pages\/115\/revisions"}],"predecessor-version":[{"id":1659,"href":"https:\/\/wordpress.nibis.de\/obslastrup\/wp-json\/wp\/v2\/pages\/115\/revisions\/1659"}],"wp:attachment":[{"href":"https:\/\/wordpress.nibis.de\/obslastrup\/wp-json\/wp\/v2\/media?parent=115"}],"curies":[{"name":"wp","href":"https:\/\/api.w.org\/{rel}","templated":true}]}}