{"id":1282,"date":"2018-09-12T10:35:44","date_gmt":"2018-09-12T08:35:44","guid":{"rendered":"http:\/\/wordpress.nibis.de\/obslastrup\/?page_id=1282"},"modified":"2025-09-17T12:05:34","modified_gmt":"2025-09-17T10:05:34","slug":"schulkleidung","status":"publish","type":"page","link":"https:\/\/wordpress.nibis.de\/obslastrup\/schulkleidung\/","title":{"rendered":"Schulkleidung"},"content":{"rendered":"\n<div class=\"wp-block-image\"><figure class=\"aligncenter size-large\"><img loading=\"lazy\" decoding=\"async\" width=\"800\" height=\"440\" src=\"https:\/\/wordpress.nibis.de\/obslastrup\/files\/2020\/09\/P1010695-scaled-e1600345838198-800x440.jpg\" alt=\"\" class=\"wp-image-1956\" srcset=\"https:\/\/wordpress.nibis.de\/obslastrup\/files\/2020\/09\/P1010695-scaled-e1600345838198-800x440.jpg 800w, https:\/\/wordpress.nibis.de\/obslastrup\/files\/2020\/09\/P1010695-scaled-e1600345838198-300x165.jpg 300w, https:\/\/wordpress.nibis.de\/obslastrup\/files\/2020\/09\/P1010695-scaled-e1600345838198-1536x845.jpg 1536w, https:\/\/wordpress.nibis.de\/obslastrup\/files\/2020\/09\/P1010695-scaled-e1600345838198-2048x1126.jpg 2048w, https:\/\/wordpress.nibis.de\/obslastrup\/files\/2020\/09\/P1010695-scaled-e1600345838198-500x275.jpg 500w\" sizes=\"auto, (max-width: 800px) 100vw, 800px\" \/><\/figure><\/div>\n\n\n<p>Liebe Sch\u00fclerinnen und Sch\u00fcler,<br \/>liebe Eltern,<\/p>\n<p>auch in diesem Jahr k\u00f6nnen wieder Schulkleidungsst\u00fccke in unserem Schulkleidungsshop der OBS Lastrup im Internet bestellt werden.<\/p>\n<p>Der Shop ist f\u00fcr den Zeitraum 22.09. \u2013 12.10.2025 ge\u00f6ffnet.<\/p>\n<p>In den 3 Wochen habt ihr \/ haben Sie die M\u00f6glichkeit, eigenst\u00e4ndig im Shop die ausgew\u00e4hlte Ware zu bestellen. Bezahlt wird dann via Paypal oder Vorkasse.<br \/>Damit unser Auftrag ausgef\u00fchrt werden kann, muss eine Mindestbestellmenge von von 50 St\u00fcck erreicht werden. Hier z\u00e4hlt die Gesamtmenge aller Bestellungen.<\/p>\n<p>Nach Ablauf der Bestellfrist wird die Ware gesammelt produziert.<br \/>Im Anschluss wird die gesamte Bestellung aller Sch\u00fclerinnen und Sch\u00fcler an die Schule geschickt. Jedes Textil ist mit Bestellinfos markiert (Name, Klasse, Lehrer,\u2026.)<br \/>Die Verteilung wird in der Schule erfolgen.<\/p>\n<p><strong>Unser Schulshop der OBS Lastrup ist \u00fcber diesen Link zu erreichen:<\/strong><\/p>\n<p><strong><a href=\"https:\/\/shops.schulkleidung.de\/Oberschule-Lastrup-49688\" target=\"_blank\" rel=\"noopener\">https:\/\/shops.schulkleidung.de\/Oberschule-Lastrup-49688<\/a><\/strong><\/p>\n\n\n<div class=\"wp-block-image\"><figure class=\"aligncenter size-full\"><a href=\"https:\/\/shops.schulkleidung.de\/Oberschule-Lastrup-49688\" target=\"_blank\" rel=\"noopener\"><img loading=\"lazy\" decoding=\"async\" width=\"214\" height=\"217\" src=\"https:\/\/wordpress.nibis.de\/obslastrup\/files\/2024\/08\/Schulkeidung-QR-Code-2024.png\" alt=\"\" class=\"wp-image-2938\" \/><\/a><\/figure><\/div>\n\n\n\n<p><em>Noch ein paar Hinweise zur Bezahlung:<\/em><\/p>\n\n\n\n<p>Sie k\u00f6nnen per Vorkasse oder Paypal bezahlen. Via PayPal wird die Zahlung sofort als bezahlt markiert und bei Vorkasse dauert dies immer 2-3 Werktage. Beachten Sie bitte den 15.10.2025 als Zahlstopp. Jede Zahlung, die danach ankommt, kann nicht mehr ber\u00fccksichtigt werden.<\/p>\n\n\n\n<p>Kleine Info zu PayPal: Wenn Sie via PayPal bezahlen, warten Sie bitte, bis Sie zur\u00fcck auf die Seite vom Schulkleidungsshop geleitet werden. Andernfalls erh\u00e4lt der Shop nur die Zahlung, aber keine Bestellung.<\/p>\n\n\n\n<p>Wir hoffen auf rege Bestellungen, damit wir ein farbenfrohes Bild der Zusammengeh\u00f6rigkeit unserer Schule abbilden k\u00f6nnen.<\/p>\n","protected":false},"excerpt":{"rendered":"<p>Liebe Sch\u00fclerinnen und Sch\u00fcler,liebe Eltern, auch in diesem Jahr k\u00f6nnen wieder Schulkleidungsst\u00fccke in unserem Schulkleidungsshop der OBS Lastrup im Internet bestellt werden. Der Shop ist f\u00fcr den Zeitraum 22.09. \u2013 12.10.2025 ge\u00f6ffnet. In den 3 Wochen habt ihr \/ haben &hellip; <a href=\"https:\/\/wordpress.nibis.de\/obslastrup\/schulkleidung\/\">Weiterlesen <span class=\"meta-nav\">&rarr;<\/span><\/a><\/p>\n","protected":false},"author":980,"featured_media":0,"parent":0,"menu_order":0,"comment_status":"closed","ping_status":"closed","template":"sidebar-page.php","meta":{"footnotes":""},"class_list":["post-1282","page","type-page","status-publish","hentry"],"_links":{"self":[{"href":"https:\/\/wordpress.nibis.de\/obslastrup\/wp-json\/wp\/v2\/pages\/1282","targetHints":{"allow":["GET"]}}],"collection":[{"href":"https:\/\/wordpress.nibis.de\/obslastrup\/wp-json\/wp\/v2\/pages"}],"about":[{"href":"https:\/\/wordpress.nibis.de\/obslastrup\/wp-json\/wp\/v2\/types\/page"}],"author":[{"embeddable":true,"href":"https:\/\/wordpress.nibis.de\/obslastrup\/wp-json\/wp\/v2\/users\/980"}],"replies":[{"embeddable":true,"href":"https:\/\/wordpress.nibis.de\/obslastrup\/wp-json\/wp\/v2\/comments?post=1282"}],"version-history":[{"count":12,"href":"https:\/\/wordpress.nibis.de\/obslastrup\/wp-json\/wp\/v2\/pages\/1282\/revisions"}],"predecessor-version":[{"id":3216,"href":"https:\/\/wordpress.nibis.de\/obslastrup\/wp-json\/wp\/v2\/pages\/1282\/revisions\/3216"}],"wp:attachment":[{"href":"https:\/\/wordpress.nibis.de\/obslastrup\/wp-json\/wp\/v2\/media?parent=1282"}],"curies":[{"name":"wp","href":"https:\/\/api.w.org\/{rel}","templated":true}]}}