{"id":133,"date":"2016-03-01T15:04:22","date_gmt":"2016-03-01T14:04:22","guid":{"rendered":"http:\/\/wordpress.nibis.de\/obslastrup\/?page_id=133"},"modified":"2023-12-05T14:27:55","modified_gmt":"2023-12-05T13:27:55","slug":"schulvorstand","status":"publish","type":"page","link":"https:\/\/wordpress.nibis.de\/obslastrup\/schulvorstand\/","title":{"rendered":"Schulvorstand"},"content":{"rendered":"<p style=\"text-align: center\" align=\"center\"><em>Mitglieder im Schulvorstand:<\/em><\/p>\n<p style=\"text-align: center\" align=\"center\">Dirk Zumdohme (Schulleiter), Andrea B\u00f6ckmann (Kollegin), Dirk Eick (Kollege), David Niemeyer (Kollege), Susan H\u00f6hne (Elternvertretung), Katharina Rasliwarow (Elternvertretung), Madita Meves (Sch\u00fclervertretung), Lotta Brozio (Sch\u00fclervertretung)<\/p>\n<p style=\"text-align: center\" align=\"center\"><strong>Aufgabenbereiche:<\/strong><\/p>\n<p style=\"text-align: center\" align=\"center\">Im Schulvorstand wirken der Schulleiter oder die Schulleiterin mit Vertreterinnen oder Vertretern der Lehrkr\u00e4fte, der Erziehungsberechtigten sowie der Sch\u00fclerinnen und Sch\u00fcler zusammen, um die Arbeit der Schule mit dem Ziel der Qualit\u00e4tsentwicklung zu gestalten.<\/p>\n<p style=\"text-align: center\" align=\"center\"><em>Dazu geh\u00f6rt unter anderem:<\/em><\/p>\n<p style=\"text-align: center\" align=\"center\">Qualit\u00e4tsentwicklung der Schule<\/p>\n<p style=\"text-align: center\" align=\"center\">Vorschlag zum Schulprogramm und zur Schulordnung<\/p>\n<p style=\"text-align: center\" align=\"center\">\u00dcberpr\u00fcfung der Umsetzung des Schulprogramms<\/p>\n<p style=\"text-align: center\" align=\"center\">Entscheidung \u00fcber die Ausgestaltung der Stundentafel<\/p>\n<p style=\"text-align: center\">Entscheidung \u00fcber die Form, in der die Oberschule gef\u00fchrt wird, und dar\u00fcber, in welchen F\u00e4chern und Schuljahrg\u00e4ngen der Oberschule der Unterricht jahrgangsbezogen und in welchen er schulzweigspezifisch erteilt wird<\/p>\n<p style=\"text-align: center\">Entscheidung \u00fcber Schulpartnerschaften<\/p>\n<p style=\"text-align: center\">Entscheidung \u00fcber die Durchf\u00fchrung von Projektwochen<\/p>\n<p style=\"text-align: center\" align=\"center\">Entscheidung \u00fcber den Plan \u00fcber die Verwendung der Haushaltsmittel<\/p>\n<p style=\"text-align: center\" align=\"center\">Entscheidung \u00fcber die Beteiligung berufsbildender Schulen an Ma\u00dfnahmen Dritter<\/p>\n<p style=\"text-align: center\" align=\"center\">Entscheidung \u00fcber die Zusammenarbeit mit anderen Schulen<\/p>\n<p style=\"text-align: center\">Entscheidung \u00fcber die Werbung und das Sponsoring in der Schule<\/p>\n<p style=\"text-align: center\">Entscheidung \u00fcber die j\u00e4hrliche \u00dcberpr\u00fcfung der Arbeit der Schule<\/p>\n<p style=\"text-align: center\" align=\"center\">Entscheidung \u00fcber die Vorschl\u00e4ge an die Schulbeh\u00f6rde zur Besetzung der Stelle der Schulleiterin oder des Schulleiters, der st\u00e4ndigen Vertreterin oder des st\u00e4ndigen Vertreters sowie anderer Bef\u00f6rderungsstellen<\/p>\n","protected":false},"excerpt":{"rendered":"<p>Mitglieder im Schulvorstand: Dirk Zumdohme (Schulleiter), Andrea B\u00f6ckmann (Kollegin), Dirk Eick (Kollege), David Niemeyer (Kollege), Susan H\u00f6hne (Elternvertretung), Katharina Rasliwarow (Elternvertretung), Madita Meves (Sch\u00fclervertretung), Lotta Brozio (Sch\u00fclervertretung) Aufgabenbereiche: Im Schulvorstand wirken der Schulleiter oder die Schulleiterin mit Vertreterinnen oder Vertretern &hellip; <a href=\"https:\/\/wordpress.nibis.de\/obslastrup\/schulvorstand\/\">Weiterlesen <span class=\"meta-nav\">&rarr;<\/span><\/a><\/p>\n","protected":false},"author":980,"featured_media":0,"parent":0,"menu_order":0,"comment_status":"closed","ping_status":"closed","template":"sidebar-page.php","meta":{"footnotes":""},"class_list":["post-133","page","type-page","status-publish","hentry"],"_links":{"self":[{"href":"https:\/\/wordpress.nibis.de\/obslastrup\/wp-json\/wp\/v2\/pages\/133","targetHints":{"allow":["GET"]}}],"collection":[{"href":"https:\/\/wordpress.nibis.de\/obslastrup\/wp-json\/wp\/v2\/pages"}],"about":[{"href":"https:\/\/wordpress.nibis.de\/obslastrup\/wp-json\/wp\/v2\/types\/page"}],"author":[{"embeddable":true,"href":"https:\/\/wordpress.nibis.de\/obslastrup\/wp-json\/wp\/v2\/users\/980"}],"replies":[{"embeddable":true,"href":"https:\/\/wordpress.nibis.de\/obslastrup\/wp-json\/wp\/v2\/comments?post=133"}],"version-history":[{"count":8,"href":"https:\/\/wordpress.nibis.de\/obslastrup\/wp-json\/wp\/v2\/pages\/133\/revisions"}],"predecessor-version":[{"id":2695,"href":"https:\/\/wordpress.nibis.de\/obslastrup\/wp-json\/wp\/v2\/pages\/133\/revisions\/2695"}],"wp:attachment":[{"href":"https:\/\/wordpress.nibis.de\/obslastrup\/wp-json\/wp\/v2\/media?parent=133"}],"curies":[{"name":"wp","href":"https:\/\/api.w.org\/{rel}","templated":true}]}}