{"id":136,"date":"2016-03-01T15:14:42","date_gmt":"2016-03-01T14:14:42","guid":{"rendered":"http:\/\/wordpress.nibis.de\/obslastrup\/?page_id=136"},"modified":"2023-11-10T09:02:29","modified_gmt":"2023-11-10T08:02:29","slug":"foerderverein","status":"publish","type":"page","link":"https:\/\/wordpress.nibis.de\/obslastrup\/foerderverein\/","title":{"rendered":"F\u00f6rderverein der Oberschule Lastrup e.V."},"content":{"rendered":"<p style=\"text-align: center\"><em><strong><u>Allgemeine Informationen<\/u><\/strong><\/em><\/p>\n<p style=\"text-align: center\">Der F\u00f6rderverein wurde 2003 gegr\u00fcndet. Ziel ist die ideelle und materielle Unterst\u00fctzung und F\u00f6rderung der Erziehungs- und Bildungsarbeit an der Oberschule Lastrup. Mitglied im F\u00f6rderverein kann jeder werden, der die Interessen des Vereins finanziell unterst\u00fctzen m\u00f6chte.<\/p>\n<p style=\"text-align: center\">Der Verein ist gemeinn\u00fctzig. Spenden sind steuerlich absetzbar.<\/p>\n<p style=\"text-align: center\">Hier geht\u00b4s zur <a href=\"http:\/\/wordpress.nibis.de\/obslastrup\/files\/2016\/03\/Beitrittserkl\u00e4rung-F\u00f6rderverein.pdf\">Beitrittserkl\u00e4rung!<\/a><\/p>\n<p style=\"text-align: center\"><em><u>Bisher unterst\u00fctzte Projekte\u00a0und Veranstaltungen<\/u><\/em><\/p>\n<p style=\"text-align: center\">&#8211; Ausbildung der Streitschlichter<\/p>\n<p style=\"text-align: center\">&#8211; Anschaffung der Streitschlichterausstattung<\/p>\n<p style=\"text-align: center\">&#8211; Fahrten zum Schulkino<\/p>\n<p style=\"text-align: center\">&#8211; Fahrten zu Betriebserkundungen<\/p>\n<p style=\"text-align: center\">&#8211; Schulfest \u201eNovemberzauber\u201c<\/p>\n<p style=\"text-align: center\">&#8211; \u201eTag der offenen T\u00fcr\u201c &#8211; Cafe<\/p>\n<p style=\"text-align: center\"><em><strong><u>Vorstand des F\u00f6rdervereins<\/u><\/strong><\/em><\/p>\n<p style=\"text-align: center\"><em><strong><u>der Oberschule Lastrup<\/u><\/strong><\/em><\/p>\n<p style=\"text-align: center\">(Stand 09.11.2023)<\/p>\n<p style=\"text-align: center\"><img loading=\"lazy\" decoding=\"async\" class=\"alignnone wp-image-2652 size-medium\" src=\"https:\/\/wordpress.nibis.de\/obslastrup\/files\/2023\/11\/Foerderverein-20231-e1699598880694-850x478.jpg\" alt=\"\" width=\"850\" height=\"478\" srcset=\"https:\/\/wordpress.nibis.de\/obslastrup\/files\/2023\/11\/Foerderverein-20231-e1699598880694-850x478.jpg 850w, https:\/\/wordpress.nibis.de\/obslastrup\/files\/2023\/11\/Foerderverein-20231-e1699598880694-250x141.jpg 250w\" sizes=\"auto, (max-width: 850px) 100vw, 850px\" \/><\/p>\n<p style=\"text-align: center\">von links: Dirk Zumdohme, Mechthild R\u00fclander, Michael Gr\u00f6nheim, Sonja Westendorf, Simone Gr\u00f6nheim-Macke, Birgit Heitmann, Anne Wortmann und Michael Wlodarczak<\/p>\n<table class=\" aligncenter\" style=\"width: 100%;height: 928px\" width=\"894\">\n<tbody>\n<tr>\n<td style=\"width: 298px\"><strong>Kontakt:<\/strong><\/td>\n<td style=\"width: 286px\"><\/td>\n<\/tr>\n<tr>\n<td style=\"width: 298px\"><strong>\u00a0<\/strong><\/td>\n<td style=\"width: 286px\"><\/td>\n<\/tr>\n<tr style=\"height: 32px\">\n<td style=\"width: 298px;height: 32px\" width=\"449\"><strong>1. Vorsitzende:\u00a0<\/strong><\/td>\n<td style=\"width: 286px;height: 32px\" width=\"435\">Sonja Westendorf<\/td>\n<\/tr>\n<tr style=\"height: 32px\">\n<td style=\"width: 298px;height: 32px\" width=\"449\"><\/td>\n<td style=\"width: 286px;height: 32px\" width=\"435\">Claudiusstra\u00dfe 11<\/td>\n<\/tr>\n<tr style=\"height: 32px\">\n<td style=\"width: 298px;height: 32px\" width=\"449\"><\/td>\n<td style=\"width: 286px;height: 32px\" width=\"435\">49688 Lastrup<\/td>\n<\/tr>\n<tr style=\"height: 32px\">\n<td style=\"width: 298px;height: 32px\" width=\"449\"><\/td>\n<td style=\"width: 286px;height: 32px\" width=\"435\">Tel.: 04472-689670<\/td>\n<\/tr>\n<tr style=\"height: 32px\">\n<td style=\"width: 298px;height: 32px\" width=\"449\"><\/td>\n<td style=\"width: 286px;height: 32px\" width=\"435\"><\/td>\n<\/tr>\n<tr style=\"height: 32px\">\n<td style=\"width: 298px;height: 32px\" width=\"449\"><strong>Schriftf\u00fchrerin:<\/strong><\/td>\n<td style=\"width: 286px;height: 32px\" width=\"435\">Birgit Heitmann<\/td>\n<\/tr>\n<tr style=\"height: 32px\">\n<td style=\"width: 298px;height: 32px\" width=\"449\"><\/td>\n<td style=\"width: 286px;height: 32px\" width=\"435\">K\u00e4stnerstra\u00dfe 2<\/td>\n<\/tr>\n<tr style=\"height: 32px\">\n<td style=\"width: 298px;height: 32px\" width=\"449\"><\/td>\n<td style=\"width: 286px;height: 32px\" width=\"435\">49688 Lastrup<\/td>\n<\/tr>\n<tr style=\"height: 32px\">\n<td style=\"width: 298px;height: 32px\" width=\"449\"><\/td>\n<td style=\"width: 286px;height: 32px\" width=\"435\">Tel.: 04472-8580<\/td>\n<\/tr>\n<tr style=\"height: 32px\">\n<td style=\"width: 298px;height: 32px\" width=\"449\"><\/td>\n<td style=\"width: 286px;height: 32px\" width=\"435\"><\/td>\n<\/tr>\n<tr style=\"height: 32px\">\n<td style=\"width: 298px;height: 32px\" width=\"449\"><strong>Bankverbindung:<\/strong><\/td>\n<td style=\"width: 286px;height: 32px\" width=\"435\">IBAN DE11 2806 7257 0015 7740 00<\/td>\n<\/tr>\n<tr style=\"height: 32px\">\n<td style=\"width: 298px;height: 32px\" width=\"449\"><\/td>\n<td style=\"width: 286px;height: 32px\" width=\"435\">Volksbank Lastrup<\/td>\n<\/tr>\n<tr style=\"height: 32px\">\n<td style=\"width: 298px;height: 32px\" width=\"449\"><\/td>\n<td style=\"width: 286px;height: 32px\" width=\"435\">BIC GENODEF1LAP<\/td>\n<\/tr>\n<\/tbody>\n<\/table>\n","protected":false},"excerpt":{"rendered":"<p>Allgemeine Informationen Der F\u00f6rderverein wurde 2003 gegr\u00fcndet. Ziel ist die ideelle und materielle Unterst\u00fctzung und F\u00f6rderung der Erziehungs- und Bildungsarbeit an der Oberschule Lastrup. Mitglied im F\u00f6rderverein kann jeder werden, der die Interessen des Vereins finanziell unterst\u00fctzen m\u00f6chte. Der Verein &hellip; <a href=\"https:\/\/wordpress.nibis.de\/obslastrup\/foerderverein\/\">Weiterlesen <span class=\"meta-nav\">&rarr;<\/span><\/a><\/p>\n","protected":false},"author":980,"featured_media":0,"parent":0,"menu_order":0,"comment_status":"closed","ping_status":"closed","template":"","meta":{"footnotes":""},"class_list":["post-136","page","type-page","status-publish","hentry"],"_links":{"self":[{"href":"https:\/\/wordpress.nibis.de\/obslastrup\/wp-json\/wp\/v2\/pages\/136","targetHints":{"allow":["GET"]}}],"collection":[{"href":"https:\/\/wordpress.nibis.de\/obslastrup\/wp-json\/wp\/v2\/pages"}],"about":[{"href":"https:\/\/wordpress.nibis.de\/obslastrup\/wp-json\/wp\/v2\/types\/page"}],"author":[{"embeddable":true,"href":"https:\/\/wordpress.nibis.de\/obslastrup\/wp-json\/wp\/v2\/users\/980"}],"replies":[{"embeddable":true,"href":"https:\/\/wordpress.nibis.de\/obslastrup\/wp-json\/wp\/v2\/comments?post=136"}],"version-history":[{"count":22,"href":"https:\/\/wordpress.nibis.de\/obslastrup\/wp-json\/wp\/v2\/pages\/136\/revisions"}],"predecessor-version":[{"id":2662,"href":"https:\/\/wordpress.nibis.de\/obslastrup\/wp-json\/wp\/v2\/pages\/136\/revisions\/2662"}],"wp:attachment":[{"href":"https:\/\/wordpress.nibis.de\/obslastrup\/wp-json\/wp\/v2\/media?parent=136"}],"curies":[{"name":"wp","href":"https:\/\/api.w.org\/{rel}","templated":true}]}}