{"id":1424,"date":"2019-02-14T13:17:46","date_gmt":"2019-02-14T12:17:46","guid":{"rendered":"http:\/\/wordpress.nibis.de\/obslastrup\/?page_id=1424"},"modified":"2026-02-18T13:46:47","modified_gmt":"2026-02-18T12:46:47","slug":"schulbesuch-ab-klasse-5","status":"publish","type":"page","link":"https:\/\/wordpress.nibis.de\/obslastrup\/schulbesuch-ab-klasse-5\/","title":{"rendered":"Schulbesuch ab Klasse 5"},"content":{"rendered":"<p>Liebe Sch\u00fclerinnen und Sch\u00fcler,<\/p>\n<p>sehr geehrte Eltern,<\/p>\n<p>im Sommer steht f\u00fcr Dich \/ Ihr Kind der Wechsel an eine weiterf\u00fchrende Schule bevor. Dies ist ein wichtiger Schritt in Deinem Leben \/ im Leben Ihres Kindes.<\/p>\n<p>Sicherlich machst Du Dir \/ machen Sie sich seit einiger Zeit Gedanken \u00fcber Deine weitere Schullaufbahn \/ \u00fcber die weitere Schullaufbahn Ihres Kindes nach Klasse 4. Um eine gute Entscheidung treffen zu k\u00f6nnen, ist es wichtig, \u00fcber richtige und reichliche Informationen zu verf\u00fcgen.<\/p>\n<p>Diese findest Du \/ finden Sie auf dieser <a href=\"http:\/\/wordpress.nibis.de\/obslastrup\/\"><strong>Homepage<\/strong> <\/a>und in der <a href=\"http:\/\/wordpress.nibis.de\/obslastrup\/files\/2019\/02\/Brosch\u00fcre_OBS_24_Jan_19.pdf\"><strong>Informationsbrosch\u00fcre<\/strong> <\/a>zur Schule.&nbsp;<\/p>\n<p>Auch die Informationen &#8222;<strong><a href=\"https:\/\/wordpress.nibis.de\/obslastrup\/unsere-schule-von-a-bis-z\/\">Unsere Schule von A bis Z f\u00fcr Eltern<\/a><\/strong>&#8220; und &#8222;<strong><a href=\"https:\/\/wordpress.nibis.de\/obslastrup\/unsere-schule-von-a-bis-z-2\/\">Unsere Schule von A bis Z f\u00fcr Sch\u00fclerinnen und Sch\u00fcler<\/a><\/strong>&#8220; gibt Antworten auf viele Fragen.<\/p>\n<p>Dir \/ Ihrem Kind stehen an der Oberschule Lastrup vielf\u00e4ltige M\u00f6glichkeiten zur Entfaltung der eigenen Pers\u00f6nlichkeit zur Verf\u00fcgung. Au\u00dferdem wirst Du \/ wird es w\u00e4hrend Deiner \/ seiner Entwicklung individuell so unterst\u00fctzt, dass Du \/ es an der Oberschule Lastrup in einigen Jahren erfolgreich dem nach Deinen \/ seinen F\u00e4higkeiten bestm\u00f6glichen Bildungsabschluss erreicht, um danach Deinen \/ seinen Bildungsweg berufs- oder studienbezogen fortsetzen zu k\u00f6nnen.<\/p>\n\n\n<p>Wichtige Termine:<\/p>\n\n\n\n<figure class=\"wp-block-table\"><table><tbody><tr><td>Schnuppertage f\u00fcr die Klassen 4 der<br>Grundschulen Lastrup und Hemmelte<\/td><td>20.01.2026 &#8211; Hemmelte<br>21.01.2026 &#8211; Lastrup<\/td><\/tr><tr><td>Elterninformationsveranstaltung in der OBS Lastrup<\/td><td>20.11.2025<\/td><\/tr><tr><td>Tag der offenen T\u00fcr  <\/td><td>27.02.2026<br>14:30 Uhr bis 17:30 Uhr<\/td><\/tr><tr><td>Anmeldungen <\/td><td>02. bis 06.03.2026<br>9:00 Uhr bis 12:00 Uhr<br>03. und 06.03.2026<br>14:00 Uhr bis 16:00 Uhr<\/td><\/tr><\/tbody><\/table><\/figure>\n\n\n\n<p><strong>Wichtige Informationen zur Anmeldung f\u00fcr Eltern:<\/strong><\/p>\n\n\n\n<p>Da wir f\u00fcr die Anmeldung einige Unterschriften ben\u00f6tigen, ist es notwendig, dass die Anmeldung innerhalb des Anmeldezeitraums von einer erziehungsberechtigten Person vor Ort in der Schule (Sekretariat) vorgenommen wird. <\/p>\n\n\n\n<p>Wenn Sie m\u00f6chten, k\u00f6nnen Sie die Anmeldeunterlagen (s.u.) bereits zuhause vorbereiten. <\/p>\n\n\n\n<p>Bitte bringen Sie zu den Anmeldungen das Halbjahreszeugnis der Klasse 4 Ihres Kindes mit.<\/p>\n\n\n\n<p><strong>Anmeldeunterlagen:<\/strong><\/p>\n\n\n\n<p><a href=\"https:\/\/wordpress.nibis.de\/obslastrup\/files\/2026\/02\/Anmeldung.pdf\" target=\"_blank\" rel=\"noreferrer noopener\">Anmeldung &#8211; Klasse 5<\/a><\/p>\n\n\n\n<p><a href=\"https:\/\/wordpress.nibis.de\/obslastrup\/files\/2026\/02\/Erklaerung-Sorgeberechtigung.pdf\" target=\"_blank\" rel=\"noreferrer noopener\">Erkl\u00e4rung zur Sorgeberechtigung<\/a><\/p>\n\n\n\n<p><a href=\"https:\/\/wordpress.nibis.de\/obslastrup\/files\/2026\/02\/Einverstaendniserklaerung-Fotos-Filmaufnahmen.pdf\" target=\"_blank\" rel=\"noreferrer noopener\">Einverst\u00e4ndniserkl\u00e4rung Fotos<\/a><\/p>\n\n\n\n<p><a href=\"https:\/\/wordpress.nibis.de\/obslastrup\/files\/2026\/02\/Informationsblatt-Datenschutzgrundverordnung.pdf\" target=\"_blank\" rel=\"noreferrer noopener\">Informationsblatt &#8211; Datenschutzgrundverordnung<\/a><\/p>\n\n\n\n<p><a href=\"https:\/\/wordpress.nibis.de\/obslastrup\/files\/2026\/02\/Belehrung-Infektionsschutz-Merkblatt-fuer-Erziehungsberechtigte.pdf\" target=\"_blank\" rel=\"noreferrer noopener\">Belehrung &#8211; Infektionsschutzgesetz<\/a><\/p>\n\n\n\n<p><a href=\"https:\/\/wordpress.nibis.de\/obslastrup\/files\/2026\/02\/Informationen-Schulbuchausleihe-Kl.-5.pdf\" target=\"_blank\" rel=\"noreferrer noopener\">Anschreiben zur Schulbuchausleihe<\/a><\/p>\n\n\n\n<p><a href=\"https:\/\/wordpress.nibis.de\/obslastrup\/files\/2026\/02\/Anmeldung-zur-Schulbuchausleihe.pdf\" target=\"_blank\" rel=\"noreferrer noopener\">Anmeldung zur Schulbuchausleihe<\/a><\/p>\n\n\n\n<p><a href=\"https:\/\/wordpress.nibis.de\/obslastrup\/files\/2026\/02\/Erklaerung-Schulhund.pdf\" target=\"_blank\" rel=\"noreferrer noopener\">Erkl\u00e4rung Schulhund<\/a><\/p>\n\n\n\n<p><a href=\"https:\/\/wordpress.nibis.de\/obslastrup\/files\/2026\/02\/Veraenderungsanzeige.pdf\" target=\"_blank\" rel=\"noreferrer noopener\">Ver\u00e4nderungsanzeige<\/a><\/p>\n\n\n\n\n","protected":false},"excerpt":{"rendered":"<p>Liebe Sch\u00fclerinnen und Sch\u00fcler, sehr geehrte Eltern, im Sommer steht f\u00fcr Dich \/ Ihr Kind der Wechsel an eine weiterf\u00fchrende Schule bevor. Dies ist ein wichtiger Schritt in Deinem Leben \/ im Leben Ihres Kindes. Sicherlich machst Du Dir \/ &hellip; <a href=\"https:\/\/wordpress.nibis.de\/obslastrup\/schulbesuch-ab-klasse-5\/\">Weiterlesen <span class=\"meta-nav\">&rarr;<\/span><\/a><\/p>\n","protected":false},"author":980,"featured_media":0,"parent":0,"menu_order":0,"comment_status":"closed","ping_status":"closed","template":"sidebar-page.php","meta":{"footnotes":""},"class_list":["post-1424","page","type-page","status-publish","hentry"],"_links":{"self":[{"href":"https:\/\/wordpress.nibis.de\/obslastrup\/wp-json\/wp\/v2\/pages\/1424","targetHints":{"allow":["GET"]}}],"collection":[{"href":"https:\/\/wordpress.nibis.de\/obslastrup\/wp-json\/wp\/v2\/pages"}],"about":[{"href":"https:\/\/wordpress.nibis.de\/obslastrup\/wp-json\/wp\/v2\/types\/page"}],"author":[{"embeddable":true,"href":"https:\/\/wordpress.nibis.de\/obslastrup\/wp-json\/wp\/v2\/users\/980"}],"replies":[{"embeddable":true,"href":"https:\/\/wordpress.nibis.de\/obslastrup\/wp-json\/wp\/v2\/comments?post=1424"}],"version-history":[{"count":68,"href":"https:\/\/wordpress.nibis.de\/obslastrup\/wp-json\/wp\/v2\/pages\/1424\/revisions"}],"predecessor-version":[{"id":3545,"href":"https:\/\/wordpress.nibis.de\/obslastrup\/wp-json\/wp\/v2\/pages\/1424\/revisions\/3545"}],"wp:attachment":[{"href":"https:\/\/wordpress.nibis.de\/obslastrup\/wp-json\/wp\/v2\/media?parent=1424"}],"curies":[{"name":"wp","href":"https:\/\/api.w.org\/{rel}","templated":true}]}}