{"id":1774,"date":"2020-03-06T10:09:40","date_gmt":"2020-03-06T09:09:40","guid":{"rendered":"https:\/\/wordpress.nibis.de\/obslastrup\/?page_id=1774"},"modified":"2020-09-17T14:26:53","modified_gmt":"2020-09-17T12:26:53","slug":"religioeser-schwerpunkt","status":"publish","type":"page","link":"https:\/\/wordpress.nibis.de\/obslastrup\/religioeser-schwerpunkt\/","title":{"rendered":"Religi\u00f6ser Schwerpunkt"},"content":{"rendered":"\n<div class=\"wp-block-image\"><figure class=\"aligncenter\"><img loading=\"lazy\" decoding=\"async\" width=\"800\" height=\"438\" src=\"https:\/\/wordpress.nibis.de\/obslastrup\/files\/2020\/03\/Hungermarsch-1-e1583485314880-800x438.jpg\" alt=\"\" class=\"wp-image-1776\" srcset=\"https:\/\/wordpress.nibis.de\/obslastrup\/files\/2020\/03\/Hungermarsch-1-e1583485314880-800x438.jpg 800w, https:\/\/wordpress.nibis.de\/obslastrup\/files\/2020\/03\/Hungermarsch-1-e1583485314880-300x164.jpg 300w, https:\/\/wordpress.nibis.de\/obslastrup\/files\/2020\/03\/Hungermarsch-1-e1583485314880-500x274.jpg 500w\" sizes=\"auto, (max-width: 800px) 100vw, 800px\" \/><figcaption>&#8222;Hungermarsch&#8220; f\u00fcr den &#8222;Guten Zweck&#8220;<\/figcaption><\/figure><\/div>\n\n\n\n<p>Gegenseitige Hilfe und R\u00fccksichtnahme sind ein gro\u00dfes Thema an der Oberschule Lastrup, was sich auch im Leitbild der Schule widerspiegelt. Daraus resultiert auch der religi\u00f6se Schwerpunkt im Schulalltag, der die Schulgemeinschaft nachhaltig pr\u00e4gt. Auch wenn es im Religionsunterricht nicht prim\u00e4r darum geht, den Glauben zu vermitteln und Sch\u00fclerinnen und Sch\u00fcler von einem Leben mit Gott zu \u00fcberzeugen, so kann es dennoch gelingen, durch Authentizit\u00e4t und vielf\u00e4ltige Angebote das Interesse an einem christlich gepr\u00e4gten Alltag zu wecken und zu verst\u00e4rken und so den Blick f\u00fcr den anderen zu sch\u00e4rfen. <\/p>\n\n\n\n<div class=\"wp-block-image\"><figure class=\"aligncenter\"><img loading=\"lazy\" decoding=\"async\" width=\"800\" height=\"524\" src=\"https:\/\/wordpress.nibis.de\/obslastrup\/files\/2020\/03\/DSC4296-e1583485452522-800x524.jpg\" alt=\"\" class=\"wp-image-1778\" srcset=\"https:\/\/wordpress.nibis.de\/obslastrup\/files\/2020\/03\/DSC4296-e1583485452522-800x524.jpg 800w, https:\/\/wordpress.nibis.de\/obslastrup\/files\/2020\/03\/DSC4296-e1583485452522-300x196.jpg 300w, https:\/\/wordpress.nibis.de\/obslastrup\/files\/2020\/03\/DSC4296-e1583485452522-458x300.jpg 458w\" sizes=\"auto, (max-width: 800px) 100vw, 800px\" \/><figcaption>Ruhe und Einkehr durch Meditation<\/figcaption><\/figure><\/div>\n\n\n\n<p>Schulgottesdienste im laufenden Schuljahr, Meditationen in der Adventszeit, Hungerm\u00e4rsche in regelm\u00e4\u00dfigen Abst\u00e4nden sowie verschiedene Aktionen wie z.B. das Waffelbacken, dessen Erl\u00f6s immer einem sozialen Projekt zuflie\u00dft, st\u00e4rken unsere Schulgemeinschaft und das Bewusstsein, den Sinn im Leben auch au\u00dferhalb der eigenen Pers\u00f6nlichkeit zu finden. Durch das Angebot der Schulseelsorge w\u00e4chst gerade der Religionsunterricht in Kooperation mit der schulischen Sozialarbeit zu einem Ort heran, an dem N\u00f6te des Einzelnen wahrgenommen und erkannt werden, um im Schulalltag m\u00f6glichst miteinander und f\u00fcreinander Wege aus der Krisensituation zu finden. <\/p>\n\n\n\n<div class=\"wp-block-image\"><figure class=\"aligncenter size-large\"><img loading=\"lazy\" decoding=\"async\" width=\"800\" height=\"368\" src=\"https:\/\/wordpress.nibis.de\/obslastrup\/files\/2020\/09\/Schulanfang-Gottesdienst-2020-3-e1599826543997-800x368.jpg\" alt=\"\" class=\"wp-image-1928\" srcset=\"https:\/\/wordpress.nibis.de\/obslastrup\/files\/2020\/09\/Schulanfang-Gottesdienst-2020-3-e1599826543997-800x368.jpg 800w, https:\/\/wordpress.nibis.de\/obslastrup\/files\/2020\/09\/Schulanfang-Gottesdienst-2020-3-e1599826543997-300x138.jpg 300w, https:\/\/wordpress.nibis.de\/obslastrup\/files\/2020\/09\/Schulanfang-Gottesdienst-2020-3-e1599826543997-500x230.jpg 500w, https:\/\/wordpress.nibis.de\/obslastrup\/files\/2020\/09\/Schulanfang-Gottesdienst-2020-3-e1599826543997.jpg 1280w\" sizes=\"auto, (max-width: 800px) 100vw, 800px\" \/><figcaption>Gottesdienst: Zum Thema &#8222;Wir sitzen alle in einem Boot&#8220; machen Pastor Schwartz und Pastoralreferent Luttikhuis deutlich, dass man nur gemeinsam ans Ziel kommt.<\/figcaption><\/figure><\/div>\n\n\n\n<figure class=\"wp-block-image size-large\"><img loading=\"lazy\" decoding=\"async\" width=\"800\" height=\"394\" src=\"https:\/\/wordpress.nibis.de\/obslastrup\/files\/2020\/09\/Schulanfang-Gottesdienst-2020-2-e1599826565400-800x394.jpg\" alt=\"\" class=\"wp-image-1927\" srcset=\"https:\/\/wordpress.nibis.de\/obslastrup\/files\/2020\/09\/Schulanfang-Gottesdienst-2020-2-e1599826565400-800x394.jpg 800w, https:\/\/wordpress.nibis.de\/obslastrup\/files\/2020\/09\/Schulanfang-Gottesdienst-2020-2-e1599826565400-300x148.jpg 300w, https:\/\/wordpress.nibis.de\/obslastrup\/files\/2020\/09\/Schulanfang-Gottesdienst-2020-2-e1599826565400-500x246.jpg 500w, https:\/\/wordpress.nibis.de\/obslastrup\/files\/2020\/09\/Schulanfang-Gottesdienst-2020-2-e1599826565400.jpg 1280w\" sizes=\"auto, (max-width: 800px) 100vw, 800px\" \/><figcaption>Gottesdienst<\/figcaption><\/figure>\n\n\n\n<p><\/p>\n","protected":false},"excerpt":{"rendered":"<p>Gegenseitige Hilfe und R\u00fccksichtnahme sind ein gro\u00dfes Thema an der Oberschule Lastrup, was sich auch im Leitbild der Schule widerspiegelt. Daraus resultiert auch der religi\u00f6se Schwerpunkt im Schulalltag, der die Schulgemeinschaft nachhaltig pr\u00e4gt. Auch wenn es im Religionsunterricht nicht prim\u00e4r &hellip; <a href=\"https:\/\/wordpress.nibis.de\/obslastrup\/religioeser-schwerpunkt\/\">Weiterlesen <span class=\"meta-nav\">&rarr;<\/span><\/a><\/p>\n","protected":false},"author":980,"featured_media":0,"parent":0,"menu_order":0,"comment_status":"closed","ping_status":"closed","template":"sidebar-page.php","meta":{"footnotes":""},"class_list":["post-1774","page","type-page","status-publish","hentry"],"_links":{"self":[{"href":"https:\/\/wordpress.nibis.de\/obslastrup\/wp-json\/wp\/v2\/pages\/1774","targetHints":{"allow":["GET"]}}],"collection":[{"href":"https:\/\/wordpress.nibis.de\/obslastrup\/wp-json\/wp\/v2\/pages"}],"about":[{"href":"https:\/\/wordpress.nibis.de\/obslastrup\/wp-json\/wp\/v2\/types\/page"}],"author":[{"embeddable":true,"href":"https:\/\/wordpress.nibis.de\/obslastrup\/wp-json\/wp\/v2\/users\/980"}],"replies":[{"embeddable":true,"href":"https:\/\/wordpress.nibis.de\/obslastrup\/wp-json\/wp\/v2\/comments?post=1774"}],"version-history":[{"count":4,"href":"https:\/\/wordpress.nibis.de\/obslastrup\/wp-json\/wp\/v2\/pages\/1774\/revisions"}],"predecessor-version":[{"id":1955,"href":"https:\/\/wordpress.nibis.de\/obslastrup\/wp-json\/wp\/v2\/pages\/1774\/revisions\/1955"}],"wp:attachment":[{"href":"https:\/\/wordpress.nibis.de\/obslastrup\/wp-json\/wp\/v2\/media?parent=1774"}],"curies":[{"name":"wp","href":"https:\/\/api.w.org\/{rel}","templated":true}]}}