{"id":2011,"date":"2020-09-28T13:49:46","date_gmt":"2020-09-28T11:49:46","guid":{"rendered":"https:\/\/wordpress.nibis.de\/obslastrup\/?page_id=2011"},"modified":"2020-09-28T13:49:46","modified_gmt":"2020-09-28T11:49:46","slug":"unsere-schule-von-a-bis-z","status":"publish","type":"page","link":"https:\/\/wordpress.nibis.de\/obslastrup\/unsere-schule-von-a-bis-z\/","title":{"rendered":"Unsere Schule von A bis Z"},"content":{"rendered":"\n<p>Liebe Eltern\/ liebe Erziehungsberechtigte!<\/p>\n\n\n\n<p>Das folgende, stichpunktartig zusammengestellte Schul-ABC soll Ihnen und Ihrem Kind Informationen \u00fcber das Schulleben und die Organisation innerhalb der Schule geben. Dies wird stetig angepasst und erneuert. Sollten Ihnen weitere Information fehlen, wenden Sie sich gerne an die Schule.<\/p>\n\n\n\n<p><strong>A wie \u2026<\/strong><\/p>\n\n\n\n<p><strong>Abschl\u00fcsse<\/strong>: An der Oberschule Lastrup haben die Sch\u00fclerinnen und Sch\u00fcler die M\u00f6glichkeit, verschiedene Abschl\u00fcsse nach den Klassen 9 und 10 zu erwerben. Nach der 9. Klasse k\u00f6nnen die Sch\u00fclerinnen und Sch\u00fcler den Hauptschulabschluss erwerben. Nach der 10. Klasse gibt es die M\u00f6glichkeit, den erweiterten Sekundarabschluss I, den Sekundarabschluss I &#8211; Realschulabschluss, den Sekundarabschluss I \u2013 Hauptschulabschluss oder den Hauptschulabschluss zu erreichen.<\/p>\n\n\n\n<p><strong>An-und Abmeldung<\/strong>: Die An-und Abmeldung neuer Sch\u00fclerinnen und Sch\u00fcler findet bei Frau Niemann im Sekretariat statt.<\/p>\n\n\n\n<p><strong>Aufsicht<\/strong>: Die Aufsichtspflicht der Schule erstreckt sich auf das gesamte Schulgel\u00e4nde w\u00e4hrend des Unterrichts, in den Pausen und bei Schulveranstaltungen. Darum d\u00fcrfen die Sch\u00fclerinnen und Sch\u00fcler das Schulgel\u00e4nde in dieser Zeit nicht ohne Genehmigung verlassen.<\/p>\n\n\n\n<p><strong>B wie \u2026<\/strong>&nbsp;<\/p>\n\n\n\n<p><strong>Berufsorientierung<\/strong>: Die schuleigene Berufsorientierung erm\u00f6glicht eine intensive Berufsvorbereitung und -orientierung, in der die Sch\u00fclerinnen und Sch\u00fcler die M\u00f6glichkeit erhalten, ihre individuellen F\u00e4higkeiten, Vorlieben, St\u00e4rken und Schw\u00e4chen herauszufinden, um geeignete Berufsfelder zu ermitteln. Des Weiteren unterst\u00fctzt die Berufsorientierung die Sch\u00fclerinnen und Sch\u00fcler bei ihren Betriebspraktika und begleiten dabei die darauf aufbauende Vor-und Nachbereitung.<\/p>\n\n\n\n<p><strong>Beurlaubung<\/strong>: In dringenden F\u00e4llen ist es m\u00f6glich, eine Beurlaubung f\u00fcr die Sch\u00fclerinnen und Sch\u00fcler zu beantragen. Diese muss in schriftlicher Form bei der Klassenlehrkraft gestellt werden. Die Beurlaubung wird dann durch die Schulleitung genehmigt.<\/p>\n\n\n\n<p><strong>B\u00fccherausgabe<\/strong>: Die ben\u00f6tigten Lehrwerke werden den Sch\u00fclerinnen und Sch\u00fclern gegen eine Leihgeb\u00fchr zur Verf\u00fcgung gestellt. Die B\u00fccher werden am Ende des Schuljahres an den nachr\u00fcckenden Jahrgang weitergegeben. Deshalb ist ein sorgf\u00e4ltiger Umgang mit den B\u00fcchern wichtig, da die B\u00fccher bei M\u00e4ngeln oder Verlust ersatzpflichtig gemacht werden k\u00f6nnen.<\/p>\n\n\n\n<p><strong>D wie \u2026<\/strong><\/p>\n\n\n\n<p><strong>Deutsch als Zweitsprache (DaZ)<\/strong>: F\u00fcr eine intensive Unterst\u00fctzung und Integration bietet die Oberschule Lastrup DaZ-Kurse (Deutsch als Zweitsprache) an. Hier erlernen die Sch\u00fclerinnen und Sch\u00fcler nicht deutscher Herkunftssprache Grundstrukturen der deutschen Sprache, Vermittlungen zwischen der Muttersprache und Deutsch und unterst\u00fctzende Hilfen f\u00fcr den regul\u00e4ren Unterricht.<\/p>\n\n\n\n<p><strong>Digitalisierung<\/strong>: Das Thema Digitalisierung ist auch an der Oberschule Lastrup ein wichtiger Bestandteil moderner Unterrichtsplanung und Durchf\u00fchrung. Neben moderner Ausstattung wie Smartboards, Pr\u00e4sentationssysteme, Dokumentenkameras und neu-ausgestattete Computerr\u00e4ume, bieten wir F\u00e4chern wie Informatik und Technik an und besch\u00e4ftigen uns mit der Medienbildung.<\/p>\n\n\n\n<p><strong>E wie \u2026<\/strong><\/p>\n\n\n\n<p><strong>Elternabend<\/strong>: Die Klassenlehrkr\u00e4fte laden zu Beginn des neuen Schuljahres zu Elternabenden ein. Hier werden wichtige Informationen ausgetauscht und&nbsp; Angelegenheiten, die die Klasse betreffen, besprochen. Au\u00dferdem werden f\u00fcr die Klassen 5, 7 und 9 f\u00fcr jeweils zwei Jahre die jeweiligen Klassenelternratsvorsitzenden und Stellvertreter gew\u00e4hlt.<\/p>\n\n\n\n<p><strong>Elternsprechtag<\/strong>: An der Oberschule Lastrup finden die Elternsprechtage zweimal j\u00e4hrlich statt. Hierzu erhalten die Erziehungsberechtigte eine Einladung und die Sch\u00fclerinnen und Sch\u00fcler k\u00f6nnen sich f\u00fcr einen Termin bei ihrer Klassenlehrkraft oder Fachlehrkraft eintragen. Die Eltern bzw. Erziehungsberechtigten haben dann die M\u00f6glichkeit, kurze Gespr\u00e4che mit den Lehrkr\u00e4ften zu f\u00fchren, um den schulischen Stand ihres Kindes zu erfahren. &nbsp;&nbsp;&nbsp;&nbsp;&nbsp;&nbsp;&nbsp;&nbsp;&nbsp;&nbsp;&nbsp;&nbsp;<\/p>\n\n\n\n<p><strong>Epochaler Unterricht<\/strong>: An der Oberschule Lastrup werden einzelne F\u00e4cher in einem Jahrgang epochal unterrichtet. Die Sch\u00fclerinnen und Sch\u00fcler haben diese F\u00e4cher dann ein Halbjahr und die Zeugnisnote bleibt dann f\u00fcr das ganze Schuljahr bestehen. Hierzu z\u00e4hlen die F\u00e4cher Erdkunde, Geschichte, Kunst, Textil, Werken, Politik und Musik.<\/p>\n\n\n\n<p><strong>F wie \u2026<\/strong><\/p>\n\n\n\n<p><strong>Fachkonferenzen<\/strong>: In den Fachkonferenzen der Oberschule Lastrup geht es um die stetige Weiterarbeit an Arbeitspl\u00e4nen, Einf\u00fchrung und Evaluation von Schulb\u00fcchern und Materialien sowie die Besprechung von aktuellen Ereignissen und Themen der jeweiligen F\u00e4cher. Gew\u00e4hlte Elternvertreter nehmen an den Fachkonferenzen teil. Diese finden zweimal j\u00e4hrlich statt.<\/p>\n\n\n\n<p><strong>F\u00f6rderverein<\/strong>: Der F\u00f6rderverein der Oberschule Lastrup unterst\u00fctzt und f\u00f6rdert die Erziehungs- und Bildungsarbeit der Schule. Dabei werden Projekte und Veranstaltungen wie Fahrten zu Betriebserkundungen, zu au\u00dferschulischen Lernorten, zu Theaterveranstaltungen oder Schulfeste unterst\u00fctzt. Jeder ist herzlich eingeladen, durch einen finanziellen Beitrag, Mitglied des F\u00f6rdervereins der Oberschule Lastrup zu werden.<\/p>\n\n\n\n<p><strong>Foto-Erlaubnis<\/strong>: F\u00fcr die digitale Pr\u00e4senz der Schule auf der Internetseite, auf sozialen Netzwerken und in der Sch\u00fclerzeitung werden immer wieder Fotos von der Schule und den Sch\u00fclerinnen und Sch\u00fclern geschossen. Erziehungsberechtigte und Eltern k\u00f6nnen diesem widersprechen.<\/p>\n\n\n\n<p><strong>G wie \u2026<\/strong><\/p>\n\n\n\n<p><strong>Gesamtkonferenz<\/strong>: Die Gesamtkonferenz der Oberschule Lastrup bildet ein wichtiges Gremium, um Fragen und Anregungen zu p\u00e4dagogischen Themen wie z.B. der Schulordnung zu besprechen. Hier werden auch W\u00fcnsche und Interessen der Eltern und Sch\u00fclerinnen und Sch\u00fcler angesprochen und diskutiert.<\/p>\n\n\n\n<p><strong>H wie \u2026<\/strong><\/p>\n\n\n\n<p><strong>Homepage<\/strong>: Auf der Internetseite https:\/\/wordpress.nibis.de\/obslastrup\/ findet man weitere Informationen \u00fcber die Oberschule Lastrup. Hier erh\u00e4lt man auch aktuelle Informationen aus der Schule und eine Einsicht auf den Vertretungsplan der n\u00e4chsten Tage.<\/p>\n\n\n\n<p><strong>HaB:<\/strong> In den Hausaufgabenbetreuungsstunden bearbeiten die Sch\u00fclerinnen und Sch\u00fcler selbstst\u00e4ndig ihre Hausaufgaben und haben die M\u00f6glichkeit, bei Fragen und Problemen die aufsichtf\u00fchrende Lehrkraft um Hilfe zu bitten.<\/p>\n\n\n\n<p><strong>I wie \u2026<\/strong><\/p>\n\n\n\n<p><strong>IServ<\/strong>: Durch die Nutzung des Portalservers \u201eIServ\u201c bietet die Oberschule Lastrup den Kolleginnen und Kollegen, Mitarbeiterinnen und Mitarbeiter sowie Sch\u00fclerinnen und Sch\u00fclern eine sichere und moderne Kommunikationsplattform. Hier k\u00f6nnen Daten gesichert, E-Mails versendet und Informationen ausgetauscht werden.<\/p>\n\n\n\n<p><strong>Inklusion<\/strong>: An der Oberschule Lastrup sind alle Sch\u00fclerinnen und Sch\u00fcler unabh\u00e4ngig von Kultur, Religion, Herkunft oder auch m\u00f6glichen Beeintr\u00e4chtigungen willkommen. Das Ziel der Oberschule Lastrup ist es, die Sch\u00fclerinnen und Sch\u00fcler in Zusammenarbeit mit allen an der Schule Beteiligten, zu selbstst\u00e4ndigen, eigenverantwortlichen und selbstbewussten Pers\u00f6nlichkeiten zu erziehen. F\u00fcr eine individuelle F\u00f6rderung und Forderung wurden hierf\u00fcr Betreuungsstunde errichtet, in denen eine zweite Lehrkraft zur Unterst\u00fctzung eingesetzt wird.<\/p>\n\n\n\n<p><strong>J wie \u2026<\/strong><\/p>\n\n\n\n<p><strong>Jahrgangsbezogene Kurssysteme<\/strong>: Im Jahrgang 5 werden alle Sch\u00fclerinnen und Sch\u00fcler in allen F\u00e4chern gemeinsam in einer Klasse unterrichtet. Ab dem Jahrgang 6 aufsteigend wird in einzelnen F\u00e4chern (zun\u00e4chst Mathe und Englisch, sp\u00e4ter kommen Deutsch und Chemie dazu) eine \u00e4u\u00dfere Leistungsdifferenzierung durchgef\u00fchrt. Je nach Leistungsstand nehmen die Sch\u00fclerinnen und Sch\u00fcler in diesen F\u00e4chern am Unterricht auf grundlegender (G-kurs = Hauptschulniveau) oder erh\u00f6hter Anforderungsebene (E-kurs = Realschulniveau) teil.<\/p>\n\n\n\n<p><strong>K wie \u2026<\/strong><\/p>\n\n\n\n<p><strong>Krankmeldungen<\/strong>: Krankmeldungen sollen telefonisch vor Schulbeginn (bis 8 Uhr) im Sekretariat erfolgen. Die Eltern bzw. Erziehungsberechtigten werden auch darum gebeten, die Fehltage im Schulplaner zu entschuldigen.<\/p>\n\n\n\n<p><strong>Klassenfahrten<\/strong>: An der Oberschule Lastrup finden in den Jahrg\u00e4ngen 5\/6, 7\/8 und 9\/10 jeweils eine Klassenfahrt statt. Au\u00dferdem gibt es im Jahrgang 8 die Orientierungstage und am Ende des Schuljahres planen die Klassen mit den jeweiligen Klassenlehrern einen Wandertag bzw. Klassenlehrertag. Zudem bietet die Oberschule Lastrup f\u00fcr die Sch\u00fclerinnen und Sch\u00fcler des Franz\u00f6sisch Wahlpflichtkurses eine Frankreichfahrt (Klasse 8-10) an.<\/p>\n\n\n\n<p><strong>Klassenkonferenz<\/strong>: Die Aufgabe der Klassenkonferenz ist eine Zusammenarbeit aller Lehrkr\u00e4fte, Eltern und Sch\u00fclervertreter auf p\u00e4dagogischer Ebene. Sie befasst sich unter anderem mit der Zeugniserteilung und Versetzung. Au\u00dferdem tritt sie bei Verletzungen der Schulordnung zusammen, um \u00fcber geeignete Erziehungs- und Ordnungsma\u00dfnahmen zu besprechen und diese zu beschlie\u00dfen.<\/p>\n\n\n\n<p><strong>L wie \u2026<\/strong><\/p>\n\n\n\n<p><strong>Leistungsbeurteilung<\/strong>: Die schriftlichen, m\u00fcndlichen und fachspezifischen Leistungen werden in allen F\u00e4chern durch Zensuren der Fachlehrkraft beurteilt. Dabei beschlie\u00dfen die einzelnen F\u00e4cher in ihren Fachkonferenzen die Grunds\u00e4tze und Aufteilung dieser Leistungsbestandteile.<\/p>\n\n\n\n<p><strong>Leitbild<\/strong>: Die Leitworte \u201emiteinander leben, voneinander lernen und f\u00fcreinander da sein\u201c spiegeln die grundlegende Haltung der Oberschule Lastrup wider.<\/p>\n\n\n\n<p><strong>M wie \u2026<\/strong><\/p>\n\n\n\n<p><strong>Mensa<\/strong>: Zu Beginn der Mittagspause nehmen alle Sch\u00fclerinnen und Sch\u00fcler ihr Mittagessen in festen Tischgemeinschaften in der Mensa ein. Ein warmes Mittagessen kann im Vorfeld (online) bestellt werden. Die Sch\u00fclerinnen und Sch\u00fcler k\u00f6nnen aber auch ein eigenes Mittagessen von zu Hause mitbringen.<\/p>\n\n\n\n<p><strong>Materialien<\/strong>: Neben den Schulb\u00fcchern ben\u00f6tigen die Sch\u00fclerinnen und Sch\u00fcler weitere Materialien f\u00fcr eine aktive und sorgf\u00e4ltige Mitarbeit im Unterricht. Vor Beginn des neuen Schuljahres erhalten die Sch\u00fclerinnen und Sch\u00fcler eine Materialliste. Hier sind Hefte, Arbeitshefte, Mappen und Mappenfarben sowie weitere Materialien f\u00fcr Mathe, Kunst usw. aufgelistet.<\/p>\n\n\n\n<p><strong>Methodentage<\/strong>: Zu Beginn jedes Halbjahres finden Methodentage an der Oberschule Lastrup statt. Hier erlernen und vertiefen die Sch\u00fclerinnen und Sch\u00fcler je nach Jahrgang neue Methoden und probieren diese in unterschiedlichen Situationen\/F\u00e4chern aus.<\/p>\n\n\n\n<p><strong>N wie \u2026<\/strong><\/p>\n\n\n\n<p><strong>Nachteilsausgleiche<\/strong>: Der OBS Lastrup ist es besonders wichtig, dass jeder Sch\u00fcler bzw. jede Sch\u00fclerin seinen\/ihren individuellen F\u00e4higkeiten und Fertigkeiten entsprechend gef\u00f6rdert wird. Die Lehrkr\u00e4fte k\u00f6nnen auf dieser Basis f\u00fcr SuS mit Teilleistungsschw\u00e4chen Nachteilsausgleiche formulieren, um diese Schw\u00e4chen auszugleichen und eine gezielte F\u00f6rderung zu veranlassen.<\/p>\n\n\n\n<p><strong>O wie \u2026<\/strong><\/p>\n\n\n\n<p><strong>Ordnungsma\u00dfnahmen<\/strong>: Bei grober Verletzung der Pflichten und Regeln, die das Schulleben und Schulalltag st\u00f6ren, bei Leistungsverweigerung oder anderen Vergehen, sieht das Nieders\u00e4chsische Schulgesetz folgende Ordnungsma\u00dfnahmen nach \u00a761 vor:<\/p>\n\n\n\n<ol class=\"wp-block-list\" type=\"1\"><li><em>Ausschluss bis zu einem Monat vom Unterricht in einem Fach oder in mehreren F\u00e4chern, ganz oder teilweise von den au\u00dferunterrichtlichen Angeboten oder ganz oder teilweise von mehrt\u00e4gigen Schulfahrten,<\/em><\/li><li><em>\u00dcberweisung in eine Parallelklasse,<\/em><\/li><li><em>Ausschluss bis zu drei Monaten vom Unterricht sowie von den au\u00dferunterrichtlichen Angeboten,<\/em><\/li><li><em>\u00dcberweisung an eine andere Schule derselben Schulform oder, wenn eine solche Schule nicht unter zumutbaren Bedingungen zu erreichen ist, an eine Schule mit einem der bisherigen Beschulung der Sch\u00fclerin oder des Sch\u00fclers entsprechenden Angebot.<\/em><\/li><\/ol>\n\n\n\n<p><strong>Ordnung der Schule<\/strong>:&nbsp; Die Schulgemeinschaft der OBS Lastrup m\u00f6chte den Schulalltag so gestalten, dass sich Sch\u00fcler, Lehrer und Mitarbeiter wohlf\u00fchlen und ein ungest\u00f6rtes Lernen erm\u00f6glicht wird. Das Zusammenleben erfordert von jedem Mitglied die Einhaltung bestimmter Regeln. Diese Schulordnung soll allen zu einem guten Miteinander verhelfen. Sowohl im Schulplaner der Sch\u00fcler als auch auf der Internetseite der Oberschule Lastrup ist diese zu finden.<\/p>\n\n\n\n<p><strong>P wie \u2026<\/strong><\/p>\n\n\n\n<p><strong>Pausenzeiten<\/strong>: In den gro\u00dfen Pausen k\u00f6nnen die Sch\u00fclerinnen und Sch\u00fcler den Pausenhof sowie die Flure im Erdgeschoss nutzen. Der schuleigene Kiosk erm\u00f6glicht den Sch\u00fclerinnen und Sch\u00fclern eine reichliche Auswahl an Speisen und Getr\u00e4nken, die k\u00e4uflich erworben werden k\u00f6nnen. Sollte w\u00e4hrend der kleinen Pausen kein Fachraumwechsel stattfinden bleiben die Sch\u00fclerinnen und Sch\u00fcler in den Klassenr\u00e4umen. Das Verlassen des Schulgel\u00e4ndes w\u00e4hrend der Pausen bzw. in der Mittagspause ist verboten.<\/p>\n\n\n\n<p><strong>Pr\u00e4vention<\/strong>: Damit sich die Sch\u00fclerinnen und Sch\u00fcler nicht nur fachliche, sondern ebenso F\u00e4higkeiten f\u00fcr das zuk\u00fcnftige Leben entwickeln k\u00f6nnen, finden zahlreiche Projekt- bzw. Pr\u00e4ventionstage an der OBS Lastrup statt. Die Schule m\u00f6chte dadurch das Gesundheitsbewusstsein sch\u00e4rfen und pr\u00e4ventiv auf Probleme und Gefahren von Sucht und Gewalt hinweisen. Ebenso setzen sich die SuS mit dem Thema Geld und Zivilcourage auseinander. Neben Lehrkr\u00e4ften und Eltern kommen Experten in die Schule, um den Sch\u00fclerinnen und Sch\u00fclern einen weiteren Zugang zum Thema zu erm\u00f6glichen. Die Durchf\u00fchrung dieser Tage neben dem Alltagsunterricht zeigt den Stellenwert des ganzheitlichen Lernens an der OBS Lastrup.&nbsp;<\/p>\n\n\n\n<p><strong>Pflichten<\/strong>: Pflege und Erziehung der Kinder sind das nat\u00fcrliche Recht und die nat\u00fcrliche Pflicht der Erziehungsberechtigten. Schule und Erziehungsberechtigte sind gleicherma\u00dfen f\u00fcr die Erziehung und Bildung verantwortlich. Sich auf Augenh\u00f6he begegnen und gemeinsam den Weg der Sch\u00fclerinnen und Sch\u00fcler ebnen ist daher Basis einer guten Zusammenarbeit.<\/p>\n\n\n\n<p><strong>Paten<\/strong>: F\u00fcr die Sch\u00fclerinnen und Sch\u00fcler aus dem Jahrgang 5 stehen in den ersten Wochen und Monaten sogenannte Sch\u00fclerpaten (Sch\u00fclerinnen und Sch\u00fcler des Jahrgangs 10) zur Seite, die den Einstand in die Schule erleichtern sollen. In Kleingruppen erhalten die Kinder einen Ansprechpartner und Unterst\u00fctzer bei Fragen oder Problemen rund um die Schule. Au\u00dferdem finden in regelm\u00e4\u00dfigen Abst\u00e4nden Sch\u00fclerpatennachmittage statt. Ebenso beim Mittagessen oder bei Aktivit\u00e4ten und Veranstaltungen in der Schule unterst\u00fctzen die Sch\u00fclerpaten die Kinder.<\/p>\n\n\n\n<p><strong>Q wie \u2026<\/strong><\/p>\n\n\n\n<p><strong>Qualit\u00e4tsma\u00dfnahmen<\/strong>: Die Lehrkr\u00e4fte der OBS Lastrup nehmen regelm\u00e4\u00dfig an Fort- und Weiterbildungen teil, um geeigneten und gewinnbringenden Unterricht entsprechend den sich kontinuierlich ver\u00e4ndernden Umst\u00e4nden zu planen, durchzuf\u00fchren und zu evaluieren. Besonders in Zeiten von Inklusion sind diese Ma\u00dfnahmen notwendig, damit Ihr Kind die F\u00f6rderung erh\u00e4lt, die es ben\u00f6tigt. Die Lehrkr\u00e4fte der OBS Lastrup entwickeln pers\u00f6nliche Lernpl\u00e4ne, sodass die Individualit\u00e4t eines jeden Kindes im Vordergrund steht und gesehen wird.<\/p>\n\n\n\n<p><strong>R wie \u2026<\/strong><\/p>\n\n\n\n<p><strong>Rechte<\/strong>: Eltern\/Erziehungsberechtigte haben das Recht, am Schulleben mitzuwirken. Beispiele hierf\u00fcr sind die Elternvertretung, der Schulelternrat, der Schulvorstand oder die Teil- und Fachkonferenzen. Dar\u00fcber hinaus haben Eltern\/Erziehungsberechtigte das Recht, \u00fcber den Bildungsweg des eigenen Kindes zu bestimmen.<\/p>\n\n\n\n<p><strong>S wie \u2026<\/strong><\/p>\n\n\n\n<p><strong>Schulsozialarbeit<\/strong>: Die Schulsozialarbeit ist ein Angebot der Jugendhilfe, bei dem sozialp\u00e4dagogische Fachkr\u00e4fte kontinuierlich am Ort Schule t\u00e4tig sind und mit Lehrkr\u00e4ften auf einer verbindlich vereinbarten und gleichberechtigten Basis zusammenarbeiten, um junge Menschen in ihrer individuellen, sozialen, schulischen und beruflichen Entwicklung zu f\u00f6rdern. Sie tr\u00e4gt dazu bei, Bildungsbenachteiligungen zu vermeiden und abzubauen, Erziehungsberechtigte und Lehrkr\u00e4fte bei der Erziehung und dem erzieherischen Kinder- und Jugendschutz zu beraten und zu unterst\u00fctzen sowie zu einer sch\u00fclerfreundlichen Umwelt beizutragen. Der Schulsozialassistent der OBS Lastrup, Daniel Obuch, ist unter folgender Telefonnummer zu erreichen: 04472\/6878816.<\/p>\n\n\n\n<p><strong>Schlie\u00dff\u00e4cher<\/strong>: Um das sichere Aufbewahren von Schulb\u00fcchern und Unterrichtsmaterialien zu erleichtern, besteht die M\u00f6glichkeit, kostenpflichtig Schlie\u00dff\u00e4cher zu mieten. N\u00e4here Informationen befinden sich auf der Internetseite der OBS Lastrup oder unter folgendem Link:<\/p>\n\n\n\n<p><a href=\"https:\/\/www.astradirect.de\/sfmiet.html?city=Lastrup&amp;schoolId=4586\">https:\/\/www.astradirect.de\/sfmiet.html?city=Lastrup&amp;schoolId=4586<\/a><\/p>\n\n\n\n<p><strong>Schulleitung<\/strong> Das Schulleitungsteam bilden Herr Zumdohme (Schulleiter) und Frau Pham (stellvertretende Schulleiterin).<\/p>\n\n\n\n<p><strong>Sekretariat<\/strong>: Organisations- und Verwaltungsfragen bez\u00fcglich der Oberschule Lastrup beantwortet Frau Niemann als Schulsekret\u00e4rin. Anmeldungen neuer Sch\u00fclerinnen und Sch\u00fcler werden ebenfalls im Sekretariat vorgenommen. Zu erreichen ist Frau Niemann t\u00e4glich von 7.30 bis 12 Uhr unter folgender Telefonnummer: 0 44 72 \/ 68 78 8-0.<\/p>\n\n\n\n<p><strong>T wie \u2026<\/strong><\/p>\n\n\n\n<p><strong>Teilgebundene Ganztagsschule<\/strong>: Als teilgebundene Ganztagsschule sind die Sch\u00fclerinnen und Sch\u00fcler der OBS Lastrup an zwei Tagen zum ganzt\u00e4gigen Besuch verpflichtet, w\u00e4hrend die Angebote an den restlichen Tagen in ausschlie\u00dflich au\u00dferunterrichtlicher Form erfolgen. An den jeweils verpflichtenden Tagen wechseln sich Unterricht und au\u00dferunterrichtliche Angebote ab.<\/p>\n\n\n\n<p><strong>Telefon: <\/strong>Die Schule ist montags bis freitags in der Zeit von 07.30 \u2013 12.00 Uhr unter der Telefonnummer 04472\/687880 oder Telefax 04472\/6878813 zu erreichen. Ebenfalls ist eine Kontaktaufnahme \u00fcber E-Mail m\u00f6glich: <a href=\"&#x6d;a&#x69;&#108;&#x74;&#x6f;:&#x6f;&#98;&#x73;&#x40;s&#x63;&#104;&#x75;&#x6c;z&#x65;&#110;&#x74;&#x72;u&#x6d;&#45;&#x6c;&#x61;s&#x74;&#114;&#x75;&#x70;&#46;&#x64;&#101;\">&#x6f;b&#x73;&#64;&#x73;&#x63;h&#x75;&#108;&#x7a;&#x65;n&#x74;&#114;&#x75;&#x6d;-&#x6c;&#97;&#x73;&#x74;r&#x75;&#112;&#x2e;&#x64;e<\/a><\/p>\n\n\n\n<p><strong>Termine<\/strong>: Schulische und au\u00dferunterrichtliche Termine sind im IServ-Kalender der OBS Lastrup einzusehen.<\/p>\n\n\n\n<p><strong>U wie \u2026<\/strong><\/p>\n\n\n\n<p><strong>Unterrichtszeiten<\/strong>: Zu folgenden Zeiten finden der Unterricht an der OBS Lastrup statt:<\/p>\n\n\n\n<ol class=\"wp-block-list\" type=\"1\"><li>Stunde: 08.00 bis 08.45 Uhr<\/li><li>Stunde: 08.50 bis 09.35 Uhr<\/li><li>Stunde: 09.55 bis 10.40 Uhr<\/li><li>Stunde: 10.45 bis 11.30 Uhr<\/li><li>Stunde: 11.40 bis 12.25 Uhr<\/li><li>Stunde: 12.30 bis 13.15 Uhr (Regul\u00e4res Ende des Vormittags)<\/li><li>Stunde: 13.55 bis 14.40 Uhr<\/li><li>Stunde: 14.45 bis 15.30 Uhr<\/li><\/ol>\n\n\n\n<p><strong>V wie \u2026<\/strong><\/p>\n\n\n\n<p><strong>Verf\u00fcgungsstunde<\/strong>: In der Klasse 5 gibt es die sogenannte Verf\u00fcgungsstunde. Hier lernen die Sch\u00fclerinnen und Sch\u00fcler, freundlich miteinander umzugehen und Probleme\/Streitigkeiten gemeinschaftlich zu l\u00f6sen. Ein tolles Beispiel ist der Klassenrat, bei dem die Sch\u00fclerinnen und Sch\u00fcler selbst (unter Aufsicht der Klassenlehrkraft) \u00fcber L\u00f6sungen und Aufgaben bestimmen, die die Klassengemeinschaft st\u00e4rken und einen angenehmen Schultag erm\u00f6glichen.<\/p>\n\n\n\n<p><strong>Verkehrshelfer<\/strong>: F\u00fcr eine sichere \u00dcberquerung der an der Schule liegenden Wallstra\u00dfe sorgen die Sch\u00fclerlotsen jeden Morgen in der Zeit von 07.30 bis 08.00 Uhr.<\/p>\n\n\n\n<p><strong>Vers\u00e4umter Unterricht<\/strong>: Sollten Sch\u00fclerinnen und Sch\u00fcler aus Krankheitsgr\u00fcnden oder Beurlaubungen nicht teilnehmen k\u00f6nnen, sind sie dazu verpflichtet, den vers\u00e4umten Unterrichtsstoff eigenst\u00e4ndig nachzuholen. Hierbei helfen die Mitsch\u00fclerinnen bzw. Mitsch\u00fcler oder die jeweiligen Fachlehrkr\u00e4fte weiter.<\/p>\n\n\n\n<p><strong>Vertretungsplan<\/strong>: Sollte der Unterricht nicht wie geplant stattfinden k\u00f6nnen, wird dies \u00fcber den Vertretungsplan ver\u00f6ffentlicht. Auf dem Bildschirm in der Aula oder unter folgendem Link sind diese Informationen erh\u00e4ltlich. <a href=\"https:\/\/wordpress.nibis.de\/obslastrup\/\">https:\/\/wordpress.nibis.de\/obslastrup\/<\/a><\/p>\n\n\n\n<p><strong>W wie \u2026<\/strong><\/p>\n\n\n\n<p><strong>Witterungsverh\u00e4ltnisse<\/strong>: Aufgrund extremer Witterungsverh\u00e4ltnisse kann der Unterricht an diesen Tagen stundenweise oder ganz ausfallen. In der Regel wird dies vom Landkreis (<a href=\"http:\/\/www.lkclp.de\">www.lkclp.de<\/a>) entschieden. Eine Betreuung kann unter gewissen Voraussetzungen in der Schule gew\u00e4hrleistet werden.<\/p>\n","protected":false},"excerpt":{"rendered":"<p>Liebe Eltern\/ liebe Erziehungsberechtigte! Das folgende, stichpunktartig zusammengestellte Schul-ABC soll Ihnen und Ihrem Kind Informationen \u00fcber das Schulleben und die Organisation innerhalb der Schule geben. Dies wird stetig angepasst und erneuert. Sollten Ihnen weitere Information fehlen, wenden Sie sich gerne &hellip; <a href=\"https:\/\/wordpress.nibis.de\/obslastrup\/unsere-schule-von-a-bis-z\/\">Weiterlesen <span class=\"meta-nav\">&rarr;<\/span><\/a><\/p>\n","protected":false},"author":980,"featured_media":0,"parent":0,"menu_order":0,"comment_status":"closed","ping_status":"closed","template":"sidebar-page.php","meta":{"footnotes":""},"class_list":["post-2011","page","type-page","status-publish","hentry"],"_links":{"self":[{"href":"https:\/\/wordpress.nibis.de\/obslastrup\/wp-json\/wp\/v2\/pages\/2011","targetHints":{"allow":["GET"]}}],"collection":[{"href":"https:\/\/wordpress.nibis.de\/obslastrup\/wp-json\/wp\/v2\/pages"}],"about":[{"href":"https:\/\/wordpress.nibis.de\/obslastrup\/wp-json\/wp\/v2\/types\/page"}],"author":[{"embeddable":true,"href":"https:\/\/wordpress.nibis.de\/obslastrup\/wp-json\/wp\/v2\/users\/980"}],"replies":[{"embeddable":true,"href":"https:\/\/wordpress.nibis.de\/obslastrup\/wp-json\/wp\/v2\/comments?post=2011"}],"version-history":[{"count":1,"href":"https:\/\/wordpress.nibis.de\/obslastrup\/wp-json\/wp\/v2\/pages\/2011\/revisions"}],"predecessor-version":[{"id":2012,"href":"https:\/\/wordpress.nibis.de\/obslastrup\/wp-json\/wp\/v2\/pages\/2011\/revisions\/2012"}],"wp:attachment":[{"href":"https:\/\/wordpress.nibis.de\/obslastrup\/wp-json\/wp\/v2\/media?parent=2011"}],"curies":[{"name":"wp","href":"https:\/\/api.w.org\/{rel}","templated":true}]}}