{"id":2014,"date":"2020-09-28T13:54:04","date_gmt":"2020-09-28T11:54:04","guid":{"rendered":"https:\/\/wordpress.nibis.de\/obslastrup\/?page_id=2014"},"modified":"2020-09-28T13:54:04","modified_gmt":"2020-09-28T11:54:04","slug":"unsere-schule-von-a-bis-z-2","status":"publish","type":"page","link":"https:\/\/wordpress.nibis.de\/obslastrup\/unsere-schule-von-a-bis-z-2\/","title":{"rendered":"Unsere Schule von A bis Z"},"content":{"rendered":"\n<p>Liebe Sch\u00fclerinnen und Sch\u00fcler!<\/p>\n\n\n\n<p>Das folgende Schul-ABC soll dir Informationen \u00fcber das Schulleben und die Organisation unserer Schule geben. Dies wird stetig angepasst und erneuert. Solltest du weitere Fragen haben, wende dich gerne an die Schule.<\/p>\n\n\n\n<p><strong>A wie \u2026<\/strong><\/p>\n\n\n\n<p><strong>Arbeitsgemeinschaften<\/strong><strong><\/strong><\/p>\n\n\n\n<p>An der Oberschule Lastrup hast du die M\u00f6glichkeit, ein gro\u00dfes Angebot von Arbeitsgemeinschaften im Ganztagsbereich am Nachmittag zu w\u00e4hlen. Darunter fallen AGs wie die Mofa-AG, Schach, Kochen f\u00fcr Kids und viele mehr. Die AGs kannst du ab der 6. Klasse frei w\u00e4hlen und zum Halbjahr wechseln.<\/p>\n\n\n\n<p><strong>Arbeitsverhalten<\/strong><strong><\/strong><\/p>\n\n\n\n<p>Dein Arbeitsverhalten spielt neben dem Sozialverhalten und deinen Noten in den einzelnen F\u00e4chern eine wichtige Rolle. Eine aktive, gemeinschaftliche und zuverl\u00e4ssige Beteiligung am Unterricht wirkt sich positiv auf dein Arbeitsverhalten und die Bewertung auf dem Zeugnis aus.<\/p>\n\n\n\n<p><strong>Aufsicht<\/strong><strong><\/strong><\/p>\n\n\n\n<p>Die Aufsichtspflicht der Schule erstreckt sich auf das gesamte Schulgel\u00e4nde w\u00e4hrend des Unterrichts, in den Pausen und bei Schulveranstaltungen. Darum darfst du in dieser Zeit das Schulgel\u00e4nde nicht ohne Genehmigung verlassen. Auf dem Schulhof und im Geb\u00e4ude sind Lehrkr\u00e4fte, die dir helfen und aufpassen, dass du eine sch\u00f6ne Pause hast.<\/p>\n\n\n\n<p><strong>B wie &#8230;<\/strong><strong><\/strong><\/p>\n\n\n\n<p><strong>Berufsorientierung<\/strong><strong><\/strong><\/p>\n\n\n\n<p>Die schuleigene Berufsorientierung erm\u00f6glicht dir eine intensive Berufsvorbereitung und -orientierung, in der du die M\u00f6glichkeit erh\u00e4ltst, deine pers\u00f6nlichen F\u00e4higkeiten, Vorlieben, St\u00e4rken und Schw\u00e4chen herauszufinden, um dann geeignete Berufsfelder zu ermitteln. Des Weiteren unterst\u00fctzt dich die Berufsorientierung bei deinen Betriebspraktika und begleitet die darauf aufbauende Vor- und Nachbereitung.<\/p>\n\n\n\n<p><strong>B\u00fccherausgabe<\/strong><strong><\/strong><\/p>\n\n\n\n<p>Die ben\u00f6tigten Schulb\u00fccher werden dir gegen eine Leihgeb\u00fchr zur Verf\u00fcgung gestellt. Die B\u00fccher werden am Ende des Schuljahres an deine nachr\u00fcckenden Mitsch\u00fclerinnen und Mitsch\u00fcler weitergegeben. Deshalb ist ein sorgf\u00e4ltiger Umgang mit den B\u00fcchern wichtig, da du die B\u00fccher bei M\u00e4ngeln oder Verlust evtl. bezahlen musst.<\/p>\n\n\n\n<p><strong>C wie \u2026<\/strong><strong><\/strong><\/p>\n\n\n\n<p><strong>Computerr\u00e4ume<\/strong><strong><\/strong><\/p>\n\n\n\n<p>Die Oberschule Lastrup bietet neben den Pr\u00e4sentationssystemen (Beamer, PC, Internetzugang,&nbsp;&nbsp;&nbsp;&nbsp;&nbsp;&nbsp;&nbsp; Dokumentenkamera) in allen Klassen- und Fachr\u00e4umen auch zwei Computerr\u00e4ume (Informatik- und Technikraum). Dort erlernst du neben den Grundlagen des Tastenschreibens auch weitere Grundlagen in Word, Excel, PowerPoint und IServ.<\/p>\n\n\n\n<p><strong>D wie \u2026<\/strong><strong><\/strong><\/p>\n\n\n\n<p><strong>Disco<\/strong><strong><\/strong><\/p>\n\n\n\n<p>Jedes Jahr im November veranstaltet die Sch\u00fclervertretung der Oberschule Lastrup die Sch\u00fclerdisco. In der Zeit von 17.00 bis 20.00 Uhr kannst du mit deinen Klassenkameradinnen und -kameraden aus den Klassen 5 bis 10 ausgelassen feiern, tanzen und kleine Snacks erwerben. <strong><\/strong><\/p>\n\n\n\n<p><strong>E wie \u2026<\/strong><strong><\/strong><\/p>\n\n\n\n<p><strong>Entschuldigungen<\/strong><strong><\/strong><\/p>\n\n\n\n<p>Solltest du einmal krank sein, m\u00fcssen dich deine Eltern vor Schulbeginn im Sekretariat bei Frau Niemann abmelden. Wenn du dich wieder fit f\u00fchlst, bringst du eine Entschuldigung von deinen Eltern oder deinem Arzt mit. Deine Eltern k\u00f6nnen den Schulplaner f\u00fcr die Eintragung nutzen.<\/p>\n\n\n\n<p><strong>F wie \u2026<\/strong><strong><\/strong><\/p>\n\n\n\n<p><strong>Fahrr\u00e4der<\/strong><strong><\/strong><\/p>\n\n\n\n<p>Kommst du mit dem Fahrrad zur Schule? Dann achte auf einen verkehrssicheren Zustand deines Rads. W\u00e4hrend der Schulzeit und in den Pausen sind die Fahrr\u00e4der in den daf\u00fcr vorgesehenen Fahrradst\u00e4nden abzustellen, abzuschlie\u00dfen und sie bleiben dann dort w\u00e4hrend deines Schultages stehen.<\/p>\n\n\n\n<p><strong>Ferien<\/strong><strong><\/strong><\/p>\n\n\n\n<p>Die Ferientermine und Feiertage sind jeweils f\u00fcr mehrere Jahre im Voraus festgelegt. Diese kannst du im Schulplaner und auf der Internetseite der OBS Lastrup einsehen.<\/p>\n\n\n\n<p>Am letzten Schultag vor den Ferien und vor den Halbjahresferien werden die Zeugnisse ausgegeben und du kannst vor den Sommerferien nach der 3. Stunde mit deinem Zeugnis nach Hause gehen.<\/p>\n\n\n\n<p><strong>Fremdsprachen<\/strong><strong><\/strong><\/p>\n\n\n\n<p>An der Oberschule Lastrup ist Englisch ab Klasse 5 die verpflichtende Fremdsprache. Du hast aber die M\u00f6glichkeit, ab der 6. Klasse Franz\u00f6sisch als Wahlpflichtkurs zu w\u00e4hlen.<\/p>\n\n\n\n<p><strong>H wie \u2026<\/strong><\/p>\n\n\n\n<p><strong>HaB<\/strong><strong><\/strong><\/p>\n\n\n\n<p>In den Hausaufgabenbetreuungsstunden bearbeitest du selbstst\u00e4ndig deine Hausaufgaben und hast die M\u00f6glichkeit, bei Fragen und Problemen die jeweilige Lehrkraft um Hilfe zu bitten. Diese Stunden liegen nach M\u00f6glichkeit an den Ganztagstagen, sodass du dann zu Hause keine Hausaufgaben mehr zu erledigen hast.<\/p>\n\n\n\n<p><strong>Handynutzung<\/strong><strong><\/strong><\/p>\n\n\n\n<p>Die Nutzung von Handys ist an der Oberschule Lastrup nur in der Handyzone m\u00f6glich. Du darfst das Handy im Unterricht und au\u00dferhalb der Handyzone weder einschalten noch benutzen.<\/p>\n\n\n\n<p><strong>Hausaufgaben<\/strong><strong><\/strong><\/p>\n\n\n\n<p>Die Hausaufgaben haben das Ziel, das Erlernte aus dem Unterricht zu vertiefen. Au\u00dferdem zeigen sie den Lehrerinnen und Lehrern, dass du die neuen Inhalte verstanden hast und anwenden kannst. Um die Hausaufgaben sorgf\u00e4ltig und gewissenhaft zu erledigen, solltest du diese t\u00e4glich in deinen Schulplaner \u00fcbertragen.<\/p>\n\n\n\n<p><strong>Homepage<\/strong><strong><\/strong><\/p>\n\n\n\n<p>Auf der Internetseite <a href=\"https:\/\/wordpress.nibis.de\/obslastrup\/\">https:\/\/wordpress.nibis.de\/obslastrup\/<\/a> findest du weitere Informationen \u00fcber die Oberschule Lastrup. Hier erh\u00e4ltst du auch aktuelle Informationen aus der Schule und eine Einsicht auf den Vertretungsplan der n\u00e4chsten Tage.<\/p>\n\n\n\n<p><strong>I wie \u2026<\/strong><strong><\/strong><\/p>\n\n\n\n<p><strong>IServ<\/strong><strong><\/strong><\/p>\n\n\n\n<p>Durch die Nutzung des Portalservers \u2018IServ\u2018 bietet die Oberschule Lastrup den Kolleginnen und Kollegen, Mitarbeiterinnen und Mitarbeiter und dir eine sichere und moderne Form, um miteinander zu kommunizieren. Hier kannst du Daten sichern, E-Mails versenden und Informationen austauschen.<\/p>\n\n\n\n<p><strong>J wie \u2026<\/strong><strong><\/strong><\/p>\n\n\n\n<p><strong>Jahrgangsbezogene Kurssysteme<\/strong><strong><\/strong><\/p>\n\n\n\n<p>Im Jahrgang 5 wirst du in allen F\u00e4chern gemeinsam in deiner Klasse unterrichtet. Ab dem Jahrgang 6 finden in einzelnen F\u00e4chern (zun\u00e4chst Englisch und Mathe, Deutsch und Chemie kommen sp\u00e4ter dazu) je nach Leistungsstand Unterteilungen statt, d. h. du nimmst in diesen F\u00e4chern am Unterricht auf grundlegender (G-Kurs = Hauptschulniveau) oder erh\u00f6hter Anforderungsebene (E-Kurs = Realschulniveau) teil.<\/p>\n\n\n\n<p><strong>K wie \u2026<\/strong><\/p>\n\n\n\n<p><strong>Kiosk<\/strong><strong><\/strong><\/p>\n\n\n\n<p>Im schuleigenen Kiosk kannst du in den beiden gro\u00dfen Pausen am Vormittag Snacks und Getr\u00e4nke kaufen. Der Verkauf erfolgt dabei durch ehrenamtliche Sch\u00fclerinnen und Sch\u00fcler. Je nach Jahrgang gibt es zwei Ausgabem\u00f6glichkeiten am Kiosk.<\/p>\n\n\n\n<p><strong>Klassenarbeiten<\/strong><strong><\/strong><\/p>\n\n\n\n<p>In jedem Fach schreibst du Klassenarbeiten, um am Ende des Schulhalbjahres geeignete Noten f\u00fcr dich zu finden. Die Anzahl h\u00e4ngt davon ab, wie oft diese Stunden in deinem Stundenplan auftauchen.<\/p>\n\n\n\n<p><strong>Klassendienste<\/strong><strong><\/strong><\/p>\n\n\n\n<p>Gemeinsam mit deiner Klasse und Klassenlehrkraft planst du die Gestaltung des Klassenraums und die Organisation innerhalb der Klasse. Dazu geh\u00f6ren auch die Klassendienste. Grunds\u00e4tzlich sollte jede Klasse \u00fcber einen Ordnungs-, Austeil- und Tafeldienst verf\u00fcgen. Diese werden w\u00f6chentlich gewechselt und von dir pflichtbewusst erledigt.<\/p>\n\n\n\n<p><strong>Klassenfahrten<\/strong><strong><\/strong><\/p>\n\n\n\n<p>An der Oberschule Lastrup findet in den Jahrg\u00e4ngen 5\/6, 7\/8 und 9\/10 jeweils eine Klassenfahrt statt. Au\u00dferdem gibt es im Jahrgang 8 die Orientierungstage und am Ende des Schuljahres planst du mit deiner Klasse und deiner Klassenlehrkraft einen Wandertag bzw. Klassenlehrertag. Neben den Klassenfahrten bietet die Oberschule Lastrup auch eine Frankreichfahrt f\u00fcr die teilnehmenden Sch\u00fclerinnen und Sch\u00fcler des Franz\u00f6sisch Wahlpflichtkurses der Klassen 8, 9 und 10 an.&nbsp;<\/p>\n\n\n\n<p><strong>Klassenlehrer\/in<\/strong><strong><\/strong><\/p>\n\n\n\n<p>Deine Klassenlehrerin\/Dein Klassenlehrer ist verantwortlich f\u00fcr dich und deine Klasse. Er\/ Sie ist dein erster Ansprechpartner bei Problemen und steht dir mit Rat und Tat zur Seite. Au\u00dferdem erledigt er\/sie weitere Aufgaben wie Leistungsst\u00e4nde ermitteln, Sch\u00fcler- und Elterngespr\u00e4che f\u00fchren sowie zwischen dir, deinen Eltern und Fachlehrkr\u00e4ften zu vermitteln.<\/p>\n\n\n\n<p><strong>Klassenrat<\/strong><strong><\/strong><\/p>\n\n\n\n<p>Der Klassenrat ist eine regelm\u00e4\u00dfig stattfindende Gespr\u00e4chsrunde, in der du, deine Klassenkameradinnen und -kameraden und deine Klassenlehrkraft sich mit Problemen und W\u00fcnschen der Klassengemeinschaft besch\u00e4ftigen. Dabei erh\u00e4lt die Klasse unterschiedliche Rollen (Moderator, Regelw\u00e4chter, Protokollant, Ratsmitglied), um gemeinsame L\u00f6sungen zu finden. Der Klassenrat ist dabei Lehrerabh\u00e4ngig, sodass es nicht zwangsl\u00e4ufig von jeder Klassenlehrkraft durchgef\u00fchrt wird.<\/p>\n\n\n\n<p><strong>Klassensprecher\/in<\/strong><strong><\/strong><\/p>\n\n\n\n<p>Die Klassensprecherin oder der Klassensprecher ist die Vertreterin\/der Vertreter deiner Schulklasse. Er\/sie wird zusammen mit einem Vertreter\/einer Vertreterin zu Beginn des Schuljahres gew\u00e4hlt. Damit erh\u00e4lt er\/sie direkt einen Sitz in der Sch\u00fclervertretung (SV). Die Klassensprecherin\/der Klassensprecher soll dabei die Interessen und W\u00fcnsche deiner Klasse vertreten und sich f\u00fcr diese in der SV oder in Konferenzen einsetzen.<\/p>\n\n\n\n<p><strong>M wie \u2026<\/strong><strong><\/strong><\/p>\n\n\n\n<p><strong>Materialien<\/strong><strong><\/strong><\/p>\n\n\n\n<p>Neben den Schulb\u00fcchern ben\u00f6tigst du weitere Materialien f\u00fcr eine aktive und sorgf\u00e4ltige Mitarbeit im Unterricht. Zu Beginn eines neuen Schuljahres erh\u00e4ltst du eine Materialliste. Hier sind Hefte, Arbeitshefte, Mappen und Mappenfarben sowie weitere Materialien f\u00fcr Mathe, Kunst usw. aufgelistet.<\/p>\n\n\n\n<p><strong>Mensa<\/strong><strong><\/strong><\/p>\n\n\n\n<p>Zu Beginn der Mittagspause nimmst du dein Mittagessen in festen Tischgemeinschaften in der Mensa ein. Ein warmes Mittagessen kannst du im Vorfeld (online) bestellen. Du kannst aber auch dein eigens Essen von zu Hause mitbringen.<\/p>\n\n\n\n<p><strong>Methodentage<\/strong><strong><\/strong><\/p>\n\n\n\n<p>Zu Beginn jedes Schul- und Halbjahres finden Methodentage an der Oberschule Lastrup statt. Hier erlernst du je nach Jahrgang neue Methoden und probierst diese in unterschiedlichen Situationen\/F\u00e4chern aus.<\/p>\n\n\n\n<p><strong>N wie \u2026<\/strong><\/p>\n\n\n\n<p><strong>Noten<\/strong><\/p>\n\n\n\n<p>Schulnoten kennst du bereits aus der Grundschule. Sowohl f\u00fcr die m\u00fcndliche Mitarbeit als auch f\u00fcr schriftliche Arbeiten bekommst du an der OBS Lastrup Noten, damit die Lehrkr\u00e4fte Gesamtnoten f\u00fcr die Zeugnisse bilden k\u00f6nnen. Daher ist es wichtig, im Unterricht mitzuarbeiten, Mappen zu f\u00fchren und dich auf Arbeiten vorzubereiten.<\/p>\n\n\n\n<p><strong>O wie \u2026<\/strong><\/p>\n\n\n\n<p><strong>Oberschule<\/strong><\/p>\n\n\n\n<p>An der OBS Lastrup hast du die M\u00f6glichkeit, deine pers\u00f6nlichen St\u00e4rken auf- und auszubauen. Der Vorteil ist, dass du bei uns ganz individuell lernen kannst. Ganz nach unserem Motto \u201eMiteinander leben \u2013 voneinander lernen \u2013 f\u00fcreinander da sein\u201c steht das gemeinsame Lernen im Vordergrund.<\/p>\n\n\n\n<p><strong>Orientierungstage<\/strong><\/p>\n\n\n\n<p>Im Jahrgang 8 wirst du nach Vechta fahren, um dort drei Tage mit deiner Klasse zu verbringen. Dort bekommst du die Gelegenheit, an tollen Aktionen und Gruppenspielen teilzunehmen, um dich selbst und eure Klassengemeinschaft zu st\u00e4rken. Dabei steht der Spa\u00df stets im Vordergrund.<\/p>\n\n\n\n<p><strong>P wie \u2026<\/strong><\/p>\n\n\n\n<p><strong>Pausen<\/strong><\/p>\n\n\n\n<p>Neben dem Lernen d\u00fcrfen die Pausen nat\u00fcrlich nicht fehlen! In dieser Zeit (gro\u00dfen Pausen) hast du die Gelegenheit, dich auf die kommende Stunde vorzubereiten, etwas zu essen oder zu trinken, Spiele zu spielen, dich mit deinen Mitsch\u00fclerinnen und Mitsch\u00fclern zu unterhalten oder einfach zu entspannen. Die 5-Minuten Pausen sollst du dazu nutzen, den Raum zu wechseln, Materialien bereit zu legen oder auf die Toilette gehen. Hier siehst du, wie die Pausen bei uns verteilt sind:<\/p>\n\n\n\n<ol class=\"wp-block-list\" type=\"1\"><li>Pause: 08.45 bis 08.50 Uhr (5 Minuten)<\/li><li>Pause: 09.35 bis 09.55 Uhr (20 Minuten)<\/li><li>Pause: 10.45 bis 10.55 Uhr (5 Minuten)<\/li><li>Pause: 11.30 bis 11.40 Uhr (10 Minuten)<\/li><li>Pause: 13.15 bis 13.55 Uhr (40 Minuten)<\/li><li>Pause: 14.40 bis 14.45 Uhr (5 Minuten)<\/li><\/ol>\n\n\n\n<p><strong>Paten<\/strong><\/p>\n\n\n\n<p>Damit du dich in den ersten Wochen und Monaten an unserer Schule sicher f\u00fchlst und in Ruhe ankommen kannst, \u00fcbernehmen unsere Zehner sogenannte Patenschaften. In Kleingruppen erhaltet ihr einen Ansprechpartner und Unterst\u00fctzer bei Fragen oder Problemen rund um die Schule. Au\u00dferdem finden in regelm\u00e4\u00dfigen Abst\u00e4nden Sch\u00fclerpatennachmittage statt. In diesen Gruppenstunden wird gemeinsam gespielt oder gekocht. Auch beim Mittagessen oder bei Aktivit\u00e4ten und Veranstaltungen in der Schule stehen dir die Sch\u00fclerpaten immer zur Seite.<\/p>\n\n\n\n<p><strong>Planer<\/strong><\/p>\n\n\n\n<p>Der Schulplaner ist ein wichtiger Gegenstand, den du t\u00e4glich in der Schule brauchst. Im Planer hast du Platz f\u00fcr Hausaufgaben, Termine, Klassenarbeiten, Entschuldigungen und vieles mehr. Daher bringst du ihn jeden Tag mit zur Schule.<\/p>\n\n\n\n<p><strong>Pr\u00e4vention<\/strong><\/p>\n\n\n\n<p>An der OBS Lastrup finden regelm\u00e4\u00dfig sogenannte Pr\u00e4ventionstage statt, die dich \u00fcber Sucht, Gewalt oder Mobbing informieren. Dabei erf\u00e4hrst du, wie man in solchen, manchmal schwierigen Situationen reagiert und wo du Hilfe bekommst. Neben den Lehrkr\u00e4ften und Eltern kommen Experten in die Schule, die f\u00fcr dich und deine Klasse interessante Aktionen und Workshops anbieten. Au\u00dferdem kann es sein, dass du an diesen Tagen Einrichtungen besuchst, um die Arbeit in diesen Themenfeldern \u201elive\u201c zu erleben. Dazu geh\u00f6ren beispielsweise das Schutzengelprojekt, der Besuch des Verkehrs\u00fcbungsplatzes oder das Selbstverteidigungstraining.<\/p>\n\n\n\n<p><strong>Pullover\/(Polo-)Shirts<\/strong><\/p>\n\n\n\n<p>Einmal im Jahr hast du die Gelegenheit, Schulkleidung zu kaufen. Dabei hast du die Auswahl zwischen coolen Hoodies und Shirts, auf die neben dem Schullogo dein Name gedruckt wird, sodass du einmalige Kleidung erh\u00e4ltst, die sich definitiv sehen lassen kann!<\/p>\n\n\n\n<p><strong>R wie \u2026<\/strong><\/p>\n\n\n\n<p><strong>Regeln<\/strong><\/p>\n\n\n\n<p>Nat\u00fcrlich funktioniert ein entspanntes und freundliches Miteinander nur, wenn es gewisse Regeln gibt, an die sich jeder h\u00e4lt. Neben den Schulregeln, die du im Schulplaner findest, entwickelst du gemeinsam mit deiner Klasse und deiner Klassenlehrerin\/deinem Klassenlehrer Regeln, damit ihr gemeinsam lernen, arbeiten und Spa\u00df haben k\u00f6nnt.<\/p>\n\n\n\n<p><strong>S wie \u2026<\/strong><\/p>\n\n\n\n<p><strong>Sekretariat<\/strong><\/p>\n\n\n\n<p>Frau Niemann leitet das Sekretariat unserer Schule. Ob Pflaster, Fundsachen oder Notfallessen \u2013 bei ihr bekommt ihr bei nahezu allen Problemen Hilfe. Ihr B\u00fcro befindet sich im Erdgeschoss.<\/p>\n\n\n\n<p><strong>Schlie\u00dff\u00e4cher<\/strong><\/p>\n\n\n\n<p>Du hast keine Lust, st\u00e4ndig deine ganzen Schulb\u00fccher und Hefte mitzuschleppen? Dann sind unsere Schlie\u00dff\u00e4cher genau das Richtige f\u00fcr dich! F\u00fcr wenig Geld kannst du dir dein pers\u00f6nliches Fach mieten, in das du allerlei Dinge verstauen kannst. Unter folgendem Link erhalten du und deine Eltern n\u00e4here Informationen: <\/p>\n\n\n\n<p><a href=\"https:\/\/www.astradirect.de\/sfmiet.html?city=Lastrup&amp;schoolId=4586\">https:\/\/www.astradirect.de\/sfmiet.html?city=Lastrup&amp;schoolId=4586<\/a><\/p>\n\n\n\n<p><strong>Schnuppertage<\/strong><\/p>\n\n\n\n<p>Vielleicht hast du als Grundsch\u00fclerin\/Grundsch\u00fcler schon einmal unsere Schule besucht, um beim Unterricht der \u201eGro\u00dfen\u201c mitzumachen. Bei den Schnuppertagen hast du als neue Sch\u00fclerin\/neuer Sch\u00fcler die Chance, eine Unterrichtsstunde an der OBS zu besuchen. Ob das Untersuchen eines H\u00fchnereis oder das Durchf\u00fchren von chemischen Experimenten, bei den Schnuppertagen werden dir viele spannende Aktionen und Unterrichtsstunden geboten.<\/p>\n\n\n\n<p><strong>Schulleitung<\/strong><\/p>\n\n\n\n<p>Herr Zumdohme und Frau Pham sind die Chefs unserer Schule. Vielleicht lernst du sie in einem Unterrichtsfach kennen. Ansonsten befinden sich ihre B\u00fcros unten beim Sekretariat und Lehrerzimmer.<\/p>\n\n\n\n<p><strong>Schulsozialarbeit<\/strong><\/p>\n\n\n\n<p>Eine wichtige St\u00fctze f\u00fcr dich, f\u00fcr deine Eltern, aber auch f\u00fcr die Lehrkr\u00e4fte ist Herr Obuch. Als Schulsozialassistent hilft er dir bei privaten und schulischen Problemen und Fragen. Er hat immer ein offenes Ohr f\u00fcr dich. Herrn Obuch findest du im Obergeschoss. Seine Sprechstunden finden zu folgenden Zeiten statt.<\/p>\n\n\n\n<p>&#8211; dienstags: 09.35\u201309.55 Uhr<\/p>\n\n\n\n<p>&#8211; donnerstags: 11.30\u201311.40 Uhr<\/p>\n\n\n\n<p><strong>Wenn es mal \u201ebrennt\u201c, kannst du ihn nat\u00fcrlich w\u00e4hrend des gesamten Schultags aufsuchen<\/strong>.<\/p>\n\n\n\n<p><strong>Sch\u00fclervertretung<\/strong> (SV)<\/p>\n\n\n\n<p>Alle Klassensprecherinnen und Klassensprecher der OBS Lastrup bilden zusammen die Sch\u00fclervertretung. Diese Gruppe setzt sich f\u00fcr Sch\u00fclerinnen und Sch\u00fcler der OBS Lastrup und deren Anliegen ein. Au\u00dferdem plant sie unterschiedliche Aktionen wie die Sch\u00fclerdisco oder den W\u00fcrstchenverkauf.<\/p>\n\n\n\n<p><strong>Soccerpl\u00e4tze\/ Schulhof<\/strong><\/p>\n\n\n\n<p>Bestimmt kennst du schon unsere Kunstrasenpl\u00e4tze, die du neben anderen M\u00f6glichkeiten w\u00e4hrend der Pause nutzen darfst. Aber auch viele weitere Spiel-und Ruhepl\u00e4tze werden dir auf unserem Schulhof angeboten. Eine Neugestaltung des Schulhofes steht bereits an und wird im kommenden Jahr ausgef\u00fchrt.<\/p>\n\n\n\n<p><strong>Sozialverhalten<\/strong><\/p>\n\n\n\n<p>Ein positives Miteinander sollte zu deiner Grundhaltung geh\u00f6ren. Uns ist wichtig, dass du mit deinen Mitsch\u00fclerinnen und Mitsch\u00fclern stets freundlich umgehst. Das erwartest du von deinen Klassenkameradinnen und -kameraden bestimmt auch. Seid freundlich zueinander \u2013 so macht der Schulalltag viel mehr Spa\u00df!<\/p>\n\n\n\n<p><strong>T wie \u2026<\/strong><\/p>\n\n\n\n<p><strong>Tag der offenen T\u00fcr<\/strong><\/p>\n\n\n\n<p>Am Tag der offenen T\u00fcr, der einmal im Jahr stattfindet, bekommen neue Sch\u00fclerinnen und Sch\u00fcler die M\u00f6glichkeit, die OBS Lastrup kennenzulernen. Als Teil der OBS Lastrup \u00fcberlegst du dir gemeinsam mit deiner Klasse tolle Aktionen wie Rallyes, Gewinnspiele oder Versuche, damit die neuen Sch\u00fclerinnen und Sch\u00fcler und Eltern einen Einblick in unseren Schulalltag gewinnen.<\/p>\n\n\n\n<p><strong>Termine<\/strong><\/p>\n\n\n\n<p>Klassenarbeiten, Fahrten oder Ferien werden unter IServ in einen Kalender eingetragen, sodass du immer den Durchblick beh\u00e4ltst.<\/p>\n\n\n\n<p><strong>U wie \u2026<\/strong><\/p>\n\n\n\n<p><strong>Unterrichtszeiten<\/strong><\/p>\n\n\n\n<p>Zu folgenden Zeiten finden deine Unterrichtsstunden statt:<\/p>\n\n\n\n<ol class=\"wp-block-list\" type=\"1\"><li>Stunde: 08.00 bis 08.45 Uhr<\/li><li>Stunde: 08.50 bis 09.35 Uhr<\/li><li>Stunde: 09.55 bis 10.40 Uhr<\/li><li>Stunde: 10.45 bis 11.30 Uhr<\/li><li>Stunde: 11.40 bis 12.25 Uhr<\/li><li>Stunde: 12.30 bis 13.15 Uhr (Regul\u00e4res Ende des Vormittags)<\/li><li>Stunde: 13.55 bis 14.40 Uhr<\/li><li>Stunde: 14.45 bis 15.30 Uhr<\/li><\/ol>\n\n\n\n<p><strong>V wie \u2026<\/strong><\/p>\n\n\n\n<p><strong>Verf\u00fcgungsstunde<\/strong><\/p>\n\n\n\n<p>In der Klasse 5 gibt es in deinem Stundenplan die sogenannte Verf\u00fcgungsstunde. Hier lernt ihr, freundlich miteinander umzugehen und Probleme\/Streitigkeiten gemeinschaftlich zu l\u00f6sen. Der Klassenrat ist fester Bestandteil dieser Stunden. Hier stehen aber auch organisatorische Dinge im Vordergrund, die dann gemeinsam mit der Klassenlehrkraft erledigt werden k\u00f6nnen.<\/p>\n\n\n\n<p><strong>Verkehrshelfer<\/strong><\/p>\n\n\n\n<p>F\u00fcr eine sichere \u00dcberquerung der an der Schule liegenden Wallstra\u00dfe sorgen die Sch\u00fclerlotsen jeden Morgen in der Zeit von 07.30 bis 08.00 Uhr. Auch du kannst Sch\u00fclerlotse werden und deinen Mitsch\u00fclerinnen und Mitsch\u00fclern einen sicheren Schulweg erm\u00f6glichen.<\/p>\n\n\n\n<p><strong>Vertretungsplan<\/strong><\/p>\n\n\n\n<p>Falls mal eine Lehrkraft krank sein sollte oder Unterrichtstunden verschoben werden, findest du diese Informationen auf dem Vertretungsplan. Du solltest regelm\u00e4\u00dfig nachschauen, ob sich etwas \u00e4ndert. Auf dem Bildschirm in der Aula oder unter folgendem Link kannst du dich informieren. <a href=\"https:\/\/wordpress.nibis.de\/obslastrup\/\">https:\/\/wordpress.nibis.de\/obslastrup\/<\/a> .<\/p>\n\n\n\n<p><strong>W wie \u2026<\/strong><\/p>\n\n\n\n<p><strong>Weihnachten<\/strong><\/p>\n\n\n\n<p>Die Weihnachtszeit ist in der Oberschule besonders sch\u00f6n und besinnlich gestaltet. Neben dem Waffelverkauf wird in den Pausen auch Kinderpunsch angeboten. Es gibt Adventsmeditationen, Weihnachtsfeiern und andere sch\u00f6ne Dinge, die dir die Weihnachtszeit vers\u00fc\u00dfen. Das Highlight ist allerdings der Kinotag am letzten Schultag vor den Ferien. Gemeinsam mit Sch\u00fclerinnen und Sch\u00fclern aller Klassen darfst du zwischen unterschiedlichen Weihnachtsfilmen w\u00e4hlen und einen Film bei Popcorn und S\u00fc\u00dfigkeiten anschauen \u2013 wie im richtigen Kino!<\/p>\n\n\n\n<p><strong>Z wie \u2026<\/strong><\/p>\n\n\n\n<p><strong>Zeitungen<\/strong><\/p>\n\n\n\n<p>An der OBS Lastrup wird seit einiger Zeit die Sch\u00fclerzeitung \u201eBild am Schultag\u201c in regelm\u00e4\u00dfigen Abst\u00e4nden herausgebracht. Hier findest du zahlreiche Informationen zu deinen Lehrkr\u00e4ften und Tipps f\u00fcr den Schulalltag. Bei den oft humorvollen Beitr\u00e4gen bleibt selten ein Auge trocken! Au\u00dferdem kannst du die \u201eGro\u00dfen\u201c etwas genauer kennenlernen, denn einmal im Jahr gibt es die sogenannte Abschlusszeitung, in der die Abschlusssch\u00fclerinnen und -sch\u00fcler \u00fcber die Jahre an der OBS Lastrup berichten.<\/p>\n\n\n\n<p><strong>Zukunftstag<\/strong><\/p>\n\n\n\n<p>Einmal im Jahr hast du die Gelegenheit, in Berufsfelder zu schnuppern, die dich schon immer interessiert haben. An diesem Tag hast du keine Schule, sondern schaust dir als Junge bspw. die Arbeit eines Friseurs oder Floristen an oder gehst als M\u00e4dchen in einen handwerklichen Betrieb.<\/p>\n\n\n\n<p><strong>Zusammenhalt<\/strong><\/p>\n\n\n\n<p>Allen Sch\u00fclerinnen und Sch\u00fcler, Lehrerkr\u00e4ften und Eltern an der OBS Lastrup ist der Zusammenhalt besonders wichtig. Gemeinsam m\u00f6chten wir einen entspannten, interessanten und lehrreichen Schulalltag gestalten. Basis daf\u00fcr ist der positive und offene Umgang miteinander. Wir leben und lernen miteinander und m\u00f6chten jedem den bestm\u00f6glichen Lebensweg bereiten. Sei auch du Teil dieser Gemeinschaft!<\/p>\n","protected":false},"excerpt":{"rendered":"<p>Liebe Sch\u00fclerinnen und Sch\u00fcler! Das folgende Schul-ABC soll dir Informationen \u00fcber das Schulleben und die Organisation unserer Schule geben. Dies wird stetig angepasst und erneuert. Solltest du weitere Fragen haben, wende dich gerne an die Schule. A wie \u2026 Arbeitsgemeinschaften &hellip; <a href=\"https:\/\/wordpress.nibis.de\/obslastrup\/unsere-schule-von-a-bis-z-2\/\">Weiterlesen <span class=\"meta-nav\">&rarr;<\/span><\/a><\/p>\n","protected":false},"author":980,"featured_media":0,"parent":0,"menu_order":0,"comment_status":"closed","ping_status":"closed","template":"sidebar-page.php","meta":{"footnotes":""},"class_list":["post-2014","page","type-page","status-publish","hentry"],"_links":{"self":[{"href":"https:\/\/wordpress.nibis.de\/obslastrup\/wp-json\/wp\/v2\/pages\/2014","targetHints":{"allow":["GET"]}}],"collection":[{"href":"https:\/\/wordpress.nibis.de\/obslastrup\/wp-json\/wp\/v2\/pages"}],"about":[{"href":"https:\/\/wordpress.nibis.de\/obslastrup\/wp-json\/wp\/v2\/types\/page"}],"author":[{"embeddable":true,"href":"https:\/\/wordpress.nibis.de\/obslastrup\/wp-json\/wp\/v2\/users\/980"}],"replies":[{"embeddable":true,"href":"https:\/\/wordpress.nibis.de\/obslastrup\/wp-json\/wp\/v2\/comments?post=2014"}],"version-history":[{"count":1,"href":"https:\/\/wordpress.nibis.de\/obslastrup\/wp-json\/wp\/v2\/pages\/2014\/revisions"}],"predecessor-version":[{"id":2015,"href":"https:\/\/wordpress.nibis.de\/obslastrup\/wp-json\/wp\/v2\/pages\/2014\/revisions\/2015"}],"wp:attachment":[{"href":"https:\/\/wordpress.nibis.de\/obslastrup\/wp-json\/wp\/v2\/media?parent=2014"}],"curies":[{"name":"wp","href":"https:\/\/api.w.org\/{rel}","templated":true}]}}