{"id":260,"date":"2016-03-08T13:13:24","date_gmt":"2016-03-08T12:13:24","guid":{"rendered":"http:\/\/wordpress.nibis.de\/obslastrup\/?page_id=260"},"modified":"2020-09-23T13:49:13","modified_gmt":"2020-09-23T11:49:13","slug":"allgemeine-informationen-gts","status":"publish","type":"page","link":"https:\/\/wordpress.nibis.de\/obslastrup\/allgemeine-informationen-gts\/","title":{"rendered":"Ganztagsschule"},"content":{"rendered":"\n<p>Die Oberschule Lastrup ist eine teilgebundene Ganztagsschule.<\/p>\n\n\n\n<figure class=\"wp-block-image\"><img loading=\"lazy\" decoding=\"async\" width=\"800\" height=\"548\" src=\"https:\/\/wordpress.nibis.de\/obslastrup\/files\/2020\/03\/DSC4153-e1583146123899-800x548.jpg\" alt=\"\" class=\"wp-image-1745\" srcset=\"https:\/\/wordpress.nibis.de\/obslastrup\/files\/2020\/03\/DSC4153-e1583146123899.jpg 800w, https:\/\/wordpress.nibis.de\/obslastrup\/files\/2020\/03\/DSC4153-e1583146123899-300x206.jpg 300w, https:\/\/wordpress.nibis.de\/obslastrup\/files\/2020\/03\/DSC4153-e1583146123899-438x300.jpg 438w\" sizes=\"auto, (max-width: 800px) 100vw, 800px\" \/><figcaption>Ganztagskurs &#8222;Mofaf\u00fchrerschein&#8220;<\/figcaption><\/figure>\n\n\n\n<p>Die Sch\u00fclerinnen und Sch\u00fcler der Oberschule Lastrup haben an zwei Tagen in der Woche am Nachmittag verpflichtenden Unterricht (Pflichtunterricht aus der Stundentafel oder w\u00e4hlbare Ganztagskurse (Arbeitsgemeinschaften)). Dadurch haben sie neben den 30 Stunden Pflichtunterricht lt. Stundentafel 4 zus\u00e4tzliche Stunden in der Woche.&nbsp; Auf Wunsch k\u00f6nnen an den Tagen, an denen kein verpflichtender Unterricht stattfindet, weitere Ganztagskurse besucht werden. An Ganztagen haben die Sch\u00fclerinnen und Sch\u00fcler eine Mittagspause von 40 Minuten. Diese Pause findet nach der 6. Stunde statt. F\u00fcr Sch\u00fclerinnen und Sch\u00fcler, die mit dem Bus zur Schule kommen, stellt der Landkreis Cloppenburg um 15.30 Uhr eine Bef\u00f6rderungsm\u00f6glichkeit nach Hause.<\/p>\n\n\n\n<p><b>Zielsetzung:<\/b><\/p>\n\n\n\n<ul class=\"wp-block-list\"><li>F\u00e4higkeiten \u00fcber den Unterricht hinaus erwerben<\/li><li>Schulische Leistungen verbessern<\/li><li>Sich sozial engagieren<\/li><li>Freizeit aktiv gestalten<\/li><\/ul>\n\n\n\n<p><strong>Zeitlicher Rahmen:<\/strong><\/p>\n\n\n\n<figure class=\"wp-block-table\"><table><tbody><tr><td><strong>6. Stunde<\/strong><\/td><td>12:30 bis 13:15 Uhr<\/td><td>&nbsp;(Regul\u00e4res Ende des Vormittags)<\/td><\/tr><tr><td><strong>Mittagspause<\/strong><\/td><td>13:15 bis 13:55 Uhr<\/td><td>&nbsp;<\/td><\/tr><tr><td><strong>7. Stunde<\/strong><\/td><td>13:55 bis 14:40 Uhr<\/td><td>&nbsp;<\/td><\/tr><tr><td><strong>8. Stunde<\/strong><\/td><td>14:45 bis 15:30 Uhr<\/td><td>&nbsp;<\/td><\/tr><\/tbody><\/table><\/figure>\n\n\n\n<p><span style=\"color: #000000\"><strong>Diese zus\u00e4tzlichen 4 Stunden werden in den verschiedenen Jahrg\u00e4ngen wie folgt gef\u00fcllt:<\/strong><\/span><\/p>\n\n\n\n<p><strong>Jahrgang 5:<\/strong><\/p>\n\n\n\n<p>1 Stunde PC-Tastschreiben (PCT)<\/p>\n\n\n\n<p>1 Stunde zus\u00e4tzlich Textiles Gestalten bzw. Gestaltendes Werken<\/p>\n\n\n\n<p>2 Stunden Hausaufgabenbetreuung (HaB)<\/p>\n\n\n\n<p><strong>Jahrg\u00e4nge 6 bis 10:<\/strong><\/p>\n\n\n\n<p>2 Stunden Ganztagskurs (Arbeitsgemeinschaften)<\/p>\n\n\n\n<p>2 Stunden Hausaufgabenbetreuung (HaB)<\/p>\n\n\n\n<p>In keinem dieser F\u00e4cher werden Zensuren gegeben. Die Teilnahme an Ganztagskursen wird auf dem Zeugnis vermerkt.<\/p>\n\n\n\n<p><span style=\"color: #000000\"><strong>Beschreibung der Unterrichtsstunden:<\/strong><\/span><\/p>\n\n\n\n<p><strong>PC-Tastschreiben (PCT)<\/strong><\/p>\n\n\n\n<p>In allen F\u00e4chern kommt es vor, dass hin und wieder Aufgaben in der Schule oder zu hause mit dem Computer erledigt werden m\u00fcssen (Zum Beispiel das Anfertigen von Referaten, Pr\u00e4sentationen, Hausaufgaben, Portfolios o.\u00e4.). Damit dies in einem angemessenen zeiltlichen Rahmen erledigt werden kann, werden in dieser Stunde die Grundlagen des Tastenschreibens erlernt und ge\u00fcbt.<\/p>\n\n\n\n<p><strong>Hausaufgabenbetreuungsstunde (HaB)<\/strong><\/p>\n\n\n\n<p>In diesen Stunden bearbeiten die Sch\u00fclerinnen und Sch\u00fcler selbstst\u00e4ndig ihre Hausaufgaben und haben die M\u00f6glichkeit, bei Fragen und Problemen die aufsichtf\u00fchrende Lehrkraft um Rat zu bitten. Diese Stunden liegen nach M\u00f6glichkeit am Dienstag und Donnerstag in der 5. bis 8. Stunde. Ziel ist es, dass die Sch\u00fclerinnen und Sch\u00fcler ihre Hausaufgaben so weit erledigt haben, dass sie nach den verpflichtenden Ganztagen zuhause keine Hausaufgaben mehr f\u00fcr den folgenden Tag zu bearbeiten haben. Das Lernen f\u00fcr Arbeiten usw. ist davon ausgeschlossen.<\/p>\n\n\n\n<p><strong>Ganztagskurse<\/strong><\/p>\n\n\n\n<p>Um F\u00e4higkeiten auf- und auszubauen, Interessen zu wecken und nachzugehen und Freizeit sinnvoll zu gestalten, bietet die Schule frei vom Zensurendruck ein umfangreiches Ganztagskursangebot an. Die Sch\u00fclerinnen und Sch\u00fcler w\u00e4hlen zu Beginn eines Halbjahres einen zweist\u00fcndigen Kurs. Die Kurse finden am Dienstag oder Mittwoch in der 8. und 9. Stunde statt.<\/p>\n\n\n\n<p><em><u>Auszug aus dem umfangreichen Ganztagskursangebot der Schule:<\/u><\/em><\/p>\n\n\n\n<ul class=\"wp-block-list\"><li>Fu\u00dfball-AG<\/li><li>Kreativ-Werkstatt<\/li><li>Babysitter-Ausbildung<\/li><li>Volleyball-AG<\/li><li>Fit for Life<\/li><li>Kochen f\u00fcr Kids<\/li><li>Percussion-AG<\/li><li>Gitarren-AG<\/li><li>Dance for fans<\/li><li>Streitschlichter<\/li><li>Fahrradwerkstatt<\/li><li>Theater-AG<\/li><li>Holzwurm<\/li><li>Pr\u00fcfungsvorbereitung<\/li><li>Schach<\/li><li>Sch\u00fclerfirma<\/li><\/ul>\n\n\n\n<div class=\"wp-block-image\"><figure class=\"aligncenter\"><img loading=\"lazy\" decoding=\"async\" width=\"800\" height=\"454\" src=\"https:\/\/wordpress.nibis.de\/obslastrup\/files\/2020\/03\/Musikraum-e1583146311541-800x454.jpg\" alt=\"\" class=\"wp-image-1744\" srcset=\"https:\/\/wordpress.nibis.de\/obslastrup\/files\/2020\/03\/Musikraum-e1583146311541.jpg 800w, https:\/\/wordpress.nibis.de\/obslastrup\/files\/2020\/03\/Musikraum-e1583146311541-300x170.jpg 300w, https:\/\/wordpress.nibis.de\/obslastrup\/files\/2020\/03\/Musikraum-e1583146311541-500x284.jpg 500w\" sizes=\"auto, (max-width: 800px) 100vw, 800px\" \/><figcaption>Ganztagskurs &#8222;Sch\u00fclerband&#8220;<\/figcaption><\/figure><\/div>\n\n\n\n<p><em><u>Zus\u00e4tzlicher Kompetenzerwerb durch:<\/u><\/em><\/p>\n\n\n\n<ul class=\"wp-block-list\"><li>Sch\u00fclerpatenausbildung (Juleica)<\/li><li>Mofa-Ausbildung (Mofa-Pr\u00fcfbescheinigung)<\/li><li>Computer-Kurs (Europ\u00e4ischer Computerf\u00fchrerschein)<\/li><li><\/li><\/ul>\n\n\n\n<figure class=\"wp-block-image\"><img loading=\"lazy\" decoding=\"async\" width=\"800\" height=\"478\" src=\"https:\/\/wordpress.nibis.de\/obslastrup\/files\/2020\/03\/DSC4018-e1583147823789-800x478.jpg\" alt=\"\" class=\"wp-image-1750\" srcset=\"https:\/\/wordpress.nibis.de\/obslastrup\/files\/2020\/03\/DSC4018-e1583147823789.jpg 800w, https:\/\/wordpress.nibis.de\/obslastrup\/files\/2020\/03\/DSC4018-e1583147823789-300x179.jpg 300w, https:\/\/wordpress.nibis.de\/obslastrup\/files\/2020\/03\/DSC4018-e1583147823789-500x300.jpg 500w\" sizes=\"auto, (max-width: 800px) 100vw, 800px\" \/><figcaption>Ganztagskurs &#8222;Sch\u00fclerpaten&#8220;<\/figcaption><\/figure>\n\n\n\n<p><strong>Kooperationspartner:<\/strong><\/p>\n\n\n\n<div class=\"wp-block-image\"><figure class=\"aligncenter size-large\"><img loading=\"lazy\" decoding=\"async\" width=\"800\" height=\"180\" src=\"https:\/\/wordpress.nibis.de\/obslastrup\/files\/2020\/09\/Logo-musikschule-hukelmann-logo-800x180.jpg\" alt=\"\" class=\"wp-image-1995\" srcset=\"https:\/\/wordpress.nibis.de\/obslastrup\/files\/2020\/09\/Logo-musikschule-hukelmann-logo-800x180.jpg 800w, https:\/\/wordpress.nibis.de\/obslastrup\/files\/2020\/09\/Logo-musikschule-hukelmann-logo-300x68.jpg 300w, https:\/\/wordpress.nibis.de\/obslastrup\/files\/2020\/09\/Logo-musikschule-hukelmann-logo-500x113.jpg 500w, https:\/\/wordpress.nibis.de\/obslastrup\/files\/2020\/09\/Logo-musikschule-hukelmann-logo.jpg 936w\" sizes=\"auto, (max-width: 800px) 100vw, 800px\" \/><\/figure><\/div>\n\n\n\n<div class=\"wp-block-image\"><figure class=\"aligncenter size-large is-resized\"><img loading=\"lazy\" decoding=\"async\" src=\"https:\/\/wordpress.nibis.de\/obslastrup\/files\/2020\/09\/sportschule-lastrup-logo-1.jpg\" alt=\"\" class=\"wp-image-1998\" width=\"233\" height=\"219\" \/><\/figure><\/div>\n\n\n\n<div class=\"wp-block-image\"><figure class=\"aligncenter size-large is-resized\"><img loading=\"lazy\" decoding=\"async\" src=\"https:\/\/wordpress.nibis.de\/obslastrup\/files\/2020\/09\/logo-st-elisabeth-stift-lastrup.png\" alt=\"\" class=\"wp-image-1997\" width=\"509\" height=\"232\" srcset=\"https:\/\/wordpress.nibis.de\/obslastrup\/files\/2020\/09\/logo-st-elisabeth-stift-lastrup.png 438w, https:\/\/wordpress.nibis.de\/obslastrup\/files\/2020\/09\/logo-st-elisabeth-stift-lastrup-300x137.png 300w\" sizes=\"auto, (max-width: 509px) 100vw, 509px\" \/><\/figure><\/div>\n\n\n\n<div class=\"wp-block-image\"><figure class=\"aligncenter size-large\"><img loading=\"lazy\" decoding=\"async\" width=\"225\" height=\"225\" src=\"https:\/\/wordpress.nibis.de\/obslastrup\/files\/2020\/09\/DRK-Logo.jpg\" alt=\"\" class=\"wp-image-1993\" srcset=\"https:\/\/wordpress.nibis.de\/obslastrup\/files\/2020\/09\/DRK-Logo.jpg 225w, https:\/\/wordpress.nibis.de\/obslastrup\/files\/2020\/09\/DRK-Logo-150x150.jpg 150w\" sizes=\"auto, (max-width: 225px) 100vw, 225px\" \/><\/figure><\/div>\n\n\n\n<div class=\"wp-block-image\"><figure class=\"aligncenter size-large\"><img loading=\"lazy\" decoding=\"async\" width=\"210\" height=\"86\" src=\"https:\/\/wordpress.nibis.de\/obslastrup\/files\/2020\/09\/logo_loeningen-Bildungswerk.jpg\" alt=\"\" class=\"wp-image-1996\" \/><\/figure><\/div>\n\n\n\n<p><\/p>\n","protected":false},"excerpt":{"rendered":"<p>Die Oberschule Lastrup ist eine teilgebundene Ganztagsschule. Die Sch\u00fclerinnen und Sch\u00fcler der Oberschule Lastrup haben an zwei Tagen in der Woche am Nachmittag verpflichtenden Unterricht (Pflichtunterricht aus der Stundentafel oder w\u00e4hlbare Ganztagskurse (Arbeitsgemeinschaften)). Dadurch haben sie neben den 30 Stunden &hellip; <a href=\"https:\/\/wordpress.nibis.de\/obslastrup\/allgemeine-informationen-gts\/\">Weiterlesen <span class=\"meta-nav\">&rarr;<\/span><\/a><\/p>\n","protected":false},"author":980,"featured_media":0,"parent":0,"menu_order":0,"comment_status":"closed","ping_status":"closed","template":"sidebar-page.php","meta":{"footnotes":""},"class_list":["post-260","page","type-page","status-publish","hentry"],"_links":{"self":[{"href":"https:\/\/wordpress.nibis.de\/obslastrup\/wp-json\/wp\/v2\/pages\/260","targetHints":{"allow":["GET"]}}],"collection":[{"href":"https:\/\/wordpress.nibis.de\/obslastrup\/wp-json\/wp\/v2\/pages"}],"about":[{"href":"https:\/\/wordpress.nibis.de\/obslastrup\/wp-json\/wp\/v2\/types\/page"}],"author":[{"embeddable":true,"href":"https:\/\/wordpress.nibis.de\/obslastrup\/wp-json\/wp\/v2\/users\/980"}],"replies":[{"embeddable":true,"href":"https:\/\/wordpress.nibis.de\/obslastrup\/wp-json\/wp\/v2\/comments?post=260"}],"version-history":[{"count":21,"href":"https:\/\/wordpress.nibis.de\/obslastrup\/wp-json\/wp\/v2\/pages\/260\/revisions"}],"predecessor-version":[{"id":1999,"href":"https:\/\/wordpress.nibis.de\/obslastrup\/wp-json\/wp\/v2\/pages\/260\/revisions\/1999"}],"wp:attachment":[{"href":"https:\/\/wordpress.nibis.de\/obslastrup\/wp-json\/wp\/v2\/media?parent=260"}],"curies":[{"name":"wp","href":"https:\/\/api.w.org\/{rel}","templated":true}]}}