{"id":277,"date":"2016-03-09T11:27:43","date_gmt":"2016-03-09T10:27:43","guid":{"rendered":"http:\/\/wordpress.nibis.de\/obslastrup\/?page_id=277"},"modified":"2025-03-26T12:57:20","modified_gmt":"2025-03-26T11:57:20","slug":"schuleigener-kiosk","status":"publish","type":"page","link":"https:\/\/wordpress.nibis.de\/obslastrup\/schuleigener-kiosk\/","title":{"rendered":"Schuleigener Kiosk"},"content":{"rendered":"\n<figure class=\"wp-block-image size-large\"><img loading=\"lazy\" decoding=\"async\" width=\"1185\" height=\"675\" src=\"https:\/\/wordpress.nibis.de\/obslastrup\/files\/2025\/03\/Kioskarbeit-2-2025-HP-e1742990051386-1185x675.jpg\" alt=\"\" class=\"wp-image-3069\" srcset=\"https:\/\/wordpress.nibis.de\/obslastrup\/files\/2025\/03\/Kioskarbeit-2-2025-HP-e1742990051386-1185x675.jpg 1185w, https:\/\/wordpress.nibis.de\/obslastrup\/files\/2025\/03\/Kioskarbeit-2-2025-HP-e1742990051386-250x141.jpg 250w\" sizes=\"auto, (max-width: 1185px) 100vw, 1185px\" \/><\/figure>\n\n\n\n<p>Im schuleigenen Kiosk k\u00f6nnen in den beiden gro\u00dfen Pausen am Vormittag Snacks und Getr\u00e4nke gekauft werden. Es wird dabei Wert auf ein preisg\u00fcnstiges Angebot gelegt, sodass keine gro\u00dfen Gewinne erzielt werden, sondern den Sch\u00fclerinnen und Sch\u00fclern die M\u00f6glichkeit gegeben wird, ihr Fr\u00fchst\u00fcck zu bereichern oder zu erg\u00e4nzen.<\/p>\n\n\n\n<figure class=\"wp-block-image size-large\"><img loading=\"lazy\" decoding=\"async\" width=\"1185\" height=\"675\" src=\"https:\/\/wordpress.nibis.de\/obslastrup\/files\/2025\/03\/Kioskarbeit-1-2025-HP-e1742990023246-1185x675.jpg\" alt=\"\" class=\"wp-image-3070\" srcset=\"https:\/\/wordpress.nibis.de\/obslastrup\/files\/2025\/03\/Kioskarbeit-1-2025-HP-e1742990023246-1185x675.jpg 1185w, https:\/\/wordpress.nibis.de\/obslastrup\/files\/2025\/03\/Kioskarbeit-1-2025-HP-e1742990023246-250x141.jpg 250w\" sizes=\"auto, (max-width: 1185px) 100vw, 1185px\" \/><\/figure>\n\n\n<p>Der Gewinn flie\u00dft zur\u00fcck an die Sch\u00fclerinnen und Sch\u00fcler, indem beispielsweise Kickertische, mobile Sitzgelegenheiten oder ein Tischtennistisch angeschafft werden.<\/p>\n<p><strong>Produktpalette<\/strong><\/p>\n<hr \/>\n<p><em>Getr\u00e4nke:<\/em><\/p>\n<ul>\n<li>Vanillie-Milchgetr\u00e4nk, Erdbeer-Milchgetr\u00e4nk, Kakao<\/li>\n<li>Trinkp\u00e4ckchen<\/li>\n<\/ul>\n<p><em>Br\u00f6tchen:<\/em><\/p>\n<ul>\n<li>\u00fcberbackene K\u00e4sebr\u00f6tchen<\/li>\n<li>Nutellabr\u00f6tchen<\/li>\n<li>Belegte K\u00f6rnerbr\u00f6tchen mit Remoulade und Salami oder K\u00e4se oder Schinkenwurst mit Salat, Tomate und Gurke<\/li>\n<\/ul>\n<p><em>Snacks:<\/em><\/p>\n<p>Kit Kat, M\u00fcsliriegel, Mentos, Knoppers, Nic Nac\u00b4s, Peanuts \u2013 Mr. Tom, Pic up, Bisquit \/ Twix<\/p>\n<hr \/>\n<p>Der Verkauf erfolgt durch ehrenamtlich t\u00e4tige Sch\u00fclerinnen und Sch\u00fcler aus den Jahrg\u00e4ngen 8 bis 10. Das Aufgabenfeld ist breit gef\u00e4chert und bildet viele Bereiche eines Wirtschaftsunternehmens ab. Es reicht von der Produktion \u00fcber den Ein- und Verkauf bis hin zu buchhalterischen T\u00e4tigkeiten. So lernen die Sch\u00fclerinnen und Sch\u00fcler praxisnah betriebliche Strukturen und Arbeitsweisen kennen.<\/p>\n<p>Zu den Aufgabenbereichen geh\u00f6ren konkret:<\/p>\n<ul>\n<li>Holen der Br\u00f6tchen vom B\u00e4cker<\/li>\n<li>Belegen der Br\u00f6tchen<\/li>\n<li>Verkauf in beiden gro\u00dfen Pausen<\/li>\n<li>Aufr\u00e4umen und Einr\u00e4umen im Verkaufsraum<\/li>\n<li>Tagesabrechnung anfertigen<\/li>\n<li>Einkaufsbelege abheften<\/li>\n<li>Bestellungen notieren<\/li>\n<\/ul>\n<p>F\u00fcr ihre Arbeit erhalten die Sch\u00fclerinnen und Sch\u00fcler eine anerkennende Bemerkung auf dem Zeugnis. Als Belohnung winkt ihnen zus\u00e4tzlich im Halbjahr eine Fahrt zum Trampolinpark nach Osnabr\u00fcck und zum Tierpark Th\u00fcle.<\/p>\n\n\n<figure class=\"wp-block-image size-large\"><img loading=\"lazy\" decoding=\"async\" width=\"800\" height=\"389\" src=\"https:\/\/wordpress.nibis.de\/obslastrup\/files\/2020\/09\/Sitzgelegenheiten-2020-800x389.jpg\" alt=\"\" class=\"wp-image-1894\" srcset=\"https:\/\/wordpress.nibis.de\/obslastrup\/files\/2020\/09\/Sitzgelegenheiten-2020-800x389.jpg 800w, https:\/\/wordpress.nibis.de\/obslastrup\/files\/2020\/09\/Sitzgelegenheiten-2020-300x146.jpg 300w, https:\/\/wordpress.nibis.de\/obslastrup\/files\/2020\/09\/Sitzgelegenheiten-2020-1536x747.jpg 1536w, https:\/\/wordpress.nibis.de\/obslastrup\/files\/2020\/09\/Sitzgelegenheiten-2020-2048x996.jpg 2048w, https:\/\/wordpress.nibis.de\/obslastrup\/files\/2020\/09\/Sitzgelegenheiten-2020-500x243.jpg 500w\" sizes=\"auto, (max-width: 800px) 100vw, 800px\" \/><figcaption>Sitzgelegenheiten in der Aula &#8211; Mitfinanziert vom schuleigenem Kiosk<\/figcaption><\/figure>\n","protected":false},"excerpt":{"rendered":"<p>Im schuleigenen Kiosk k\u00f6nnen in den beiden gro\u00dfen Pausen am Vormittag Snacks und Getr\u00e4nke gekauft werden. Es wird dabei Wert auf ein preisg\u00fcnstiges Angebot gelegt, sodass keine gro\u00dfen Gewinne erzielt werden, sondern den Sch\u00fclerinnen und Sch\u00fclern die M\u00f6glichkeit gegeben wird, &hellip; <a href=\"https:\/\/wordpress.nibis.de\/obslastrup\/schuleigener-kiosk\/\">Weiterlesen <span class=\"meta-nav\">&rarr;<\/span><\/a><\/p>\n","protected":false},"author":980,"featured_media":0,"parent":0,"menu_order":0,"comment_status":"closed","ping_status":"closed","template":"sidebar-page.php","meta":{"footnotes":""},"class_list":["post-277","page","type-page","status-publish","hentry"],"_links":{"self":[{"href":"https:\/\/wordpress.nibis.de\/obslastrup\/wp-json\/wp\/v2\/pages\/277","targetHints":{"allow":["GET"]}}],"collection":[{"href":"https:\/\/wordpress.nibis.de\/obslastrup\/wp-json\/wp\/v2\/pages"}],"about":[{"href":"https:\/\/wordpress.nibis.de\/obslastrup\/wp-json\/wp\/v2\/types\/page"}],"author":[{"embeddable":true,"href":"https:\/\/wordpress.nibis.de\/obslastrup\/wp-json\/wp\/v2\/users\/980"}],"replies":[{"embeddable":true,"href":"https:\/\/wordpress.nibis.de\/obslastrup\/wp-json\/wp\/v2\/comments?post=277"}],"version-history":[{"count":11,"href":"https:\/\/wordpress.nibis.de\/obslastrup\/wp-json\/wp\/v2\/pages\/277\/revisions"}],"predecessor-version":[{"id":3072,"href":"https:\/\/wordpress.nibis.de\/obslastrup\/wp-json\/wp\/v2\/pages\/277\/revisions\/3072"}],"wp:attachment":[{"href":"https:\/\/wordpress.nibis.de\/obslastrup\/wp-json\/wp\/v2\/media?parent=277"}],"curies":[{"name":"wp","href":"https:\/\/api.w.org\/{rel}","templated":true}]}}