{"id":2802,"date":"2024-04-03T10:38:17","date_gmt":"2024-04-03T08:38:17","guid":{"rendered":"https:\/\/wordpress.nibis.de\/obslastrup\/?page_id=2802"},"modified":"2026-02-18T13:48:58","modified_gmt":"2026-02-18T12:48:58","slug":"schulbuchausleihe","status":"publish","type":"page","link":"https:\/\/wordpress.nibis.de\/obslastrup\/schulbuchausleihe\/","title":{"rendered":"Schulbuchausleihe"},"content":{"rendered":"\n<p>An der Oberschule Lastrup k\u00f6nnen viele Schulb\u00fccher gegen eine Geb\u00fchr ausgeliehen werden. Um an der Ausleihe teilzunehmen, m\u00fcssen sich die Eltern zu jedem Schuljahr neu zur Ausleihe anmelden. Dazu muss der Vordruck &#8222;Anmeldung zur Ausleihe&#8220; rechtzeitig und vollst\u00e4ndig ausgef\u00fcllt im Sekretariat abgegeben werden. Auf dem Vordruck &#8222;Lehr- und Arbeitsb\u00fccher&#8220; befinden sich neben den B\u00fcchern, die ausgeliehen werden k\u00f6nnen, auch die Materialien, die f\u00fcr den Unterricht zus\u00e4tzlich ben\u00f6tigt werden.\u00a0\u00a0<\/p>\n<p><strong>Hier finden Sie in K\u00fcrze alle Unterlagen zur Schulbuchausleihe f\u00fcr das Schuljahr 2026\/2027:<\/strong><\/p>\n<ul>\n<li><a href=\"https:\/\/wordpress.nibis.de\/obslastrup\/files\/2026\/02\/Anmeldung-zur-Schulbuchausleihe.pdf\" target=\"_blank\" rel=\"noopener\">Anmeldung zur Ausleihe<\/a><\/li>\n<li>Lehr- und Arbeitsb\u00fccher Klasse 5<\/li>\n<li>Lehr- und Arbeitsb\u00fccher Klasse 6<\/li>\n<li>Lehr- und Arbeitsb\u00fccher Klasse 7<\/li>\n<li>Lehr- und Arbeitsb\u00fccher Klasse 8<\/li>\n<li>Lehr- und Arbeitsb\u00fccher Klasse 9<\/li>\n<li>Lehr- und Arbeitsb\u00fccher Klasse 10<\/li>\n<\/ul>\n<p>\u00a0<\/p>\n<p>\u00a0<\/p>\n","protected":false},"excerpt":{"rendered":"<p>An der Oberschule Lastrup k\u00f6nnen viele Schulb\u00fccher gegen eine Geb\u00fchr ausgeliehen werden. Um an der Ausleihe teilzunehmen, m\u00fcssen sich die Eltern zu jedem Schuljahr neu zur Ausleihe anmelden. Dazu muss der Vordruck &#8222;Anmeldung zur Ausleihe&#8220; rechtzeitig und vollst\u00e4ndig ausgef\u00fcllt im &hellip; <a href=\"https:\/\/wordpress.nibis.de\/obslastrup\/schulbuchausleihe\/\">Weiterlesen <span class=\"meta-nav\">&rarr;<\/span><\/a><\/p>\n","protected":false},"author":980,"featured_media":0,"parent":0,"menu_order":0,"comment_status":"closed","ping_status":"closed","template":"sidebar-page.php","meta":{"footnotes":""},"class_list":["post-2802","page","type-page","status-publish","hentry"],"_links":{"self":[{"href":"https:\/\/wordpress.nibis.de\/obslastrup\/wp-json\/wp\/v2\/pages\/2802","targetHints":{"allow":["GET"]}}],"collection":[{"href":"https:\/\/wordpress.nibis.de\/obslastrup\/wp-json\/wp\/v2\/pages"}],"about":[{"href":"https:\/\/wordpress.nibis.de\/obslastrup\/wp-json\/wp\/v2\/types\/page"}],"author":[{"embeddable":true,"href":"https:\/\/wordpress.nibis.de\/obslastrup\/wp-json\/wp\/v2\/users\/980"}],"replies":[{"embeddable":true,"href":"https:\/\/wordpress.nibis.de\/obslastrup\/wp-json\/wp\/v2\/comments?post=2802"}],"version-history":[{"count":14,"href":"https:\/\/wordpress.nibis.de\/obslastrup\/wp-json\/wp\/v2\/pages\/2802\/revisions"}],"predecessor-version":[{"id":3546,"href":"https:\/\/wordpress.nibis.de\/obslastrup\/wp-json\/wp\/v2\/pages\/2802\/revisions\/3546"}],"wp:attachment":[{"href":"https:\/\/wordpress.nibis.de\/obslastrup\/wp-json\/wp\/v2\/media?parent=2802"}],"curies":[{"name":"wp","href":"https:\/\/api.w.org\/{rel}","templated":true}]}}