{"id":2847,"date":"2024-04-29T15:15:23","date_gmt":"2024-04-29T13:15:23","guid":{"rendered":"https:\/\/wordpress.nibis.de\/obslastrup\/?page_id=2847"},"modified":"2024-05-15T13:40:07","modified_gmt":"2024-05-15T11:40:07","slug":"schule-ohne-rassismus-schule-mit-courage","status":"publish","type":"page","link":"https:\/\/wordpress.nibis.de\/obslastrup\/schule-ohne-rassismus-schule-mit-courage\/","title":{"rendered":"Schule ohne Rassismus &#8211; Schule mit Courage"},"content":{"rendered":"\n<div class=\"wp-block-image\"><figure class=\"aligncenter size-full\"><img loading=\"lazy\" decoding=\"async\" width=\"502\" height=\"705\" src=\"https:\/\/wordpress.nibis.de\/obslastrup\/files\/2024\/04\/Schule-ohne-Rassismus-Urkunde.jpg\" alt=\"\" class=\"wp-image-2849\" srcset=\"https:\/\/wordpress.nibis.de\/obslastrup\/files\/2024\/04\/Schule-ohne-Rassismus-Urkunde.jpg 502w, https:\/\/wordpress.nibis.de\/obslastrup\/files\/2024\/04\/Schule-ohne-Rassismus-Urkunde-214x300.jpg 214w\" sizes=\"auto, (max-width: 502px) 100vw, 502px\" \/><\/figure><\/div>\n\n\n\n<figure class=\"wp-block-embed aligncenter is-type-video is-provider-youtube wp-block-embed-youtube wp-embed-aspect-16-9 wp-has-aspect-ratio\"><div class=\"wp-block-embed__wrapper\">\n<iframe loading=\"lazy\"  id=\"_ytid_78700\"  width=\"584\" height=\"329\"  data-origwidth=\"584\" data-origheight=\"329\" src=\"https:\/\/www.youtube.com\/embed\/Ge1tUXYYOek?enablejsapi=1&#038;autoplay=0&#038;cc_load_policy=0&#038;cc_lang_pref=&#038;iv_load_policy=1&#038;loop=0&#038;rel=1&#038;fs=1&#038;playsinline=0&#038;autohide=2&#038;theme=dark&#038;color=red&#038;controls=1&#038;disablekb=0&#038;\" class=\"__youtube_prefs__  epyt-is-override  no-lazyload\" title=\"YouTube player\"  allow=\"fullscreen; accelerometer; autoplay; clipboard-write; encrypted-media; gyroscope; picture-in-picture; web-share\" referrerpolicy=\"strict-origin-when-cross-origin\" allowfullscreen data-no-lazy=\"1\" data-skipgform_ajax_framebjll=\"\"><\/iframe>\n<\/div><\/figure>\n\n\n\n<p style=\"text-align: center\">Die Oberschule Lastrup wurde am 26.04.2024 in das Netzwerk \u201eSchule ohne Rassismus \u2013 Schule mit Courage\u201c aufgenommen worden. Zuvor hatten 98% der Mitglieder der Schulgemeinschaft eine Selbstverpflichtungserkl\u00e4rung abgegeben und damit zum Ausdruck gebracht, dass sie sich an ihrer Schule aktiv gegen jede Form von Diskriminierung, insbesondere Rassismus, einsetzen wollen. Die Patenschaft des Projektes \u00fcbernahm B\u00fcrgermeister Michael Kramer. In einer kleinen Feierstunde \u00fcberreichte Regionalkoordinator Herr Ramnitz die Urkunde an Oberschulrektor Dirk Zumdohme.\u00a0<\/p>\n<p style=\"text-align: center\">Im Rahmen eines Projektes drehten Sch\u00fclerinnen und Sch\u00fcler gemeinsam mit Lehrkr\u00e4ften, Eltern und weiteren Mitarbeiterinnen und Mitarbeitern der Schule ein Video zum Lied \u201cWie redest Du\u201d von @maximnoise. Ihm gilt unser ganz besonderer Dank, da wir sein Lied mit dieser starken Message verwenden durften.<\/p>\n<p style=\"text-align: center\">Hierzu m\u00f6chten wir Euch auch seinen Youtubekanal\u00a0<a href=\"https:\/\/www.youtube.com\/@maximnoise\">https:\/\/www.youtube.com\/@maximnoise<\/a>\u00a0empfehlen. Dort findet Ihr auch viele gute Songs \u2013 gerade auch zu dem Thema unseres Anliegens \u2013 Rassismus hat in unserer Gesellschaft keinen Platz!<\/p>\n<p style=\"text-align: center\">Ein weiterer Dank gilt den verantwortlichen Lehrkr\u00e4ften Frau Riedemann und Frau H\u00fclskamp sowie Schulsozialarbeiter Herrn Obuch und den Sch\u00fclerinnen und Sch\u00fclern der Projektgruppe f\u00fcr die Erstellung des Videos sowie allen Beteiligten f\u00fcr ihre Bereitschaft, am Videodreh teilzunehmen.<\/p>\n\n\n\n<figure class=\"wp-block-image size-full\"><img loading=\"lazy\" decoding=\"async\" width=\"1185\" height=\"565\" src=\"https:\/\/wordpress.nibis.de\/obslastrup\/files\/2024\/05\/Schule-ohne-Rassismus-2024-1-HP-e1715147522894.jpg\" alt=\"\" class=\"wp-image-2855\" srcset=\"https:\/\/wordpress.nibis.de\/obslastrup\/files\/2024\/05\/Schule-ohne-Rassismus-2024-1-HP-e1715147522894.jpg 1185w, https:\/\/wordpress.nibis.de\/obslastrup\/files\/2024\/05\/Schule-ohne-Rassismus-2024-1-HP-e1715147522894-500x238.jpg 500w\" sizes=\"auto, (max-width: 1185px) 100vw, 1185px\" \/><figcaption>\u00dcbergabe der Urkunde &#8222;Schule ohne Rassismus &#8211; Schule mit Courage&#8220;<\/figcaption><\/figure>\n\n\n","protected":false},"excerpt":{"rendered":"<p>Die Oberschule Lastrup wurde am 26.04.2024 in das Netzwerk \u201eSchule ohne Rassismus \u2013 Schule mit Courage\u201c aufgenommen worden. Zuvor hatten 98% der Mitglieder der Schulgemeinschaft eine Selbstverpflichtungserkl\u00e4rung abgegeben und damit zum Ausdruck gebracht, dass sie sich an ihrer Schule aktiv &hellip; <a href=\"https:\/\/wordpress.nibis.de\/obslastrup\/schule-ohne-rassismus-schule-mit-courage\/\">Weiterlesen <span class=\"meta-nav\">&rarr;<\/span><\/a><\/p>\n","protected":false},"author":980,"featured_media":0,"parent":0,"menu_order":0,"comment_status":"closed","ping_status":"closed","template":"sidebar-page.php","meta":{"footnotes":""},"class_list":["post-2847","page","type-page","status-publish","hentry"],"_links":{"self":[{"href":"https:\/\/wordpress.nibis.de\/obslastrup\/wp-json\/wp\/v2\/pages\/2847","targetHints":{"allow":["GET"]}}],"collection":[{"href":"https:\/\/wordpress.nibis.de\/obslastrup\/wp-json\/wp\/v2\/pages"}],"about":[{"href":"https:\/\/wordpress.nibis.de\/obslastrup\/wp-json\/wp\/v2\/types\/page"}],"author":[{"embeddable":true,"href":"https:\/\/wordpress.nibis.de\/obslastrup\/wp-json\/wp\/v2\/users\/980"}],"replies":[{"embeddable":true,"href":"https:\/\/wordpress.nibis.de\/obslastrup\/wp-json\/wp\/v2\/comments?post=2847"}],"version-history":[{"count":8,"href":"https:\/\/wordpress.nibis.de\/obslastrup\/wp-json\/wp\/v2\/pages\/2847\/revisions"}],"predecessor-version":[{"id":2874,"href":"https:\/\/wordpress.nibis.de\/obslastrup\/wp-json\/wp\/v2\/pages\/2847\/revisions\/2874"}],"wp:attachment":[{"href":"https:\/\/wordpress.nibis.de\/obslastrup\/wp-json\/wp\/v2\/media?parent=2847"}],"curies":[{"name":"wp","href":"https:\/\/api.w.org\/{rel}","templated":true}]}}