{"id":290,"date":"2016-03-09T12:39:42","date_gmt":"2016-03-09T11:39:42","guid":{"rendered":"http:\/\/wordpress.nibis.de\/obslastrup\/?page_id=290"},"modified":"2020-09-11T13:34:59","modified_gmt":"2020-09-11T11:34:59","slug":"schuelerpaten","status":"publish","type":"page","link":"https:\/\/wordpress.nibis.de\/obslastrup\/schuelerpaten\/","title":{"rendered":"Sch\u00fclerpaten"},"content":{"rendered":"<p>Um den neuen F\u00fcnftkl\u00e4sslern das Ankommen an der neuen Schule zu erleichtern, \u00fcbernehmen Zehntkl\u00e4ssler Patenschaften \u00fcber die neuen F\u00fcnftkl\u00e4ssler. Sie werden somit Ansprechpartner und Unterst\u00fctzer bei Fragen und Problemen im Schulalltag und helfen, wenn an der ein oder anderen Stelle der Schuh dr\u00fcckt. Au\u00dferdem f\u00fchren die Sch\u00fclerpaten mit ihren F\u00fcnftkl\u00e4sslern ca. einmal im Monat eine eigenverantwortlich vorbereitete Gruppenstunde durch, in der zum Beispiel gespielt oder gekocht wird oder Probleme angesprochen werden. Des Weiteren begleiten die Sch\u00fclerpaten ihre Gruppe zum Mittagessen und bei schulgemeinschaftlichen Aktivit\u00e4ten und Veranstaltungen.<\/p>\n<p><img loading=\"lazy\" decoding=\"async\" class=\"size-medium wp-image-302 aligncenter\" src=\"http:\/\/wordpress.nibis.de\/obslastrup\/files\/2016\/03\/DSCN0947-300x225.jpg\" alt=\"DSCN0947\" width=\"300\" height=\"225\" srcset=\"https:\/\/wordpress.nibis.de\/obslastrup\/files\/2016\/03\/DSCN0947-300x225.jpg 300w, https:\/\/wordpress.nibis.de\/obslastrup\/files\/2016\/03\/DSCN0947-800x600.jpg 800w, https:\/\/wordpress.nibis.de\/obslastrup\/files\/2016\/03\/DSCN0947-400x300.jpg 400w, https:\/\/wordpress.nibis.de\/obslastrup\/files\/2016\/03\/DSCN0947.jpg 1024w\" sizes=\"auto, (max-width: 300px) 100vw, 300px\" \/><img loading=\"lazy\" decoding=\"async\" class=\"size-medium wp-image-303 aligncenter\" src=\"http:\/\/wordpress.nibis.de\/obslastrup\/files\/2016\/03\/DSCN0948-300x225.jpg\" alt=\"DSCN0948\" width=\"300\" height=\"225\" srcset=\"https:\/\/wordpress.nibis.de\/obslastrup\/files\/2016\/03\/DSCN0948-300x225.jpg 300w, https:\/\/wordpress.nibis.de\/obslastrup\/files\/2016\/03\/DSCN0948-800x600.jpg 800w, https:\/\/wordpress.nibis.de\/obslastrup\/files\/2016\/03\/DSCN0948-400x300.jpg 400w, https:\/\/wordpress.nibis.de\/obslastrup\/files\/2016\/03\/DSCN0948.jpg 1024w\" sizes=\"auto, (max-width: 300px) 100vw, 300px\" \/><\/p>\n<p><strong>Ausbildung der Sch\u00fclerpaten:<\/strong><\/p>\n<p>F\u00fcr die Arbeit als Sch\u00fclerpate werden die Sch\u00fclerinnen und Sch\u00fcler zum Jugendleiter ausgebildet. Die Ausbildung wird von der KLJB im Landesverband Oldenburg als Blockveranstaltung innerhalb einer Woche auf dem Jugendhof in Vechta durchgef\u00fchrt.<img loading=\"lazy\" decoding=\"async\" class=\"size-medium wp-image-300 aligncenter\" src=\"http:\/\/wordpress.nibis.de\/obslastrup\/files\/2016\/03\/Bild1-300x225.jpg\" alt=\"Bild1\" width=\"300\" height=\"225\" srcset=\"https:\/\/wordpress.nibis.de\/obslastrup\/files\/2016\/03\/Bild1-300x225.jpg 300w, https:\/\/wordpress.nibis.de\/obslastrup\/files\/2016\/03\/Bild1-400x300.jpg 400w, https:\/\/wordpress.nibis.de\/obslastrup\/files\/2016\/03\/Bild1.jpg 520w\" sizes=\"auto, (max-width: 300px) 100vw, 300px\" \/><\/p>\n<p>Inhalte der Ausbildung sind unter anderem die Themen Spielp\u00e4dagogik, Spielleitertraining, Lebenswelt Schule f\u00fcr Kinder, Gruppenphasen, Erlebnisp\u00e4dagogik, Umgang mit Konflikten, Rechte und Pflichten, Gruppenstundengestaltung und Projektplanung.<\/p>\n<p><img loading=\"lazy\" decoding=\"async\" class=\"size-medium wp-image-301 aligncenter\" src=\"http:\/\/wordpress.nibis.de\/obslastrup\/files\/2016\/03\/Bild3-300x181.jpg\" alt=\"Bild3\" width=\"300\" height=\"181\" srcset=\"https:\/\/wordpress.nibis.de\/obslastrup\/files\/2016\/03\/Bild3-300x181.jpg 300w, https:\/\/wordpress.nibis.de\/obslastrup\/files\/2016\/03\/Bild3-800x484.jpg 800w, https:\/\/wordpress.nibis.de\/obslastrup\/files\/2016\/03\/Bild3-496x300.jpg 496w, https:\/\/wordpress.nibis.de\/obslastrup\/files\/2016\/03\/Bild3.jpg 802w\" sizes=\"auto, (max-width: 300px) 100vw, 300px\" \/><\/p>\n<p>Die Ausbildung schlie\u00dft mit dem Erwerb der Jugendleitercard (JuLeiCa) ab.<\/p>\n<p><strong>Durch das Sch\u00fclerpaten-Projekt profitieren alle Beteiligten in erheblichem Ma\u00dfe:<\/strong><\/p>\n<ul>\n<li>Integration der F\u00fcnftkl\u00e4ssler<\/li>\n<li>Positive Auswirkungen auf das Schulklima<\/li>\n<li>Freude an der Schule<\/li>\n<li>Erlangung der JuLeiCa<\/li>\n<li>F\u00f6rderung der Sozialkompetenz insbesondere der Kommunikations-, Kooperations-, und Konfliktf\u00e4higkeit<\/li>\n<li>F\u00f6rderung der Methodenkompetenz wie zum Beispiel Kreativit\u00e4t, Lernbereitschaft, Rhetorik, Sammlung von Spielen<\/li>\n<li>F\u00f6rderung der Selbstkompetenz wie Engagement, Motivation, Flexibilit\u00e4t, Ausdauer, Zuverl\u00e4ssigkeit, Selbstst\u00e4ndigkeit<\/li>\n<\/ul>\n","protected":false},"excerpt":{"rendered":"<p>Um den neuen F\u00fcnftkl\u00e4sslern das Ankommen an der neuen Schule zu erleichtern, \u00fcbernehmen Zehntkl\u00e4ssler Patenschaften \u00fcber die neuen F\u00fcnftkl\u00e4ssler. Sie werden somit Ansprechpartner und Unterst\u00fctzer bei Fragen und Problemen im Schulalltag und helfen, wenn an der ein oder anderen Stelle &hellip; <a href=\"https:\/\/wordpress.nibis.de\/obslastrup\/schuelerpaten\/\">Weiterlesen <span class=\"meta-nav\">&rarr;<\/span><\/a><\/p>\n","protected":false},"author":980,"featured_media":0,"parent":0,"menu_order":0,"comment_status":"closed","ping_status":"closed","template":"sidebar-page.php","meta":{"footnotes":""},"class_list":["post-290","page","type-page","status-publish","hentry"],"_links":{"self":[{"href":"https:\/\/wordpress.nibis.de\/obslastrup\/wp-json\/wp\/v2\/pages\/290","targetHints":{"allow":["GET"]}}],"collection":[{"href":"https:\/\/wordpress.nibis.de\/obslastrup\/wp-json\/wp\/v2\/pages"}],"about":[{"href":"https:\/\/wordpress.nibis.de\/obslastrup\/wp-json\/wp\/v2\/types\/page"}],"author":[{"embeddable":true,"href":"https:\/\/wordpress.nibis.de\/obslastrup\/wp-json\/wp\/v2\/users\/980"}],"replies":[{"embeddable":true,"href":"https:\/\/wordpress.nibis.de\/obslastrup\/wp-json\/wp\/v2\/comments?post=290"}],"version-history":[{"count":9,"href":"https:\/\/wordpress.nibis.de\/obslastrup\/wp-json\/wp\/v2\/pages\/290\/revisions"}],"predecessor-version":[{"id":1916,"href":"https:\/\/wordpress.nibis.de\/obslastrup\/wp-json\/wp\/v2\/pages\/290\/revisions\/1916"}],"wp:attachment":[{"href":"https:\/\/wordpress.nibis.de\/obslastrup\/wp-json\/wp\/v2\/media?parent=290"}],"curies":[{"name":"wp","href":"https:\/\/api.w.org\/{rel}","templated":true}]}}