{"id":3292,"date":"2025-12-11T15:21:19","date_gmt":"2025-12-11T14:21:19","guid":{"rendered":"https:\/\/wordpress.nibis.de\/obslastrup\/?page_id=3292"},"modified":"2025-12-17T17:21:56","modified_gmt":"2025-12-17T16:21:56","slug":"podcast-der-obs","status":"publish","type":"page","link":"https:\/\/wordpress.nibis.de\/obslastrup\/podcast-der-obs\/","title":{"rendered":"Podcast der OBS"},"content":{"rendered":"<div class=\"wp-block-image\">\n<figure class=\"aligncenter size-large\"><img loading=\"lazy\" decoding=\"async\" width=\"1024\" height=\"675\" src=\"https:\/\/wordpress.nibis.de\/obslastrup\/files\/2025\/12\/Podcast-Bild-2025-1024x675.png\" alt=\"\" class=\"wp-image-3296\" \/><\/figure>\n<\/div>\n\n\n<p style=\"margin: 0cm;text-align: center\">Endlich Pause \u2013 und zwar f\u00fcr die Ohren!<\/p>\n<p style=\"margin: 0cm;text-align: center\">Dies ist der offizielle Spa\u00df-Podcast der Oberschule Lastrup. Wir sind euer Mikrofon in den Klassenr\u00e4umen, auf dem Schulhof und hinter den Kulissen. Von den verr\u00fccktesten Sportfest-Momenten \u00fcber die besten AG-Geheimnisse bis hin zu Interviews mit Lehrkr\u00e4ften, die ihr so noch nie geh\u00f6rt habt: Wir teilen alles, was unsere Schulgemeinschaft besonders lustig und absolut h\u00f6renswert macht. Vergesst den Stundenplan \u2013 jetzt kommt die gute Laune!<\/p>\n<p>\u00a0<\/p>\n<p><strong>Hier geht\u00b4s zum Podcast<\/strong><\/p>\n<p><a href=\"https:\/\/open.spotify.com\/episode\/3AxJNRJXDPQcCfMDCnXvSU?si=L-Wl94tTQlumVFrihM_SRQ\" target=\"_blank\" rel=\"noopener\">Podcast vom 11.12.2025<\/a><\/p>\n<p><a href=\"https:\/\/open.spotify.com\/episode\/2E4ABf5XUymdIhkFSMixu5?si=2l4Gr2cvQjuV5HuEgcveEg\" target=\"_blank\" rel=\"noopener\">Podcast vom 17.12.2025<\/a><\/p>\n","protected":false},"excerpt":{"rendered":"<p>Endlich Pause \u2013 und zwar f\u00fcr die Ohren! Dies ist der offizielle Spa\u00df-Podcast der Oberschule Lastrup. Wir sind euer Mikrofon in den Klassenr\u00e4umen, auf dem Schulhof und hinter den Kulissen. Von den verr\u00fccktesten Sportfest-Momenten \u00fcber die besten AG-Geheimnisse bis hin &hellip; <a href=\"https:\/\/wordpress.nibis.de\/obslastrup\/podcast-der-obs\/\">Weiterlesen <span class=\"meta-nav\">&rarr;<\/span><\/a><\/p>\n","protected":false},"author":980,"featured_media":0,"parent":0,"menu_order":0,"comment_status":"closed","ping_status":"closed","template":"","meta":{"footnotes":""},"class_list":["post-3292","page","type-page","status-publish","hentry"],"_links":{"self":[{"href":"https:\/\/wordpress.nibis.de\/obslastrup\/wp-json\/wp\/v2\/pages\/3292","targetHints":{"allow":["GET"]}}],"collection":[{"href":"https:\/\/wordpress.nibis.de\/obslastrup\/wp-json\/wp\/v2\/pages"}],"about":[{"href":"https:\/\/wordpress.nibis.de\/obslastrup\/wp-json\/wp\/v2\/types\/page"}],"author":[{"embeddable":true,"href":"https:\/\/wordpress.nibis.de\/obslastrup\/wp-json\/wp\/v2\/users\/980"}],"replies":[{"embeddable":true,"href":"https:\/\/wordpress.nibis.de\/obslastrup\/wp-json\/wp\/v2\/comments?post=3292"}],"version-history":[{"count":7,"href":"https:\/\/wordpress.nibis.de\/obslastrup\/wp-json\/wp\/v2\/pages\/3292\/revisions"}],"predecessor-version":[{"id":3365,"href":"https:\/\/wordpress.nibis.de\/obslastrup\/wp-json\/wp\/v2\/pages\/3292\/revisions\/3365"}],"wp:attachment":[{"href":"https:\/\/wordpress.nibis.de\/obslastrup\/wp-json\/wp\/v2\/media?parent=3292"}],"curies":[{"name":"wp","href":"https:\/\/api.w.org\/{rel}","templated":true}]}}